{"id":1991,"date":"2023-02-22T18:07:09","date_gmt":"2023-02-23T00:07:09","guid":{"rendered":"https:\/\/tecsecmty.com\/index.php\/producto\/dahua-ipc-hdbw1435e-w-s2-camara-ip-domo-wifi-de-4-megapixeles-lente-de-2-8mm-97-grados-de-apertura-ir-de-30-mts-ranura-para-microsd-ip67-antivandalica-ik10-dwdr-blc-hlc\/"},"modified":"2023-03-22T23:22:47","modified_gmt":"2023-03-23T05:22:47","slug":"dahua-ipc-hdbw1435e-w-s2-camara-ip-domo-wifi-de-4-megapixeles-lente-de-2-8mm-97-grados-de-apertura-ir-de-30-mts-ranura-para-microsd-ip67-antivandalica-ik10-dwdr-blc-hlc","status":"publish","type":"product","link":"https:\/\/tecsecmty.com\/index.php\/producto\/dahua-ipc-hdbw1435e-w-s2-camara-ip-domo-wifi-de-4-megapixeles-lente-de-2-8mm-97-grados-de-apertura-ir-de-30-mts-ranura-para-microsd-ip67-antivandalica-ik10-dwdr-blc-hlc\/","title":{"rendered":"DAHUA IPC-HDBW1435E-W-S2 &#8211; C\u00e1mara IP Domo Wifi de 4 Megap\u00edxeles\/ Lente de 2.8mm\/ 97 Grados de Apertura\/ IR de 30 Mts\/ Ranura para MicroSD\/ IP67\/ Antivandalica IK10\/ DWDR\/ BLC\/ HLC"},"content":{"rendered":"<div class=\"row aling-items-center padding-bottom-2x\">\n<div class=\"col-lg-12\">\n<h5 class=\"card-title text-center\">Informaci\u00f3n General<\/h5>\n<p>Con caracter\u00edsticas de instalaci\u00f3n simple, f\u00e1cil operaci\u00f3n y alta relaci\u00f3n rendimiento-costo, la c\u00e1mara de red de la serie Dahua Entry es aplicable a escenas peque\u00f1as y medianas, como hogares \/ residencias, peque\u00f1as tiendas minoristas y otras peque\u00f1as y empresas medianas.<\/p>\n<p><img decoding=\"async\" class=\"overview-center-img-web\" src=\"https:\/\/tvc.mx\/media\/383795\/Dahua-IPC-HDBW1435E-W-S2-Camara-IP-Domo-de-4MP-2.png\" alt=\"\" \/><\/div>\n<\/div>\n<div class=\"row align-items-center padding-bottom-2x\">\n<div class=\"col-md-5 order-md-2\"><img decoding=\"async\" class=\"d-block m-auto img-thumbnail\" src=\"https:\/\/tvc.mx\/media\/383831\/reconocimiento-wifi.png\" alt=\" \" \/><\/div>\n<div class=\"col-md-7 order-md-1 text-md-left text-center\">\n<h2>Wifi<\/h2>\n<p class=\"text-muted\">\n<p>La c\u00e1mara IPC-HFW1435S-W-S2 soporta el standard Wifi 802.311 a\/g, con el cual se puede realizar la conexi\u00f3n con un NVR sin necesidad de cables, solo el NVR deber\u00e1 estar conectado a la misma red wifi mediante cable, la c\u00e1mara solo deber\u00e1 esta conectada a la energ\u00eda el\u00e9ctrica y listo la c\u00e1mara estar\u00e1 operando sin problemas.<\/p>\n<p>&nbsp;<\/p>\n<\/div>\n<\/div>\n<hr class=\"padding-bottom-2x\" \/>\n<div class=\"row align-items-center padding-bottom-2x\">\n<div class=\"col-md-5\"><img decoding=\"async\" class=\"d-block m-auto img-thumbnail\" src=\"https:\/\/tvc.mx\/media\/383835\/WDR-Dahua.png\" alt=\" \" \/><\/div>\n<div class=\"col-md-7 text-md-left text-center\">\n<h2>DWDR Efectivo<\/h2>\n<p class=\"text-muted\">\n<p>La c\u00e1mara logra im\u00e1genes v\u00edvidas, incluso en las condiciones de iluminaci\u00f3n de contraste m\u00e1s intenso, utilizando la tecnolog\u00eda de rango din\u00e1mico amplio (WDR) l\u00edder en la industria. Para aplicaciones con condiciones de luz brillante y baja que cambian r\u00e1pidamente, WDR optimiza las \u00e1reas brillantes y oscuras de una escena al mismo tiempo para proporcionar video utilizable.<\/p>\n<p>&nbsp;<\/p>\n<\/div>\n<\/div>\n<hr class=\"padding-bottom-2x\" \/>\n<div class=\"row align-items-center padding-bottom-2x\">\n<div class=\"col-md-5 order-md-2\"><img decoding=\"async\" class=\"d-block m-auto img-thumbnail\" src=\"https:\/\/tvc.mx\/media\/383839\/almacenamiento-microSD-Dahua.png\" alt=\" \" \/><\/div>\n<div class=\"col-md-7 order-md-1 text-md-left text-center\">\n<h2>Memoria Micro SD<\/h2>\n<p class=\"text-muted\">\n<p>La c\u00e1mara\u00a0IPC-HDBW1435E-W-S\u00a0cuenta con ranura micro SD en la cual se puede insertar una tarjeta de memoria de hasta 256gb, mediante la cual la c\u00e1mara podr\u00e1 grabar el v\u00eddeo de manera local sin la necesidad de tener un NVR.<\/p>\n<p>&nbsp;<\/p>\n<\/div>\n<\/div>\n<hr class=\"padding-bottom-2x\" \/>\n<div class=\"row align-items-center padding-bottom-2x\">\n<div class=\"col-md-5\"><img decoding=\"async\" class=\"d-block m-auto img-thumbnail\" src=\"https:\/\/tvc.mx\/media\/383859\/Dahua-IPC-HDBW1435E-W-S2-Camara-IP-Domo-de-4MP-2-pp-caracteristicas.png\" alt=\" \" \/><\/div>\n<div class=\"col-md-7 text-md-left text-center\">\n<h2>Principales Caracter\u00edsticas<\/h2>\n<p class=\"text-muted\">\n<ul>\n<li>C\u00f3dec H.265, alta tasa de compresi\u00f3n, tasa de bits ultrabaja<\/li>\n<li>Max. Distancia IR: 30 m<\/li>\n<li>ROI<\/li>\n<li>SMART H.264 \/ H.265,<\/li>\n<li>WDR<\/li>\n<li>3D DNR, HLC, BLC<\/li>\n<li>Marca de agua digital, aplicable a varias escenas de monitoreo<\/li>\n<li>Admite tarjeta Micro SD de 256 G<\/li>\n<li>F\u00e1cil de instalar<\/li>\n<li>Protecci\u00f3n IP67, IK10<\/li>\n<li>Soporta Wi-Fi<\/li>\n<\/ul>\n<p>&nbsp;<\/p>\n<\/div>\n<\/div>\n<hr class=\"padding-bottom-2x\" \/>\n<div class=\"row align-items-center padding-bottom-2x\">\n<div class=\"col-md-5 order-md-2\"><img decoding=\"async\" class=\"d-block m-auto img-thumbnail\" src=\"https:\/\/tvc.mx\/media\/383863\/Dahua-IPC-HDBW1435E-W-S2-Camara-IP-Domo-de-4MP-2-especificaciones.png\" alt=\" \" \/><\/div>\n<div class=\"col-md-7 order-md-1 text-md-left text-center\">\n<h2>Especificaciones<\/h2>\n<p class=\"text-muted\">\n<ul>\n<li>CMOS progresivo de 1\/3 \u201dy 4 megap\u00edxeles<\/li>\n<li>Distancia de iluminaci\u00f3n 30 m<\/li>\n<li>Lente Fijo de 2.8 mm<\/li>\n<li>Compresi\u00f3n de video: H.265; H.264; H.264H; H.264B; MJPEG<\/li>\n<li>DWDR<\/li>\n<li>Reducci\u00f3n de ruido: 3D DNR<\/li>\n<li>Detecci\u00f3n de movimiento: APAGADO \/ ENCENDIDO<\/li>\n<li>Almacenamineto: FTP; SFTP; Tarjeta Micro SD (256 G); NAS<\/li>\n<li>Fuente de alimentaci\u00f3n: 12V cc<\/li>\n<li>Carcasa Metal<\/li>\n<li>IP67<\/li>\n<li>IK10<\/li>\n<\/ul>\n<p>&nbsp;<\/p>\n<\/div>\n<\/div>\n<hr class=\"padding-bottom-2x\" \/>\n<div class=\"row align-items-center padding-bottom-2x\">\n<div class=\"col-md-5\"><img decoding=\"async\" class=\"d-block m-auto img-thumbnail\" src=\"https:\/\/tvc.mx\/media\/417967\/IPC-HDBW1435E-W-S2.png\" alt=\" \" \/><\/div>\n<div class=\"col-md-7 text-md-left text-center\">\n<h2>Incluye<\/h2>\n<p class=\"text-muted\">\n<ul>\n<li>C\u00e1mara tipo domo<\/li>\n<li>Eliminador de 12v dc \/ 1A<\/li>\n<li>Antena<\/li>\n<li>llave para ajuste<\/li>\n<li>Tornilleria y empaques<\/li>\n<li>Poliza de garantia<\/li>\n<li>Calcomania guia<\/li>\n<li>Guia de instalacion<\/li>\n<li>QR para descarga de manuales<\/li>\n<li>Recomendaciones de uso<\/li>\n<\/ul>\n<\/div>\n<\/div>\n","protected":false},"excerpt":{"rendered":"<p>Informaci\u00f3n General Con caracter\u00edsticas de instalaci\u00f3n simple, f\u00e1cil operaci\u00f3n y alta relaci\u00f3n rendimiento-costo, la c\u00e1mara de red de la serie Dahua Entry es aplicable a escenas peque\u00f1as y medianas, como hogares \/ residencias, peque\u00f1as tiendas minoristas y otras peque\u00f1as y empresas medianas. Wifi La c\u00e1mara&hellip;<\/p>\n","protected":false},"featured_media":2048,"comment_status":"open","ping_status":"closed","template":"","meta":{"om_disable_all_campaigns":false,"_monsterinsights_skip_tracking":false,"_monsterinsights_sitenote_active":false,"_monsterinsights_sitenote_note":"","_monsterinsights_sitenote_category":0},"product_brand":[],"product_cat":[113],"product_tag":[114,42,38,66,115],"class_list":{"0":"post-1991","1":"product","2":"type-product","3":"status-publish","4":"has-post-thumbnail","6":"product_cat-domo-camaras-ip","7":"product_tag-camara-domo","8":"product_tag-camaras","9":"product_tag-camaras-de-seguridad","10":"product_tag-dahua","11":"product_tag-domo","13":"first","14":"instock","15":"sale","16":"taxable","17":"shipping-taxable","18":"purchasable","19":"product-type-simple"},"aioseo_notices":[],"_links":{"self":[{"href":"https:\/\/tecsecmty.com\/index.php\/wp-json\/wp\/v2\/product\/1991","targetHints":{"allow":["GET"]}}],"collection":[{"href":"https:\/\/tecsecmty.com\/index.php\/wp-json\/wp\/v2\/product"}],"about":[{"href":"https:\/\/tecsecmty.com\/index.php\/wp-json\/wp\/v2\/types\/product"}],"replies":[{"embeddable":true,"href":"https:\/\/tecsecmty.com\/index.php\/wp-json\/wp\/v2\/comments?post=1991"}],"version-history":[{"count":0,"href":"https:\/\/tecsecmty.com\/index.php\/wp-json\/wp\/v2\/product\/1991\/revisions"}],"wp:featuredmedia":[{"embeddable":true,"href":"https:\/\/tecsecmty.com\/index.php\/wp-json\/wp\/v2\/media\/2048"}],"wp:attachment":[{"href":"https:\/\/tecsecmty.com\/index.php\/wp-json\/wp\/v2\/media?parent=1991"}],"wp:term":[{"taxonomy":"product_brand","embeddable":true,"href":"https:\/\/tecsecmty.com\/index.php\/wp-json\/wp\/v2\/product_brand?post=1991"},{"taxonomy":"product_cat","embeddable":true,"href":"https:\/\/tecsecmty.com\/index.php\/wp-json\/wp\/v2\/product_cat?post=1991"},{"taxonomy":"product_tag","embeddable":true,"href":"https:\/\/tecsecmty.com\/index.php\/wp-json\/wp\/v2\/product_tag?post=1991"}],"curies":[{"name":"wp","href":"https:\/\/api.w.org\/{rel}","templated":true}]}}