{"id":1992,"date":"2023-02-22T18:07:09","date_gmt":"2023-02-23T00:07:09","guid":{"rendered":"https:\/\/tecsecmty.com\/index.php\/producto\/dahua-ipc-hdbw2231e-s-s2-camara-ip-domo-antivandalica-de-2-megapixeles-lente-de-2-8mm-106-grados-de-apertura-metalica-ir-30-de-mts-wdr-real-de-120-db-ranura-para-microsd-ip67-ik10-videoanal\/"},"modified":"2023-03-22T23:22:47","modified_gmt":"2023-03-23T05:22:47","slug":"dahua-ipc-hdbw2231e-s-s2-camara-ip-domo-antivandalica-de-2-megapixeles-lente-de-2-8mm-106-grados-de-apertura-metalica-ir-30-de-mts-wdr-real-de-120-db-ranura-para-microsd-ip67-ik10-videoanal","status":"publish","type":"product","link":"https:\/\/tecsecmty.com\/index.php\/producto\/dahua-ipc-hdbw2231e-s-s2-camara-ip-domo-antivandalica-de-2-megapixeles-lente-de-2-8mm-106-grados-de-apertura-metalica-ir-30-de-mts-wdr-real-de-120-db-ranura-para-microsd-ip67-ik10-videoanal\/","title":{"rendered":"DAHUA IPC-HDBW2231E-S-S2 &#8211; C\u00e1mara IP Domo Antivand\u00e1lica de 2 Megapixeles\/ Lente de 2.8mm\/ 106 Grados de Apertura\/ Metalica\/ IR 30 de Mts\/ WDR Real de 120 dB\/ Ranura para MicroSD\/ IP67\/ IK10\/ Videoanaliticos con IVS\/"},"content":{"rendered":"<div class=\"row aling-items-center padding-bottom-2x\">\n<div class=\"col-lg-12\">\n<h5 class=\"card-title text-center\">Informaci\u00f3n General<\/h5>\n<p class=\"ql-align-justify\">El modelo\u00a0<strong>HDBW2231E-S-S2<\/strong>\u00a0es una c\u00e1mara perteneciente a la Serie Lite que cuenta con\u00a0tecnolog\u00eda de codificaci\u00f3n\u00a0<strong>H.265+<\/strong>\u00a0que permite ahorrar ancho de banda y espacio de almacenamiento. Esta c\u00e1mara adopta la \u00faltima tecnolog\u00eda\u00a0<strong>Starlight<\/strong>\u00a0y muestra una mejor imagen en color en condiciones de poca iluminaci\u00f3n. Admite almacenamiento en tarjeta\u00a0<strong>Micro SD\u00a0<\/strong>m\u00e1ximo 256Gb, funci\u00f3n a prueba de polvo, funci\u00f3n a prueba de agua y funci\u00f3n a prueba de vandalismo, cumpliendo con los est\u00e1ndares de\u00a0<strong>IP67<\/strong>\u00a0e\u00a0<strong>IK10<\/strong>.<\/p>\n<p><img decoding=\"async\" class=\"overview-center-img-web\" src=\"https:\/\/tvc.mx\/media\/412939\/Camara-IP-domo-starlight-wdr-real-120-dB-IPC-HDBW2231E-S-S2-Dahua.png\" alt=\"\" \/><\/div>\n<\/div>\n<div class=\"row align-items-center padding-bottom-2x\">\n<div class=\"col-md-5\"><img decoding=\"async\" class=\"d-block m-auto img-thumbnail\" src=\"https:\/\/tvc.mx\/media\/412943\/codificacion-h.265-dahua.png\" alt=\" \" \/><\/div>\n<div class=\"col-md-7 text-md-left text-center\">\n<h2>Codec Inteligente<\/h2>\n<p class=\"text-muted\">\n<p class=\"ql-align-justify\">La c\u00e1mara posee un algoritmo inteligente de video para la codificaci\u00f3n inteligente, este algoritmo logra la mayor eficiencia de codificaci\u00f3n que H.265 y H.264,\u00a0proporcionando video de alta calidad y reduciendo el costo de almacenamiento y transmisi\u00f3n.\u00a0Smart Codec\u00a0es la implementaci\u00f3n optimizada de compresi\u00f3n de video, utiliza m\u00e9todos de compresi\u00f3n de datos sin p\u00e9rdida y reducci\u00f3n inteligente de ruido para ofrecer videos de alta calidad sin forzar la red. La tecnolog\u00eda Smart Codec reduce la velocidad de bits y los requisitos de almacenamiento en hasta un 80% en comparaci\u00f3n con la compresi\u00f3n de video est\u00e1ndar.<\/p>\n<p>&nbsp;<\/p>\n<\/div>\n<\/div>\n<hr class=\"padding-bottom-2x\" \/>\n<div class=\"row align-items-center padding-bottom-2x\">\n<div class=\"col-md-5 order-md-2\"><img decoding=\"async\" class=\"d-block m-auto img-thumbnail\" src=\"https:\/\/tvc.mx\/media\/412947\/Starlight-Dahua.png\" alt=\" \" \/><\/div>\n<div class=\"col-md-7 order-md-1 text-md-left text-center\">\n<h2>Tecnolog\u00eda Starlight<\/h2>\n<p class=\"text-muted\">\n<p class=\"ql-align-justify\">Esta tecnolog\u00eda nos permite obtener un\u00a0rendimiento excepcional ideal para la visualizaci\u00f3n y reproducci\u00f3n\u00a0de im\u00e1genes bajo condiciones de poca iluminaci\u00f3n, tanto en condiciones de contraluz extremo como en la obscuridad. Incorpora un sensor 1\/2.8&#8243; de alto rendimiento el cual captura las im\u00e1genes a todo color y\u00a0obtiene un balance entre las zonas m\u00e1s iluminadas y menos iluminadas.<\/p>\n<p>&nbsp;<\/p>\n<\/div>\n<\/div>\n<hr class=\"padding-bottom-2x\" \/>\n<div class=\"row align-items-center padding-bottom-2x\">\n<div class=\"col-md-5\"><img decoding=\"async\" class=\"d-block m-auto img-thumbnail\" src=\"https:\/\/tvc.mx\/media\/412951\/IVS-Dahua.png\" alt=\" \" \/><\/div>\n<div class=\"col-md-7 text-md-left text-center\">\n<h2>Funciones Inteligentes &#8211; IVS<\/h2>\n<p class=\"text-muted\">\n<p class=\"ql-align-justify\">Cuenta con\u00a0funciones\u00a0IVS por lo que tiene la capacidad de detectar y\u00a0analizar objetos en movimiento para mejorar la vigilancia por video.<\/p>\n<ul>\n<li class=\"ql-align-justify\">Tripwire.<\/li>\n<li class=\"ql-align-justify\">Intrusi\u00f3n<\/li>\n<\/ul>\n<p class=\"ql-align-justify\">En ambas funciones hace el reconocimiento inteligente de humanos y veh\u00edculos.<\/p>\n<p>&nbsp;<\/p>\n<\/div>\n<\/div>\n<hr class=\"padding-bottom-2x\" \/>\n<div class=\"row align-items-center padding-bottom-2x\">\n<div class=\"col-md-5 order-md-2\"><img decoding=\"async\" class=\"d-block m-auto img-thumbnail\" src=\"https:\/\/tvc.mx\/media\/412955\/Smart-IR-Dahua.png\" alt=\" \" \/><\/div>\n<div class=\"col-md-7 order-md-1 text-md-left text-center\">\n<h2>IR Inteligente<\/h2>\n<p class=\"text-muted\">\n<p class=\"ql-align-justify\">Con la iluminaci\u00f3n IR, las im\u00e1genes detalladas se pueden capturar con poca luz o oscuridad total. La tecnolog\u00eda\u00a0Smart IR\u00a0ajusta la intensidad de los LED infrarrojos para compensar la distancia de un objeto evitando\u00a0que los LEDs IR borren las im\u00e1genes a medida que se acercan a la c\u00e1mara. La iluminaci\u00f3n infrarroja integrada de la c\u00e1mara proporciona un alto rendimiento en entornos con poca luz extrema de hasta 30 mts.<\/p>\n<p>&nbsp;<\/p>\n<\/div>\n<\/div>\n<hr class=\"padding-bottom-2x\" \/>\n<div class=\"row align-items-center padding-bottom-2x\">\n<div class=\"col-md-5\"><img decoding=\"async\" class=\"d-block m-auto img-thumbnail\" src=\"https:\/\/tvc.mx\/media\/412959\/3DNR-dahua.png\" alt=\" \" \/><\/div>\n<div class=\"col-md-7 text-md-left text-center\">\n<h2>Reducci\u00f3n de Ruido 3DNR<\/h2>\n<p class=\"text-muted\">\n<p class=\"ql-align-justify\">Es posible que exista mucho ruido cuando se vigila en ambientes de baja iluminaci\u00f3n. Con 3DNR usted puede realizar ajustes para reducir el ruido y obtener un video claro.<\/p>\n<hr class=\"padding-bottom-2x\" \/>\n<div class=\"row align-items-center padding-bottom-2x\">\n<div class=\"col-md-5 order-md-2\"><img decoding=\"async\" class=\"d-block m-auto img-thumbnail\" src=\"https:\/\/tvc.mx\/media\/412963\/WDR-Dahua.png\" alt=\" \" \/><\/div>\n<div class=\"col-md-7 order-md-1 text-md-left text-center\">\n<h2>WDR 120dB<\/h2>\n<p class=\"text-muted\">\n<p class=\"ql-align-justify\">La c\u00e1mara\u00a0<strong>HDBW2231E-S-S2\u00a0<\/strong>logra obtener im\u00e1genes n\u00edtdas en escenarios donde hay variaci\u00f3n\u00a0en las condiciones de iluminaci\u00f3n ya sea\u00a0baja y\/o brillante,la funci\u00f3n\u00a0WDR real120dB\u00a0se encarga de medir, compensar y ajustar la luz en la imagen\u00a0captada para despu\u00e9s combinar los espacios de luces brillantes con los espacios de sombras,creando\u00a0un equilibrio en la imagen final.<\/p>\n<p>&nbsp;<\/p>\n<\/div>\n<\/div>\n<hr class=\"padding-bottom-2x\" \/>\n<div class=\"row align-items-center padding-bottom-2x\">\n<div class=\"col-md-5\"><img decoding=\"async\" class=\"d-block m-auto img-thumbnail\" src=\"https:\/\/tvc.mx\/media\/412967\/Region-de-interes-dahua.png\" alt=\" \" \/><\/div>\n<div class=\"col-md-7 text-md-left text-center\">\n<h2>Regi\u00f3n de Interes &#8211; ROI<\/h2>\n<p class=\"text-muted\">\n<p class=\"ql-align-justify\">Es una funci\u00f3n que nos ayuda a optimizar el ancho de banda de la c\u00e1mara, proporcionando la m\u00e1xima calidad de imagen en el \u00e1rea seleccionada, escena u objeto, al tiempo que reduce el nivel de calidad en las otras zonas, para obtener mejores resultados de calidad y ancho de banda en esta regi\u00f3n de inter\u00e9s.<\/p>\n<p>&nbsp;<\/p>\n<\/div>\n<\/div>\n<hr class=\"padding-bottom-2x\" \/>\n<div class=\"row align-items-center padding-bottom-2x\">\n<div class=\"col-md-5 order-md-2\"><img decoding=\"async\" class=\"d-block m-auto img-thumbnail\" src=\"https:\/\/tvc.mx\/media\/412971\/Camara-IP-domo-starlight-wdr-real-120-dB-IPC-HDBW2231E-S-S2-Dahua-caracteristicas.png\" alt=\" \" \/><\/div>\n<div class=\"col-md-7 order-md-1 text-md-left text-center\">\n<h2>Principales Caracter\u00edsticas<\/h2>\n<p class=\"text-muted\">\n<ul>\n<li class=\"ql-align-justify\">\u00a02MP, sensor de imagen CMOS de 1 \/ 2.8 \u00ab<\/li>\n<li class=\"ql-align-justify\">Salidas 2MP (1920 \u00d7 1080) @ 25\/30 fps<\/li>\n<li class=\"ql-align-justify\">C\u00f3dec H.265<\/li>\n<li class=\"ql-align-justify\">LED IR incorporado<\/li>\n<li class=\"ql-align-justify\">ROI, SMART H.264 \/ H.265<\/li>\n<li class=\"ql-align-justify\">Modo de rotaci\u00f3n, WDR, 3D DNR, HLC, BLC<\/li>\n<li class=\"ql-align-justify\">Detecci\u00f3n inteligente: intrusi\u00f3n, cable trampa<\/li>\n<li class=\"ql-align-justify\">Detecci\u00f3n de anomal\u00edas: detecci\u00f3n de movimiento, manipulaci\u00f3n de video, sin tarjeta SD, tarjeta SD llena, error de tarjeta SD, red desconectada, conflicto de IP, acceso ilegal, detecci\u00f3n de voltaje<\/li>\n<li class=\"ql-align-justify\">IP67, grado de protecci\u00f3n IK10<\/li>\n<\/ul>\n<p>&nbsp;<\/p>\n<\/div>\n<\/div>\n<hr class=\"padding-bottom-2x\" \/>\n<div class=\"row align-items-center padding-bottom-2x\">\n<div class=\"col-md-5\"><img decoding=\"async\" class=\"d-block m-auto img-thumbnail\" src=\"https:\/\/tvc.mx\/media\/412975\/Camara-IP-domo-starlight-wdr-real-120-dB-IPC-HDBW2231E-S-S2-Dahua-especificaciones.png\" alt=\" \" \/><\/div>\n<div class=\"col-md-7 text-md-left text-center\">\n<h2>Especificaciones<\/h2>\n<p class=\"text-muted\">\n<ul>\n<li class=\"ql-align-justify\">1 \/ 2.8 \u00abCMOS progresivo de 2 megap\u00edxeles<\/li>\n<li class=\"ql-align-justify\">Distancia IR: 30 m<\/li>\n<li class=\"ql-align-justify\">Lente fijo 2.8mm<\/li>\n<li class=\"ql-align-justify\">Campo de visi\u00f3n: Pan: 106 \u00b0 Inclinaci\u00f3n: 56 \u00b0 Diagonal: 126 \u00b0<\/li>\n<li class=\"ql-align-justify\">An\u00e1lisis general de IVS: Tripwire intrusi\u00f3n<\/li>\n<li class=\"ql-align-justify\">Compresi\u00f3n de video: H.265; H.264; H.264B; MJPEG<\/li>\n<li class=\"ql-align-justify\">BLC \/ HLC<\/li>\n<li class=\"ql-align-justify\">WDR real 120 dB<\/li>\n<li class=\"ql-align-justify\">Reducci\u00f3n de ruido: DNR 3D<\/li>\n<li class=\"ql-align-justify\">Fuente de alimentaci\u00f3n 12V DC \/ PoE (802.3af)<\/li>\n<li class=\"ql-align-justify\">Grado de protecci\u00f3n: IP67, IK10<\/li>\n<li class=\"ql-align-justify\">Carcasa: Metal<\/li>\n<\/ul>\n<\/div>\n<\/div>\n<\/div>\n<\/div>\n","protected":false},"excerpt":{"rendered":"<p>Informaci\u00f3n General El modelo\u00a0HDBW2231E-S-S2\u00a0es una c\u00e1mara perteneciente a la Serie Lite que cuenta con\u00a0tecnolog\u00eda de codificaci\u00f3n\u00a0H.265+\u00a0que permite ahorrar ancho de banda y espacio de almacenamiento. Esta c\u00e1mara adopta la \u00faltima tecnolog\u00eda\u00a0Starlight\u00a0y muestra una mejor imagen en color en condiciones de poca iluminaci\u00f3n. Admite almacenamiento en&hellip;<\/p>\n","protected":false},"featured_media":2049,"comment_status":"open","ping_status":"closed","template":"","meta":{"om_disable_all_campaigns":false,"_monsterinsights_skip_tracking":false,"_monsterinsights_sitenote_active":false,"_monsterinsights_sitenote_note":"","_monsterinsights_sitenote_category":0},"product_brand":[],"product_cat":[113],"product_tag":[114,42,38,66,115],"class_list":{"0":"post-1992","1":"product","2":"type-product","3":"status-publish","4":"has-post-thumbnail","6":"product_cat-domo-camaras-ip","7":"product_tag-camara-domo","8":"product_tag-camaras","9":"product_tag-camaras-de-seguridad","10":"product_tag-dahua","11":"product_tag-domo","13":"first","14":"instock","15":"sale","16":"taxable","17":"shipping-taxable","18":"purchasable","19":"product-type-simple"},"aioseo_notices":[],"_links":{"self":[{"href":"https:\/\/tecsecmty.com\/index.php\/wp-json\/wp\/v2\/product\/1992","targetHints":{"allow":["GET"]}}],"collection":[{"href":"https:\/\/tecsecmty.com\/index.php\/wp-json\/wp\/v2\/product"}],"about":[{"href":"https:\/\/tecsecmty.com\/index.php\/wp-json\/wp\/v2\/types\/product"}],"replies":[{"embeddable":true,"href":"https:\/\/tecsecmty.com\/index.php\/wp-json\/wp\/v2\/comments?post=1992"}],"version-history":[{"count":0,"href":"https:\/\/tecsecmty.com\/index.php\/wp-json\/wp\/v2\/product\/1992\/revisions"}],"wp:featuredmedia":[{"embeddable":true,"href":"https:\/\/tecsecmty.com\/index.php\/wp-json\/wp\/v2\/media\/2049"}],"wp:attachment":[{"href":"https:\/\/tecsecmty.com\/index.php\/wp-json\/wp\/v2\/media?parent=1992"}],"wp:term":[{"taxonomy":"product_brand","embeddable":true,"href":"https:\/\/tecsecmty.com\/index.php\/wp-json\/wp\/v2\/product_brand?post=1992"},{"taxonomy":"product_cat","embeddable":true,"href":"https:\/\/tecsecmty.com\/index.php\/wp-json\/wp\/v2\/product_cat?post=1992"},{"taxonomy":"product_tag","embeddable":true,"href":"https:\/\/tecsecmty.com\/index.php\/wp-json\/wp\/v2\/product_tag?post=1992"}],"curies":[{"name":"wp","href":"https:\/\/api.w.org\/{rel}","templated":true}]}}