{"id":1994,"date":"2023-02-22T18:07:09","date_gmt":"2023-02-23T00:07:09","guid":{"rendered":"https:\/\/tecsecmty.com\/index.php\/producto\/dahua-ipc-hdbw2431e-s-s2-camara-ip-domo-antivandalica-de-4-megapixeles-lente-de-2-8mm-106-grados-de-apertura-ir-30-mts-wdr-real-ranura-para-microsd-ip67-ik10\/"},"modified":"2023-03-22T23:22:47","modified_gmt":"2023-03-23T05:22:47","slug":"dahua-ipc-hdbw2431e-s-s2-camara-ip-domo-antivandalica-de-4-megapixeles-lente-de-2-8mm-106-grados-de-apertura-ir-30-mts-wdr-real-ranura-para-microsd-ip67-ik10","status":"publish","type":"product","link":"https:\/\/tecsecmty.com\/index.php\/producto\/dahua-ipc-hdbw2431e-s-s2-camara-ip-domo-antivandalica-de-4-megapixeles-lente-de-2-8mm-106-grados-de-apertura-ir-30-mts-wdr-real-ranura-para-microsd-ip67-ik10\/","title":{"rendered":"DAHUA IPC-HDBW2431E-S-S2 &#8211; C\u00e1mara IP Domo Antivandalica de 4 Megapixeles\/ Lente de 2.8mm\/ 106 Grados de Apertura\/ IR 30 Mts\/ WDR Real\/ Ranura para MicroSD\/ IP67\/ IK10\/"},"content":{"rendered":"<div class=\"row aling-items-center padding-bottom-2x\">\n<div class=\"col-lg-12\">\n<h5 class=\"card-title text-center\">Informaci\u00f3n General<\/h5>\n<p class=\"ql-align-justify\">La c\u00e1mara modelo\u00a0<strong>IPCHDBW2431E-S-S2\u00a0<\/strong>es una c\u00e1mara IP domo con una resoluci\u00f3n de 4 megap\u00edxeles que nos brinda una excelente calidad de imagen, con tecnolog\u00eda de compresi\u00f3n de video H265.\u00a0Cuenta con WDR real 120dB, potentes IR con alcance de hasta 30 metros de distancia, tecnolog\u00eda POE por lo que la c\u00e1mara puede ser alimentada a trav\u00e9s del cable ethernet y adem\u00e1s cuenta con ranura micro SD en la cual se le puede colocar una memoria micro SD de hasta 256Gb . La c\u00e1mara se puede instalar en ambientes exteriores debido a su \u00edndice de protecci\u00f3n IP67 e IK10 de resistencia antivand\u00e1lica.<\/p>\n<p><img decoding=\"async\" class=\"overview-center-img-web\" src=\"https:\/\/tvc.mx\/media\/414219\/HDBW2431E-S-S2-c%C3%A1mara-ip-domo-antivandalica-4mp.png\" alt=\"\" \/><\/div>\n<\/div>\n<div class=\"row align-items-center padding-bottom-2x\">\n<div class=\"col-md-5\"><img decoding=\"async\" class=\"d-block m-auto img-thumbnail\" src=\"https:\/\/tvc.mx\/media\/414223\/WDR-Dahua.png\" alt=\" \" \/><\/div>\n<div class=\"col-md-7 text-md-left text-center\">\n<h2>WDR real 120dB.<\/h2>\n<p class=\"text-muted\">\n<p class=\"ql-align-justify\">La c\u00e1mara\u00a0logra obtener im\u00e1genes n\u00edtidas\u00a0en escenarios donde hay variaci\u00f3n\u00a0en las condiciones de iluminaci\u00f3n ya sea\u00a0baja y\/o brillante, la funci\u00f3n\u00a0<strong>WDR real120dB<\/strong>\u00a0se encarga de medir, compensar y ajustar la luz en la imagen\u00a0captada para despu\u00e9s\u00a0combinar los espacios de luces brillantes con los espacios de sombras, creando\u00a0un equilibrio en la imagen final.<\/p>\n<p>&nbsp;<\/p>\n<\/div>\n<\/div>\n<hr class=\"padding-bottom-2x\" \/>\n<div class=\"row align-items-center padding-bottom-2x\">\n<div class=\"col-md-5 order-md-2\"><img decoding=\"async\" class=\"d-block m-auto img-thumbnail\" src=\"https:\/\/tvc.mx\/media\/414227\/PoE-Inteligente-Dahua.png\" alt=\" \" \/><\/div>\n<div class=\"col-md-7 order-md-1 text-md-left text-center\">\n<h2>POE (Power Over Ethernet)<\/h2>\n<p class=\"text-muted\">\n<p class=\"ql-align-justify\">La c\u00e1mara puede ser alimentada a trav\u00e9s de Ethernet (PoE) mediante la norma IEEE 802.3af, con esto se simplifica y abarata la creaci\u00f3n de un suministro el\u00e9ctrico altamente robusto para el CCTV IP.<\/p>\n<p>&nbsp;<\/p>\n<\/div>\n<\/div>\n<hr class=\"padding-bottom-2x\" \/>\n<div class=\"row align-items-center padding-bottom-2x\">\n<div class=\"col-md-5\"><img decoding=\"async\" class=\"d-block m-auto img-thumbnail\" src=\"https:\/\/tvc.mx\/media\/414231\/almacenamiento-microSD-Dahua.png\" alt=\" \" \/><\/div>\n<div class=\"col-md-7 text-md-left text-center\">\n<h2>Ranura micro SD<\/h2>\n<p class=\"text-muted\">\n<p class=\"ql-align-justify\">Esta c\u00e1mara cuenta con ranura micro SD en la cual se puede insertar una tarjeta de memoria de hasta 256gb.<\/p>\n<p>&nbsp;<\/p>\n<\/div>\n<\/div>\n<hr class=\"padding-bottom-2x\" \/>\n<div class=\"row align-items-center padding-bottom-2x\">\n<div class=\"col-md-5 order-md-2\"><img decoding=\"async\" class=\"d-block m-auto img-thumbnail\" src=\"https:\/\/tvc.mx\/media\/414235\/HDBW2431E-S-S2-c%C3%A1mara-ip-domo-antivandalica-4mp-caracteristicas.png\" alt=\" \" \/><\/div>\n<div class=\"col-md-7 order-md-1 text-md-left text-center\">\n<h2>Principales caracter\u00edsticas<\/h2>\n<p class=\"text-muted\">\n<ul>\n<li class=\"ql-align-justify\">4MP, sensor de imagen CMOS de 1\/3 \u00ab<\/li>\n<li class=\"ql-align-justify\">Salidas 4MP (2560 \u00d7 1440) @ 25\/30 fps, m\u00e1x. soporta 4MP (2688 \u00d7 1520) @ 20 fps<\/li>\n<li class=\"ql-align-justify\">C\u00f3dec H.265<\/li>\n<li class=\"ql-align-justify\">LED IR incorporado<\/li>\n<li class=\"ql-align-justify\">ROI, SMART H.264 \/ H.265, codificaci\u00f3n flexible, aplicable a diversos entornos de ancho de banda y almacenamiento<\/li>\n<li class=\"ql-align-justify\">Modo de rotaci\u00f3n, WDR, 3D DNR, HLC, BLC, marca de agua digital, aplicable a varias escenas de monitoreo<\/li>\n<li class=\"ql-align-justify\">Detecci\u00f3n inteligente: intrusi\u00f3n, cable trampa<\/li>\n<li class=\"ql-align-justify\">Detecci\u00f3n de anomal\u00edas: detecci\u00f3n de movimiento, manipulaci\u00f3n de video, sin tarjeta SD, tarjeta SD llena, error de tarjeta SD, red desconectada, conflicto de IP, acceso ilegal, detecci\u00f3n de voltaje<\/li>\n<li class=\"ql-align-justify\">IP67, grado de protecci\u00f3n IK10<\/li>\n<\/ul>\n<p>&nbsp;<\/p>\n<\/div>\n<\/div>\n<hr class=\"padding-bottom-2x\" \/>\n<div class=\"row align-items-center padding-bottom-2x\">\n<div class=\"col-md-5\"><img decoding=\"async\" class=\"d-block m-auto img-thumbnail\" src=\"https:\/\/tvc.mx\/media\/414251\/HDBW2431E-S-S2-c%C3%A1mara-ip-domo-antivandalica-4mp-especificaciones.png\" alt=\" \" \/><\/div>\n<div class=\"col-md-7 text-md-left text-center\">\n<h2>Especificaciones<\/h2>\n<p class=\"text-muted\">\n<ul>\n<li class=\"ql-align-justify\">CMOS progresivo de 1\/3 \u00aby 4 megap\u00edxeles<\/li>\n<li class=\"ql-align-justify\">Distancia IR 30 m<\/li>\n<li class=\"ql-align-justify\">Lente fijo 2.8mm<\/li>\n<li class=\"ql-align-justify\">Campo de visi\u00f3n: Pan: 102.0 \u00b0 Inclinaci\u00f3n: 55.0 \u00b0 Diagonal: 121.0 \u00b0<\/li>\n<li class=\"ql-align-justify\">An\u00e1lisis general de IVS: Tripwire intrusi\u00f3n<\/li>\n<li class=\"ql-align-justify\">Compresi\u00f3n de video: H.265; H.264; H.264B; MJPEG<\/li>\n<li class=\"ql-align-justify\">WDR real 120 dB<\/li>\n<li class=\"ql-align-justify\">Reducci\u00f3n de ruido: DNR 3D<\/li>\n<li class=\"ql-align-justify\">Fuente de alimentaci\u00f3n: 12V DC \/ PoE (802.3af)<\/li>\n<li class=\"ql-align-justify\">Grado de protecci\u00f3n: IP67; IK10<\/li>\n<li class=\"ql-align-justify\">Carcasa: Metal<\/li>\n<\/ul>\n<\/div>\n<\/div>\n","protected":false},"excerpt":{"rendered":"<p>Informaci\u00f3n General La c\u00e1mara modelo\u00a0IPCHDBW2431E-S-S2\u00a0es una c\u00e1mara IP domo con una resoluci\u00f3n de 4 megap\u00edxeles que nos brinda una excelente calidad de imagen, con tecnolog\u00eda de compresi\u00f3n de video H265.\u00a0Cuenta con WDR real 120dB, potentes IR con alcance de hasta 30 metros de distancia, tecnolog\u00eda&hellip;<\/p>\n","protected":false},"featured_media":2051,"comment_status":"open","ping_status":"closed","template":"","meta":{"om_disable_all_campaigns":false,"_monsterinsights_skip_tracking":false,"_monsterinsights_sitenote_active":false,"_monsterinsights_sitenote_note":"","_monsterinsights_sitenote_category":0},"product_brand":[],"product_cat":[113],"product_tag":[114,42,38,66,115],"class_list":{"0":"post-1994","1":"product","2":"type-product","3":"status-publish","4":"has-post-thumbnail","6":"product_cat-domo-camaras-ip","7":"product_tag-camara-domo","8":"product_tag-camaras","9":"product_tag-camaras-de-seguridad","10":"product_tag-dahua","11":"product_tag-domo","13":"first","14":"instock","15":"sale","16":"taxable","17":"shipping-taxable","18":"purchasable","19":"product-type-simple"},"aioseo_notices":[],"_links":{"self":[{"href":"https:\/\/tecsecmty.com\/index.php\/wp-json\/wp\/v2\/product\/1994","targetHints":{"allow":["GET"]}}],"collection":[{"href":"https:\/\/tecsecmty.com\/index.php\/wp-json\/wp\/v2\/product"}],"about":[{"href":"https:\/\/tecsecmty.com\/index.php\/wp-json\/wp\/v2\/types\/product"}],"replies":[{"embeddable":true,"href":"https:\/\/tecsecmty.com\/index.php\/wp-json\/wp\/v2\/comments?post=1994"}],"version-history":[{"count":0,"href":"https:\/\/tecsecmty.com\/index.php\/wp-json\/wp\/v2\/product\/1994\/revisions"}],"wp:featuredmedia":[{"embeddable":true,"href":"https:\/\/tecsecmty.com\/index.php\/wp-json\/wp\/v2\/media\/2051"}],"wp:attachment":[{"href":"https:\/\/tecsecmty.com\/index.php\/wp-json\/wp\/v2\/media?parent=1994"}],"wp:term":[{"taxonomy":"product_brand","embeddable":true,"href":"https:\/\/tecsecmty.com\/index.php\/wp-json\/wp\/v2\/product_brand?post=1994"},{"taxonomy":"product_cat","embeddable":true,"href":"https:\/\/tecsecmty.com\/index.php\/wp-json\/wp\/v2\/product_cat?post=1994"},{"taxonomy":"product_tag","embeddable":true,"href":"https:\/\/tecsecmty.com\/index.php\/wp-json\/wp\/v2\/product_tag?post=1994"}],"curies":[{"name":"wp","href":"https:\/\/api.w.org\/{rel}","templated":true}]}}