{"id":1996,"date":"2023-02-22T18:07:10","date_gmt":"2023-02-23T00:07:10","guid":{"rendered":"https:\/\/tecsecmty.com\/index.php\/producto\/dahua-ipc-hdbw2531rn-zas-s2-camara-ip-domo-antivandalica-resolucion-de-5-mp-lente-mot-2-7-a-13-5mm-%e2%88%a2-100-26-ir-40-mts-starlight-poe-wdr-h-265-ip67-ik10-es-alarma-e\/"},"modified":"2023-03-22T23:22:47","modified_gmt":"2023-03-23T05:22:47","slug":"dahua-ipc-hdbw2531rn-zas-s2-camara-ip-domo-antivandalica-resolucion-de-5-mp-lente-mot-2-7-a-13-5mm-100-26-ir-40-mts-starlight-poe-wdr-h-265-ip67-ik10-es-alarma-e","status":"publish","type":"product","link":"https:\/\/tecsecmty.com\/index.php\/producto\/dahua-ipc-hdbw2531rn-zas-s2-camara-ip-domo-antivandalica-resolucion-de-5-mp-lente-mot-2-7-a-13-5mm-100-26-ir-40-mts-starlight-poe-wdr-h-265-ip67-ik10-es-alarma-e\/","title":{"rendered":"DAHUA IPC-HDBW2531RN-ZAS-S2 &#8211; C\u00e1mara IP Domo Antivand\u00e1lica Resoluci\u00f3n de 5 MP\/ Lente Mot. 2.7 a 13.5mm\/ \u2222 100\u00b0-26\u00b0\/ IR 40 mts\/ Starlight\/ PoE\/ WDR\/ H.265+\/ IP67\/ IK10\/ E&amp;S Alarma\/ E&amp;S Audio\/"},"content":{"rendered":"<div class=\"row aling-items-center padding-bottom-2x\">\n<div class=\"col-lg-12\">\n<h5 class=\"card-title text-center\">Informaci\u00f3n General<\/h5>\n<p>Esta c\u00e1mara adopta la \u00faltima tecnolog\u00eda Starlight y muestra una mejor imagen en color en condiciones de poca iluminaci\u00f3n. Admite almacenamiento en tarjeta SD, funci\u00f3n a prueba de polvo, funci\u00f3n a prueba de agua y funci\u00f3n a prueba de vandalismo, cumpliendo con los est\u00e1ndares de IP67 e IK10<\/p>\n<p><img decoding=\"async\" class=\"overview-center-img-web\" src=\"https:\/\/tvc.mx\/media\/474498\/camara-domo-ip-5-megapixeles-lente-varifocal-antivandalica-IPC-HDBW2531RN-ZAS-Dahua.png\" alt=\"\" \/><\/p>\n<\/div>\n<\/div>\n<div class=\"row align-items-center padding-bottom-2x\">\n<div class=\"col-md-5\"><img decoding=\"async\" class=\"d-block m-auto img-thumbnail\" src=\"https:\/\/tvc.mx\/media\/474500\/h.265plus-y-h.264plus-dahua.png\" alt=\" \" \/><\/div>\n<div class=\"col-md-7 text-md-left text-center\">\n<h2>Codificaci\u00f3n Inteligente<\/h2>\n<p>Con un algoritmo avanzado de control de velocidad adaptable a la escena, la tecnolog\u00eda de codificaci\u00f3n inteligente de Dahua logra una mayor eficiencia de codificaci\u00f3n que H.265 y H.264, proporciona video de alta calidad y reduce el costo de almacenamiento y transmisi\u00f3n.<\/p>\n<p>&nbsp;<\/p>\n<\/div>\n<\/div>\n<hr class=\"padding-bottom-2x\" \/>\n<div class=\"row align-items-center padding-bottom-2x\">\n<div class=\"col-md-5 order-md-2\"><img decoding=\"async\" class=\"d-block m-auto img-thumbnail\" src=\"https:\/\/tvc.mx\/media\/474502\/WDR-Dahua.png\" alt=\" \" \/><\/div>\n<div class=\"col-md-7 order-md-1 text-md-left text-center\">\n<h2>Amplio Rango Din\u00e1mico<\/h2>\n<p>Con la tecnolog\u00eda avanzada de amplio rango din\u00e1mico (WDR), la c\u00e1mara de red Dahua proporciona detalles claros en un entorno de fuerte contraste de brillo. El \u00e1rea brillante y oscura puede obtener un video claro incluso en entornos de alto brillo o con sombra de luz de fondo.<\/p>\n<p>&nbsp;<\/p>\n<\/div>\n<\/div>\n<hr class=\"padding-bottom-2x\" \/>\n<div class=\"row align-items-center padding-bottom-2x\">\n<div class=\"col-md-5\"><img decoding=\"async\" class=\"d-block m-auto img-thumbnail\" src=\"https:\/\/tvc.mx\/media\/474504\/Starlight-Dahua.png\" alt=\" \" \/><\/div>\n<div class=\"col-md-7 text-md-left text-center\">\n<h2>Tecnolog\u00eda Starlight<\/h2>\n<p>Con tecnolog\u00eda avanzada de procesamiento de im\u00e1genes y tecnolog\u00eda \u00f3ptica, la tecnolog\u00eda Dahua Starlight puede proporcionar videos claros y coloridos en un entorno de baja iluminaci\u00f3n. Se aplica ampliamente a varios entornos de baja iluminancia.<\/p>\n<p>&nbsp;<\/p>\n<\/div>\n<\/div>\n<hr class=\"padding-bottom-2x\" \/>\n<div class=\"row align-items-center padding-bottom-2x\">\n<div class=\"col-md-5 order-md-2\"><img decoding=\"async\" class=\"d-block m-auto img-thumbnail\" src=\"https:\/\/tvc.mx\/media\/474506\/IVS-Dahua.png\" alt=\" \" \/><\/div>\n<div class=\"col-md-7 order-md-1 text-md-left text-center\">\n<h2>IVS<\/h2>\n<p>Con un algoritmo de video avanzado, la tecnolog\u00eda Dahua IVS admite funciones inteligentes, como tripwire e intrusi\u00f3n.<\/p>\n<p>&nbsp;<\/p>\n<\/div>\n<\/div>\n<hr class=\"padding-bottom-2x\" \/>\n<div class=\"row align-items-center padding-bottom-2x\">\n<div class=\"col-md-5\"><img decoding=\"async\" class=\"d-block m-auto img-thumbnail\" src=\"https:\/\/tvc.mx\/media\/474508\/camara-domo-ip-5-megapixeles-lente-varifocal-antivandalica-IPC-HDBW2531RN-ZAS-Dahua-caracteristicas.png\" alt=\" \" \/><\/div>\n<div class=\"col-md-7 text-md-left text-center\">\n<h2>Principales Caracter\u00edsticas<\/h2>\n<ul>\n<li>C\u00f3dec H.265, alta tasa de compresi\u00f3n, tasa de bits ultrabaja<\/li>\n<li>\u00a0LED IR incorporado<\/li>\n<li>ROI, SMART H.264+\/H.265+, codificaci\u00f3n flexible, aplicable a varios entornos de almacenamiento y ancho de banda<\/li>\n<li>Modo de rotaci\u00f3n, WDR, 3D NR, HLC, BLC<\/li>\n<li>Detecci\u00f3n inteligente: Intrusi\u00f3n, cable trampa<\/li>\n<li>Detecci\u00f3n de anomal\u00edas: detecci\u00f3n de movimiento, manipulaci\u00f3n de video, sin tarjeta SD, tarjeta SD llena, error de tarjeta SD, red desconectada, conflicto de IP, acceso ilegal, detecci\u00f3n de voltaje<\/li>\n<\/ul>\n<p>&nbsp;<\/p>\n<\/div>\n<\/div>\n<hr class=\"padding-bottom-2x\" \/>\n<div class=\"row align-items-center padding-bottom-2x\">\n<div class=\"col-md-5 order-md-2\"><img decoding=\"async\" class=\"d-block m-auto img-thumbnail\" src=\"https:\/\/tvc.mx\/media\/474510\/camara-domo-ip-5-megapixeles-lente-varifocal-antivandalica-IPC-HDBW2531RN-ZAS-Dahua-especificaciones.png\" alt=\" \" \/><\/div>\n<div class=\"col-md-7 order-md-1 text-md-left text-center\">\n<h2>Especificaciones<\/h2>\n<ul>\n<li>CMOS progresivo de 1\/2,7\u201d y 5 megap\u00edxeles<\/li>\n<li>Distancia de iluminaci\u00f3n 40 m<\/li>\n<li>Lente Varifocal motorizado 2.7mm &#8211; 13.5mm<\/li>\n<li>Compresi\u00f3n de video: H.265; H.264; H.264B; MJPEG<\/li>\n<li>D\u00eda\/Noche Autom\u00e1tico (ICR)\/Color\/B\/N<\/li>\n<li>WDR real120dB<\/li>\n<li>Reducci\u00f3n de ruido NR 3D<\/li>\n<li>Tarjeta Micro SD admite m\u00e1x. 256 G<\/li>\n<li>Fuente de alimentaci\u00f3n 12 V CC\/PoE (802.3af)<\/li>\n<li>Protecci\u00f3n IP67, IK10<\/li>\n<li>Carcasa: metal<\/li>\n<\/ul>\n<\/div>\n<\/div>\n","protected":false},"excerpt":{"rendered":"<p>Informaci\u00f3n General Esta c\u00e1mara adopta la \u00faltima tecnolog\u00eda Starlight y muestra una mejor imagen en color en condiciones de poca iluminaci\u00f3n. Admite almacenamiento en tarjeta SD, funci\u00f3n a prueba de polvo, funci\u00f3n a prueba de agua y funci\u00f3n a prueba de vandalismo, cumpliendo con los&hellip;<\/p>\n","protected":false},"featured_media":2053,"comment_status":"open","ping_status":"closed","template":"","meta":{"om_disable_all_campaigns":false,"_monsterinsights_skip_tracking":false,"_monsterinsights_sitenote_active":false,"_monsterinsights_sitenote_note":"","_monsterinsights_sitenote_category":0},"product_brand":[],"product_cat":[113],"product_tag":[114,42,38,66,115],"class_list":{"0":"post-1996","1":"product","2":"type-product","3":"status-publish","4":"has-post-thumbnail","6":"product_cat-domo-camaras-ip","7":"product_tag-camara-domo","8":"product_tag-camaras","9":"product_tag-camaras-de-seguridad","10":"product_tag-dahua","11":"product_tag-domo","13":"first","14":"instock","15":"sale","16":"taxable","17":"shipping-taxable","18":"purchasable","19":"product-type-simple"},"aioseo_notices":[],"_links":{"self":[{"href":"https:\/\/tecsecmty.com\/index.php\/wp-json\/wp\/v2\/product\/1996","targetHints":{"allow":["GET"]}}],"collection":[{"href":"https:\/\/tecsecmty.com\/index.php\/wp-json\/wp\/v2\/product"}],"about":[{"href":"https:\/\/tecsecmty.com\/index.php\/wp-json\/wp\/v2\/types\/product"}],"replies":[{"embeddable":true,"href":"https:\/\/tecsecmty.com\/index.php\/wp-json\/wp\/v2\/comments?post=1996"}],"version-history":[{"count":0,"href":"https:\/\/tecsecmty.com\/index.php\/wp-json\/wp\/v2\/product\/1996\/revisions"}],"wp:featuredmedia":[{"embeddable":true,"href":"https:\/\/tecsecmty.com\/index.php\/wp-json\/wp\/v2\/media\/2053"}],"wp:attachment":[{"href":"https:\/\/tecsecmty.com\/index.php\/wp-json\/wp\/v2\/media?parent=1996"}],"wp:term":[{"taxonomy":"product_brand","embeddable":true,"href":"https:\/\/tecsecmty.com\/index.php\/wp-json\/wp\/v2\/product_brand?post=1996"},{"taxonomy":"product_cat","embeddable":true,"href":"https:\/\/tecsecmty.com\/index.php\/wp-json\/wp\/v2\/product_cat?post=1996"},{"taxonomy":"product_tag","embeddable":true,"href":"https:\/\/tecsecmty.com\/index.php\/wp-json\/wp\/v2\/product_tag?post=1996"}],"curies":[{"name":"wp","href":"https:\/\/api.w.org\/{rel}","templated":true}]}}