{"id":2000,"date":"2023-02-22T18:07:11","date_gmt":"2023-02-23T00:07:11","guid":{"rendered":"https:\/\/tecsecmty.com\/index.php\/producto\/dahua-ipc-hdbw3441e-as-camara-ip-domo-antivandalica-de-4-megapixeles-wizsense-lente-de-2-8mm-103-grados-de-apertura-ir-de-50-metros-11-es-de-aalarmas-y-audio-metalica-ip67-ik10-ranura-para\/"},"modified":"2023-03-22T23:22:48","modified_gmt":"2023-03-23T05:22:48","slug":"dahua-ipc-hdbw3441e-as-camara-ip-domo-antivandalica-de-4-megapixeles-wizsense-lente-de-2-8mm-103-grados-de-apertura-ir-de-50-metros-11-es-de-aalarmas-y-audio-metalica-ip67-ik10-ranura-para","status":"publish","type":"product","link":"https:\/\/tecsecmty.com\/index.php\/producto\/dahua-ipc-hdbw3441e-as-camara-ip-domo-antivandalica-de-4-megapixeles-wizsense-lente-de-2-8mm-103-grados-de-apertura-ir-de-50-metros-11-es-de-aalarmas-y-audio-metalica-ip67-ik10-ranura-para\/","title":{"rendered":"DAHUA IPC-HDBW3441E-AS &#8211; C\u00e1mara IP Domo Antivand\u00e1lica de 4 Megap\u00edxeles\/ WizSense\/ Lente de 2.8mm\/ 103 Grados de Apertura\/ IR de 50 Metros\/ 1&amp;1 E&amp;S de Aalarmas y Audio\/ Metalica\/ IP67\/IK10\/ Ranura para MicroSD\/ SMD Plus\/ PoE\/ WDR Real\/"},"content":{"rendered":"<div class=\"row aling-items-center padding-bottom-2x\">\n<div class=\"col-lg-12\">\n<h5 class=\"card-title text-center\">Informaci\u00f3n General<\/h5>\n<p class=\"ql-align-justify\">C\u00e1mara domo Starlight\u00a0, cuenta con tecnolog\u00eda de protecci\u00f3n perimetral proporcionando video en alta resoluci\u00f3n a 4MP.<\/p>\n<p class=\"ql-align-justify\">SMD (Smart Motion Detection) puede reconocer objetos en movimiento, WDR real (120 dB) para\u00a0compensar y ajustar la luz en la imagen captada, potentes IR con alcance de hasta 50m de distancia.<\/p>\n<p><img decoding=\"async\" class=\"overview-center-img-web\" src=\"https:\/\/tvc.mx\/media\/417415\/camara-ip-domo-con-inteligencia-wdr-real-120db-IPC-HDBW3441E-AS-dahua.png\" alt=\"\" \/><\/div>\n<\/div>\n<div class=\"row align-items-center padding-bottom-2x\">\n<div class=\"col-md-5\"><img decoding=\"async\" class=\"d-block m-auto img-thumbnail\" src=\"https:\/\/tvc.mx\/media\/417419\/SMD-plus-Dahua.png\" alt=\" \" \/><\/div>\n<div class=\"col-md-7 text-md-left text-center\">\n<h2>SMD (Smart Motion Detection)<\/h2>\n<p class=\"text-muted\">\n<p class=\"ql-align-justify\"><strong>Detecci\u00f3n de Movimiento Inteligente<\/strong>, es un nuevo algoritmo de Dahua basado en la detecci\u00f3n de movimiento. puede reconocer objetos en movimiento y diferenciar humanos y veh\u00edculos para evitar de forma efectiva las falsas alarmas causadas por ramas de \u00e1rboles, insectos, sombras, viento u otros factores ambientales, de esta manera podemos estar ahorrando tiempo y costos de mano de obra al verificar alarmas in\u00fatiles. Adem\u00e1s, la clasificaci\u00f3n de personas y veh\u00edculos permite localizar r\u00e1pidamente los escenarios de activaci\u00f3n de alarmas.<\/p>\n<p>&nbsp;<\/p>\n<\/div>\n<\/div>\n<hr class=\"padding-bottom-2x\" \/>\n<div class=\"row align-items-center padding-bottom-2x\">\n<div class=\"col-md-5 order-md-2\"><img decoding=\"async\" class=\"d-block m-auto img-thumbnail\" src=\"https:\/\/tvc.mx\/media\/417423\/IVS-Dahua.png\" alt=\" \" \/><\/div>\n<div class=\"col-md-7 order-md-1 text-md-left text-center\">\n<h2>Sistema de Video Inteligente (IVS)<\/h2>\n<p class=\"text-muted\">\n<p class=\"ql-align-justify\">Cuenta con\u00a0funciones\u00a0IVS por lo que tiene la capacidad de detectar y\u00a0analizar objetos en movimiento para mejorar la vigilancia por video.<\/p>\n<p class=\"ql-align-justify\">\u00b7\u00a0Tripwire.<\/p>\n<p class=\"ql-align-justify\">\u00b7\u00a0Intrusi\u00f3n.<\/p>\n<p>&nbsp;<\/p>\n<\/div>\n<\/div>\n<hr class=\"padding-bottom-2x\" \/>\n<div class=\"row align-items-center padding-bottom-2x\">\n<div class=\"col-md-5\"><img decoding=\"async\" class=\"d-block m-auto img-thumbnail\" src=\"https:\/\/tvc.mx\/media\/417427\/codificacion-h.265-dahua.png\" alt=\" \" \/><\/div>\n<div class=\"col-md-7 text-md-left text-center\">\n<h2>H265+<\/h2>\n<p class=\"text-muted\">\n<p class=\"ql-align-justify\">Dahua ha optimizado H.265 con su c\u00f3dec Smart H.265 +, proporcionando hasta 80% de ahorro de ancho de banda y almacenamiento sobre el est\u00e1ndar H.264. Cuatro tecnolog\u00edas innovadoras trabajan en conjunto para hacer que Smart H.265 + sea tan potente.<\/p>\n<p class=\"ql-align-justify\">\u00bfC\u00f3mo?<\/p>\n<p class=\"ql-align-justify\">H.265 + toma una imagen de un entorno estable, lo utiliza como marco de fondo y se centra s\u00f3lo en los objetos en movimiento. Cuando hay una interrupci\u00f3n en el \u00e1rea de vigilancia, H265 + toma la imagen del objeto en movimiento y lo utiliza como marco de referencia. Si el objeto sigue movi\u00e9ndose, el sistema s\u00f3lo agrega datos de objetos en movimiento.<\/p>\n<p>&nbsp;<\/p>\n<\/div>\n<\/div>\n<hr class=\"padding-bottom-2x\" \/>\n<div class=\"row align-items-center padding-bottom-2x\">\n<div class=\"col-md-5 order-md-2\"><img decoding=\"async\" class=\"d-block m-auto img-thumbnail\" src=\"https:\/\/tvc.mx\/media\/417431\/Region-de-interes-dahua.png\" alt=\" \" \/><\/div>\n<div class=\"col-md-7 order-md-1 text-md-left text-center\">\n<h2>ROI<\/h2>\n<p class=\"text-muted\">\n<p class=\"ql-align-justify\">Regi\u00f3n de Inter\u00e9s es una funci\u00f3n que nos ayuda a optimizar el ancho de banda de la c\u00e1mara y en su defecto reduce el espacio en almacenamiento, con esta funci\u00f3n podemos seleccionar hasta 4 \u00e1reas de inter\u00e9s las cuales estar\u00e1n transmitiendo en su m\u00e1xima resoluci\u00f3n, las \u00e1reas donde esta funci\u00f3n no est\u00e9 habilitada estar\u00e1n transmitiendo a menos ancho de banda.<\/p>\n<ul>\n<li class=\"ql-align-justify\">Proporciona imagen clara en una regi\u00f3n de bajo bit rate.<\/li>\n<li class=\"ql-align-justify\">Ahorra el espacio de almacenamiento.<\/li>\n<\/ul>\n<p>&nbsp;<\/p>\n<\/div>\n<\/div>\n<hr class=\"padding-bottom-2x\" \/>\n<div class=\"row align-items-center padding-bottom-2x\">\n<div class=\"col-md-5\"><img decoding=\"async\" class=\"d-block m-auto img-thumbnail\" src=\"https:\/\/tvc.mx\/media\/417435\/IP67-IK10-Dahua.png\" alt=\" \" \/><\/div>\n<div class=\"col-md-7 text-md-left text-center\">\n<h2>Protecci\u00f3n al ambiente exterior<\/h2>\n<p class=\"text-muted\">\n<p class=\"ql-align-justify\">La c\u00e1mara cuenta con tolerancia l\u00edquidos y golpes, adecuada para las condiciones inestables para aplicaciones en exteriores.\u00a0Sometido y certificado a pruebas rigurosas de polvo e inmersi\u00f3n (\u00a0<strong>IP67<\/strong>) y pruebas de impacto ( I<strong>K10<\/strong>).<\/p>\n<p>&nbsp;<\/p>\n<\/div>\n<\/div>\n<hr class=\"padding-bottom-2x\" \/>\n<div class=\"row align-items-center padding-bottom-2x\">\n<div class=\"col-md-5 order-md-2\"><img decoding=\"async\" class=\"d-block m-auto img-thumbnail\" src=\"https:\/\/tvc.mx\/media\/417439\/camara-ip-domo-con-inteligencia-wdr-real-120db-IPC-HDBW3441E-AS-dahua-caracteristicas.png\" alt=\" \" \/><\/div>\n<div class=\"col-md-7 order-md-1 text-md-left text-center\">\n<h2>Principales Caracter\u00edsticas:<\/h2>\n<p class=\"text-muted\">\n<ul>\n<li class=\"ql-align-justify\">\u00a0Sensor de imagen CMOS de 4MP, 1\/3 \u201d<\/li>\n<li class=\"ql-align-justify\">Salidas m\u00e1x. 4MP (2688 \u00d7 1520) a 30 fps<\/li>\n<li class=\"ql-align-justify\">C\u00f3dec H.265<\/li>\n<li class=\"ql-align-justify\">LED IR incorporado<\/li>\n<li class=\"ql-align-justify\">ROI, SMART H.264 + \/ H.265 +<\/li>\n<li class=\"ql-align-justify\">Modo de rotaci\u00f3n, WDR, 3D DNR, HLC, BLC<\/li>\n<li class=\"ql-align-justify\">Detecci\u00f3n inteligente: intrusi\u00f3n, cable trampa<\/li>\n<li class=\"ql-align-justify\">Detecci\u00f3n de anomal\u00edas: detecci\u00f3n de movimiento, manipulaci\u00f3n de video, cambio de escena, detecci\u00f3n de anomal\u00edas de audio, sin tarjeta SD, tarjeta SD llena, error de tarjeta SD, desconexi\u00f3n de red, conflicto de IP, acceso ilegal, detecci\u00f3n de voltaje<\/li>\n<li class=\"ql-align-justify\">Alarma: adentro, afuera; Audio: entrada, salida<\/li>\n<li class=\"ql-align-justify\">Protecci\u00f3n IP67, IK10<\/li>\n<li class=\"ql-align-justify\">SMD<\/li>\n<\/ul>\n<\/div>\n<\/div>\n","protected":false},"excerpt":{"rendered":"<p>Informaci\u00f3n General C\u00e1mara domo Starlight\u00a0, cuenta con tecnolog\u00eda de protecci\u00f3n perimetral proporcionando video en alta resoluci\u00f3n a 4MP. SMD (Smart Motion Detection) puede reconocer objetos en movimiento, WDR real (120 dB) para\u00a0compensar y ajustar la luz en la imagen captada, potentes IR con alcance de&hellip;<\/p>\n","protected":false},"featured_media":2057,"comment_status":"open","ping_status":"closed","template":"","meta":{"om_disable_all_campaigns":false,"_monsterinsights_skip_tracking":false,"_monsterinsights_sitenote_active":false,"_monsterinsights_sitenote_note":"","_monsterinsights_sitenote_category":0},"product_brand":[],"product_cat":[113],"product_tag":[114,42,38,66,115],"class_list":{"0":"post-2000","1":"product","2":"type-product","3":"status-publish","4":"has-post-thumbnail","6":"product_cat-domo-camaras-ip","7":"product_tag-camara-domo","8":"product_tag-camaras","9":"product_tag-camaras-de-seguridad","10":"product_tag-dahua","11":"product_tag-domo","13":"first","14":"instock","15":"sale","16":"taxable","17":"shipping-taxable","18":"purchasable","19":"product-type-simple"},"aioseo_notices":[],"_links":{"self":[{"href":"https:\/\/tecsecmty.com\/index.php\/wp-json\/wp\/v2\/product\/2000","targetHints":{"allow":["GET"]}}],"collection":[{"href":"https:\/\/tecsecmty.com\/index.php\/wp-json\/wp\/v2\/product"}],"about":[{"href":"https:\/\/tecsecmty.com\/index.php\/wp-json\/wp\/v2\/types\/product"}],"replies":[{"embeddable":true,"href":"https:\/\/tecsecmty.com\/index.php\/wp-json\/wp\/v2\/comments?post=2000"}],"version-history":[{"count":0,"href":"https:\/\/tecsecmty.com\/index.php\/wp-json\/wp\/v2\/product\/2000\/revisions"}],"wp:featuredmedia":[{"embeddable":true,"href":"https:\/\/tecsecmty.com\/index.php\/wp-json\/wp\/v2\/media\/2057"}],"wp:attachment":[{"href":"https:\/\/tecsecmty.com\/index.php\/wp-json\/wp\/v2\/media?parent=2000"}],"wp:term":[{"taxonomy":"product_brand","embeddable":true,"href":"https:\/\/tecsecmty.com\/index.php\/wp-json\/wp\/v2\/product_brand?post=2000"},{"taxonomy":"product_cat","embeddable":true,"href":"https:\/\/tecsecmty.com\/index.php\/wp-json\/wp\/v2\/product_cat?post=2000"},{"taxonomy":"product_tag","embeddable":true,"href":"https:\/\/tecsecmty.com\/index.php\/wp-json\/wp\/v2\/product_tag?post=2000"}],"curies":[{"name":"wp","href":"https:\/\/api.w.org\/{rel}","templated":true}]}}