{"id":2001,"date":"2023-02-22T18:07:11","date_gmt":"2023-02-23T00:07:11","guid":{"rendered":"https:\/\/tecsecmty.com\/index.php\/producto\/dahua-ipc-hdbw3441r-zs-black-camara-domo-ip-de-4-megapixeles-wizsense-lente-motorizado-de-2-7-13-5mm-h-265-ir-de-40-mts-wdr-real-ranura-para-microsd-ip67-ik10-poe\/"},"modified":"2023-03-22T23:22:48","modified_gmt":"2023-03-23T05:22:48","slug":"dahua-ipc-hdbw3441r-zs-black-camara-domo-ip-de-4-megapixeles-wizsense-lente-motorizado-de-2-7-13-5mm-h-265-ir-de-40-mts-wdr-real-ranura-para-microsd-ip67-ik10-poe","status":"publish","type":"product","link":"https:\/\/tecsecmty.com\/index.php\/producto\/dahua-ipc-hdbw3441r-zs-black-camara-domo-ip-de-4-megapixeles-wizsense-lente-motorizado-de-2-7-13-5mm-h-265-ir-de-40-mts-wdr-real-ranura-para-microsd-ip67-ik10-poe\/","title":{"rendered":"DAHUA IPC-HDBW3441R-ZS (BLACK) &#8211; C\u00e1mara Domo IP de 4 Megap\u00edxeles\/ WizSense\/ Lente Motorizado de 2.7-13.5mm\/ H.265+\/ IR de 40 Mts\/ WDR Real\/ Ranura para MicroSD\/ IP67\/ IK10\/ PoE\/"},"content":{"rendered":"<div class=\"row aling-items-center padding-bottom-2x\">\n<div class=\"col-lg-12\">\n<h5 class=\"card-title text-center\">Informaci\u00f3n general<\/h5>\n<h5 class=\"ql-align-justify\">La c\u00e1mara de red Dahua WizSense serie 3 ahorra mucho ancho de banda y espacio de almacenamiento a trav\u00e9s de su tecnolog\u00eda de codificaci\u00f3n AI. Impulsada por sus algoritmos avanzados de aprendizaje profundo, la c\u00e1mara admite funciones inteligentes como protecci\u00f3n perimetral, detecci\u00f3n de movimiento inteligente (SMD), selecci\u00f3n r\u00e1pida y AI SSA (autoadaptaci\u00f3n de escena AI), lo que la hace f\u00e1cil y conveniente de usar. La tecnolog\u00eda Starlight y su lente de gran apertura tambi\u00e9n permiten que la c\u00e1mara produzca im\u00e1genes claras y v\u00edvidas incluso en condiciones de poca luz.<\/h5>\n<p><img decoding=\"async\" class=\"overview-center-img-web\" src=\"https:\/\/tvc.mx\/media\/647737\/DAHUA-IPC-HDBW3441R-ZS-%28BLACK%29---C%C3%A1mara-Domo-IP-Megap%C3%ADxeles-WizSense-Lente-Motorizado-H.265%2B-banner-principal.png\" alt=\"\" \/><\/div>\n<\/div>\n<div class=\"row align-items-center padding-bottom-2x\">\n<div class=\"col-md-5\"><img decoding=\"async\" class=\"d-block m-auto img-thumbnail\" src=\"https:\/\/tvc.mx\/media\/647757\/SMD-plus-Dahua.png\" alt=\" \" \/><\/div>\n<div class=\"col-md-7 text-md-left text-center\">\n<h2>SMD 4.0<\/h2>\n<p class=\"text-muted\">\n<h5 class=\"ql-align-justify\">La tecnolog\u00eda de detecci\u00f3n de movimiento inteligente de Dahua funciona con algoritmos inteligentes para clasificar los objetivos que activan las alarmas de detecci\u00f3n de movimiento. Filtra objetos que no son objetivos, como animales peque\u00f1os y grandes, para evitar activar falsas alarmas. Con un AI NVR, la tecnolog\u00eda Quick Pick est\u00e1 disponible, lo que le permite buscar y seleccionar f\u00e1cilmente objetivos humanos y de veh\u00edculos de videos de eventos SMD, priorizando las coincidencias m\u00e1s altas.<\/h5>\n<p>&nbsp;<\/p>\n<\/div>\n<\/div>\n<hr class=\"padding-bottom-2x\" \/>\n<div class=\"row align-items-center padding-bottom-2x\">\n<div class=\"col-md-5 order-md-2\"><img decoding=\"async\" class=\"d-block m-auto img-thumbnail\" src=\"https:\/\/tvc.mx\/media\/647767\/proteccion-perimetral-dahua.png\" alt=\" \" \/><\/div>\n<div class=\"col-md-7 order-md-1 text-md-left text-center\">\n<h2>Protecci\u00f3n Perimetral<\/h2>\n<p class=\"text-muted\">\n<p class=\"ql-align-justify\">Con un algoritmo de aprendizaje profundo, la tecnolog\u00eda de protecci\u00f3n perimetral de Dahua puede reconocer a humanos y veh\u00edculos con precisi\u00f3n. En \u00e1reas restringidas (como \u00e1reas para peatones y veh\u00edculos), las falsas alarmas de detecci\u00f3n inteligente basadas en el tipo de objetivo (como cable trampa, intrusi\u00f3n) se reducen en gran medida.<\/p>\n<p>&nbsp;<\/p>\n<\/div>\n<\/div>\n<hr class=\"padding-bottom-2x\" \/>\n<div class=\"row align-items-center padding-bottom-2x\">\n<div class=\"col-md-5\"><img decoding=\"async\" class=\"d-block m-auto img-thumbnail\" src=\"https:\/\/tvc.mx\/media\/647882\/IP67-IK10-Dahua.png\" alt=\" \" \/><\/div>\n<div class=\"col-md-7 text-md-left text-center\">\n<h2>Protecci\u00f3n (IP67, IK10, Amplio voltaje)<\/h2>\n<p class=\"text-muted\">\n<h5 class=\"ql-align-justify\"><strong>IP67:<\/strong>\u00a0la c\u00e1mara pasa una serie de pruebas estrictas sobre polvo y remojo. Tiene una funci\u00f3n a prueba de polvo y la carcasa puede funcionar normalmente despu\u00e9s de sumergirse en agua a 1 m de profundidad durante 30 minutos.<\/h5>\n<h5 class=\"ql-align-justify\"><\/h5>\n<h5 class=\"ql-align-justify\"><strong>IK10:<\/strong>\u00a0El recinto puede soportar m\u00e1s de 5 golpes de un martillo de 5 kg que<\/h5>\n<h5 class=\"ql-align-justify\">cae desde una altura de 40 cm (la energ\u00eda del impacto es de 20J).<\/h5>\n<h5 class=\"ql-align-justify\"><\/h5>\n<h5 class=\"ql-align-justify\"><strong>Amplio voltaje:<\/strong>\u00a0la c\u00e1mara permite una tolerancia de voltaje de entrada de \u00b130 % (para algunas fuentes de alimentaci\u00f3n) (amplio rango de voltaje) y se aplica ampliamente en ambientes exteriores con voltaje inestable.<\/h5>\n<p>&nbsp;<\/p>\n<\/div>\n<\/div>\n<hr class=\"padding-bottom-2x\" \/>\n<div class=\"row align-items-center padding-bottom-2x\">\n<div class=\"col-md-5 order-md-2\"><img decoding=\"async\" class=\"d-block m-auto img-thumbnail\" src=\"https:\/\/tvc.mx\/media\/647902\/h.265plus-y-h.264plus-dahua.png\" alt=\" \" \/><\/div>\n<div class=\"col-md-7 order-md-1 text-md-left text-center\">\n<h2>H.265+ inteligente y H.264+ inteligente<\/h2>\n<p class=\"text-muted\">\n<h5 class=\"ql-align-justify\">Con un algoritmo avanzado de control de velocidad adaptable a la escena, la tecnolog\u00eda de codificaci\u00f3n inteligente de Dahua logra una mayor eficiencia de codificaci\u00f3n que H.265 y H.264, proporciona video de alta calidad y reduce el costo de almacenamiento y transmisi\u00f3n.<\/h5>\n<p>&nbsp;<\/p>\n<\/div>\n<\/div>\n<hr class=\"padding-bottom-2x\" \/>\n<div class=\"row align-items-center padding-bottom-2x\">\n<div class=\"col-md-5\"><img decoding=\"async\" class=\"d-block m-auto img-thumbnail\" src=\"https:\/\/tvc.mx\/media\/647927\/DAHUA-IPC-HDBW3441R-ZS-%28BLACK%29---C%C3%A1mara-Domo-IP-Megap%C3%ADxeles-WizSense-Lente-Motorizado-caracteristicas-principales.png\" alt=\" \" \/><\/div>\n<div class=\"col-md-7 text-md-left text-center\">\n<h2>Caracter\u00edsticas Principales<\/h2>\n<p class=\"text-muted\">\n<h5 class=\"ql-align-justify\"><strong>\u00b7\u00a0<\/strong>Detecci\u00f3n inteligente: intrusi\u00f3n, cable trampa (admite la clasificaci\u00f3n y detecci\u00f3n precisa de veh\u00edculos y humanos).<\/h5>\n<h5 class=\"ql-align-justify\"><\/h5>\n<h5 class=\"ql-align-justify\"><strong>\u00b7\u00a0<\/strong>Detecci\u00f3n de anomal\u00edas: detecci\u00f3n de movimiento, enmascaramiento de privacidad, cambio de escena, detecci\u00f3n de audio, sin tarjeta SD, tarjeta SD llena, error de tarjeta SD, desconexi\u00f3n de red, conflicto de IP, acceso ilegal y detecci\u00f3n de voltaje.<\/h5>\n<h5 class=\"ql-align-justify\"><\/h5>\n<h5 class=\"ql-align-justify\"><strong>\u00b7\u00a0<\/strong>Alarma: 1 entrada, 1 salida (solo compatible con ZAS); audio: 1 entrada, 1 salida (solo compatible con ZAS); m\u00e1x. Tarjeta Micro SD de 256G; Micr\u00f3fono incorporado.<\/h5>\n<h5 class=\"ql-align-justify\"><\/h5>\n<h5 class=\"ql-align-justify\"><strong>\u00b7\u00a0<\/strong>La fuente de alimentaci\u00f3n de 12 VDC\/PoE facilita la instalaci\u00f3n.<\/h5>\n<h5 class=\"ql-align-justify\"><\/h5>\n<h5 class=\"ql-align-justify\"><strong>\u00b7\u00a0<\/strong>Protecci\u00f3n IP67, IK10.<\/h5>\n<h5 class=\"ql-align-justify\"><\/h5>\n<h5 class=\"ql-align-justify\"><strong>\u00b7\u00a0<\/strong>SMD 4.0, AI SSA.<\/h5>\n<p>&nbsp;<\/p>\n<\/div>\n<\/div>\n<hr class=\"padding-bottom-2x\" \/>\n<div class=\"row align-items-center padding-bottom-2x\">\n<div class=\"col-md-5 order-md-2\"><img decoding=\"async\" class=\"d-block m-auto img-thumbnail\" src=\"https:\/\/tvc.mx\/media\/647942\/DAHUA-IPC-HDBW3441R-ZS-%28BLACK%29---C%C3%A1mara-Domo-IP-Megap%C3%ADxeles-WizSense-Lente-Motorizado-H.265%2B-especifaciones-tecnicas.png\" alt=\" \" \/><\/div>\n<div class=\"col-md-7 order-md-1 text-md-left text-center\">\n<h2>Especificaciones T\u00e9cnicas<\/h2>\n<p class=\"text-muted\">\n<h5><strong>\u00b7\u00a0<\/strong>Sensor de imagen CMOS de 1\/3&#8243; de 4 MP, excelente rendimiento de baja luminancia y alta definici\u00f3n de im\u00e1genes.<\/h5>\n<h5><\/h5>\n<h5><strong>\u00b7\u00a0<\/strong>Salidas m\u00e1x. 4 MP (2688 \u00d7 1520) a 25\/30 fps.<\/h5>\n<h5><\/h5>\n<h5><strong>\u00b7\u00a0<\/strong>C\u00f3dec H.265, alta tasa de compresi\u00f3n, tasa de bits ultrabaja.<\/h5>\n<h5><\/h5>\n<h5><strong>\u00b7\u00a0<\/strong>LED IR integrado, m\u00e1x. Distancia IR: 40 m.<\/h5>\n<h5><\/h5>\n<h5><strong>\u00b7\u00a0<\/strong>ROI, SMART H.264 +\/H.265+, AI H.264\/H.265, codificaci\u00f3n flexible, aplicable a varios entornos de almacenamiento y ancho de banda.<\/h5>\n<h5><\/h5>\n<h5><strong>\u00b7\u00a0<\/strong>Modo de rotaci\u00f3n, WDR, 3D NR, HLC, BLC, marca de agua digital, aplicable a varias escenas de monitoreo.<\/h5>\n<\/div>\n<\/div>\n","protected":false},"excerpt":{"rendered":"<p>Informaci\u00f3n general La c\u00e1mara de red Dahua WizSense serie 3 ahorra mucho ancho de banda y espacio de almacenamiento a trav\u00e9s de su tecnolog\u00eda de codificaci\u00f3n AI. Impulsada por sus algoritmos avanzados de aprendizaje profundo, la c\u00e1mara admite funciones inteligentes como protecci\u00f3n perimetral, detecci\u00f3n de&hellip;<\/p>\n","protected":false},"featured_media":2058,"comment_status":"open","ping_status":"closed","template":"","meta":{"om_disable_all_campaigns":false,"_monsterinsights_skip_tracking":false,"_monsterinsights_sitenote_active":false,"_monsterinsights_sitenote_note":"","_monsterinsights_sitenote_category":0},"product_brand":[],"product_cat":[113],"product_tag":[114,42,38,66,115],"class_list":{"0":"post-2001","1":"product","2":"type-product","3":"status-publish","4":"has-post-thumbnail","6":"product_cat-domo-camaras-ip","7":"product_tag-camara-domo","8":"product_tag-camaras","9":"product_tag-camaras-de-seguridad","10":"product_tag-dahua","11":"product_tag-domo","13":"first","14":"instock","15":"sale","16":"taxable","17":"shipping-taxable","18":"purchasable","19":"product-type-simple"},"aioseo_notices":[],"_links":{"self":[{"href":"https:\/\/tecsecmty.com\/index.php\/wp-json\/wp\/v2\/product\/2001","targetHints":{"allow":["GET"]}}],"collection":[{"href":"https:\/\/tecsecmty.com\/index.php\/wp-json\/wp\/v2\/product"}],"about":[{"href":"https:\/\/tecsecmty.com\/index.php\/wp-json\/wp\/v2\/types\/product"}],"replies":[{"embeddable":true,"href":"https:\/\/tecsecmty.com\/index.php\/wp-json\/wp\/v2\/comments?post=2001"}],"version-history":[{"count":0,"href":"https:\/\/tecsecmty.com\/index.php\/wp-json\/wp\/v2\/product\/2001\/revisions"}],"wp:featuredmedia":[{"embeddable":true,"href":"https:\/\/tecsecmty.com\/index.php\/wp-json\/wp\/v2\/media\/2058"}],"wp:attachment":[{"href":"https:\/\/tecsecmty.com\/index.php\/wp-json\/wp\/v2\/media?parent=2001"}],"wp:term":[{"taxonomy":"product_brand","embeddable":true,"href":"https:\/\/tecsecmty.com\/index.php\/wp-json\/wp\/v2\/product_brand?post=2001"},{"taxonomy":"product_cat","embeddable":true,"href":"https:\/\/tecsecmty.com\/index.php\/wp-json\/wp\/v2\/product_cat?post=2001"},{"taxonomy":"product_tag","embeddable":true,"href":"https:\/\/tecsecmty.com\/index.php\/wp-json\/wp\/v2\/product_tag?post=2001"}],"curies":[{"name":"wp","href":"https:\/\/api.w.org\/{rel}","templated":true}]}}