{"id":2002,"date":"2023-02-22T18:07:12","date_gmt":"2023-02-23T00:07:12","guid":{"rendered":"https:\/\/tecsecmty.com\/index.php\/producto\/dahua-ipc-hdbw3441rn-zas-27135-camara-ip-domo-resolucion-de-4-mp-lente-mot-2-7-a-13-5mm-%e2%88%a2-104-27-ir-40-mts-ia-wizsense-deteccion-de-movimiento-inteligente-proteccion-perim\/"},"modified":"2023-03-22T23:22:48","modified_gmt":"2023-03-23T05:22:48","slug":"dahua-ipc-hdbw3441rn-zas-27135-camara-ip-domo-resolucion-de-4-mp-lente-mot-2-7-a-13-5mm-104-27-ir-40-mts-ia-wizsense-deteccion-de-movimiento-inteligente-proteccion-perim","status":"publish","type":"product","link":"https:\/\/tecsecmty.com\/index.php\/producto\/dahua-ipc-hdbw3441rn-zas-27135-camara-ip-domo-resolucion-de-4-mp-lente-mot-2-7-a-13-5mm-104-27-ir-40-mts-ia-wizsense-deteccion-de-movimiento-inteligente-proteccion-perim\/","title":{"rendered":"DAHUA IPC-HDBW3441RN-ZAS-27135 &#8211; C\u00e1mara IP Domo Resoluci\u00f3n de 4 MP\/ Lente Mot. 2.7 a 13.5mm\/ \u2222 104\u00b0-27\u00b0\/ IR 40 mts\/ IA WizSense\/ Detecci\u00f3n de Movimiento Inteligente\/ Protecci\u00f3n Perimetral\/ Starlight\/ PoE\/ WDR\/ H.265+\/ IP67\/ IK10\/ E&amp;S Alarma\/ E&amp;S Audio\/"},"content":{"rendered":"<div class=\"row aling-items-center padding-bottom-2x\">\n<div class=\"col-lg-12\">\n<h5 class=\"card-title text-center\">Informaci\u00f3n General.<\/h5>\n<p>La c\u00e1mara\u00a0<strong>HDBW3441RN-ZAS<\/strong>\u00a0perteneciente a la familia de productos con tecnolog\u00eda WizSense lanzada por Dahua que cuentan con un chip de\u00a0<strong>Inteligencia Artificial<\/strong>\u00a0(IA) y se encuentran potenciados por algoritmos de\u00a0<strong>aprendizaje profundo<\/strong>\u00a0(Deep Learning). Estas tecnolog\u00edas se enfocan en la detecci\u00f3n de humanos y veh\u00edculos generando una alta precisi\u00f3n en sus anal\u00edticos.<\/p>\n<p><img decoding=\"async\" class=\"overview-center-img-web\" src=\"https:\/\/tvc.mx\/media\/411279\/DAHUA-CAMARA-VIDEO-VIGILANCIA-IP-4MP-INTELIGENCIA-ARTIFICIAL-ANTI-VANDALICA.png\" alt=\"\" \/><\/p>\n<\/div>\n<\/div>\n<div class=\"row align-items-center padding-bottom-2x\">\n<div class=\"col-md-5\"><img decoding=\"async\" class=\"d-block m-auto img-thumbnail\" src=\"https:\/\/tvc.mx\/media\/411307\/codificacion-h.265-dahua.png\" alt=\" \" \/><\/div>\n<div class=\"col-md-7 text-md-left text-center\">\n<h2>Smart Codec (H.265+ &amp; H.264+).<\/h2>\n<p>Ofrece la implementaci\u00f3n optimizada de la compresi\u00f3n de video est\u00e1ndar (H.265 y H.264), utiliza m\u00e9todos de\u00a0<strong>compresi\u00f3n de datos sin p\u00e9rdida y reducci\u00f3n inteligente de ruido<\/strong>\u00a0para ofrecer videos de alta calidad sin forzar la red.\u00a0<strong>Smart Codec<\/strong>\u00a0<strong>reduce la tasa de bits y los requisitos de almacenamiento en hasta un 70%<\/strong>\u00a0comparado con la compresi\u00f3n de video est\u00e1ndar.<\/p>\n<p>&nbsp;<\/p>\n<\/div>\n<\/div>\n<hr class=\"padding-bottom-2x\" \/>\n<div class=\"row align-items-center padding-bottom-2x\">\n<div class=\"col-md-5 order-md-2\"><img decoding=\"async\" class=\"d-block m-auto img-thumbnail\" src=\"https:\/\/tvc.mx\/media\/411311\/IVS-Dahua.png\" alt=\" \" \/><\/div>\n<div class=\"col-md-7 order-md-1 text-md-left text-center\">\n<h2>Intelligent Video Analysis (IVS).<\/h2>\n<p>La c\u00e1mara\u00a0<strong>HDBW3441RN-ZAS<\/strong>\u00a0est\u00e1 equipada con un sistema\u00a0<strong>IVS (Intelligent Video Analysis)<\/strong>\u00a0lo que le permite realizar\u00a0<strong>funciones inteligentes como Tripwire e Intrusi\u00f3n<\/strong>\u00a0para responder de manera r\u00e1pida y precisa a los eventos de monitoreo en un \u00e1rea espec\u00edfica, esto nos permite aumentar el nivel de seguridad en nuestros sistemas inteligentes.<\/p>\n<p>&nbsp;<\/p>\n<\/div>\n<\/div>\n<hr class=\"padding-bottom-2x\" \/>\n<div class=\"row align-items-center padding-bottom-2x\">\n<div class=\"col-md-5\"><img decoding=\"async\" class=\"d-block m-auto img-thumbnail\" src=\"https:\/\/tvc.mx\/media\/411315\/Starlight-Dahua.png\" alt=\" \" \/><\/div>\n<div class=\"col-md-7 text-md-left text-center\">\n<h2>Tecnolog\u00eda Starlight.<\/h2>\n<p>La tecnolog\u00eda Starlight implementa avances en tecnolog\u00eda tanto de hardware como de software, gracias a la implementaci\u00f3n de un sensor m\u00e1s grande y un software que le permite ampliar el tiempo de exposici\u00f3n, se puede tener im\u00e1genes de gran calidad en escenarios que solo cuenten con la luz de las estrellasen un cielo despejado.<\/p>\n<p>Nota: Para tener el potencial de la tecnolog\u00eda Starlight se requiere deshabilitar la funci\u00f3n de modo nocturno; esta funci\u00f3n requiere de una fuente m\u00ednima de iluminaci\u00f3n.<\/p>\n<p>&nbsp;<\/p>\n<\/div>\n<\/div>\n<hr class=\"padding-bottom-2x\" \/>\n<div class=\"row align-items-center padding-bottom-2x\">\n<div class=\"col-md-5 order-md-2\"><img decoding=\"async\" class=\"d-block m-auto img-thumbnail\" src=\"https:\/\/tvc.mx\/media\/411319\/DAHUA-CAMARA-VIDEO-VIGILANCIA-IP-4MP-INTELIGENCIA-ARTIFICIAL-ANTI-VANDALICA-pp-caaracteristicas.png\" alt=\" \" \/><\/div>\n<div class=\"col-md-7 order-md-1 text-md-left text-center\">\n<h2>Principales Caracter\u00edsticas.<\/h2>\n<ul>\n<li>Resoluci\u00f3n m\u00e1xima 2688 (H) x 1520 (V).<\/li>\n<li>2 LED IR.<\/li>\n<li>Protecci\u00f3n perimetral, Tripwire, Intrusi\u00f3n (reconocimiento de humanos y veh\u00edculos)<\/li>\n<li>ONVIF(Profile S\/Profile G\/Profile T);CGI;P2P;Milestone; Genetec.<\/li>\n<li>SMD Plus<\/li>\n<li>Protecci\u00f3n IP67, IK10.<\/li>\n<\/ul>\n<p>&nbsp;<\/p>\n<\/div>\n<\/div>\n<hr class=\"padding-bottom-2x\" \/>\n<div class=\"row align-items-center padding-bottom-2x\">\n<div class=\"col-md-5 order-md-2\"><img decoding=\"async\" class=\"d-block m-auto img-thumbnail\" src=\"https:\/\/tvc.mx\/media\/411323\/DAHUA-CAMARA-VIDEO-VIGILANCIA-IP-4MP-INTELIGENCIA-ARTIFICIAL-ANTI-VANDALICA-especificaciones.png\" alt=\" \" \/><\/div>\n<div class=\"col-md-7 order-md-1 text-md-left text-center\">\n<h2>Especificaciones<\/h2>\n<ul>\n<li>Sensor CMOS 1\/3\u201d 4MP.<\/li>\n<li>Iluminaci\u00f3n m\u00e1xima IR 40m.<\/li>\n<li>Varifocal motorizado 2.7mm \u2013 13.5mm.<\/li>\n<li>Protecci\u00f3n perimetral, Tripwire, Intrusi\u00f3n (reconocimiento de humanos y veh\u00edculos)<\/li>\n<li>Smart Codec H.265+, H.264+.<\/li>\n<li>BLC, HLC, WDR 120Db, 3D DNR.<\/li>\n<li>Compresi\u00f3n de audio: G.711a; G.711Mu; G726.<\/li>\n<li>Puerto RJ45 10\/100 Base-T.<\/li>\n<li>1 Entrada, 1 Salida audio.<\/li>\n<li>1 Entrada de alarma 3-V DC 5Ma.<\/li>\n<li>1 Salida de alarma 12V DC 300mA.<\/li>\n<li>Alimentaci\u00f3n 12V DC PoE (802.3af).<\/li>\n<li>Consumo de energ\u00eda &lt;8.5W.<\/li>\n<li>Protecci\u00f3n IP67, IK10.<\/li>\n<\/ul>\n<\/div>\n<\/div>\n","protected":false},"excerpt":{"rendered":"<p>Informaci\u00f3n General. La c\u00e1mara\u00a0HDBW3441RN-ZAS\u00a0perteneciente a la familia de productos con tecnolog\u00eda WizSense lanzada por Dahua que cuentan con un chip de\u00a0Inteligencia Artificial\u00a0(IA) y se encuentran potenciados por algoritmos de\u00a0aprendizaje profundo\u00a0(Deep Learning). Estas tecnolog\u00edas se enfocan en la detecci\u00f3n de humanos y veh\u00edculos generando una alta&hellip;<\/p>\n","protected":false},"featured_media":2059,"comment_status":"open","ping_status":"closed","template":"","meta":{"om_disable_all_campaigns":false,"_monsterinsights_skip_tracking":false,"_monsterinsights_sitenote_active":false,"_monsterinsights_sitenote_note":"","_monsterinsights_sitenote_category":0},"product_brand":[],"product_cat":[113],"product_tag":[114,42,38,66,115],"class_list":{"0":"post-2002","1":"product","2":"type-product","3":"status-publish","4":"has-post-thumbnail","6":"product_cat-domo-camaras-ip","7":"product_tag-camara-domo","8":"product_tag-camaras","9":"product_tag-camaras-de-seguridad","10":"product_tag-dahua","11":"product_tag-domo","13":"first","14":"instock","15":"sale","16":"taxable","17":"shipping-taxable","18":"purchasable","19":"product-type-simple"},"aioseo_notices":[],"_links":{"self":[{"href":"https:\/\/tecsecmty.com\/index.php\/wp-json\/wp\/v2\/product\/2002","targetHints":{"allow":["GET"]}}],"collection":[{"href":"https:\/\/tecsecmty.com\/index.php\/wp-json\/wp\/v2\/product"}],"about":[{"href":"https:\/\/tecsecmty.com\/index.php\/wp-json\/wp\/v2\/types\/product"}],"replies":[{"embeddable":true,"href":"https:\/\/tecsecmty.com\/index.php\/wp-json\/wp\/v2\/comments?post=2002"}],"version-history":[{"count":0,"href":"https:\/\/tecsecmty.com\/index.php\/wp-json\/wp\/v2\/product\/2002\/revisions"}],"wp:featuredmedia":[{"embeddable":true,"href":"https:\/\/tecsecmty.com\/index.php\/wp-json\/wp\/v2\/media\/2059"}],"wp:attachment":[{"href":"https:\/\/tecsecmty.com\/index.php\/wp-json\/wp\/v2\/media?parent=2002"}],"wp:term":[{"taxonomy":"product_brand","embeddable":true,"href":"https:\/\/tecsecmty.com\/index.php\/wp-json\/wp\/v2\/product_brand?post=2002"},{"taxonomy":"product_cat","embeddable":true,"href":"https:\/\/tecsecmty.com\/index.php\/wp-json\/wp\/v2\/product_cat?post=2002"},{"taxonomy":"product_tag","embeddable":true,"href":"https:\/\/tecsecmty.com\/index.php\/wp-json\/wp\/v2\/product_tag?post=2002"}],"curies":[{"name":"wp","href":"https:\/\/api.w.org\/{rel}","templated":true}]}}