{"id":2004,"date":"2023-02-22T18:07:13","date_gmt":"2023-02-23T00:07:13","guid":{"rendered":"https:\/\/tecsecmty.com\/index.php\/producto\/dahua-ipc-hdbw3841en-as-camara-ip-domo-antivandalica-4k-resolucion-de-8-mp-lente-2-8-mm-%e2%88%a2-108-ir-30-mts-ia-wizsense-deteccion-de-movimiento-inteligente-proteccion-perimetral-sta\/"},"modified":"2023-03-22T23:22:48","modified_gmt":"2023-03-23T05:22:48","slug":"dahua-ipc-hdbw3841en-as-camara-ip-domo-antivandalica-4k-resolucion-de-8-mp-lente-2-8-mm-108-ir-30-mts-ia-wizsense-deteccion-de-movimiento-inteligente-proteccion-perimetral-sta","status":"publish","type":"product","link":"https:\/\/tecsecmty.com\/index.php\/producto\/dahua-ipc-hdbw3841en-as-camara-ip-domo-antivandalica-4k-resolucion-de-8-mp-lente-2-8-mm-108-ir-30-mts-ia-wizsense-deteccion-de-movimiento-inteligente-proteccion-perimetral-sta\/","title":{"rendered":"DAHUA IPC-HDBW3841EN-AS &#8211; C\u00e1mara IP Domo Antivand\u00e1lica 4K Resoluci\u00f3n de 8 MP\/ Lente 2.8 mm\/ \u2222 108\u00b0\/ IR 30 mts\/ IA WizSense\/ Detecci\u00f3n de Movimiento Inteligente\/ Protecci\u00f3n Perimetral\/ Starlight\/ PoE\/ WDR\/ H.265+\/ IP67\/ IK10\/ E&amp;S Alarma\/ E&amp;S Audio\/"},"content":{"rendered":"<div class=\"row aling-items-center padding-bottom-2x\">\n<div class=\"col-lg-12\">\n<h5 class=\"card-title text-center\">Informaci\u00f3n general<\/h5>\n<p class=\"ql-align-justify\">Con un algoritmo avanzado de aprendizaje profundo, la c\u00e1mara IP HDBW3841EN-AS WizSense 3 Series admite funciones inteligentes, como la protecci\u00f3n perimetral y la detecci\u00f3n de movimiento inteligente. Con la tecnolog\u00eda Starlight, esta c\u00e1mara de la serie proporciona un mejor efecto de imagen en condiciones de baja iluminaci\u00f3n.<\/p>\n<p><img decoding=\"async\" class=\"overview-center-img-web\" src=\"https:\/\/tvc.mx\/media\/392619\/C%C3%A1mara-IP-Domo-8-MP-Lente-de-2.8-mm-Starlight-WizSense-Ranura-para-MicroSD-DAHUA-Overview-principal.png\" alt=\"\" \/><\/p>\n<\/div>\n<\/div>\n<div class=\"row align-items-center padding-bottom-2x\">\n<div class=\"col-md-5\"><img decoding=\"async\" class=\"d-block m-auto img-thumbnail\" src=\"https:\/\/tvc.mx\/media\/392623\/wizsense-dahua.png\" alt=\" \" \/><\/div>\n<div class=\"col-md-7 text-md-left text-center\">\n<h2>Wizsense<\/h2>\n<p class=\"ql-align-justify\">Lanzado por Dahua Technology, WizSense es una serie de productos y soluciones de inteligencia artificial que adoptan un chip IA independiente y un algoritmo de aprendizaje profundo. Se enfoca en humanos y veh\u00edculos con alta precisi\u00f3n, lo que permite a los usuarios actuar r\u00e1pidamente sobre objetivos definidos. Basado en las tecnolog\u00edas avanzadas de Dahua, WizSense proporciona productos y soluciones inteligentes, simples e inclusivos.<\/p>\n<p>&nbsp;<\/p>\n<\/div>\n<\/div>\n<hr class=\"padding-bottom-2x\" \/>\n<div class=\"row align-items-center padding-bottom-2x\">\n<div class=\"col-md-5 order-md-2\"><img decoding=\"async\" class=\"d-block m-auto img-thumbnail\" src=\"https:\/\/tvc.mx\/media\/392627\/SMD-plus-Dahua.png\" alt=\" \" \/><\/div>\n<div class=\"col-md-7 order-md-1 text-md-left text-center\">\n<h2>SMD Plus<\/h2>\n<p class=\"ql-align-justify\">Con un algoritmo inteligente, la tecnolog\u00eda de detecci\u00f3n de movimiento inteligente (<strong>SMD Plus<\/strong>) de Dahua puede categorizar los objetivos que activan la detecci\u00f3n de movimiento y filtrar la alarma de detecci\u00f3n de movimiento activada por objetivos no interesados para realizar una alarma efectiva y precisa.<\/p>\n<p>&nbsp;<\/p>\n<\/div>\n<\/div>\n<hr class=\"padding-bottom-2x\" \/>\n<div class=\"row align-items-center padding-bottom-2x\">\n<div class=\"col-md-5\"><img decoding=\"async\" class=\"d-block m-auto img-thumbnail\" src=\"https:\/\/tvc.mx\/media\/392631\/proteccion-perimetral-dahua.png\" alt=\" \" \/><\/div>\n<div class=\"col-md-7 text-md-left text-center\">\n<h2>Protecci\u00f3n perimetral<\/h2>\n<p class=\"ql-align-justify\">Con el algoritmo de aprendizaje profundo, la tecnolog\u00eda de\u00a0<strong>protecci\u00f3n perimetral<\/strong>\u00a0de Dahua puede reconocer a personas y veh\u00edculos con precisi\u00f3n. En \u00e1reas restringidas (como \u00e1reas para peatones y \u00e1reas para veh\u00edculos), las falsas alarmas de detecci\u00f3n inteligente basadas en el tipo de objetivo (como tripwire, intrusi\u00f3n) se reducen en gran medida.<\/p>\n<p>&nbsp;<\/p>\n<\/div>\n<\/div>\n<hr class=\"padding-bottom-2x\" \/>\n<div class=\"row align-items-center padding-bottom-2x\">\n<div class=\"col-md-5 order-md-2\"><img decoding=\"async\" class=\"d-block m-auto img-thumbnail\" src=\"https:\/\/tvc.mx\/media\/392635\/C%C3%A1mara-IP-Domo-8-MP-Lente-de-2.8-mm-Starlight-WizSense-Ranura-para-MicroSD-DAHUA-Overview-pp-caracteristicas.png\" alt=\" \" \/><\/div>\n<div class=\"col-md-7 order-md-1 text-md-left text-center\">\n<h2>Principales caracter\u00edsticas<\/h2>\n<ul>\n<li class=\"ql-align-justify\">C\u00f3dec H.265, alta tasa de compresi\u00f3n, baja tasa de bits<\/li>\n<li class=\"ql-align-justify\">LED de infrarrojos integrado<\/li>\n<li class=\"ql-align-justify\">ROI, SMART H.264 + \/ H.265 +<\/li>\n<li class=\"ql-align-justify\">WDR, 3D DNR, HLC, BLC<\/li>\n<li class=\"ql-align-justify\">Detecci\u00f3n inteligente: intrusi\u00f3n, cable trampa (admite la clasificaci\u00f3n y detecci\u00f3n precisa de veh\u00edculos y humanos)<\/li>\n<li class=\"ql-align-justify\">SMD Plus<\/li>\n<li class=\"ql-align-justify\">Detecci\u00f3n de anomal\u00edas: detecci\u00f3n de movimiento, manipulaci\u00f3n de video, cambio de escena, detecci\u00f3n de audio (solo: compatible con AS), sin tarjeta SD, tarjeta SD llena, error de tarjeta SD, desconexi\u00f3n de red, conflicto de IP, acceso ilegal y detecci\u00f3n de voltaje<\/li>\n<li class=\"ql-align-justify\">Protecci\u00f3n IP67, IK10<\/li>\n<\/ul>\n<p>&nbsp;<\/p>\n<\/div>\n<\/div>\n<hr class=\"padding-bottom-2x\" \/>\n<div class=\"row align-items-center padding-bottom-2x\">\n<div class=\"col-md-5\"><img decoding=\"async\" class=\"d-block m-auto img-thumbnail\" src=\"https:\/\/tvc.mx\/media\/392655\/C%C3%A1mara-IP-Domo-8-MP-Lente-de-2.8-mm-Starlight-WizSense-Ranura-para-MicroSD-DAHUA-Overview-especificaciones.png\" alt=\" \" \/><\/div>\n<div class=\"col-md-7 text-md-left text-center\">\n<h2>Especificaciones<\/h2>\n<ul>\n<li class=\"ql-align-justify\">CMOS progresivo de 1 \/ 2.8 \u201d<\/li>\n<li class=\"ql-align-justify\">8 megap\u00edxeles<\/li>\n<li class=\"ql-align-justify\">Distancia de iluminaci\u00f3n: 30m<\/li>\n<li class=\"ql-align-justify\">iluminador N\u00famero de iluminador: 3<\/li>\n<li class=\"ql-align-justify\">Lente fijo: 2.8m<\/li>\n<li class=\"ql-align-justify\">Campo de visi\u00f3n: horizontal 108 \u00b0 \u00d7 vertical 58 \u00b0 \u00d7 diagonal 127 \u00b0<\/li>\n<li class=\"ql-align-justify\">Protecci\u00f3n perimetral: Tripwire; intrusi\u00f3n (admite la clasificaci\u00f3n y detecci\u00f3n precisa de veh\u00edculos y humanos)<\/li>\n<li class=\"ql-align-justify\">Compresi\u00f3n de video: H.265; H.264; H.264H; H.264B; MJPEG (solo compatible con el subflujo)<\/li>\n<li class=\"ql-align-justify\">C\u00f3dec inteligente: Inteligente H.265 + \/ Inteligente H.264 +<\/li>\n<li class=\"ql-align-justify\">BLC\/HLC<\/li>\n<li class=\"ql-align-justify\">WDR real 120 dB<\/li>\n<li class=\"ql-align-justify\">Reducci\u00f3n de ruido: 3D DNR<\/li>\n<li class=\"ql-align-justify\">Entrada de audio: 1 canal (puerto RCA) (solo: compatible con AS)<\/li>\n<li class=\"ql-align-justify\">Salida de audio: 1 canal (puerto RCA) (solo: compatible con AS)<\/li>\n<li class=\"ql-align-justify\">Entrada de alarma: 1 canal en: 5mA 3V \u2013 5V DC (solo &#8211; AS es compatible)<\/li>\n<li class=\"ql-align-justify\">Salida de alarma: 1 canal de salida: 300mA 12V DC (solo-AS es compatible)<\/li>\n<li class=\"ql-align-justify\">Fuente de alimentaci\u00f3n 12 V CC<\/li>\n<li class=\"ql-align-justify\">Grado de protecci\u00f3n: IP67; IK10<\/li>\n<li class=\"ql-align-justify\">Carcasa: Metal<\/li>\n<\/ul>\n<\/div>\n<\/div>\n","protected":false},"excerpt":{"rendered":"<p>Informaci\u00f3n general Con un algoritmo avanzado de aprendizaje profundo, la c\u00e1mara IP HDBW3841EN-AS WizSense 3 Series admite funciones inteligentes, como la protecci\u00f3n perimetral y la detecci\u00f3n de movimiento inteligente. Con la tecnolog\u00eda Starlight, esta c\u00e1mara de la serie proporciona un mejor efecto de imagen en&hellip;<\/p>\n","protected":false},"featured_media":2061,"comment_status":"open","ping_status":"closed","template":"","meta":{"om_disable_all_campaigns":false,"_monsterinsights_skip_tracking":false,"_monsterinsights_sitenote_active":false,"_monsterinsights_sitenote_note":"","_monsterinsights_sitenote_category":0},"product_brand":[],"product_cat":[113],"product_tag":[114,42,38,66,115],"class_list":{"0":"post-2004","1":"product","2":"type-product","3":"status-publish","4":"has-post-thumbnail","6":"product_cat-domo-camaras-ip","7":"product_tag-camara-domo","8":"product_tag-camaras","9":"product_tag-camaras-de-seguridad","10":"product_tag-dahua","11":"product_tag-domo","13":"first","14":"instock","15":"sale","16":"taxable","17":"shipping-taxable","18":"purchasable","19":"product-type-simple"},"aioseo_notices":[],"_links":{"self":[{"href":"https:\/\/tecsecmty.com\/index.php\/wp-json\/wp\/v2\/product\/2004","targetHints":{"allow":["GET"]}}],"collection":[{"href":"https:\/\/tecsecmty.com\/index.php\/wp-json\/wp\/v2\/product"}],"about":[{"href":"https:\/\/tecsecmty.com\/index.php\/wp-json\/wp\/v2\/types\/product"}],"replies":[{"embeddable":true,"href":"https:\/\/tecsecmty.com\/index.php\/wp-json\/wp\/v2\/comments?post=2004"}],"version-history":[{"count":0,"href":"https:\/\/tecsecmty.com\/index.php\/wp-json\/wp\/v2\/product\/2004\/revisions"}],"wp:featuredmedia":[{"embeddable":true,"href":"https:\/\/tecsecmty.com\/index.php\/wp-json\/wp\/v2\/media\/2061"}],"wp:attachment":[{"href":"https:\/\/tecsecmty.com\/index.php\/wp-json\/wp\/v2\/media?parent=2004"}],"wp:term":[{"taxonomy":"product_brand","embeddable":true,"href":"https:\/\/tecsecmty.com\/index.php\/wp-json\/wp\/v2\/product_brand?post=2004"},{"taxonomy":"product_cat","embeddable":true,"href":"https:\/\/tecsecmty.com\/index.php\/wp-json\/wp\/v2\/product_cat?post=2004"},{"taxonomy":"product_tag","embeddable":true,"href":"https:\/\/tecsecmty.com\/index.php\/wp-json\/wp\/v2\/product_tag?post=2004"}],"curies":[{"name":"wp","href":"https:\/\/api.w.org\/{rel}","templated":true}]}}