{"id":2005,"date":"2023-02-22T18:07:13","date_gmt":"2023-02-23T00:07:13","guid":{"rendered":"https:\/\/tecsecmty.com\/index.php\/producto\/dahua-ipc-hdbw3849r1p-zas-pv-camara-ip-domo-de-8-megapixeles-iluminadores-duales-inteligentes-tioc-wizsense-lente-motorizado-de-2-7-13-5mm-40-metros-de-ir-y-luz-visible-microfono-1-es-de-ala\/"},"modified":"2023-03-22T23:22:48","modified_gmt":"2023-03-23T05:22:48","slug":"dahua-ipc-hdbw3849r1p-zas-pv-camara-ip-domo-de-8-megapixeles-iluminadores-duales-inteligentes-tioc-wizsense-lente-motorizado-de-2-7-13-5mm-40-metros-de-ir-y-luz-visible-microfono-1-es-de-ala","status":"publish","type":"product","link":"https:\/\/tecsecmty.com\/index.php\/producto\/dahua-ipc-hdbw3849r1p-zas-pv-camara-ip-domo-de-8-megapixeles-iluminadores-duales-inteligentes-tioc-wizsense-lente-motorizado-de-2-7-13-5mm-40-metros-de-ir-y-luz-visible-microfono-1-es-de-ala\/","title":{"rendered":"DAHUA IPC-HDBW3849R1P-ZAS-PV &#8211; Camara IP Domo de 8 Megapixeles\/ Iluminadores Duales Inteligentes\/ TiOC\/ WizSense\/ Lente Motorizado de 2.7-13.5mm\/ 40 Metros de IR y Luz Visible\/ Microfono\/ 1 E&amp;S de Alarma y Audio\/ Quick Pick Con NVR IA, #LoNuevo"},"content":{"rendered":"<div class=\"row aling-items-center padding-bottom-2x\">\n<div class=\"col-lg-12\">\n<h5 class=\"card-title text-center\">Informaci\u00f3n general<\/h5>\n<p class=\"ql-align-justify\">Con un algoritmo de aprendizaje profundo avanzado, la c\u00e1mara de red de la serie Dahua WizSense 3 admite funciones inteligentes, como protecci\u00f3n perimetral y detecci\u00f3n de movimiento inteligente. Con la tecnolog\u00eda Starlight, esta c\u00e1mara de la serie proporciona un mejor efecto de imagen en condiciones de baja iluminaci\u00f3n.<\/p>\n<p><img decoding=\"async\" class=\"overview-center-img-web\" src=\"https:\/\/tvc.mx\/media\/592835\/DAHUA-DH-IPC-HDBW3849R1P-ZAS-PV-Camara-IP-Domo-8-Megapixeles-TiOC-Disuasi%C3%B3n-Activa-Lente-Motorizados-BANNER-principal.png\" alt=\"Camara IP domo\" \/><\/div>\n<\/div>\n<div class=\"row align-items-center padding-bottom-2x\">\n<div class=\"col-md-5\"><img decoding=\"async\" class=\"d-block m-auto img-thumbnail\" src=\"https:\/\/tvc.mx\/media\/574743\/IP67-IK10-Dahua.png\" alt=\" Protecci\u00f3n\" \/><\/div>\n<div class=\"col-md-7 text-md-left text-center\">\n<h2>Protecci\u00f3n IP67\/IK10<\/h2>\n<p class=\"text-muted\">\n<p class=\"ql-align-justify\">Con un algoritmo de aprendizaje profundo avanzado, la c\u00e1mara de red de la serie Dahua WizSense 3 admite funciones inteligentes, como protecci\u00f3n perimetral y detecci\u00f3n de movimiento inteligente. Con la tecnolog\u00eda Starlight, esta c\u00e1mara de la serie proporciona un mejor efecto de imagen en condiciones de baja iluminaci\u00f3n.<\/p>\n<p>&nbsp;<\/p>\n<\/div>\n<\/div>\n<hr class=\"padding-bottom-2x\" \/>\n<div class=\"row align-items-center padding-bottom-2x\">\n<div class=\"col-md-5 order-md-2\"><img decoding=\"async\" class=\"d-block m-auto img-thumbnail\" src=\"https:\/\/tvc.mx\/media\/574747\/Iluminadores-inteligentes-dahua.png\" alt=\" Iluminadores\" \/><\/div>\n<div class=\"col-md-7 order-md-1 text-md-left text-center\">\n<h2>Iluminadores duales inteligentes<\/h2>\n<p class=\"text-muted\">\n<p class=\"ql-align-justify\">La tecnolog\u00eda Dahua Smart Dual Illuminators adopta un algoritmo inteligente para detectar objetivos. Por lo general, el iluminador IR est\u00e1 encendido durante la noche; cuando el objetivo aparece en el \u00e1rea de monitoreo, la luz c\u00e1lida est\u00e1 encendida y la c\u00e1mara graba el video a todo color y la informaci\u00f3n de los eventos clave. Es decir, la c\u00e1mara vincula la instant\u00e1nea y el video con una imagen a todo color. Cuando el objetivo est\u00e1 fuera del \u00e1rea de monitoreo, la luz c\u00e1lida est\u00e1 apagada y el iluminador IR est\u00e1 encendido, lo que reduce la contaminaci\u00f3n lum\u00ednica de manera eficiente.<\/p>\n<p>&nbsp;<\/p>\n<\/div>\n<\/div>\n<hr class=\"padding-bottom-2x\" \/>\n<div class=\"row align-items-center padding-bottom-2x\">\n<div class=\"col-md-5\"><img decoding=\"async\" class=\"d-block m-auto img-thumbnail\" src=\"https:\/\/tvc.mx\/media\/608511\/quickpick-dahua.png\" alt=\" \" \/><\/div>\n<div class=\"col-md-7 text-md-left text-center\">\n<h2>Quick Pick<\/h2>\n<p class=\"text-muted\">\n<p>La tecnolog\u00eda Dahua Quick Pick puede identificar r\u00e1pidamente objetivos de inter\u00e9s humanos\/veh\u00edculos, lo que optimiza la b\u00fasqueda de eventos SMD relevantes. Con una excelente integraci\u00f3n de funciones inteligentes tanto de c\u00e1maras como de grabadores, esta caracter\u00edstica puede buscar objetivos humanos\/veh\u00edculos basados en algoritmos de IA que pueden extraer y comparar colores de ropa y veh\u00edculos. Ahorra significativamente los costos de mano de obra y aumenta la precisi\u00f3n de los resultados en comparaci\u00f3n con la verificaci\u00f3n manual de eventos SMD.<\/p>\n<p>&nbsp;<\/p>\n<\/div>\n<\/div>\n<hr class=\"padding-bottom-2x\" \/>\n<div class=\"row align-items-center padding-bottom-2x\">\n<div class=\"col-md-5 order-md-2\"><img decoding=\"async\" class=\"d-block m-auto img-thumbnail\" src=\"https:\/\/tvc.mx\/media\/574751\/disuacion-activa.png\" alt=\" Disuasi\u00f3n\" \/><\/div>\n<div class=\"col-md-7 order-md-1 text-md-left text-center\">\n<h2>Disuasi\u00f3n activa de sirena de luz<\/h2>\n<p class=\"text-muted\">\n<p class=\"ql-align-justify\">La sirena de Dahua y la c\u00e1mara de red de disuasi\u00f3n activa de luz admiten la alarma de luz y la alarma de voz cuando ocurre un evento perimetral, para realizar la disuasi\u00f3n y la intervenci\u00f3n efectiva. La c\u00e1mara est\u00e1 integrada en varias voces para la selecci\u00f3n y admite la importaci\u00f3n de voces personalizadas.<\/p>\n<p>&nbsp;<\/p>\n<\/div>\n<\/div>\n<hr class=\"padding-bottom-2x\" \/>\n<div class=\"row align-items-center padding-bottom-2x\">\n<div class=\"col-md-5\"><img decoding=\"async\" class=\"d-block m-auto img-thumbnail\" src=\"https:\/\/tvc.mx\/media\/574775\/DAHUA-DH-IPC-HDBW3549R1P-ZAS-PV-Camara-IP-Domo-5-Megapixeles-TiOC-Disuasi%C3%B3n-Activa-Lente-Motorizado-caracteristicas-principal.png\" alt=\" camara\" \/><\/div>\n<div class=\"col-md-7 text-md-left text-center\">\n<h2>Caracter\u00edsticas Principales<\/h2>\n<p class=\"text-muted\">\n<p><strong>\u00b7<\/strong>Monitoreo inteligente: intrusi\u00f3n, cable trampa (las dos funciones admiten la clasificaci\u00f3n y detecci\u00f3n precisa de veh\u00edculos y humanos).<\/p>\n<p><strong>\u00b7<\/strong>Detecci\u00f3n de anomal\u00edas: detecci\u00f3n de movimiento, enmascaramiento de privacidad, cambio de escena, detecci\u00f3n de audio, sin tarjeta SD, tarjeta SD llena, error de tarjeta SD, desconexi\u00f3n de red, conflicto de IP, acceso ilegal y detecci\u00f3n de voltaje.<\/p>\n<p><strong>\u00b7<\/strong>Alarma: 1 entrada, 1 salida; audio: 1 entrada, 1 salida; admite m\u00e1x. Tarjeta Micro SD de 256G; micr\u00f3fonos duales integrados; altavoz de 1 canal; Admite conversaci\u00f3n bidireccional.<\/p>\n<p><strong>\u00b7<\/strong>Fuente de alimentaci\u00f3n de 12 VCC\/PoE.<\/p>\n<p><strong>\u00b7<\/strong>Protecci\u00f3n IP67, IK10.<\/p>\n<p><strong>\u00b7<\/strong>Alarma de sonido y luz (luces rojas y azules).<\/p>\n<p><strong>\u00b7<\/strong>SMD 3.0.<\/p>\n<p>&nbsp;<\/p>\n<\/div>\n<\/div>\n<hr class=\"padding-bottom-2x\" \/>\n<div class=\"row align-items-center padding-bottom-2x\">\n<div class=\"col-md-5 order-md-2\"><img decoding=\"async\" class=\"d-block m-auto img-thumbnail\" src=\"https:\/\/tvc.mx\/media\/574779\/DAHUA-DH-IPC-HDBW3549R1P-ZAS-PV-Camara-IP-Domo-5-Megapixeles-TiOC-Disuasi%C3%B3n-Activa-Lente-Motorizado-Especificaciones-tecnicas.png\" alt=\" \" \/><\/div>\n<div class=\"col-md-7 order-md-1 text-md-left text-center\">\n<h2>Especificaciones T\u00e9cnicas<\/h2>\n<p class=\"text-muted\">\n<p class=\"ql-align-justify\"><strong>\u00b7<\/strong>Sensor de imagen CMOS de 8 MP 1\/2,8&#8243;, baja luminancia e imagen de alta definici\u00f3n.<\/p>\n<p class=\"ql-align-justify\"><strong>\u00b7<\/strong>Salidas m\u00e1x. 8 MP (3840 \u00d7 2160) a 25\/30 fps.<\/p>\n<p class=\"ql-align-justify\"><strong>\u00b7<\/strong>C\u00f3dec H.265, alta tasa de compresi\u00f3n, tasa de bits ultrabaja.<\/p>\n<p class=\"ql-align-justify\"><strong>\u00b7<\/strong>Luz c\u00e1lida incorporada y LED IR; El m\u00e1ximo. La distancia de iluminaci\u00f3n IR es de 50 my la distancia de luz c\u00e1lida es de 40 m.<\/p>\n<p class=\"ql-align-justify\"><strong>\u00b7<\/strong>ROI, SMART H.264+\/H.265+, AI H.264\/H.265, codificaci\u00f3n flexible, aplicable a varios entornos dealmacenamiento y ancho de banda.<\/p>\n<p class=\"ql-align-justify\"><strong>\u00b7<\/strong>Modo de rotaci\u00f3n, WDR, 3D NR, HLC, BLC, marca de agua digital, aplicable a varias escenas demonitoreo.<\/p>\n<\/div>\n<\/div>\n","protected":false},"excerpt":{"rendered":"<p>Informaci\u00f3n general Con un algoritmo de aprendizaje profundo avanzado, la c\u00e1mara de red de la serie Dahua WizSense 3 admite funciones inteligentes, como protecci\u00f3n perimetral y detecci\u00f3n de movimiento inteligente. Con la tecnolog\u00eda Starlight, esta c\u00e1mara de la serie proporciona un mejor efecto de imagen&hellip;<\/p>\n","protected":false},"featured_media":2062,"comment_status":"open","ping_status":"closed","template":"","meta":{"om_disable_all_campaigns":false,"_monsterinsights_skip_tracking":false,"_monsterinsights_sitenote_active":false,"_monsterinsights_sitenote_note":"","_monsterinsights_sitenote_category":0},"product_brand":[],"product_cat":[113],"product_tag":[114,42,38,66,115],"class_list":{"0":"post-2005","1":"product","2":"type-product","3":"status-publish","4":"has-post-thumbnail","6":"product_cat-domo-camaras-ip","7":"product_tag-camara-domo","8":"product_tag-camaras","9":"product_tag-camaras-de-seguridad","10":"product_tag-dahua","11":"product_tag-domo","13":"first","14":"instock","15":"sale","16":"taxable","17":"shipping-taxable","18":"purchasable","19":"product-type-simple"},"aioseo_notices":[],"_links":{"self":[{"href":"https:\/\/tecsecmty.com\/index.php\/wp-json\/wp\/v2\/product\/2005","targetHints":{"allow":["GET"]}}],"collection":[{"href":"https:\/\/tecsecmty.com\/index.php\/wp-json\/wp\/v2\/product"}],"about":[{"href":"https:\/\/tecsecmty.com\/index.php\/wp-json\/wp\/v2\/types\/product"}],"replies":[{"embeddable":true,"href":"https:\/\/tecsecmty.com\/index.php\/wp-json\/wp\/v2\/comments?post=2005"}],"version-history":[{"count":0,"href":"https:\/\/tecsecmty.com\/index.php\/wp-json\/wp\/v2\/product\/2005\/revisions"}],"wp:featuredmedia":[{"embeddable":true,"href":"https:\/\/tecsecmty.com\/index.php\/wp-json\/wp\/v2\/media\/2062"}],"wp:attachment":[{"href":"https:\/\/tecsecmty.com\/index.php\/wp-json\/wp\/v2\/media?parent=2005"}],"wp:term":[{"taxonomy":"product_brand","embeddable":true,"href":"https:\/\/tecsecmty.com\/index.php\/wp-json\/wp\/v2\/product_brand?post=2005"},{"taxonomy":"product_cat","embeddable":true,"href":"https:\/\/tecsecmty.com\/index.php\/wp-json\/wp\/v2\/product_cat?post=2005"},{"taxonomy":"product_tag","embeddable":true,"href":"https:\/\/tecsecmty.com\/index.php\/wp-json\/wp\/v2\/product_tag?post=2005"}],"curies":[{"name":"wp","href":"https:\/\/api.w.org\/{rel}","templated":true}]}}