{"id":2006,"date":"2023-02-22T18:07:13","date_gmt":"2023-02-23T00:07:13","guid":{"rendered":"https:\/\/tecsecmty.com\/index.php\/producto\/dahua-ipc-hdbw5231en-ze-hdmi-camara-ip-domo-antivandalica-resolucion-de-2-mp-lente-mot-2-7-a-13-5mm-%e2%88%a2-101-31-ir-50-mts-ia-wizmind-det-facial-prot-perimetral-starlight\/"},"modified":"2023-03-22T23:22:48","modified_gmt":"2023-03-23T05:22:48","slug":"dahua-ipc-hdbw5231en-ze-hdmi-camara-ip-domo-antivandalica-resolucion-de-2-mp-lente-mot-2-7-a-13-5mm-101-31-ir-50-mts-ia-wizmind-det-facial-prot-perimetral-starlight","status":"publish","type":"product","link":"https:\/\/tecsecmty.com\/index.php\/producto\/dahua-ipc-hdbw5231en-ze-hdmi-camara-ip-domo-antivandalica-resolucion-de-2-mp-lente-mot-2-7-a-13-5mm-101-31-ir-50-mts-ia-wizmind-det-facial-prot-perimetral-starlight\/","title":{"rendered":"DAHUA IPC-HDBW5231EN-ZE-HDMI &#8211; C\u00e1mara IP Domo Antivand\u00e1lica Resoluci\u00f3n de 2 MP\/ Lente Mot. 2.7 a 13.5mm\/ \u2222 101\u00b0-31\u00b0\/ IR 50 mts\/ IA WizMind\/ Det. Facial\/ Prot. Perimetral\/ Starlight\/ ePoE\/ WDR\/ H.265\/ IP67\/ IK10\/ E&amp;S Alarma\/ E&amp;S Audio\/ Salida HDMI"},"content":{"rendered":"<div class=\"row aling-items-center padding-bottom-2x\">\n<div class=\"col-lg-12\">\n<h5 class=\"card-title text-center\">Informaci\u00f3n general<\/h5>\n<p>Responde al monitoreo de eventos en un \u00e1rea espec\u00edfica. Adem\u00e1s de la escena anal\u00edtica, la c\u00e1mara admite la detecci\u00f3n de rostros para capturar r\u00e1pidamente un rostro y suba la imagen a un servidor. La c\u00e1mara tambi\u00e9n ofrece manipulaci\u00f3n detecci\u00f3n al reconocer un cambio dram\u00e1tico de escena y generar una mensaje de advertencia para inspeccionar la c\u00e1mara.<\/p>\n<p><img decoding=\"async\" class=\"overview-center-img-web\" src=\"https:\/\/tvc.mx\/media\/104501\/Informacion-4.jpg\" alt=\"\" \/><\/p>\n<\/div>\n<\/div>\n<div class=\"row aling-items-center padding-bottom-2x\">\n<div class=\"col-lg-12\">\n<h5 class=\"card-title text-center\">Tecnolog\u00eda Starlight<\/h5>\n<p>Con la tecnolog\u00eda Starlight de Dahua, esta c\u00e1mara es ideal para aplicaciones con condiciones de iluminaci\u00f3n desafiantes. En poca luz el rendimiento ofrece videos utilizables con una luz ambiental m\u00ednimo. Incluso en condiciones extremas de poca luz, la tecnolog\u00eda Starlight es capaz de entregar im\u00e1genes en color casi en completa oscuridad.<\/p>\n<p><img decoding=\"async\" class=\"overview-center-img-web\" src=\"https:\/\/tvc.mx\/media\/104433\/Sin-t%C3%ADtulo-1.jpg\" alt=\"\" \/><\/p>\n<\/div>\n<\/div>\n<div class=\"row align-items-center padding-bottom-2x\">\n<div class=\"col-md-5 order-md-2\"><img decoding=\"async\" class=\"d-block m-auto img-thumbnail\" src=\"https:\/\/tvc.mx\/media\/104437\/Face.jpg\" alt=\" \" \/><\/div>\n<div class=\"col-md-7 order-md-1 text-md-left text-center\">\n<h2>Intelligent Video System (IVS)<\/h2>\n<p>IVS es un algoritmo anal\u00edtico de video integrado que ofrece funciones inteligentes para monitorear una escena en busca de violaciones Tripwire, detecci\u00f3n de intrusos y Objetos abandonados o perdidos. Una c\u00e1mara con IVS de forma r\u00e1pida y precisa.<\/p>\n<p>&nbsp;<\/p>\n<\/div>\n<\/div>\n<hr class=\"padding-bottom-2x\" \/>\n<div class=\"row align-items-center padding-bottom-2x\">\n<div class=\"col-md-5\"><img decoding=\"async\" class=\"d-block m-auto img-thumbnail\" src=\"https:\/\/tvc.mx\/media\/104641\/EPOE-dahua.jpg\" alt=\" \" \/><\/div>\n<div class=\"col-md-7 text-md-left text-center\">\n<h2>ePoE technology<\/h2>\n<p>La tecnolog\u00eda ePoE de Dahua, dise\u00f1ada internamente, adopta avanzada Modulaci\u00f3n de codificaci\u00f3n 2D-PAM3 desde la capa f\u00edsica y realiza full duplex transmisi\u00f3n a m\u00e1s de 800 metros a la velocidad de 10 Mbps, o 300 metros a la velocidad de 100 Mbps a trav\u00e9s de Cat 5 o medios de cable coaxial. Adem\u00e1s, es compatible con la tecnolog\u00eda de fuente de alimentaci\u00f3n PoE y PoC que tiene mucho construcci\u00f3n y cableado simplificados. La tecnolog\u00eda ePoE de Dahua ofrece una nueva manera de lograr la transmisi\u00f3n de larga distancia entre la c\u00e1mara IP y conmutador de red. Permite un dise\u00f1o de sistemas de vigilancia m\u00e1s flexibles, mejora la confiabilidad y ahorra costos de construcci\u00f3n y cableado.<\/p>\n<p>&nbsp;<\/p>\n<\/div>\n<\/div>\n<hr class=\"padding-bottom-2x\" \/>\n<div class=\"row aling-items-center padding-bottom-2x\">\n<div class=\"col-lg-12\">\n<h5 class=\"card-title text-center\">Principales caracter\u00edsticas<\/h5>\n<p>\u00b7 CMOS de barrido progresivo de 1 \/ 2,8 \u00aby 2 megap\u00edxeles<\/p>\n<p>\u00b7 Codificaci\u00f3n de triple flujo H.265 y H.264<\/p>\n<p>\u00b7 25 \/ 30fps @ 1080P (1920 \u00d7 1080)<\/p>\n<p>\u00b7 WDR (120dB), d\u00eda \/ noche (ICR), 3DNR, AWB, AGC, BLC<\/p>\n<p>\u00b7 Monitoreo de m\u00faltiples redes: visor web, CMS (DSS \/ PSS) y DMSS<\/p>\n<p>\u00b7 Lente motorizada de 2,7 mm ~ 13,5 mm<\/p>\n<p>\u00b7 1\/1 entrada \/ salida de alarma, 1\/1 entrada \/ salida de audio<\/p>\n<p>\u00b7 M\u00e1x. LED IR Longitud 50 m<\/p>\n<p>\u00b7 Memoria Micro SD, IP67, IK10, PoE +<\/p>\n<p><img decoding=\"async\" class=\"overview-center-img-web\" src=\"https:\/\/tvc.mx\/media\/104445\/dahua.jpg\" alt=\"\" \/><\/p>\n<\/div>\n<\/div>\n","protected":false},"excerpt":{"rendered":"<p>Informaci\u00f3n general Responde al monitoreo de eventos en un \u00e1rea espec\u00edfica. Adem\u00e1s de la escena anal\u00edtica, la c\u00e1mara admite la detecci\u00f3n de rostros para capturar r\u00e1pidamente un rostro y suba la imagen a un servidor. La c\u00e1mara tambi\u00e9n ofrece manipulaci\u00f3n detecci\u00f3n al reconocer un cambio&hellip;<\/p>\n","protected":false},"featured_media":2064,"comment_status":"open","ping_status":"closed","template":"","meta":{"om_disable_all_campaigns":false,"_monsterinsights_skip_tracking":false,"_monsterinsights_sitenote_active":false,"_monsterinsights_sitenote_note":"","_monsterinsights_sitenote_category":0},"product_brand":[],"product_cat":[113],"product_tag":[114,42,38,66,115],"class_list":{"0":"post-2006","1":"product","2":"type-product","3":"status-publish","4":"has-post-thumbnail","6":"product_cat-domo-camaras-ip","7":"product_tag-camara-domo","8":"product_tag-camaras","9":"product_tag-camaras-de-seguridad","10":"product_tag-dahua","11":"product_tag-domo","13":"first","14":"instock","15":"sale","16":"taxable","17":"shipping-taxable","18":"purchasable","19":"product-type-simple"},"aioseo_notices":[],"_links":{"self":[{"href":"https:\/\/tecsecmty.com\/index.php\/wp-json\/wp\/v2\/product\/2006","targetHints":{"allow":["GET"]}}],"collection":[{"href":"https:\/\/tecsecmty.com\/index.php\/wp-json\/wp\/v2\/product"}],"about":[{"href":"https:\/\/tecsecmty.com\/index.php\/wp-json\/wp\/v2\/types\/product"}],"replies":[{"embeddable":true,"href":"https:\/\/tecsecmty.com\/index.php\/wp-json\/wp\/v2\/comments?post=2006"}],"version-history":[{"count":0,"href":"https:\/\/tecsecmty.com\/index.php\/wp-json\/wp\/v2\/product\/2006\/revisions"}],"wp:featuredmedia":[{"embeddable":true,"href":"https:\/\/tecsecmty.com\/index.php\/wp-json\/wp\/v2\/media\/2064"}],"wp:attachment":[{"href":"https:\/\/tecsecmty.com\/index.php\/wp-json\/wp\/v2\/media?parent=2006"}],"wp:term":[{"taxonomy":"product_brand","embeddable":true,"href":"https:\/\/tecsecmty.com\/index.php\/wp-json\/wp\/v2\/product_brand?post=2006"},{"taxonomy":"product_cat","embeddable":true,"href":"https:\/\/tecsecmty.com\/index.php\/wp-json\/wp\/v2\/product_cat?post=2006"},{"taxonomy":"product_tag","embeddable":true,"href":"https:\/\/tecsecmty.com\/index.php\/wp-json\/wp\/v2\/product_tag?post=2006"}],"curies":[{"name":"wp","href":"https:\/\/api.w.org\/{rel}","templated":true}]}}