{"id":2017,"date":"2023-02-22T18:07:20","date_gmt":"2023-02-23T00:07:20","guid":{"rendered":"https:\/\/tecsecmty.com\/index.php\/producto\/dahua-ipc-hdpw1431r1-s4-camara-ip-domo-de-4-megapixeles-lente-de-2-8mm-ir-de-30-mts-h-265-wdr-real-ip67-poe-3d-dnr-hlc\/"},"modified":"2023-03-22T23:22:50","modified_gmt":"2023-03-23T05:22:50","slug":"dahua-ipc-hdpw1431r1-s4-camara-ip-domo-de-4-megapixeles-lente-de-2-8mm-ir-de-30-mts-h-265-wdr-real-ip67-poe-3d-dnr-hlc","status":"publish","type":"product","link":"https:\/\/tecsecmty.com\/index.php\/producto\/dahua-ipc-hdpw1431r1-s4-camara-ip-domo-de-4-megapixeles-lente-de-2-8mm-ir-de-30-mts-h-265-wdr-real-ip67-poe-3d-dnr-hlc\/","title":{"rendered":"DAHUA IPC-HDPW1431R1-S4 &#8211; Camara IP Domo de 4 Megapixeles\/ Lente de 2.8mm\/ IR de 30 Mts\/ H.265\/ WDR Real\/ IP67\/ PoE\/ 3D DNR\/ HLC\/"},"content":{"rendered":"<div class=\"row aling-items-center padding-bottom-2x\">\n<div class=\"col-lg-12\">\n<h5 class=\"card-title text-center\">Informaci\u00f3n general.<\/h5>\n<p>El modelo\u00a0<strong>HDBW1431R1N-0280B-S4<\/strong>\u00a0cuenta con un dise\u00f1o que facilita su instalaci\u00f3n, al utilizar los accesorios de instalaci\u00f3n Dahua, se adapta a casi cualquier escenario. El sensor de\u00a0<strong>4MP<\/strong>\u00a0que soporta resoluciones\u00a0<strong>3,688 x 1,520 @ 20fps y 2,560 x 1,440 @25\/30fps<\/strong>\u00a0y, su \u00edndice de protecci\u00f3n\u00a0<strong>IP67<\/strong>\u00a0le permiten ser utilizada en escenarios tanto de interior como de exterior brindando una gran versatilidad en cuanto a usos.<\/p>\n<p><img decoding=\"async\" class=\"overview-center-img-web\" src=\"https:\/\/tvc.mx\/media\/413275\/Camara-IP-domo-4-Megapixeles-amplio-rango-dinamico-IPC-HDPW1431R1-S4-Dahua.png\" alt=\"\" \/><\/div>\n<\/div>\n<div class=\"row align-items-center padding-bottom-2x\">\n<div class=\"col-md-5\"><img decoding=\"async\" class=\"d-block m-auto img-thumbnail\" src=\"https:\/\/tvc.mx\/media\/413279\/codificacion-h.265-dahua.png\" alt=\" \" \/><\/div>\n<div class=\"col-md-7 text-md-left text-center\">\n<h2>H.265+ &amp; H.264+.<\/h2>\n<p class=\"text-muted\">\n<p>Ofrece la implementaci\u00f3n optimizada de la compresi\u00f3n de video est\u00e1ndar (H.265 y H.264), utilizando m\u00e9todos de compresi\u00f3n de datos sin p\u00e9rdida y reducci\u00f3n inteligente de ruido para ofrecer\u00a0<strong>videos de alta calidad<\/strong>\u00a0sin forzar la red. La compresi\u00f3n mejorada\u00a0<strong>reduce la tasa<\/strong>\u00a0<strong>de bits y los requisitos de almacenamiento<\/strong>\u00a0en\u00a0<strong>hasta un 70%<\/strong>\u00a0comparado con la compresi\u00f3n de video est\u00e1ndar.<\/p>\n<p>&nbsp;<\/p>\n<\/div>\n<\/div>\n<hr class=\"padding-bottom-2x\" \/>\n<div class=\"row align-items-center padding-bottom-2x\">\n<div class=\"col-md-5 order-md-2\"><img decoding=\"async\" class=\"d-block m-auto img-thumbnail\" src=\"https:\/\/tvc.mx\/media\/413283\/WDR-Dahua.png\" alt=\" \" \/><\/div>\n<div class=\"col-md-7 order-md-1 text-md-left text-center\">\n<h2>Amplio rango din\u00e1mico<\/h2>\n<p class=\"text-muted\">\n<p>La c\u00e1mara logra im\u00e1genes v\u00edvidas, incluso en las condiciones de iluminaci\u00f3n de contraste m\u00e1s intenso, utilizando la tecnolog\u00eda de rango din\u00e1mico amplio (WDR) l\u00edder en la industria. Para aplicaciones con condiciones de luz brillante y baja que cambian r\u00e1pidamente, WDR optimiza las \u00e1reas brillantes y oscuras de una escena al mismo tiempo para proporcionar video utilizable.<\/p>\n<p>&nbsp;<\/p>\n<\/div>\n<\/div>\n<hr class=\"padding-bottom-2x\" \/>\n<div class=\"row align-items-center padding-bottom-2x\">\n<div class=\"col-md-5\"><img decoding=\"async\" class=\"d-block m-auto img-thumbnail\" src=\"https:\/\/tvc.mx\/media\/413287\/Smart-IR-Dahua.png\" alt=\" \" \/><\/div>\n<div class=\"col-md-7 text-md-left text-center\">\n<h2>Smart IR.<\/h2>\n<p class=\"text-muted\">\n<p>Con la iluminaci\u00f3n IR, las im\u00e1genes detalladas se pueden capturar con\u00a0<strong>poca luz u oscuridad total<\/strong>. La tecnolog\u00eda\u00a0<strong>Smart IR ajusta la intensidad<\/strong>\u00a0de los LED infrarrojos para compensar la distancia de un objeto\u00a0<strong>evitando que los LEDs IR borren las im\u00e1genes<\/strong>\u00a0a medida que se acercan a la c\u00e1mara. La iluminaci\u00f3n infrarroja integrada de la c\u00e1mara proporciona un alto rendimiento en entornos con poca luz extrema de hasta\u00a0<strong>30 mts.<\/strong><\/p>\n<p>&nbsp;<\/p>\n<\/div>\n<\/div>\n<hr class=\"padding-bottom-2x\" \/>\n<div class=\"row align-items-center padding-bottom-2x\">\n<div class=\"col-md-5 order-md-2\"><img decoding=\"async\" class=\"d-block m-auto img-thumbnail\" src=\"https:\/\/tvc.mx\/media\/413291\/IP67-dahua.png\" alt=\" \" \/><\/div>\n<div class=\"col-md-7 order-md-1 text-md-left text-center\">\n<h2>Protecci\u00f3n IP67<\/h2>\n<p class=\"text-muted\">\n<p>La c\u00e1mara\u00a0<strong>HDBW1431R1N-0280B-S4\u00a0<\/strong>cuenta con un \u00edndice de protecci\u00f3n\u00a0<strong>IP67<\/strong>\u00a0que ha pasado por estrictas pruebas de polvo y, la carcasa funciona correctamente a\u00fan tras ser sumergida a una profundidad de\u00a0<strong>1mt por 30 minutos<\/strong>. Adem\u00e1s, la c\u00e1mara cuenta con una\u00a0<strong>tolerancia de voltaje de \u00b1 30%\u00a0<\/strong>por lo que es altamente aplicable para entornos con voltajes inestables.<\/p>\n<p>&nbsp;<\/p>\n<\/div>\n<\/div>\n<hr class=\"padding-bottom-2x\" \/>\n<div class=\"row align-items-center padding-bottom-2x\">\n<div class=\"col-md-5\"><img decoding=\"async\" class=\"d-block m-auto img-thumbnail\" src=\"https:\/\/tvc.mx\/media\/413295\/Camara-IP-domo-4-Megapixeles-amplio-rango-dinamico-IPC-HDPW1431R1-S4-Dahua-caracteristicas.png\" alt=\" \" \/><\/div>\n<div class=\"col-md-7 text-md-left text-center\">\n<h2>Principales caracter\u00edsticas.<\/h2>\n<p class=\"text-muted\">\n<ul>\n<li>Sensor de imagen CMOS de 4MP, 1\/3 \u201d<\/li>\n<li>Produce 4MP (2560 \u00d7 1440) a 25\/30 fps y admite m\u00e1x. 4MP (2688 \u00d7 1520) a 20 fps<\/li>\n<li>C\u00f3dec H.265<\/li>\n<li>LED IR incorporado<\/li>\n<li>ROI, SMART H.264 \/ H.265, codificaci\u00f3n flexible, aplicable a varios entornos de almacenamiento y ancho de banda<\/li>\n<li>Rotaci\u00f3n de imagen, WDR, 3D DNR, HLC, BLC<\/li>\n<li>Detecci\u00f3n de anomal\u00edas: detecci\u00f3n de movimiento, manipulaci\u00f3n de video, desconexi\u00f3n de red, conflicto de IP, acceso ilegal, detecci\u00f3n de voltaje<\/li>\n<li>IP67<\/li>\n<\/ul>\n<p>&nbsp;<\/p>\n<\/div>\n<\/div>\n<hr class=\"padding-bottom-2x\" \/>\n<div class=\"row align-items-center padding-bottom-2x\">\n<div class=\"col-md-5 order-md-2\"><img decoding=\"async\" class=\"d-block m-auto img-thumbnail\" src=\"https:\/\/tvc.mx\/media\/413299\/Camara-IP-domo-4-Megapixeles-amplio-rango-dinamico-IPC-HDPW1431R1-S4-Dahua-especificaciones.png\" alt=\" \" \/><\/div>\n<div class=\"col-md-7 order-md-1 text-md-left text-center\">\n<h2>Especificaciones<\/h2>\n<p class=\"text-muted\">\n<ul>\n<li>CMOS progresivo de 1\/3 \u201dy 4 megap\u00edxeles<\/li>\n<li>Distancia IR: 30m<\/li>\n<li>Lente fijo 2.8mm<\/li>\n<li>Campo de visi\u00f3n: Horizontal: 93\u00b0 Vertical: 53\u00b0 Diagonal: 111\u00b0<\/li>\n<li>Compresi\u00f3n de video: H.265; H.264; H.264B; MJPEG<\/li>\n<li>BLC \/ HLC<\/li>\n<li>WDR real 120dB<\/li>\n<li>Reducci\u00f3n de ruido: DNR 3D<\/li>\n<li>Fuente de alimentaci\u00f3n: 12V CC \/ POE (802.3af)<\/li>\n<li>Protecci\u00f3n de ingreso: IP67<\/li>\n<li>Carcasa: pl\u00e1stico<\/li>\n<\/ul>\n<\/div>\n<\/div>\n","protected":false},"excerpt":{"rendered":"<p>Informaci\u00f3n general. El modelo\u00a0HDBW1431R1N-0280B-S4\u00a0cuenta con un dise\u00f1o que facilita su instalaci\u00f3n, al utilizar los accesorios de instalaci\u00f3n Dahua, se adapta a casi cualquier escenario. El sensor de\u00a04MP\u00a0que soporta resoluciones\u00a03,688 x 1,520 @ 20fps y 2,560 x 1,440 @25\/30fps\u00a0y, su \u00edndice de protecci\u00f3n\u00a0IP67\u00a0le permiten ser utilizada&hellip;<\/p>\n","protected":false},"featured_media":2076,"comment_status":"open","ping_status":"closed","template":"","meta":{"om_disable_all_campaigns":false,"_monsterinsights_skip_tracking":false,"_monsterinsights_sitenote_active":false,"_monsterinsights_sitenote_note":"","_monsterinsights_sitenote_category":0},"product_brand":[],"product_cat":[113],"product_tag":[114,42,38,66,115],"class_list":{"0":"post-2017","1":"product","2":"type-product","3":"status-publish","4":"has-post-thumbnail","6":"product_cat-domo-camaras-ip","7":"product_tag-camara-domo","8":"product_tag-camaras","9":"product_tag-camaras-de-seguridad","10":"product_tag-dahua","11":"product_tag-domo","13":"first","14":"instock","15":"sale","16":"taxable","17":"shipping-taxable","18":"purchasable","19":"product-type-simple"},"aioseo_notices":[],"_links":{"self":[{"href":"https:\/\/tecsecmty.com\/index.php\/wp-json\/wp\/v2\/product\/2017","targetHints":{"allow":["GET"]}}],"collection":[{"href":"https:\/\/tecsecmty.com\/index.php\/wp-json\/wp\/v2\/product"}],"about":[{"href":"https:\/\/tecsecmty.com\/index.php\/wp-json\/wp\/v2\/types\/product"}],"replies":[{"embeddable":true,"href":"https:\/\/tecsecmty.com\/index.php\/wp-json\/wp\/v2\/comments?post=2017"}],"version-history":[{"count":0,"href":"https:\/\/tecsecmty.com\/index.php\/wp-json\/wp\/v2\/product\/2017\/revisions"}],"wp:featuredmedia":[{"embeddable":true,"href":"https:\/\/tecsecmty.com\/index.php\/wp-json\/wp\/v2\/media\/2076"}],"wp:attachment":[{"href":"https:\/\/tecsecmty.com\/index.php\/wp-json\/wp\/v2\/media?parent=2017"}],"wp:term":[{"taxonomy":"product_brand","embeddable":true,"href":"https:\/\/tecsecmty.com\/index.php\/wp-json\/wp\/v2\/product_brand?post=2017"},{"taxonomy":"product_cat","embeddable":true,"href":"https:\/\/tecsecmty.com\/index.php\/wp-json\/wp\/v2\/product_cat?post=2017"},{"taxonomy":"product_tag","embeddable":true,"href":"https:\/\/tecsecmty.com\/index.php\/wp-json\/wp\/v2\/product_tag?post=2017"}],"curies":[{"name":"wp","href":"https:\/\/api.w.org\/{rel}","templated":true}]}}