{"id":2019,"date":"2023-02-22T18:07:21","date_gmt":"2023-02-23T00:07:21","guid":{"rendered":"https:\/\/tecsecmty.com\/index.php\/producto\/dahua-ipc-hdw1230t1-s4-camara-ip-domo-de-2-mp-h-265-105-grados-de-apertura-lente-de-2-8mm-ir-de-30-mts-ip67-dwdr-3d-dnr-hlc-blc\/"},"modified":"2023-03-22T23:22:50","modified_gmt":"2023-03-23T05:22:50","slug":"dahua-ipc-hdw1230t1-s4-camara-ip-domo-de-2-mp-h-265-105-grados-de-apertura-lente-de-2-8mm-ir-de-30-mts-ip67-dwdr-3d-dnr-hlc-blc","status":"publish","type":"product","link":"https:\/\/tecsecmty.com\/index.php\/producto\/dahua-ipc-hdw1230t1-s4-camara-ip-domo-de-2-mp-h-265-105-grados-de-apertura-lente-de-2-8mm-ir-de-30-mts-ip67-dwdr-3d-dnr-hlc-blc\/","title":{"rendered":"DAHUA IPC-HDW1230T1-S4 &#8211; Camara IP Domo de 2 MP\/ H.265+\/ 105 Grados de Apertura\/ Lente de 2.8mm\/ IR de 30 Mts\/ IP67\/ DWDR\/ 3D DNR\/ HLC\/ BLC\/"},"content":{"rendered":"<div class=\"row aling-items-center padding-bottom-2x\">\n<div class=\"col-lg-12\">\n<h5 class=\"card-title text-center\">Informaci\u00f3n General<\/h5>\n<p class=\"ql-align-justify\">La c\u00e1mara modelo\u00a0<strong>IPCHDW1230T1-S4\u00a0<\/strong>es una c\u00e1mara Ip Domo que cuenta con una resoluci\u00f3n de\u00a0<strong>2 Megap\u00edxeles<\/strong>\u00a0con un sensor que permite trabajar con ambientes de poca iluminaci\u00f3n proporcionando una imagen de alta definici\u00f3n. Incorpora un lente de\u00a0<strong>2.8mm<\/strong>\u00a0que nos permite tener un \u00e1ngulo de visi\u00f3n hasta\u00a0<strong>105<\/strong>\u00b0,la compresi\u00f3n de video es\u00a0<strong>H265+<\/strong>\u00a0para la reducci\u00f3n del ancho de banda y el almacenamiento\u00a0sin perder la calidad de la imagen.Esta c\u00e1mara incorpora IR con un alcance de hasta 30 metros y soporta voltaje 12V CD o por tecnolog\u00eda\u00a0<strong>PoE<\/strong>.<\/p>\n<p><img decoding=\"async\" class=\"overview-center-img-web\" src=\"https:\/\/tvc.mx\/media\/412319\/camara-domo-ip-de--2-mp-dwdr-ir-inteligente-IPC-HDW1230T1-S4-dahua.png\" alt=\"\" \/><\/div>\n<\/div>\n<div class=\"row align-items-center padding-bottom-2x\">\n<div class=\"col-md-5 order-md-2\"><img decoding=\"async\" class=\"d-block m-auto img-thumbnail\" src=\"https:\/\/tvc.mx\/media\/412323\/codificacion-h.265-dahua.png\" alt=\" \" \/><\/div>\n<div class=\"col-md-7 order-md-1 text-md-left text-center\">\n<h2>Compresi\u00f3n H.265+<\/h2>\n<p class=\"text-muted\">\n<p>Ofrece la implementaci\u00f3n optimizada de la compresi\u00f3n de v\u00eddeo est\u00e1ndar ( H.265 y H.264), utiliza m\u00e9todos de compresi\u00f3n de datos sin p\u00e9rdida y reducci\u00f3n inteligente de ruido para ofrecer v\u00eddeos de alta calidad sin forzar la red. Smart Codec reduce la tasa de bits y los requisitos de almacenamiento en un 70 &#8211; 90% comparado con la compresi\u00f3n de v\u00eddeo est\u00e1ndar.<\/p>\n<p>&nbsp;<\/p>\n<\/div>\n<\/div>\n<hr class=\"padding-bottom-2x\" \/>\n<div class=\"row align-items-center padding-bottom-2x\">\n<div class=\"col-md-5\"><img decoding=\"async\" class=\"d-block m-auto img-thumbnail\" src=\"https:\/\/tvc.mx\/media\/412327\/Smart-IR-Dahua.png\" alt=\" \" \/><\/div>\n<div class=\"col-md-7 text-md-left text-center\">\n<h2>Smart IR<\/h2>\n<p class=\"text-muted\">\n<p>Con la iluminaci\u00f3n IR, las im\u00e1genes detalladas se pueden capturar con poca luz o oscuridad total. La tecnolog\u00eda Smart IR ajusta la intensidad de los LED infrarrojos para compensar la distancia de un objeto evitando\u00a0que los LEDs IR borren las im\u00e1genes a medida que se acercan a la c\u00e1mara. La iluminaci\u00f3n infrarroja integrada de la c\u00e1mara proporciona un alto rendimiento en entornos con poca luz extrema de hasta\u00a0<strong>30 mts<\/strong>.<\/p>\n<p>&nbsp;<\/p>\n<\/div>\n<\/div>\n<hr class=\"padding-bottom-2x\" \/>\n<div class=\"row align-items-center padding-bottom-2x\">\n<div class=\"col-md-5 order-md-2\"><img decoding=\"async\" class=\"d-block m-auto img-thumbnail\" src=\"https:\/\/tvc.mx\/media\/412331\/deteccion-de-movimiento-dahua.png\" alt=\" \" \/><\/div>\n<div class=\"col-md-7 order-md-1 text-md-left text-center\">\n<h2>Detecci\u00f3n de Movimiento Efectiva<\/h2>\n<p class=\"text-muted\">\n<p>Cuando aparecen objetos en movimiento en la imagen de monitoreo, la tecnolog\u00eda de detecci\u00f3n de movimiento de nuestra c\u00e1mara activa alarmas permitiendo tener una excelente protecci\u00f3n contra intrusos.<\/p>\n<p>&nbsp;<\/p>\n<\/div>\n<\/div>\n<hr class=\"padding-bottom-2x\" \/>\n<div class=\"row align-items-center padding-bottom-2x\">\n<div class=\"col-md-5\"><img decoding=\"async\" class=\"d-block m-auto img-thumbnail\" src=\"https:\/\/tvc.mx\/media\/412335\/WDR-Dahua.png\" alt=\" \" \/><\/div>\n<div class=\"col-md-7 text-md-left text-center\">\n<h2>DWDR efectivo<\/h2>\n<p class=\"text-muted\">\n<p>La funci\u00f3n DWDR se encargan de medir, compensar y ajustar la luz en la imagen que va a grabar una c\u00e1mara de CCTV combinando los espacios de luces brillantes con los espacios de sombras que hay en una misma toma, para crear un equilibrio en la imagen final.<\/p>\n<p>&nbsp;<\/p>\n<\/div>\n<\/div>\n<hr class=\"padding-bottom-2x\" \/>\n<div class=\"row align-items-center padding-bottom-2x\">\n<div class=\"col-md-5 order-md-2\"><img decoding=\"async\" class=\"d-block m-auto img-thumbnail\" src=\"https:\/\/tvc.mx\/media\/412339\/3DNR-dahua.png\" alt=\" \" \/><\/div>\n<div class=\"col-md-7 order-md-1 text-md-left text-center\">\n<h2>Reducci\u00f3n de Ruido 3DNR<\/h2>\n<p class=\"text-muted\">\n<p>Es posible que exista mucho ruido cuando se vigila en ambientes de baja iluminaci\u00f3n. Con 3DNR usted puede realizar ajustes para reducir el ruido y obtener un video claro.<\/p>\n<p>&nbsp;<\/p>\n<\/div>\n<\/div>\n<hr class=\"padding-bottom-2x\" \/>\n<div class=\"row align-items-center padding-bottom-2x\">\n<div class=\"col-md-5\"><img decoding=\"async\" class=\"d-block m-auto img-thumbnail\" src=\"https:\/\/tvc.mx\/media\/412343\/camara-domo-ip-de--2-mp-dwdr-ir-inteligente-IPC-HDW1230T1-S4-dahua-caracteristicas.png\" alt=\" \" \/><\/div>\n<div class=\"col-md-7 text-md-left text-center\">\n<h2>Principales Caracter\u00edsticas<\/h2>\n<p class=\"text-muted\">\n<ul>\n<li>Sensor de imagen CMOS de 2MP, 1 \/ 2.7 \u201d<\/li>\n<li>Salidas m\u00e1x. 2MP (1920 \u00d7 1080p) @ 25\/30 fps<\/li>\n<li>C\u00f3dec H.265<\/li>\n<li>LED IR incorporado<\/li>\n<li>ROI, SMART H.264 \/ H.265<\/li>\n<li>Modo de rotaci\u00f3n, DWDR, 3D DNR, HLC, BLC<\/li>\n<li>Protecci\u00f3n IP67<\/li>\n<\/ul>\n<p>&nbsp;<\/p>\n<\/div>\n<\/div>\n<hr class=\"padding-bottom-2x\" \/>\n<div class=\"row align-items-center padding-bottom-2x\">\n<div class=\"col-md-5 order-md-2\"><img decoding=\"async\" class=\"d-block m-auto img-thumbnail\" src=\"https:\/\/tvc.mx\/media\/412347\/camara-domo-ip-de--2-mp-dwdr-ir-inteligente-IPC-HDW1230T1-S4-dahua-especificaciones.png\" alt=\" \" \/><\/div>\n<div class=\"col-md-7 order-md-1 text-md-left text-center\">\n<h2>Especificaciones<\/h2>\n<p class=\"text-muted\">\n<ul>\n<li>CMOS progresivo de 1 \/ 2,7 \u00ab2 megap\u00edxeles 1920 (H)<\/li>\n<li>Distancia IR:\u00a030 m<\/li>\n<li>Lente fijo 2.8mm<\/li>\n<li>Campo de visi\u00f3n: Horizontal: 105 \u00b0 Vertical: 57 \u00b0 Diagonal: 125 \u00b0<\/li>\n<li>Compresi\u00f3n de video: H.265; H.264; H.264H; H.264B; MJPEG<\/li>\n<li>BLC \/ HLC<\/li>\n<li>DWDR<\/li>\n<li>Reducci\u00f3n de ruido: DNR 3D<\/li>\n<li>Fuente de alimentaci\u00f3n: 12 V CC \/ PoE (802.3af)<\/li>\n<li>Carcasa: Metal + pl\u00e1stico<\/li>\n<\/ul>\n<\/div>\n<\/div>\n","protected":false},"excerpt":{"rendered":"<p>Informaci\u00f3n General La c\u00e1mara modelo\u00a0IPCHDW1230T1-S4\u00a0es una c\u00e1mara Ip Domo que cuenta con una resoluci\u00f3n de\u00a02 Megap\u00edxeles\u00a0con un sensor que permite trabajar con ambientes de poca iluminaci\u00f3n proporcionando una imagen de alta definici\u00f3n. Incorpora un lente de\u00a02.8mm\u00a0que nos permite tener un \u00e1ngulo de visi\u00f3n hasta\u00a0105\u00b0,la compresi\u00f3n&hellip;<\/p>\n","protected":false},"featured_media":2078,"comment_status":"open","ping_status":"closed","template":"","meta":{"om_disable_all_campaigns":false,"_monsterinsights_skip_tracking":false,"_monsterinsights_sitenote_active":false,"_monsterinsights_sitenote_note":"","_monsterinsights_sitenote_category":0},"product_brand":[],"product_cat":[113],"product_tag":[114,42,38,66,115],"class_list":{"0":"post-2019","1":"product","2":"type-product","3":"status-publish","4":"has-post-thumbnail","6":"product_cat-domo-camaras-ip","7":"product_tag-camara-domo","8":"product_tag-camaras","9":"product_tag-camaras-de-seguridad","10":"product_tag-dahua","11":"product_tag-domo","13":"first","14":"instock","15":"sale","16":"taxable","17":"shipping-taxable","18":"purchasable","19":"product-type-simple"},"aioseo_notices":[],"_links":{"self":[{"href":"https:\/\/tecsecmty.com\/index.php\/wp-json\/wp\/v2\/product\/2019","targetHints":{"allow":["GET"]}}],"collection":[{"href":"https:\/\/tecsecmty.com\/index.php\/wp-json\/wp\/v2\/product"}],"about":[{"href":"https:\/\/tecsecmty.com\/index.php\/wp-json\/wp\/v2\/types\/product"}],"replies":[{"embeddable":true,"href":"https:\/\/tecsecmty.com\/index.php\/wp-json\/wp\/v2\/comments?post=2019"}],"version-history":[{"count":0,"href":"https:\/\/tecsecmty.com\/index.php\/wp-json\/wp\/v2\/product\/2019\/revisions"}],"wp:featuredmedia":[{"embeddable":true,"href":"https:\/\/tecsecmty.com\/index.php\/wp-json\/wp\/v2\/media\/2078"}],"wp:attachment":[{"href":"https:\/\/tecsecmty.com\/index.php\/wp-json\/wp\/v2\/media?parent=2019"}],"wp:term":[{"taxonomy":"product_brand","embeddable":true,"href":"https:\/\/tecsecmty.com\/index.php\/wp-json\/wp\/v2\/product_brand?post=2019"},{"taxonomy":"product_cat","embeddable":true,"href":"https:\/\/tecsecmty.com\/index.php\/wp-json\/wp\/v2\/product_cat?post=2019"},{"taxonomy":"product_tag","embeddable":true,"href":"https:\/\/tecsecmty.com\/index.php\/wp-json\/wp\/v2\/product_tag?post=2019"}],"curies":[{"name":"wp","href":"https:\/\/api.w.org\/{rel}","templated":true}]}}