{"id":2021,"date":"2023-02-22T18:07:21","date_gmt":"2023-02-23T00:07:21","guid":{"rendered":"https:\/\/tecsecmty.com\/index.php\/producto\/dahua-ipc-hdw1239t1-led-s4-camara-ip-domo-full-color-2-megapixeles-lente-de-2-8mm-110-grados-de-apertura-luz-blanca-de-15-mts-h-265-ip67-poe-dwdr\/"},"modified":"2023-03-22T23:22:50","modified_gmt":"2023-03-23T05:22:50","slug":"dahua-ipc-hdw1239t1-led-s4-camara-ip-domo-full-color-2-megapixeles-lente-de-2-8mm-110-grados-de-apertura-luz-blanca-de-15-mts-h-265-ip67-poe-dwdr","status":"publish","type":"product","link":"https:\/\/tecsecmty.com\/index.php\/producto\/dahua-ipc-hdw1239t1-led-s4-camara-ip-domo-full-color-2-megapixeles-lente-de-2-8mm-110-grados-de-apertura-luz-blanca-de-15-mts-h-265-ip67-poe-dwdr\/","title":{"rendered":"DAHUA IPC-HDW1239T1-LED-S4 &#8211; Camara IP Domo Full Color 2 Megapixeles\/ Lente de 2.8mm\/ 110 Grados de Apertura\/ Luz Blanca de 15 Mts\/ H.265\/ IP67\/ PoE\/ DWDR\/"},"content":{"rendered":"<div class=\"row aling-items-center padding-bottom-2x\">\n<div class=\"col-lg-12\">\n<h5 class=\"card-title text-center\">Informaci\u00f3n General<\/h5>\n<p>La c\u00e1mara modelo\u00a0HDW1239T1-LED-S4\u00a0es una c\u00e1mara domo de\u00a02MP\u00a0de resoluci\u00f3n,con la cual podemos apreciar una imagen con mayor nitidez, brillo y claridad . Este modelo\u00a0incorpora un lente\u00a0de\u00a02.8mm\u00a0dando un angulo de visi\u00f3n de\u00a0110\u00b0, tecnolog\u00eda\u00a0Full Color, esta tecnolog\u00eda nos permite obtener un\u00a0rendimiento excepcional ideal para la visualizaci\u00f3n y reproducci\u00f3n\u00a0de im\u00e1genes bajo condiciones de poca iluminaci\u00f3n.<\/p>\n<p><img decoding=\"async\" class=\"overview-center-img-web\" src=\"https:\/\/tvc.mx\/media\/381859\/Camara-IP-Domo-Full-Color-h.265-IPC-HDW1239T1-LED-S4-Dahua-b.png\" alt=\"\" \/><\/div>\n<\/div>\n<div class=\"row align-items-center padding-bottom-2x\">\n<div class=\"col-md-5 order-md-2\"><img decoding=\"async\" class=\"d-block m-auto img-thumbnail\" src=\"https:\/\/tvc.mx\/media\/381863\/full-color-dahua.png\" alt=\" \" \/><\/div>\n<div class=\"col-md-7 order-md-1 text-md-left text-center\">\n<h2>Full Color<\/h2>\n<p class=\"text-muted\">\n<p>Con un sensor de alto rendimiento y una lente de gran apertura, la tecnolog\u00eda Dahua Full-color puede mostrar im\u00e1genes claras y coloridas en un entorno de iluminaci\u00f3n ultrabaja. Con esta tecnolog\u00eda de fotosensibilidad, la c\u00e1mara puede capturar m\u00e1s luz disponible y mostrar detalles de im\u00e1genes m\u00e1s coloridos.<\/p>\n<p>&nbsp;<\/p>\n<\/div>\n<\/div>\n<hr class=\"padding-bottom-2x\" \/>\n<div class=\"row align-items-center padding-bottom-2x\">\n<div class=\"col-md-5\"><img decoding=\"async\" class=\"d-block m-auto img-thumbnail\" src=\"https:\/\/tvc.mx\/media\/381867\/codificacion-h.265-dahua.png\" alt=\" \" \/><\/div>\n<div class=\"col-md-7 text-md-left text-center\">\n<h2>C\u00f3dec Inteligente<\/h2>\n<p class=\"text-muted\">\n<p>Con el algoritmo avanzado de control de velocidad adaptable a la escena, la tecnolog\u00eda de codificaci\u00f3n inteligente Dahua logra la mayor eficiencia de codificaci\u00f3n que H.265 y H.264, proporciona video de alta calidad y reduce el costo de almacenamiento y transmisi\u00f3n.<\/p>\n<p>&nbsp;<\/p>\n<\/div>\n<\/div>\n<hr class=\"padding-bottom-2x\" \/>\n<div class=\"row align-items-center padding-bottom-2x\">\n<div class=\"col-md-5 order-md-2\"><img decoding=\"async\" class=\"d-block m-auto img-thumbnail\" src=\"https:\/\/tvc.mx\/media\/381871\/Region-de-interes-dahua.png\" alt=\" \" \/><\/div>\n<div class=\"col-md-7 order-md-1 text-md-left text-center\">\n<h2>Regi\u00f3n de Inter\u00e9s<\/h2>\n<p class=\"text-muted\">\n<p>Es una funci\u00f3n que nos ayuda a optimizar el ancho de banda de la c\u00e1mara, proporcionando la m\u00e1xima calidad de imagen en el \u00e1rea seleccionada, escena u objeto, al tiempo que reduce el nivel de calidad en las otras zonas, para obtener mejores resultados de calidad y ancho de banda en esta regi\u00f3n de inter\u00e9s.<\/p>\n<p>&nbsp;<\/p>\n<\/div>\n<\/div>\n<hr class=\"padding-bottom-2x\" \/>\n<div class=\"row align-items-center padding-bottom-2x\">\n<div class=\"col-md-5\"><img decoding=\"async\" class=\"d-block m-auto img-thumbnail\" src=\"https:\/\/tvc.mx\/media\/381895\/WDR-Dahua.png\" alt=\" \" \/><\/div>\n<div class=\"col-md-7 text-md-left text-center\">\n<h2>Amplio Rango Din\u00e1mico<\/h2>\n<p class=\"text-muted\">\n<p>La c\u00e1mara logra im\u00e1genes v\u00edvidas, incluso en las condiciones de iluminaci\u00f3n de contraste m\u00e1s intenso, utilizando la tecnolog\u00eda de rango din\u00e1mico amplio (WDR) l\u00edder en la industria. Para aplicaciones con condiciones de luz brillante y baja que cambian r\u00e1pidamente, WDR optimiza las \u00e1reas brillantes y oscuras de una escena al mismo tiempo para proporcionar video utilizable.<\/p>\n<p>&nbsp;<\/p>\n<\/div>\n<\/div>\n<hr class=\"padding-bottom-2x\" \/>\n<div class=\"row align-items-center padding-bottom-2x\">\n<div class=\"col-md-5 order-md-2\"><img decoding=\"async\" class=\"d-block m-auto img-thumbnail\" src=\"https:\/\/tvc.mx\/media\/381879\/Principales-caracteristicas-camara-ip-domo-IPC-HDW1239T1-LED-S4-dahua.png\" alt=\" \" \/><\/div>\n<div class=\"col-md-7 order-md-1 text-md-left text-center\">\n<h2>Principales Caracter\u00edsticas<\/h2>\n<p class=\"text-muted\">\n<p>\u00b7 2MP, sensor de imagen CMOS de 1 \/ 2.7 \u00ab, baja iluminancia, alta definici\u00f3n de imagen<\/p>\n<p>\u00b7 Salidas max. 2MP (1920 \u00d7 1080) @ 25\/30 fps<\/p>\n<p>\u00b7 C\u00f3dec H.265<\/p>\n<p>\u00b7 LED incorporado<\/p>\n<p>\u00b7 ROI, SMART H.264 \/ H.265<\/p>\n<p>\u00b7 Modo de rotaci\u00f3n, DWDR, 3D DNR, HLC, BLC, marca de agua digital, aplicable a varias escenas de monitoreo<\/p>\n<p>\u00b7 Detecci\u00f3n de anomal\u00edas: detecci\u00f3n de movimiento, manipulaci\u00f3n de video, desconexi\u00f3n de red, conflicto de IP, acceso ilegal<\/p>\n<p>&nbsp;<\/p>\n<\/div>\n<\/div>\n<hr class=\"padding-bottom-2x\" \/>\n<div class=\"row align-items-center padding-bottom-2x\">\n<div class=\"col-md-5\"><img decoding=\"async\" class=\"d-block m-auto img-thumbnail\" src=\"https:\/\/tvc.mx\/media\/376307\/Camara-IP-Domo-Full-Color-h.265-IPC-HDW1239T1-LED-S4-Dahua-especificaciones.png\" alt=\" \" \/><\/div>\n<div class=\"col-md-7 text-md-left text-center\">\n<h2>Especificaciones<\/h2>\n<p class=\"text-muted\">\n<ul>\n<li>Resoluci\u00f3n 2 megap\u00edxeles<\/li>\n<li>Distancia del LED: 10 m<\/li>\n<li>Lente Fijo de 2.8 mm<\/li>\n<li>Pan 110 \u00b0 \u00d7 Inclinaci\u00f3n 59 \u00b0 \u00d7 Diagonal 132 \u00b0<\/li>\n<li>Compresi\u00f3n de video: H.265; H.264; H.264H; H.264B; MJPEG<\/li>\n<li>DWDR<\/li>\n<li>Reducci\u00f3n de ruido 3D DNR<\/li>\n<li>Fuente de alimentaci\u00f3n 12V DC \/ PoE (802.3af)<\/li>\n<li>El consumo de energ\u00eda &lt;4.8 W<\/li>\n<li>IP66<\/li>\n<li>Caja Metal + pl\u00e1stico<\/li>\n<li>Dimensiones 85,5 mm \u00d7 \u03a6109 mm (3,4 \u00ab\u00d7 \u03a64,3\u00bb)<\/li>\n<\/ul>\n<\/div>\n<\/div>\n","protected":false},"excerpt":{"rendered":"<p>Informaci\u00f3n General La c\u00e1mara modelo\u00a0HDW1239T1-LED-S4\u00a0es una c\u00e1mara domo de\u00a02MP\u00a0de resoluci\u00f3n,con la cual podemos apreciar una imagen con mayor nitidez, brillo y claridad . Este modelo\u00a0incorpora un lente\u00a0de\u00a02.8mm\u00a0dando un angulo de visi\u00f3n de\u00a0110\u00b0, tecnolog\u00eda\u00a0Full Color, esta tecnolog\u00eda nos permite obtener un\u00a0rendimiento excepcional ideal para la visualizaci\u00f3n&hellip;<\/p>\n","protected":false},"featured_media":2080,"comment_status":"open","ping_status":"closed","template":"","meta":{"om_disable_all_campaigns":false,"_monsterinsights_skip_tracking":false,"_monsterinsights_sitenote_active":false,"_monsterinsights_sitenote_note":"","_monsterinsights_sitenote_category":0},"product_brand":[],"product_cat":[113],"product_tag":[114,42,38,66,115],"class_list":{"0":"post-2021","1":"product","2":"type-product","3":"status-publish","4":"has-post-thumbnail","6":"product_cat-domo-camaras-ip","7":"product_tag-camara-domo","8":"product_tag-camaras","9":"product_tag-camaras-de-seguridad","10":"product_tag-dahua","11":"product_tag-domo","13":"first","14":"instock","15":"sale","16":"taxable","17":"shipping-taxable","18":"purchasable","19":"product-type-simple"},"aioseo_notices":[],"_links":{"self":[{"href":"https:\/\/tecsecmty.com\/index.php\/wp-json\/wp\/v2\/product\/2021","targetHints":{"allow":["GET"]}}],"collection":[{"href":"https:\/\/tecsecmty.com\/index.php\/wp-json\/wp\/v2\/product"}],"about":[{"href":"https:\/\/tecsecmty.com\/index.php\/wp-json\/wp\/v2\/types\/product"}],"replies":[{"embeddable":true,"href":"https:\/\/tecsecmty.com\/index.php\/wp-json\/wp\/v2\/comments?post=2021"}],"version-history":[{"count":0,"href":"https:\/\/tecsecmty.com\/index.php\/wp-json\/wp\/v2\/product\/2021\/revisions"}],"wp:featuredmedia":[{"embeddable":true,"href":"https:\/\/tecsecmty.com\/index.php\/wp-json\/wp\/v2\/media\/2080"}],"wp:attachment":[{"href":"https:\/\/tecsecmty.com\/index.php\/wp-json\/wp\/v2\/media?parent=2021"}],"wp:term":[{"taxonomy":"product_brand","embeddable":true,"href":"https:\/\/tecsecmty.com\/index.php\/wp-json\/wp\/v2\/product_brand?post=2021"},{"taxonomy":"product_cat","embeddable":true,"href":"https:\/\/tecsecmty.com\/index.php\/wp-json\/wp\/v2\/product_cat?post=2021"},{"taxonomy":"product_tag","embeddable":true,"href":"https:\/\/tecsecmty.com\/index.php\/wp-json\/wp\/v2\/product_tag?post=2021"}],"curies":[{"name":"wp","href":"https:\/\/api.w.org\/{rel}","templated":true}]}}