{"id":2022,"date":"2023-02-22T18:07:21","date_gmt":"2023-02-23T00:07:21","guid":{"rendered":"https:\/\/tecsecmty.com\/index.php\/producto\/dahua-ipc-hdw1431s-camara-ip-domo-de-4-megapixeles-lente-de-2-8-mm-93-grados-de-apertura-h-265-wdr-real-de-120-db-ir-de-30-metros-ip67-poe\/"},"modified":"2023-03-22T23:22:50","modified_gmt":"2023-03-23T05:22:50","slug":"dahua-ipc-hdw1431s-camara-ip-domo-de-4-megapixeles-lente-de-2-8-mm-93-grados-de-apertura-h-265-wdr-real-de-120-db-ir-de-30-metros-ip67-poe","status":"publish","type":"product","link":"https:\/\/tecsecmty.com\/index.php\/producto\/dahua-ipc-hdw1431s-camara-ip-domo-de-4-megapixeles-lente-de-2-8-mm-93-grados-de-apertura-h-265-wdr-real-de-120-db-ir-de-30-metros-ip67-poe\/","title":{"rendered":"DAHUA IPC-HDW1431S &#8211; Camara IP Domo de 4 Megapixeles\/ Lente de 2.8 mm\/ 93 Grados de Apertura\/ H.265+\/ WDR Real de 120 dB\/ IR de 30 Metros\/ IP67\/ PoE\/"},"content":{"rendered":"<div class=\"row aling-items-center padding-bottom-2x\">\n<div class=\"col-lg-12\">\n<h5 class=\"card-title text-center\">Informaci\u00f3n General<\/h5>\n<p>La c\u00e1mara\u00a0<strong>\u00a0IPC-HDW1431S\u00a0<\/strong>\u00a0ofrece una resoluci\u00f3n de 4 MP con una lente fija de 2,8 mm. La elegante combinaci\u00f3n de est\u00e9tica de la c\u00e1mara combinada con una variedad de soluciones de f\u00e1cil montaje ofrece una excelente opci\u00f3n para una variedad de aplicaciones de tama\u00f1o peque\u00f1o a mediano a un precio asequible.<\/p>\n<p><img decoding=\"async\" class=\"overview-center-img-web\" src=\"https:\/\/tvc.mx\/media\/488308\/camara-ip-domo-4-megapixeles-wdr-IPC-HDW1431S-Dahua-imgpp.png\" alt=\"\" \/><\/div>\n<\/div>\n<div class=\"row align-items-center padding-bottom-2x\">\n<div class=\"col-md-5\"><img decoding=\"async\" class=\"d-block m-auto img-thumbnail\" src=\"https:\/\/tvc.mx\/media\/450407\/h.265plus-y-h.264plus-dahua.png\" alt=\" \" \/><\/div>\n<div class=\"col-md-7 text-md-left text-center\">\n<h2>C\u00f3dec Inteligente<\/h2>\n<p class=\"text-muted\">\n<p>Smart Codec es la implementaci\u00f3n optimizada de la compresi\u00f3n de video est\u00e1ndar (H.265 y H.264) que utiliza una estrategia de codificaci\u00f3n adaptable a la escena, GOP din\u00e1mico, ROI din\u00e1mico, estructura de referencia de m\u00faltiples cuadros flexible y reducci\u00f3n de ruido inteligente para brindar video de alta calidad. sin forzar la red. La tecnolog\u00eda Smart Codec reduce la tasa de bits y los requisitos de almacenamiento hasta en un 70 % en comparaci\u00f3n con la compresi\u00f3n de video est\u00e1ndar.<\/p>\n<p>&nbsp;<\/p>\n<\/div>\n<\/div>\n<hr class=\"padding-bottom-2x\" \/>\n<div class=\"row align-items-center padding-bottom-2x\">\n<div class=\"col-md-5 order-md-2\"><img decoding=\"async\" class=\"d-block m-auto img-thumbnail\" src=\"https:\/\/tvc.mx\/media\/487802\/deteccion-de-movimiento-dahua.png\" alt=\" \" \/><\/div>\n<div class=\"col-md-7 order-md-1 text-md-left text-center\">\n<h2>Detecci\u00f3n de movimiento<\/h2>\n<p class=\"text-muted\">\n<p>Cuando aparecen objetos en movimiento en la imagen de monitoreo, la tecnolog\u00eda de detecci\u00f3n de movimiento de Dahua (general) activa la alarma o registra.<\/p>\n<p>&nbsp;<\/p>\n<\/div>\n<\/div>\n<hr class=\"padding-bottom-2x\" \/>\n<div class=\"row align-items-center padding-bottom-2x\">\n<div class=\"col-md-5\"><img decoding=\"async\" class=\"d-block m-auto img-thumbnail\" src=\"https:\/\/tvc.mx\/media\/450415\/WDR-Dahua.png\" alt=\" \" \/><\/div>\n<div class=\"col-md-7 text-md-left text-center\">\n<h2>Amplio Rango Din\u00e1mico<\/h2>\n<p class=\"text-muted\">\n<p>La c\u00e1mara logra im\u00e1genes v\u00edvidas, incluso en las condiciones de iluminaci\u00f3n de contraste m\u00e1s intensas, utilizando la tecnolog\u00eda de amplio rango din\u00e1mico (WDR) l\u00edder en la industria. Para aplicaciones con condiciones de iluminaci\u00f3n brillante y baja que cambian r\u00e1pidamente, WDR real 120dB optimiza las \u00e1reas brillantes y oscuras de una escena al mismo tiempo para proporcionar un video utilizable.<\/p>\n<p>&nbsp;<\/p>\n<\/div>\n<\/div>\n<hr class=\"padding-bottom-2x\" \/>\n<div class=\"row align-items-center padding-bottom-2x\">\n<div class=\"col-md-5 order-md-2\"><img decoding=\"async\" class=\"d-block m-auto img-thumbnail\" src=\"https:\/\/tvc.mx\/media\/450419\/Smart-IR-Dahua.png\" alt=\" \" \/><\/div>\n<div class=\"col-md-7 order-md-1 text-md-left text-center\">\n<h2>IR Inteligente<\/h2>\n<p class=\"text-muted\">\n<p>Con iluminaci\u00f3n IR, se pueden capturar im\u00e1genes detalladas con poca luz u oscuridad total. La tecnolog\u00eda Smart IR de la c\u00e1mara ajusta la intensidad de los LED infrarrojos de la c\u00e1mara para compensar la distancia de un objeto. La tecnolog\u00eda IR inteligente evita que los LED IR blanqueen las im\u00e1genes a medida que se acercan a la c\u00e1mara. La iluminaci\u00f3n infrarroja integrada de la c\u00e1mara proporciona un alto rendimiento en entornos con poca luz extrema de hasta 30 m.<\/p>\n<p>&nbsp;<\/p>\n<\/div>\n<\/div>\n<hr class=\"padding-bottom-2x\" \/>\n<div class=\"row align-items-center padding-bottom-2x\">\n<div class=\"col-md-5\"><img decoding=\"async\" class=\"d-block m-auto img-thumbnail\" src=\"https:\/\/tvc.mx\/media\/450423\/camara-ip-domo-4-megapixeles-wdr-IPC-HDW1431S-Dahua-caracteristicas.png\" alt=\" \" \/><\/div>\n<div class=\"col-md-7 text-md-left text-center\">\n<h2>Principales Caracter\u00edsticas<\/h2>\n<p class=\"text-muted\">\n<ul>\n<li>WDR &#8211; 120 dB &#8211; Amplio rango din\u00e1mico de la iluminaci\u00f3n<\/li>\n<li>3D-DNR &#8211; Reducci\u00f3n digital de ruido en la imagen<\/li>\n<li>ROI &#8211; mejora de la calidad de las partes seleccionadas de la imagen<\/li>\n<li>BLC\/HLC &#8211; compensaci\u00f3n de luz de fondo \/ luz alta<\/li>\n<li>Posibilidad de cambiar la resoluci\u00f3n, calidad y tasa de bits<\/li>\n<li>Detecci\u00f3n de movimiento<\/li>\n<li>Zonas de privacidad configurables<\/li>\n<li>Mirror &#8211; Imagen de espejo<\/li>\n<\/ul>\n<p>&nbsp;<\/p>\n<\/div>\n<\/div>\n<hr class=\"padding-bottom-2x\" \/>\n<div class=\"row align-items-center padding-bottom-2x\">\n<div class=\"col-md-5 order-md-2\"><img decoding=\"async\" class=\"d-block m-auto img-thumbnail\" src=\"https:\/\/tvc.mx\/media\/450427\/camara-ip-domo-4-megapixeles-wdr-IPC-HDW1431S-Dahua-especificaciones.png\" alt=\" \" \/><\/div>\n<div class=\"col-md-7 order-md-1 text-md-left text-center\">\n<h2>Especificaciones<\/h2>\n<p class=\"text-muted\">\n<ul>\n<li>1\/3\u00a0\u00bb Progressive Scan CMOS<\/li>\n<li>4 Megap\u00edxeles<\/li>\n<li>Lente fijo 2.8\u00a0mm<\/li>\n<li>\u00c1ngulo de visi\u00f3n:93\u00a0\u00b0<\/li>\n<li>Rango del iluminador IR:30\u00a0m<\/li>\n<li>M\u00e9todo de compresi\u00f3n de im\u00e1genes:H.265+ \/\u00a0H.265\u00a0\/ H.264+ \/\u00a0H.264\u00a0\/\u00a0MJPEG<\/li>\n<li>Alimentaci\u00f3n: PoE (802.3af), 12\u00a0V\u00a0DC\u00a0\/ 460\u00a0mA<\/li>\n<li>Carcasa: Metal + Pl\u00e1stico<\/li>\n<li>Grado de protecci\u00f3n: IP67<\/li>\n<\/ul>\n<\/div>\n<\/div>\n","protected":false},"excerpt":{"rendered":"<p>Informaci\u00f3n General La c\u00e1mara\u00a0\u00a0IPC-HDW1431S\u00a0\u00a0ofrece una resoluci\u00f3n de 4 MP con una lente fija de 2,8 mm. La elegante combinaci\u00f3n de est\u00e9tica de la c\u00e1mara combinada con una variedad de soluciones de f\u00e1cil montaje ofrece una excelente opci\u00f3n para una variedad de aplicaciones de tama\u00f1o peque\u00f1o&hellip;<\/p>\n","protected":false},"featured_media":2081,"comment_status":"open","ping_status":"closed","template":"","meta":{"om_disable_all_campaigns":false,"_monsterinsights_skip_tracking":false,"_monsterinsights_sitenote_active":false,"_monsterinsights_sitenote_note":"","_monsterinsights_sitenote_category":0},"product_brand":[],"product_cat":[113],"product_tag":[114,42,38,66,115],"class_list":{"0":"post-2022","1":"product","2":"type-product","3":"status-publish","4":"has-post-thumbnail","6":"product_cat-domo-camaras-ip","7":"product_tag-camara-domo","8":"product_tag-camaras","9":"product_tag-camaras-de-seguridad","10":"product_tag-dahua","11":"product_tag-domo","13":"first","14":"instock","15":"sale","16":"taxable","17":"shipping-taxable","18":"purchasable","19":"product-type-simple"},"aioseo_notices":[],"_links":{"self":[{"href":"https:\/\/tecsecmty.com\/index.php\/wp-json\/wp\/v2\/product\/2022","targetHints":{"allow":["GET"]}}],"collection":[{"href":"https:\/\/tecsecmty.com\/index.php\/wp-json\/wp\/v2\/product"}],"about":[{"href":"https:\/\/tecsecmty.com\/index.php\/wp-json\/wp\/v2\/types\/product"}],"replies":[{"embeddable":true,"href":"https:\/\/tecsecmty.com\/index.php\/wp-json\/wp\/v2\/comments?post=2022"}],"version-history":[{"count":0,"href":"https:\/\/tecsecmty.com\/index.php\/wp-json\/wp\/v2\/product\/2022\/revisions"}],"wp:featuredmedia":[{"embeddable":true,"href":"https:\/\/tecsecmty.com\/index.php\/wp-json\/wp\/v2\/media\/2081"}],"wp:attachment":[{"href":"https:\/\/tecsecmty.com\/index.php\/wp-json\/wp\/v2\/media?parent=2022"}],"wp:term":[{"taxonomy":"product_brand","embeddable":true,"href":"https:\/\/tecsecmty.com\/index.php\/wp-json\/wp\/v2\/product_brand?post=2022"},{"taxonomy":"product_cat","embeddable":true,"href":"https:\/\/tecsecmty.com\/index.php\/wp-json\/wp\/v2\/product_cat?post=2022"},{"taxonomy":"product_tag","embeddable":true,"href":"https:\/\/tecsecmty.com\/index.php\/wp-json\/wp\/v2\/product_tag?post=2022"}],"curies":[{"name":"wp","href":"https:\/\/api.w.org\/{rel}","templated":true}]}}