{"id":2023,"date":"2023-02-22T18:07:22","date_gmt":"2023-02-23T00:07:22","guid":{"rendered":"https:\/\/tecsecmty.com\/index.php\/producto\/dahua-ipc-hdw1830t-s6-camara-ip-domo-4k-8-megapixeles-lente-de-2-8-mm-105-grados-de-apertura-microfono-integrado-ir-de-30-metros-metalica-h-265-ip67-dwdr-poe\/"},"modified":"2023-03-22T23:22:50","modified_gmt":"2023-03-23T05:22:50","slug":"dahua-ipc-hdw1830t-s6-camara-ip-domo-4k-8-megapixeles-lente-de-2-8-mm-105-grados-de-apertura-microfono-integrado-ir-de-30-metros-metalica-h-265-ip67-dwdr-poe","status":"publish","type":"product","link":"https:\/\/tecsecmty.com\/index.php\/producto\/dahua-ipc-hdw1830t-s6-camara-ip-domo-4k-8-megapixeles-lente-de-2-8-mm-105-grados-de-apertura-microfono-integrado-ir-de-30-metros-metalica-h-265-ip67-dwdr-poe\/","title":{"rendered":"DAHUA IPC-HDW1830T-S6 &#8211; Camara IP Domo 4k\/ 8 Megapixeles\/ Lente de 2.8 mm\/ 105 Grados de Apertura\/ Micr\u00f3fono Integrado\/ IR de 30 Metros\/ Met\u00e1lica\/ H.265\/ IP67\/ DWDR\/ PoE\/"},"content":{"rendered":"<div class=\"row aling-items-center padding-bottom-2x\">\n<div class=\"col-lg-12\">\n<h5 class=\"card-title text-center\">Informaci\u00f3n General<\/h5>\n<p>Con caracter\u00edsticas de instalaci\u00f3n simple, f\u00e1cil operaci\u00f3n y alta relaci\u00f3n rendimiento-costo, la c\u00e1mara de red de la serie Entry de Dahua es aplicable a escenas peque\u00f1as y medianas, como hogares\/residencias, tiendas minoristas peque\u00f1as y otras peque\u00f1as y medianas. empresas<\/p>\n<p><img decoding=\"async\" class=\"overview-center-img-web\" src=\"https:\/\/tvc.mx\/media\/471394\/camara-ip-domo-4k-8-megapixeles-ir-integrado-IPC-HDW1830T-S6-Dahua.png\" alt=\"\" \/><\/div>\n<\/div>\n<div class=\"row align-items-center padding-bottom-2x\">\n<div class=\"col-md-5 order-md-2\"><img decoding=\"async\" class=\"d-block m-auto img-thumbnail\" src=\"https:\/\/tvc.mx\/media\/471396\/codificacion-h.265-dahua.png\" alt=\" \" \/><\/div>\n<div class=\"col-md-7 order-md-1 text-md-left text-center\">\n<h2>Codificaci\u00f3n Inteligente<\/h2>\n<p class=\"text-muted\">\n<p>Con un algoritmo avanzado de control de velocidad adaptable a la escena, la tecnolog\u00eda de codificaci\u00f3n inteligente de Dahua logra una mayor eficiencia de codificaci\u00f3n que H.265 y H.264, proporciona video de alta calidad y reduce el costo de almacenamiento y transmisi\u00f3n<\/p>\n<p>&nbsp;<\/p>\n<\/div>\n<\/div>\n<hr class=\"padding-bottom-2x\" \/>\n<div class=\"row align-items-center padding-bottom-2x\">\n<div class=\"col-md-5\"><img decoding=\"async\" class=\"d-block m-auto img-thumbnail\" src=\"https:\/\/tvc.mx\/media\/471398\/deteccion-de-movimiento-dahua.png\" alt=\" \" \/><\/div>\n<div class=\"col-md-7 text-md-left text-center\">\n<h2>Detecci\u00f3n de movimiento<\/h2>\n<p class=\"text-muted\">\n<p>Cuando aparecen objetos en movimiento en la imagen de monitoreo, la tecnolog\u00eda de detecci\u00f3n de movimiento de Dahua (general) activa la alarma o registra.<\/p>\n<p>&nbsp;<\/p>\n<\/div>\n<\/div>\n<hr class=\"padding-bottom-2x\" \/>\n<div class=\"row align-items-center padding-bottom-2x\">\n<div class=\"col-md-5 order-md-2\"><img decoding=\"async\" class=\"d-block m-auto img-thumbnail\" src=\"https:\/\/tvc.mx\/media\/471400\/Smart-IR-Dahua.png\" alt=\" \" \/><\/div>\n<div class=\"col-md-7 order-md-1 text-md-left text-center\">\n<h2>Iluminaci\u00f3n inteligente<\/h2>\n<p class=\"text-muted\">\n<p>La tecnolog\u00eda Dahua Smart IR puede mostrar la imagen en un entorno de baja iluminaci\u00f3n o en un entorno completamente oscuro. Seg\u00fan la distancia de los objetivos, la c\u00e1mara ajusta la intensidad de las iluminaciones autom\u00e1ticamente para mostrar los detalles del objetivo en movimiento.<\/p>\n<p>&nbsp;<\/p>\n<\/div>\n<\/div>\n<hr class=\"padding-bottom-2x\" \/>\n<div class=\"row align-items-center padding-bottom-2x\">\n<div class=\"col-md-5\"><img decoding=\"async\" class=\"d-block m-auto img-thumbnail\" src=\"https:\/\/tvc.mx\/media\/471402\/IP67-dahua.png\" alt=\" \" \/><\/div>\n<div class=\"col-md-7 text-md-left text-center\">\n<h2>Protecci\u00f3n IP67<\/h2>\n<p class=\"text-muted\">\n<p>IP67: la c\u00e1mara pasa una serie de pruebas estrictas sobre polvo y remojo. Tiene una funci\u00f3n a prueba de polvo y la carcasa puede funcionar normalmente despu\u00e9s de sumergirse en agua a 1 m de profundidad durante 30 minutos. Amplio voltaje: la c\u00e1mara permite una tolerancia de voltaje de entrada de \u00b130 % (para algunas fuentes de alimentaci\u00f3n) (amplio rango de voltaje) y se aplica ampliamente en ambientes exteriores con voltaje inestable<\/p>\n<p>&nbsp;<\/p>\n<\/div>\n<\/div>\n<hr class=\"padding-bottom-2x\" \/>\n<div class=\"row align-items-center padding-bottom-2x\">\n<div class=\"col-md-5 order-md-2\"><img decoding=\"async\" class=\"d-block m-auto img-thumbnail\" src=\"https:\/\/tvc.mx\/media\/471424\/camara-ip-domo-4k-8-megapixeles-ir-integrado-IPC-HDW1830T-S6-Dahua-caracteristicas.png\" alt=\" \" \/><\/div>\n<div class=\"col-md-7 order-md-1 text-md-left text-center\">\n<h2>Principales Caracter\u00edsticas<\/h2>\n<p class=\"text-muted\">\n<ul>\n<li>C\u00f3dec H.265, alta tasa de compresi\u00f3n y tasa de bits ultrabaja.<\/li>\n<li>LED IR incorporado<\/li>\n<li>ROI, SMART H.264 +\/H.265+<\/li>\n<li>Modo de rotaci\u00f3n, DWDR, 3D NR, HLC, BLC, marca de agua digital, aplicable a varias escenas de monitoreo.<\/li>\n<li>Detecci\u00f3n de anomal\u00edas: detecci\u00f3n de movimiento, manipulaci\u00f3n de video, detecci\u00f3n de audio, desconexi\u00f3n de red, conflicto de IP y acceso ilegal.<\/li>\n<\/ul>\n<p>&nbsp;<\/p>\n<\/div>\n<\/div>\n<hr class=\"padding-bottom-2x\" \/>\n<div class=\"row align-items-center padding-bottom-2x\">\n<div class=\"col-md-5\"><img decoding=\"async\" class=\"d-block m-auto img-thumbnail\" src=\"https:\/\/tvc.mx\/media\/471426\/camara-ip-domo-4k-8-megapixeles-ir-integrado-IPC-HDW1830T-S6-Dahua-especificaciones.png\" alt=\" \" \/><\/div>\n<div class=\"col-md-7 text-md-left text-center\">\n<h2>Especificaciones<\/h2>\n<p class=\"text-muted\">\n<ul>\n<li>CMOS de 1\/2,7&#8243;<\/li>\n<li>Distancia de iluminaci\u00f3n 30 m<\/li>\n<li>Lente fijo 2.8mm<\/li>\n<li>Compresi\u00f3n de video: H.265; H.264; H.264B; MJPEG<\/li>\n<li>D\u00eda\/Noche Autom\u00e1tico (ICR)\/Color\/B\/N)<\/li>\n<li>DWDR<\/li>\n<li>Reducci\u00f3n de ruido NR 3D<\/li>\n<li>Fuente de alimentaci\u00f3n 12 V CC\/PoE (802.3af)<\/li>\n<li>Protecci\u00f3n IP67<\/li>\n<li>Carcasa: Metal<\/li>\n<\/ul>\n<\/div>\n<\/div>\n","protected":false},"excerpt":{"rendered":"<p>Informaci\u00f3n General Con caracter\u00edsticas de instalaci\u00f3n simple, f\u00e1cil operaci\u00f3n y alta relaci\u00f3n rendimiento-costo, la c\u00e1mara de red de la serie Entry de Dahua es aplicable a escenas peque\u00f1as y medianas, como hogares\/residencias, tiendas minoristas peque\u00f1as y otras peque\u00f1as y medianas. empresas Codificaci\u00f3n Inteligente Con un&hellip;<\/p>\n","protected":false},"featured_media":2082,"comment_status":"open","ping_status":"closed","template":"","meta":{"om_disable_all_campaigns":false,"_monsterinsights_skip_tracking":false,"_monsterinsights_sitenote_active":false,"_monsterinsights_sitenote_note":"","_monsterinsights_sitenote_category":0},"product_brand":[],"product_cat":[113],"product_tag":[114,42,38,66,115],"class_list":{"0":"post-2023","1":"product","2":"type-product","3":"status-publish","4":"has-post-thumbnail","6":"product_cat-domo-camaras-ip","7":"product_tag-camara-domo","8":"product_tag-camaras","9":"product_tag-camaras-de-seguridad","10":"product_tag-dahua","11":"product_tag-domo","13":"first","14":"instock","15":"sale","16":"taxable","17":"shipping-taxable","18":"purchasable","19":"product-type-simple"},"aioseo_notices":[],"_links":{"self":[{"href":"https:\/\/tecsecmty.com\/index.php\/wp-json\/wp\/v2\/product\/2023","targetHints":{"allow":["GET"]}}],"collection":[{"href":"https:\/\/tecsecmty.com\/index.php\/wp-json\/wp\/v2\/product"}],"about":[{"href":"https:\/\/tecsecmty.com\/index.php\/wp-json\/wp\/v2\/types\/product"}],"replies":[{"embeddable":true,"href":"https:\/\/tecsecmty.com\/index.php\/wp-json\/wp\/v2\/comments?post=2023"}],"version-history":[{"count":0,"href":"https:\/\/tecsecmty.com\/index.php\/wp-json\/wp\/v2\/product\/2023\/revisions"}],"wp:featuredmedia":[{"embeddable":true,"href":"https:\/\/tecsecmty.com\/index.php\/wp-json\/wp\/v2\/media\/2082"}],"wp:attachment":[{"href":"https:\/\/tecsecmty.com\/index.php\/wp-json\/wp\/v2\/media?parent=2023"}],"wp:term":[{"taxonomy":"product_brand","embeddable":true,"href":"https:\/\/tecsecmty.com\/index.php\/wp-json\/wp\/v2\/product_brand?post=2023"},{"taxonomy":"product_cat","embeddable":true,"href":"https:\/\/tecsecmty.com\/index.php\/wp-json\/wp\/v2\/product_cat?post=2023"},{"taxonomy":"product_tag","embeddable":true,"href":"https:\/\/tecsecmty.com\/index.php\/wp-json\/wp\/v2\/product_tag?post=2023"}],"curies":[{"name":"wp","href":"https:\/\/api.w.org\/{rel}","templated":true}]}}