{"id":2025,"date":"2023-02-22T18:07:22","date_gmt":"2023-02-23T00:07:22","guid":{"rendered":"https:\/\/tecsecmty.com\/index.php\/producto\/dahua-ipc-hdw2439t-as-led-28-camara-domo-ip-de-4-megapixeles-full-color-lente-de-2-8-mm-microfono-integrado-107-grados-de-apertura-h-265-luz-para-30-mts-wdr-real-ranura-para-microsd-ip67-po\/"},"modified":"2023-03-22T23:22:50","modified_gmt":"2023-03-23T05:22:50","slug":"dahua-ipc-hdw2439t-as-led-28-camara-domo-ip-de-4-megapixeles-full-color-lente-de-2-8-mm-microfono-integrado-107-grados-de-apertura-h-265-luz-para-30-mts-wdr-real-ranura-para-microsd-ip67-po","status":"publish","type":"product","link":"https:\/\/tecsecmty.com\/index.php\/producto\/dahua-ipc-hdw2439t-as-led-28-camara-domo-ip-de-4-megapixeles-full-color-lente-de-2-8-mm-microfono-integrado-107-grados-de-apertura-h-265-luz-para-30-mts-wdr-real-ranura-para-microsd-ip67-po\/","title":{"rendered":"DAHUA IPC-HDW2439T-AS-LED-28- Camara Domo IP de 4 Megapixeles\/ Full Color\/ Lente de 2.8 mm\/ Microfono Integrado\/ 107 Grados de Apertura\/ H.265\/ Luz para 30 Mts\/ WDR Real\/ Ranura para MicroSD\/ IP67\/ PoE\/"},"content":{"rendered":"<div class=\"row aling-items-center padding-bottom-2x\">\n<div class=\"col-lg-12\">\n<h5 class=\"card-title text-center\">Informaci\u00f3n General<\/h5>\n<p>La c\u00e1mara modelo\u00a0<strong>HDW2439T-AS-LED-28<\/strong>\u00a0es una c\u00e1mara bullet de\u00a0<strong>4 MP<\/strong>\u00a0de resoluci\u00f3n que pertenece a la serie\u00a0<strong>Full Color\u00a0<\/strong>, con la cual podemos apreciar una imagen con mayor nitidez, brillo y claridad . Este modelo\u00a0incorpora un<strong>\u00a0lente\u00a0de\u00a02.8mm<\/strong>\u00a0dando un<strong>\u00a0\u00e1ngulo de visi\u00f3n de\u00a0107,\u00a0<\/strong>adem\u00e1s cuenta con un<strong>\u00a0micr\u00f3fono integrado<\/strong>\u00a0que proporciona audio de alta calidad, la tecnolog\u00eda<strong>\u00a0Full Color<\/strong>\u00a0nos permite obtener un\u00a0rendimiento excepcional ideal para la visualizaci\u00f3n y reproducci\u00f3n\u00a0de im\u00e1genes\u00a0<strong>bajo condiciones de poca iluminaci\u00f3n<\/strong>. Cuenta con funciones IVS como tripwire e intrusi\u00f3n.<\/p>\n<p><img decoding=\"async\" class=\"overview-center-img-web\" src=\"https:\/\/tvc.mx\/media\/385535\/Dahua-HDW2439T-AS-LED-28-C%C3%A1mara-IP-Bullet-2MP-Full-Color-Proteccion-Perimetral-Microfono-Integrado-B.png\" alt=\"\" \/><\/div>\n<\/div>\n<div class=\"row align-items-center padding-bottom-2x\">\n<div class=\"col-md-5 order-md-2\"><img decoding=\"async\" class=\"d-block m-auto img-thumbnail\" src=\"https:\/\/tvc.mx\/media\/385559\/full-color-dahua.png\" alt=\" \" \/><\/div>\n<div class=\"col-md-7 order-md-1 text-md-left text-center\">\n<h2>Full Color<\/h2>\n<p class=\"text-muted\">\n<p>La c\u00e1mara\u00a0<strong>HDW2439T-AS-LED-28<\/strong>\u00a0incorpora la tecnolog\u00eda Full Color, esta tecnolog\u00eda nos permite obtener un\u00a0rendimiento excepcional ideal para la visualizaci\u00f3n y reproducci\u00f3n\u00a0de im\u00e1genes bajo condiciones de poca iluminaci\u00f3n, tanto en condiciones de contraluz extremo como en la obscuridad. Las c\u00e1maras Full Color nos permite tener un monitoreo 24\/7, para recopilaci\u00f3n de datos crom\u00e1ticos.<\/p>\n<p>&nbsp;<\/p>\n<\/div>\n<\/div>\n<hr class=\"padding-bottom-2x\" \/>\n<div class=\"row align-items-center padding-bottom-2x\">\n<div class=\"col-md-5\"><img decoding=\"async\" class=\"d-block m-auto img-thumbnail\" src=\"https:\/\/tvc.mx\/media\/385563\/WDR-Dahua.png\" alt=\" \" \/><\/div>\n<div class=\"col-md-7 text-md-left text-center\">\n<h2>WDR 120 dB<\/h2>\n<p class=\"text-muted\">\n<p>La c\u00e1mara\u00a0<strong>HDW2439T-AS-LED-28\u00a0<\/strong>logra obtener im\u00e1genes n\u00edtidas\u00a0en escenarios donde hay variaci\u00f3n\u00a0en las condiciones de iluminaci\u00f3n ya sea\u00a0baja y\/o brillante, la funci\u00f3n\u00a0<strong>WDR real120dB<\/strong>\u00a0se encarga de medir, compensar y ajustar la luz en la imagen\u00a0captada para despu\u00e9s\u00a0combinar los espacios de luces brillantes con los espacios de sombras, creando\u00a0un equilibrio en la imagen final.<\/p>\n<p>&nbsp;<\/p>\n<\/div>\n<\/div>\n<hr class=\"padding-bottom-2x\" \/>\n<div class=\"row align-items-center padding-bottom-2x\">\n<div class=\"col-md-5 order-md-2\"><img decoding=\"async\" class=\"d-block m-auto img-thumbnail\" src=\"https:\/\/tvc.mx\/media\/385567\/codificacion-h.265-dahua.png\" alt=\" \" \/><\/div>\n<div class=\"col-md-7 order-md-1 text-md-left text-center\">\n<h2>Codec Inteligente<\/h2>\n<p class=\"text-muted\">\n<p>Nuestra c\u00e1mara cuenta con la funci\u00f3n Smart Codec o tambi\u00e9n conocida como C\u00f3dec Inteligente , esta es una funci\u00f3n cuyo objetivo es reducir el consumo de ancho de banda sin perder la calidad de imagen visible al aumentar de manera inteligente la compresi\u00f3n donde no har\u00e1 una diferencia visible en la escena.<\/p>\n<p>&nbsp;<\/p>\n<\/div>\n<\/div>\n<hr class=\"padding-bottom-2x\" \/>\n<div class=\"row align-items-center padding-bottom-2x\">\n<div class=\"col-md-5\"><img decoding=\"async\" class=\"d-block m-auto img-thumbnail\" src=\"https:\/\/tvc.mx\/media\/385571\/Dahua-HDW2439T-AS-LED-28-C%C3%A1mara-IP-Bullet-2MP-Full-Color-Proteccion-Perimetral-Microfono-Integrado-pp-caracteristicas.png\" alt=\" \" \/><\/div>\n<div class=\"col-md-7 text-md-left text-center\">\n<h2>Principales Caracter\u00edsticas<\/h2>\n<p class=\"text-muted\">\n<ul>\n<li>WDR &#8211; 120 dB &#8211; Amplio rango din\u00e1mico de la iluminaci\u00f3n<\/li>\n<li>3D-DNR &#8211; Reducci\u00f3n digital de ruido en la imagen<\/li>\n<li>ROI &#8211; mejora de la calidad de las partes seleccionadas de la imagen<\/li>\n<li>BLC\/HLC &#8211; compensaci\u00f3n de luz de fondo \/ luz alta<\/li>\n<li>Posibilidad de cambiar la resoluci\u00f3n, calidad y tasa de bits<\/li>\n<li>Modo d\u00eda\/noche<\/li>\n<li>Full Color &#8211; modo nocturno en color<\/li>\n<li>WB &#8211; Balance de blancos (ATW\/AWB\/manual\/interno\/externo)<\/li>\n<li>AGC &#8211; Ajuste autom\u00e1tico de la ganancia de la imagen<\/li>\n<li>Detecci\u00f3n de movimiento<\/li>\n<li>Zonas de privacidad configurables<\/li>\n<li>Mirror &#8211; Imagen de espejo<\/li>\n<li>An\u00e1lisis IVS\u00a0:\u00a0intrusi\u00f3n,\u00a0cruzamiento de la l\u00ednea (cable trampa),\u00a0cambio de escenario<\/li>\n<\/ul>\n<p>&nbsp;<\/p>\n<\/div>\n<\/div>\n<hr class=\"padding-bottom-2x\" \/>\n<div class=\"row align-items-center padding-bottom-2x\">\n<div class=\"col-md-5 order-md-2\"><img decoding=\"async\" class=\"d-block m-auto img-thumbnail\" src=\"https:\/\/tvc.mx\/media\/385575\/Dahua-HDW2439T-AS-LED-28-C%C3%A1mara-IP-Bullet-2MP-Full-Color-Proteccion-Perimetral-Microfono-Integrado-especificaciones.png\" alt=\" \" \/><\/div>\n<div class=\"col-md-7 order-md-1 text-md-left text-center\">\n<h2>Especificaciones<\/h2>\n<p class=\"text-muted\">\n<ul>\n<li>1\/3\u00a0\u00bb Progressive Scan CMOS<\/li>\n<li>4 Megap\u00edxeles<\/li>\n<li>Lente Fijo de 2.8mm<\/li>\n<li>\u00c1ngulo de visi\u00f3n:96\u00a0\u00b0<\/li>\n<li>Alcance del iluminador de luz blanca (LED):30\u00a0m<\/li>\n<li>Sensibilidad:0.004\u00a0Lux \/ F1.0<\/li>\n<li>Ranura para tarjeta de memoria: Es compatible con tarjetas Micro SD hasta 256GB<\/li>\n<li>M\u00e9todo de compresi\u00f3n de im\u00e1genes:H.265+ \/\u00a0H.265\u00a0\/ H.264+ \/\u00a0H.264\u00a0\/\u00a0MJPEG<\/li>\n<li>Micr\u00f3fono integrado<\/li>\n<li>Detecci\u00f3n de audio<\/li>\n<li>PoE (802.3af),<\/li>\n<li>12\u00a0V\u00a0DC\u00a0\/ 600\u00a0mA<\/li>\n<li>Metal + Pl\u00e1stico<\/li>\n<li>IP67<\/li>\n<\/ul>\n<\/div>\n<\/div>\n","protected":false},"excerpt":{"rendered":"<p>Informaci\u00f3n General La c\u00e1mara modelo\u00a0HDW2439T-AS-LED-28\u00a0es una c\u00e1mara bullet de\u00a04 MP\u00a0de resoluci\u00f3n que pertenece a la serie\u00a0Full Color\u00a0, con la cual podemos apreciar una imagen con mayor nitidez, brillo y claridad . Este modelo\u00a0incorpora un\u00a0lente\u00a0de\u00a02.8mm\u00a0dando un\u00a0\u00e1ngulo de visi\u00f3n de\u00a0107,\u00a0adem\u00e1s cuenta con un\u00a0micr\u00f3fono integrado\u00a0que proporciona audio de&hellip;<\/p>\n","protected":false},"featured_media":2084,"comment_status":"open","ping_status":"closed","template":"","meta":{"om_disable_all_campaigns":false,"_monsterinsights_skip_tracking":false,"_monsterinsights_sitenote_active":false,"_monsterinsights_sitenote_note":"","_monsterinsights_sitenote_category":0},"product_brand":[],"product_cat":[113],"product_tag":[114,42,38,66,115],"class_list":{"0":"post-2025","1":"product","2":"type-product","3":"status-publish","4":"has-post-thumbnail","6":"product_cat-domo-camaras-ip","7":"product_tag-camara-domo","8":"product_tag-camaras","9":"product_tag-camaras-de-seguridad","10":"product_tag-dahua","11":"product_tag-domo","13":"first","14":"instock","15":"sale","16":"taxable","17":"shipping-taxable","18":"purchasable","19":"product-type-simple"},"aioseo_notices":[],"_links":{"self":[{"href":"https:\/\/tecsecmty.com\/index.php\/wp-json\/wp\/v2\/product\/2025","targetHints":{"allow":["GET"]}}],"collection":[{"href":"https:\/\/tecsecmty.com\/index.php\/wp-json\/wp\/v2\/product"}],"about":[{"href":"https:\/\/tecsecmty.com\/index.php\/wp-json\/wp\/v2\/types\/product"}],"replies":[{"embeddable":true,"href":"https:\/\/tecsecmty.com\/index.php\/wp-json\/wp\/v2\/comments?post=2025"}],"version-history":[{"count":0,"href":"https:\/\/tecsecmty.com\/index.php\/wp-json\/wp\/v2\/product\/2025\/revisions"}],"wp:featuredmedia":[{"embeddable":true,"href":"https:\/\/tecsecmty.com\/index.php\/wp-json\/wp\/v2\/media\/2084"}],"wp:attachment":[{"href":"https:\/\/tecsecmty.com\/index.php\/wp-json\/wp\/v2\/media?parent=2025"}],"wp:term":[{"taxonomy":"product_brand","embeddable":true,"href":"https:\/\/tecsecmty.com\/index.php\/wp-json\/wp\/v2\/product_brand?post=2025"},{"taxonomy":"product_cat","embeddable":true,"href":"https:\/\/tecsecmty.com\/index.php\/wp-json\/wp\/v2\/product_cat?post=2025"},{"taxonomy":"product_tag","embeddable":true,"href":"https:\/\/tecsecmty.com\/index.php\/wp-json\/wp\/v2\/product_tag?post=2025"}],"curies":[{"name":"wp","href":"https:\/\/api.w.org\/{rel}","templated":true}]}}