{"id":2026,"date":"2023-02-22T18:07:23","date_gmt":"2023-02-23T00:07:23","guid":{"rendered":"https:\/\/tecsecmty.com\/index.php\/producto\/dahua-ipc-hdw2449t-s-il-camara-domo-ip-de-4-megapixeles-con-iluminador-dual-inteligentefull-color-wizsense-lente-de-2-8mm-95-grados-microfono-integrado-30-mts-de-ir-y-luz-visible-metalica-r\/"},"modified":"2023-03-22T23:22:50","modified_gmt":"2023-03-23T05:22:50","slug":"dahua-ipc-hdw2449t-s-il-camara-domo-ip-de-4-megapixeles-con-iluminador-dual-inteligentefull-color-wizsense-lente-de-2-8mm-95-grados-microfono-integrado-30-mts-de-ir-y-luz-visible-metalica-r","status":"publish","type":"product","link":"https:\/\/tecsecmty.com\/index.php\/producto\/dahua-ipc-hdw2449t-s-il-camara-domo-ip-de-4-megapixeles-con-iluminador-dual-inteligentefull-color-wizsense-lente-de-2-8mm-95-grados-microfono-integrado-30-mts-de-ir-y-luz-visible-metalica-r\/","title":{"rendered":"DAHUA IPC-HDW2449T-S-IL &#8211; Camara Domo IP de 4 Megapixeles\/ Con Iluminador Dual Inteligente+Full Color\/ WizSense\/ Lente de 2.8mm\/ 95 Grados\/ Microfono Integrado\/ 30 Mts de IR y Luz Visible\/ Metalica\/ Ranura MicroSD\/ WDR de 120 dB\/ SMD Plus\/ PoE\/ #LoNuevo"},"content":{"rendered":"<div class=\"row aling-items-center padding-bottom-2x\">\n<div class=\"col-lg-12\">\n<h5 class=\"card-title text-center\">Informaci\u00f3n general<\/h5>\n<p class=\"ql-align-justify\">Con un algoritmo avanzado de aprendizaje profundo, la c\u00e1mara de red de la serie Dahua WizSense 2 admite funciones inteligentes, como protecci\u00f3n perimetral y detecci\u00f3n de movimiento inteligente. Con la tecnolog\u00eda Starlight, esta c\u00e1mara de la serie proporciona un mejor efecto de imagen en condiciones de baja iluminaci\u00f3n.<\/p>\n<p><img decoding=\"async\" class=\"overview-center-img-web\" src=\"https:\/\/tvc.mx\/media\/612983\/DAHUA-DH-IPC-HDW2449T-S-IL-Camara-Domo-IP-Smart-Dual-Illumination-4-Megapixeles-WizSense-BANNER-PRINCIPAL.png\" alt=\"Camara Domo\" \/><\/p>\n<\/div>\n<\/div>\n<div class=\"row align-items-center padding-bottom-2x\">\n<div class=\"col-md-5\"><img decoding=\"async\" class=\"d-block m-auto img-thumbnail\" src=\"https:\/\/tvc.mx\/media\/612995\/full-color-dahua.png\" alt=\" full color\" \/><\/div>\n<div class=\"col-md-7 text-md-left text-center\">\n<h2>A todo color<\/h2>\n<p class=\"ql-align-justify\">Con un sensor de alto rendimiento y una lente de gran apertura, la tecnolog\u00eda a todo color de Dahua puede mostrar im\u00e1genes claras y coloridas en un entorno de iluminaci\u00f3n ultrabaja. Con esta tecnolog\u00eda de foto-sensibilidad, la c\u00e1mara puede capturar m\u00e1s luz disponible y mostrar detalles de imagen m\u00e1s coloridos.<\/p>\n<p>&nbsp;<\/p>\n<\/div>\n<\/div>\n<hr class=\"padding-bottom-2x\" \/>\n<div class=\"row align-items-center padding-bottom-2x\">\n<div class=\"col-md-5 order-md-2\"><img decoding=\"async\" class=\"d-block m-auto img-thumbnail\" src=\"https:\/\/tvc.mx\/media\/612999\/SMD-plus-Dahua.png\" alt=\" SMD m\u00e1s\" \/><\/div>\n<div class=\"col-md-7 order-md-1 text-md-left text-center\">\n<h2>SMD m\u00e1s<\/h2>\n<p class=\"ql-align-justify\">Con un algoritmo inteligente, la tecnolog\u00eda de detecci\u00f3n de movimiento inteligente de Dahua puede categorizar los objetivos que activan la detecci\u00f3n de movimiento y filtrar la alarma de detecci\u00f3n de movimiento activada por objetivos no afectados para generar una alarma efectiva y precisa.<\/p>\n<p>&nbsp;<\/p>\n<\/div>\n<\/div>\n<hr class=\"padding-bottom-2x\" \/>\n<div class=\"row align-items-center padding-bottom-2x\">\n<div class=\"col-md-5\"><img decoding=\"async\" class=\"d-block m-auto img-thumbnail\" src=\"https:\/\/tvc.mx\/media\/613007\/IP67-dahua.png\" alt=\" IP67\" \/><\/div>\n<div class=\"col-md-7 text-md-left text-center\">\n<h2>Protecci\u00f3n (IP67, amplio voltaje)<\/h2>\n<p><strong>IP67:<\/strong>\u00a0la c\u00e1mara pasa una serie de pruebas estrictas sobre polvo y remojo. Tiene una funci\u00f3n a prueba de polvo y la carcasa puede funcionar normalmente despu\u00e9s de sumergirse en agua a 1 m de profundidad durante 30 minutos.<\/p>\n<p><strong>Amplio voltaje:\u00a0<\/strong>la c\u00e1mara permite una tolerancia de voltaje de entrada de \u00b130 % (para algunas fuentes de alimentaci\u00f3n) (amplio rango de voltaje) y se aplica ampliamente en ambientes exteriores con voltaje inestable.<\/p>\n<p>&nbsp;<\/p>\n<\/div>\n<\/div>\n<hr class=\"padding-bottom-2x\" \/>\n<div class=\"row align-items-center padding-bottom-2x\">\n<div class=\"col-md-5 order-md-2\"><img decoding=\"async\" class=\"d-block m-auto img-thumbnail\" src=\"https:\/\/tvc.mx\/media\/613019\/proteccion-perimetral-dahua.png\" alt=\" protecci\u00f3n perimetral\" \/><\/div>\n<div class=\"col-md-7 order-md-1 text-md-left text-center\">\n<h2>Protecci\u00f3n Perimetral<\/h2>\n<p class=\"ql-align-justify\">Con un algoritmo de aprendizaje profundo, la tecnolog\u00eda de protecci\u00f3n perimetral de Dahua puede reconocer a humanos y veh\u00edculos con precisi\u00f3n. En \u00e1reas restringidas (como \u00e1reas para peatones y veh\u00edculos), las falsas alarmas de detecci\u00f3n inteligente basadas en el tipo de objetivo (como cable trampa, intrusi\u00f3n) se reducen en gran medida.<\/p>\n<p>&nbsp;<\/p>\n<\/div>\n<\/div>\n<hr class=\"padding-bottom-2x\" \/>\n<div class=\"row align-items-center padding-bottom-2x\">\n<div class=\"col-md-5\"><img decoding=\"async\" class=\"d-block m-auto img-thumbnail\" src=\"https:\/\/tvc.mx\/media\/613031\/DAHUA-DH-IPC-HDW2449T-S-IL-Camara-Domo-IP-Smart-Dual-Illumination-4-Megapixeles-WizSense-caracteristicas-principales.png\" alt=\" \" \/><\/div>\n<div class=\"col-md-7 text-md-left text-center\">\n<h2>Caracter\u00edsticas Principales<\/h2>\n<p><strong>\u00b7\u00a0<\/strong>Modo de rotaci\u00f3n, WDR, 3D NR, HLC, BLC, marca de agua digital, aplicable a varias escenas de monitoreo.<\/p>\n<p><strong>\u00b7\u00a0<\/strong>Monitoreo inteligente: Intrusi\u00f3n, cable trampa (las dos funciones admiten la<\/p>\n<p>clasificaci\u00f3n y detecci\u00f3n precisa de veh\u00edculos y humanos).<\/p>\n<p><strong>\u00b7\u00a0<\/strong>Soporta m\u00e1x. Tarjeta Micro SD de 256G; Micr\u00f3fono integrado.<\/p>\n<p><strong>\u00b7\u00a0<\/strong>Fuente de alimentaci\u00f3n de 12 VDC\/PoE, f\u00e1cil de instalar.<\/p>\n<p><strong>\u00b7\u00a0<\/strong>Protecci\u00f3n IP67.<\/p>\n<p><strong>\u00b7\u00a0<\/strong>SMD Plus.<\/p>\n<p>&nbsp;<\/p>\n<\/div>\n<\/div>\n<hr class=\"padding-bottom-2x\" \/>\n<div class=\"row align-items-center padding-bottom-2x\">\n<div class=\"col-md-5 order-md-2\"><img decoding=\"async\" class=\"d-block m-auto img-thumbnail\" src=\"https:\/\/tvc.mx\/media\/613039\/DAHUA-DH-IPC-HDW2449T-S-IL-Camara-Domo-IP-Smart-Dual-Illumination-4-Megapixeles-WizSense-especificaciones-tecnicas.png\" alt=\" \" \/><\/div>\n<div class=\"col-md-7 order-md-1 text-md-left text-center\">\n<h2>Especificaciones T\u00e9cnicas<\/h2>\n<p><strong>\u00b7\u00a0<\/strong>Sensor de imagen CMOS de 4 MP 1\/2,9&#8243;, baja luminancia e imagen de alta definici\u00f3n.<\/p>\n<p><strong>\u00b7\u00a0<\/strong>Salidas m\u00e1x. 4 MP (2688 \u00d7 1520) a 20 fps y admite 2560 \u00d7 1440 a 25\/30 fps<\/p>\n<p><strong>\u00b7\u00a0<\/strong>C\u00f3dec H.265, alta tasa de compresi\u00f3n, tasa de bits ultrabaja.<\/p>\n<p><strong>\u00b7\u00a0<\/strong>Luz c\u00e1lida integrada\/LED IR, el m\u00e1x. la distancia de iluminaci\u00f3n es de 30 m y el m\u00e1ximo la distancia de la luz c\u00e1lida es de 30 m.<\/p>\n<p><strong>\u00b7\u00a0<\/strong>ROI, SMART H.264+\/H.265+, codificaci\u00f3n flexible, aplicable a varios entornos de almacenamiento y ancho de banda.<\/p>\n<\/div>\n<\/div>\n","protected":false},"excerpt":{"rendered":"<p>Informaci\u00f3n general Con un algoritmo avanzado de aprendizaje profundo, la c\u00e1mara de red de la serie Dahua WizSense 2 admite funciones inteligentes, como protecci\u00f3n perimetral y detecci\u00f3n de movimiento inteligente. Con la tecnolog\u00eda Starlight, esta c\u00e1mara de la serie proporciona un mejor efecto de imagen&hellip;<\/p>\n","protected":false},"featured_media":2085,"comment_status":"open","ping_status":"closed","template":"","meta":{"om_disable_all_campaigns":false,"_monsterinsights_skip_tracking":false,"_monsterinsights_sitenote_active":false,"_monsterinsights_sitenote_note":"","_monsterinsights_sitenote_category":0},"product_brand":[],"product_cat":[113],"product_tag":[114,42,38,66,115],"class_list":{"0":"post-2026","1":"product","2":"type-product","3":"status-publish","4":"has-post-thumbnail","6":"product_cat-domo-camaras-ip","7":"product_tag-camara-domo","8":"product_tag-camaras","9":"product_tag-camaras-de-seguridad","10":"product_tag-dahua","11":"product_tag-domo","13":"first","14":"instock","15":"sale","16":"taxable","17":"shipping-taxable","18":"purchasable","19":"product-type-simple"},"aioseo_notices":[],"_links":{"self":[{"href":"https:\/\/tecsecmty.com\/index.php\/wp-json\/wp\/v2\/product\/2026","targetHints":{"allow":["GET"]}}],"collection":[{"href":"https:\/\/tecsecmty.com\/index.php\/wp-json\/wp\/v2\/product"}],"about":[{"href":"https:\/\/tecsecmty.com\/index.php\/wp-json\/wp\/v2\/types\/product"}],"replies":[{"embeddable":true,"href":"https:\/\/tecsecmty.com\/index.php\/wp-json\/wp\/v2\/comments?post=2026"}],"version-history":[{"count":0,"href":"https:\/\/tecsecmty.com\/index.php\/wp-json\/wp\/v2\/product\/2026\/revisions"}],"wp:featuredmedia":[{"embeddable":true,"href":"https:\/\/tecsecmty.com\/index.php\/wp-json\/wp\/v2\/media\/2085"}],"wp:attachment":[{"href":"https:\/\/tecsecmty.com\/index.php\/wp-json\/wp\/v2\/media?parent=2026"}],"wp:term":[{"taxonomy":"product_brand","embeddable":true,"href":"https:\/\/tecsecmty.com\/index.php\/wp-json\/wp\/v2\/product_brand?post=2026"},{"taxonomy":"product_cat","embeddable":true,"href":"https:\/\/tecsecmty.com\/index.php\/wp-json\/wp\/v2\/product_cat?post=2026"},{"taxonomy":"product_tag","embeddable":true,"href":"https:\/\/tecsecmty.com\/index.php\/wp-json\/wp\/v2\/product_tag?post=2026"}],"curies":[{"name":"wp","href":"https:\/\/api.w.org\/{rel}","templated":true}]}}