{"id":2027,"date":"2023-02-22T18:07:23","date_gmt":"2023-02-23T00:07:23","guid":{"rendered":"https:\/\/tecsecmty.com\/index.php\/producto\/dahua-ipc-hdw2831tm-as-s2-camara-ip-domo-4k-8-megapixeles-lente-de-2-8mm-105-grados-de-apertura-ir-de-30-mts-h-265-microfono-integrado-wdr-real-de-120-db-ip67-poe-videoanaliticos-con-ivs-r\/"},"modified":"2023-03-22T23:22:50","modified_gmt":"2023-03-23T05:22:50","slug":"dahua-ipc-hdw2831tm-as-s2-camara-ip-domo-4k-8-megapixeles-lente-de-2-8mm-105-grados-de-apertura-ir-de-30-mts-h-265-microfono-integrado-wdr-real-de-120-db-ip67-poe-videoanaliticos-con-ivs-r","status":"publish","type":"product","link":"https:\/\/tecsecmty.com\/index.php\/producto\/dahua-ipc-hdw2831tm-as-s2-camara-ip-domo-4k-8-megapixeles-lente-de-2-8mm-105-grados-de-apertura-ir-de-30-mts-h-265-microfono-integrado-wdr-real-de-120-db-ip67-poe-videoanaliticos-con-ivs-r\/","title":{"rendered":"DAHUA IPC-HDW2831TM-AS-S2 &#8211; C\u00e1mara IP Domo 4k\/ 8 Megapixeles\/ Lente de 2.8mm\/ 105 Grados de Apertura\/ IR de 30 Mts\/ H.265\/ Microfono Integrado\/WDR Real de 120 dB\/ IP67\/ PoE\/ Videoanaliticos con IVS\/ Ranura para MicroSD\/"},"content":{"rendered":"<div class=\"row aling-items-center padding-bottom-2x\">\n<div class=\"col-lg-12\">\n<h5 class=\"card-title text-center\">Informaci\u00f3n General<\/h5>\n<p>El modelo\u00a0<strong>HDW2831TM-AS-S2\u00a0<\/strong>es una c\u00e1mara perteneciente a la Serie Lite que cuenta con\u00a0tecnolog\u00eda de codificaci\u00f3n H.265+ que permite ahorrar ancho de banda y espacio de almacenamiento. Esta c\u00e1mara adopta la \u00faltima tecnolog\u00eda Starlight y muestra una mejor imagen en color en condiciones de poca iluminaci\u00f3n. Cuenta con audio integrado en su electr\u00f3nica adem\u00e1s admite almacenamiento en tarjeta Micro SD, funci\u00f3n a prueba de polvo, funci\u00f3n a prueba de agua,cumpliendo con los est\u00e1ndares de IP67 .<\/p>\n<p><img decoding=\"async\" class=\"overview-center-img-web\" src=\"https:\/\/tvc.mx\/media\/483752\/camara-ip-domo-4k-8-megapixeles-wdr-microfono-integrado-ivs-IPC-HDW2831TM-AS-S2-Dahua.png\" alt=\"\" \/><\/div>\n<\/div>\n<div class=\"row align-items-center padding-bottom-2x\">\n<div class=\"col-md-5\"><img decoding=\"async\" class=\"d-block m-auto img-thumbnail\" src=\"https:\/\/tvc.mx\/media\/483754\/WDR-Dahua.png\" alt=\" \" \/><\/div>\n<div class=\"col-md-7 text-md-left text-center\">\n<h2>WDR 120 dB<\/h2>\n<p class=\"text-muted\">\n<p>La c\u00e1mara\u00a0<strong>HDW2831TM-AS-S2<\/strong>\u00a0cuenta con la tecnolog\u00eda avanzada de amplio rango din\u00e1mico\u00a0WDR,\u00a0esta funci\u00f3n\u00a0se encarga de medir, compensar y ajustar la luz en la imagen\u00a0captada para despu\u00e9s combinar los espacios de luces brillantes con los espacios de sombras que hay en una misma toma, creando\u00a0un equilibrio en la imagen final.<\/p>\n<p>&nbsp;<\/p>\n<\/div>\n<\/div>\n<hr class=\"padding-bottom-2x\" \/>\n<div class=\"row align-items-center padding-bottom-2x\">\n<div class=\"col-md-5 order-md-2\"><img decoding=\"async\" class=\"d-block m-auto img-thumbnail\" src=\"https:\/\/tvc.mx\/media\/483756\/h.264-y-h.265-dahua.png\" alt=\" \" \/><\/div>\n<div class=\"col-md-7 order-md-1 text-md-left text-center\">\n<h2>Codec Inteligente<\/h2>\n<p class=\"text-muted\">\n<p>La c\u00e1mara posee un algoritmo inteligente de video para la codificaci\u00f3n inteligente, este algoritmo logra la mayor eficiencia de codificaci\u00f3n que H.265 y H.264,\u00a0proporcionando video de alta calidad y reduciendo el costo de almacenamiento y transmisi\u00f3n.<\/p>\n<p>&nbsp;<\/p>\n<\/div>\n<\/div>\n<hr class=\"padding-bottom-2x\" \/>\n<div class=\"row align-items-center padding-bottom-2x\">\n<div class=\"col-md-5\"><img decoding=\"async\" class=\"d-block m-auto img-thumbnail\" src=\"https:\/\/tvc.mx\/media\/483758\/Smart-IR-Dahua.png\" alt=\" \" \/><\/div>\n<div class=\"col-md-7 text-md-left text-center\">\n<h2>Smart IR<\/h2>\n<p class=\"text-muted\">\n<p>Con la iluminaci\u00f3n IR, las im\u00e1genes detalladas se pueden capturar con poca luz o oscuridad total. La tecnolog\u00eda\u00a0Smart IR\u00a0ajusta la intensidad de los LED infrarrojos para compensar la distancia de un objeto evitando\u00a0que los LEDs IR borren las im\u00e1genes a medida que se acercan a la c\u00e1mara. La iluminaci\u00f3n infrarroja integrada de la c\u00e1mara proporciona un alto rendimiento en entornos con poca luz extrema de hasta 30 mts.<\/p>\n<p>&nbsp;<\/p>\n<\/div>\n<\/div>\n<hr class=\"padding-bottom-2x\" \/>\n<div class=\"row align-items-center padding-bottom-2x\">\n<div class=\"col-md-5 order-md-2\"><img decoding=\"async\" class=\"d-block m-auto img-thumbnail\" src=\"https:\/\/tvc.mx\/media\/483760\/IVS-Dahua.png\" alt=\" \" \/><\/div>\n<div class=\"col-md-7 order-md-1 text-md-left text-center\">\n<h2>Funciones Inteligentes IVS<\/h2>\n<p class=\"text-muted\">\n<p>Con algoritmo de video avanzado, la tecnolog\u00eda Dahua IVS admite funciones inteligentes, como tripwire e intrusi\u00f3n.<\/p>\n<p>&nbsp;<\/p>\n<\/div>\n<\/div>\n<hr class=\"padding-bottom-2x\" \/>\n<div class=\"row align-items-center padding-bottom-2x\">\n<div class=\"col-md-5\"><img decoding=\"async\" class=\"d-block m-auto img-thumbnail\" src=\"https:\/\/tvc.mx\/media\/483762\/audios-de-calidad-dahua.png\" alt=\" \" \/><\/div>\n<div class=\"col-md-7 text-md-left text-center\">\n<h2>Audio Incorporado<\/h2>\n<p class=\"text-muted\">\n<p>La c\u00e1mara\u00a0<strong>HDW2831TM-AS-S2\u00a0<\/strong>cuenta con un micr\u00f3fono incorporado en su electr\u00f3nica que le permitir\u00e1 obtener el audio remotamente mediante la app de Dahua o el software Smart Pss.<\/p>\n<p>&nbsp;<\/p>\n<\/div>\n<\/div>\n<hr class=\"padding-bottom-2x\" \/>\n<div class=\"row align-items-center padding-bottom-2x\">\n<div class=\"col-md-5 order-md-2\"><img decoding=\"async\" class=\"d-block m-auto img-thumbnail\" src=\"https:\/\/tvc.mx\/media\/483764\/camara-ip-domo-4k-8-megapixeles-wdr-microfono-integrado-ivs-IPC-HDW2831TM-AS-S2-Dahua-caracteristicas.png\" alt=\" \" \/><\/div>\n<div class=\"col-md-7 order-md-1 text-md-left text-center\">\n<h2>Principales Caracter\u00edsticas<\/h2>\n<p class=\"text-muted\">\n<ul>\n<li>C\u00f3dec H.265, alta tasa de compresi\u00f3n, tasa de bits ultrabaja<\/li>\n<li>LED IR incorporado<\/li>\n<li>ROI, SMART H.264 \/ H.265, codificaci\u00f3n flexible, aplicable a varios entornos de almacenamiento y ancho de banda<\/li>\n<li>Modo de rotaci\u00f3n, WDR, 3D DNR, HLC, BLC, marca de agua digital, aplicable a varias escenas de monitoreo<\/li>\n<li>Detecci\u00f3n inteligente: intrusi\u00f3n, cable trampa \u00b7 Detecci\u00f3n de anomal\u00edas: detecci\u00f3n de movimiento, manipulaci\u00f3n de video, sin tarjeta SD, tarjeta SD llena, error de tarjeta SD, desconexi\u00f3n de red, conflicto de IP, acceso ilegal, detecci\u00f3n de voltaje<\/li>\n<li>Tarjeta Micro SD<\/li>\n<\/ul>\n<p>&nbsp;<\/p>\n<\/div>\n<\/div>\n<hr class=\"padding-bottom-2x\" \/>\n<div class=\"row align-items-center padding-bottom-2x\">\n<div class=\"col-md-5\"><img decoding=\"async\" class=\"d-block m-auto img-thumbnail\" src=\"https:\/\/tvc.mx\/media\/483766\/camara-ip-domo-4k-8-megapixeles-wdr-microfono-integrado-ivs-IPC-HDW2831TM-AS-S2-Dahua-especificaciones.png\" alt=\" \" \/><\/div>\n<div class=\"col-md-7 text-md-left text-center\">\n<h2>Especificaciones<\/h2>\n<p class=\"text-muted\">\n<p>CMOS progresivo de 1 \/ 2,7 \u00aby 8 megap\u00edxeles<\/p>\n<p>Distancia IR 30 m<\/p>\n<p>Lente fijo 2.8mm<\/p>\n<p>An\u00e1lisis general de IVS Tripwire; intrusi\u00f3n<\/p>\n<p>Compresi\u00f3n de video H.265; H.264; H.264B; MJPEG<\/p>\n<p>D\u00eda \/ noche: Autom\u00e1tico (ICR) \/ Color \/ B \/ N<\/p>\n<p>WDR real 120 dB<\/p>\n<p>Reducci\u00f3n de ruido: DNR 3D<\/p>\n<p>Fuente de alimentaci\u00f3n 12 V CC \/ PoE (802.3af)<\/p>\n<p>IP67<\/p>\n<p>Carcasa: Metal<\/p>\n<\/div>\n<\/div>\n","protected":false},"excerpt":{"rendered":"<p>Informaci\u00f3n General El modelo\u00a0HDW2831TM-AS-S2\u00a0es una c\u00e1mara perteneciente a la Serie Lite que cuenta con\u00a0tecnolog\u00eda de codificaci\u00f3n H.265+ que permite ahorrar ancho de banda y espacio de almacenamiento. Esta c\u00e1mara adopta la \u00faltima tecnolog\u00eda Starlight y muestra una mejor imagen en color en condiciones de poca&hellip;<\/p>\n","protected":false},"featured_media":2086,"comment_status":"open","ping_status":"closed","template":"","meta":{"om_disable_all_campaigns":false,"_monsterinsights_skip_tracking":false,"_monsterinsights_sitenote_active":false,"_monsterinsights_sitenote_note":"","_monsterinsights_sitenote_category":0},"product_brand":[],"product_cat":[113],"product_tag":[114,42,38,66,115],"class_list":{"0":"post-2027","1":"product","2":"type-product","3":"status-publish","4":"has-post-thumbnail","6":"product_cat-domo-camaras-ip","7":"product_tag-camara-domo","8":"product_tag-camaras","9":"product_tag-camaras-de-seguridad","10":"product_tag-dahua","11":"product_tag-domo","13":"first","14":"instock","15":"sale","16":"taxable","17":"shipping-taxable","18":"purchasable","19":"product-type-simple"},"aioseo_notices":[],"_links":{"self":[{"href":"https:\/\/tecsecmty.com\/index.php\/wp-json\/wp\/v2\/product\/2027","targetHints":{"allow":["GET"]}}],"collection":[{"href":"https:\/\/tecsecmty.com\/index.php\/wp-json\/wp\/v2\/product"}],"about":[{"href":"https:\/\/tecsecmty.com\/index.php\/wp-json\/wp\/v2\/types\/product"}],"replies":[{"embeddable":true,"href":"https:\/\/tecsecmty.com\/index.php\/wp-json\/wp\/v2\/comments?post=2027"}],"version-history":[{"count":0,"href":"https:\/\/tecsecmty.com\/index.php\/wp-json\/wp\/v2\/product\/2027\/revisions"}],"wp:featuredmedia":[{"embeddable":true,"href":"https:\/\/tecsecmty.com\/index.php\/wp-json\/wp\/v2\/media\/2086"}],"wp:attachment":[{"href":"https:\/\/tecsecmty.com\/index.php\/wp-json\/wp\/v2\/media?parent=2027"}],"wp:term":[{"taxonomy":"product_brand","embeddable":true,"href":"https:\/\/tecsecmty.com\/index.php\/wp-json\/wp\/v2\/product_brand?post=2027"},{"taxonomy":"product_cat","embeddable":true,"href":"https:\/\/tecsecmty.com\/index.php\/wp-json\/wp\/v2\/product_cat?post=2027"},{"taxonomy":"product_tag","embeddable":true,"href":"https:\/\/tecsecmty.com\/index.php\/wp-json\/wp\/v2\/product_tag?post=2027"}],"curies":[{"name":"wp","href":"https:\/\/api.w.org\/{rel}","templated":true}]}}