{"id":2028,"date":"2023-02-22T18:07:24","date_gmt":"2023-02-23T00:07:24","guid":{"rendered":"https:\/\/tecsecmty.com\/index.php\/producto\/dahua-ipc-hdw3241tm-as-camara-ip-domo-de-2-megapixeles-wizsense-lente-de-2-8-mm-106-grados-de-apertura-h-265-ir-de-50-mts-microfono-integrado-video-analiticos-con-smd-plus-wdr-real-ip67-r\/"},"modified":"2023-03-22T23:22:50","modified_gmt":"2023-03-23T05:22:50","slug":"dahua-ipc-hdw3241tm-as-camara-ip-domo-de-2-megapixeles-wizsense-lente-de-2-8-mm-106-grados-de-apertura-h-265-ir-de-50-mts-microfono-integrado-video-analiticos-con-smd-plus-wdr-real-ip67-r","status":"publish","type":"product","link":"https:\/\/tecsecmty.com\/index.php\/producto\/dahua-ipc-hdw3241tm-as-camara-ip-domo-de-2-megapixeles-wizsense-lente-de-2-8-mm-106-grados-de-apertura-h-265-ir-de-50-mts-microfono-integrado-video-analiticos-con-smd-plus-wdr-real-ip67-r\/","title":{"rendered":"DAHUA IPC-HDW3241TM-AS &#8211; C\u00e1mara IP Domo de 2 Megapixeles\/ WizSense\/ Lente de 2.8 mm\/ 106 Grados de Apertura\/ H.265+\/ IR de 50 Mts\/ Micr\u00f3fono Integrado\/ Video Anal\u00edticos con SMD Plus\/ WDR Real\/ IP67\/ Ranura para MicroSD\/ PoE\/"},"content":{"rendered":"<h5 class=\"card-title text-center\">Informaci\u00f3n General<\/h5>\n<p>Con un algoritmo avanzado de aprendizaje profundo, la c\u00e1mara de red Dahua WizSense, admite funciones inteligentes, como la protecci\u00f3n perimetral y la detecci\u00f3n de movimiento inteligente. Con la tecnolog\u00eda Starlight, esta c\u00e1mara de la serie proporciona un mejor efecto de imagen en condiciones de baja iluminaci\u00f3n.<\/p>\n<p><img decoding=\"async\" class=\"overview-center-img-web\" src=\"https:\/\/tvc.mx\/media\/386635\/camara-ip-domo-wizsense-lente-2.8mm-starlight-IPC-HDW3241TM-AS-Dahua.png\" alt=\"\" \/><\/p>\n<p>&nbsp;<\/p>\n<div class=\"col-md-5 order-md-2\"><img decoding=\"async\" class=\"d-block m-auto img-thumbnail\" src=\"https:\/\/tvc.mx\/media\/386291\/codificacion-h.265-dahua.png\" alt=\" \" \/><\/div>\n<div class=\"col-md-7 order-md-1 text-md-left text-center\">\n<h2>Smart H.265 + y Smart H.264 +<\/h2>\n<p class=\"text-muted\">\n<p>Con un algoritmo avanzado de control de velocidad adaptable a la escena, la tecnolog\u00eda de codificaci\u00f3n inteligente de Dahua logra una mayor eficiencia de codificaci\u00f3n que H.265 y H.264, proporciona video de alta calidad y reduce el costo de almacenamiento y transmisi\u00f3n.<\/p>\n<\/div>\n<hr class=\"padding-bottom-2x\" \/>\n<div class=\"row align-items-center padding-bottom-2x\">\n<div class=\"col-md-5\"><img decoding=\"async\" class=\"d-block m-auto img-thumbnail\" src=\"https:\/\/tvc.mx\/media\/386295\/Starlight-Dahua.png\" alt=\" \" \/><\/div>\n<div class=\"col-md-7 text-md-left text-center\">\n<h2>Starlight<\/h2>\n<p class=\"text-muted\">\n<p>La tecnolog\u00eda Dahua Starlight se aplica principalmente a entornos de poca iluminaci\u00f3n y puede proporcionar videos claros y coloridos. Incluso en el entornos de m\u00ednima. Iluminaci\u00f3n, la tecnolog\u00eda puede garantizar un buen efecto de imagen.<\/p>\n<\/div>\n<hr class=\"padding-bottom-2x\" \/>\n<div class=\"row align-items-center padding-bottom-2x\">\n<div class=\"col-md-5 order-md-2\"><img decoding=\"async\" class=\"d-block m-auto img-thumbnail\" src=\"https:\/\/tvc.mx\/media\/386299\/SMD-plus-Dahua.png\" alt=\" \" \/><\/div>\n<div class=\"col-md-7 order-md-1 text-md-left text-center\">\n<h2>SMD Plus<\/h2>\n<p class=\"text-muted\">\n<p>Con la tecnolog\u00eda de detecci\u00f3n de movimiento inteligente puede categorizar los objetivos que activan la detecci\u00f3n de movimiento y filtrar la alarma de detecci\u00f3n de movimiento activada por objetivos no interesados para realizar una alarma efectiva y precisa.<\/p>\n<\/div>\n<hr class=\"padding-bottom-2x\" \/>\n<div class=\"row align-items-center padding-bottom-2x\">\n<div class=\"col-md-5\"><img decoding=\"async\" class=\"d-block m-auto img-thumbnail\" src=\"https:\/\/tvc.mx\/media\/386691\/camara-ip-domo-wizsense-lente-2.8mm-starlight-IPC-HDW3241TM-AS-Dahua-pp-caracteristicas.png\" alt=\" \" \/><\/div>\n<div class=\"col-md-7 text-md-left text-center\">\n<h2>Principales caracter\u00edsticas<\/h2>\n<p class=\"text-muted\">\n<ul>\n<li>Sensor de imagen CMOS de 2MP, 1 \/ 2.8 \u201d<\/li>\n<li>Salidas m\u00e1x. 2MP (1920 \u00d7 1080) a 30 fps<\/li>\n<li>C\u00f3dec H.265<\/li>\n<li>LED de infrarrojos integrado<\/li>\n<li>ROI, SMART H.264 + \/ H.265 +<\/li>\n<li>Modo de rotaci\u00f3n, WDR, 3D DNR, HLC, BLC<\/li>\n<li>Detecci\u00f3n inteligente: intrusi\u00f3n, cable trampa (admite la clasificaci\u00f3n y detecci\u00f3n precisa de veh\u00edculos y humanos)<\/li>\n<li>Detecci\u00f3n de anomal\u00edas: detecci\u00f3n de movimiento, manipulaci\u00f3n de video, cambio de escena, detecci\u00f3n de audio, sin tarjeta SD, tarjeta SD llena, error de tarjeta SD, desconexi\u00f3n de red, conflicto de IP, acceso ilegal, detecci\u00f3n de voltaje<\/li>\n<li>SMD Plus<\/li>\n<li>Starlight<\/li>\n<li>Protecci\u00f3n IP67<\/li>\n<\/ul>\n<hr class=\"padding-bottom-2x\" \/>\n<div class=\"row align-items-center padding-bottom-2x\">\n<div class=\"col-md-5 order-md-2\"><img decoding=\"async\" class=\"d-block m-auto img-thumbnail\" src=\"https:\/\/tvc.mx\/media\/386695\/camara-ip-domo-wizsense-lente-2.8mm-starlight-IPC-HDW3241TM-AS-Dahua-especificaciones.png\" alt=\" \" \/><\/div>\n<div class=\"col-md-7 order-md-1 text-md-left text-center\">\n<h2>Especificaciones<\/h2>\n<p class=\"text-muted\">\n<ul>\n<li>CMOS progresivo de 1 \/ 2.8 \u201dy 2 megap\u00edxeles<\/li>\n<li>Distancia de iluminaci\u00f3n 50 m<\/li>\n<li>Lente fijo 2.8 mm<\/li>\n<li>Distancia de enfoque cercana 0.6 m<\/li>\n<li>Protecci\u00f3n perimetral Tripwire; intrusi\u00f3n (reconocimiento de humano y veh\u00edculo)<\/li>\n<li>Compresi\u00f3n de video H.265; H.264; H.264H; H.264B; MJPEG (solo compatible con subflujo)<\/li>\n<li>BLC HLC WDR real 120 dB<\/li>\n<li>Reducci\u00f3n de ruido 3D DNR<\/li>\n<li>Micr\u00f3fono incorporado<\/li>\n<li>Fuente de alimentaci\u00f3n 12 V CC \/ PoE (802.3af)<\/li>\n<li>Grado de protecci\u00f3n\u00a0IP67<\/li>\n<li>N\u00facleo interno: metal Cubierta: Metal Anillo de decoraci\u00f3n: Pl\u00e1stico<\/li>\n<\/ul>\n<\/div>\n<\/div>\n<\/div>\n<\/div>\n<\/div>\n<\/div>\n","protected":false},"excerpt":{"rendered":"<p>Informaci\u00f3n General Con un algoritmo avanzado de aprendizaje profundo, la c\u00e1mara de red Dahua WizSense, admite funciones inteligentes, como la protecci\u00f3n perimetral y la detecci\u00f3n de movimiento inteligente. Con la tecnolog\u00eda Starlight, esta c\u00e1mara de la serie proporciona un mejor efecto de imagen en condiciones&hellip;<\/p>\n","protected":false},"featured_media":2087,"comment_status":"open","ping_status":"closed","template":"","meta":{"om_disable_all_campaigns":false,"_monsterinsights_skip_tracking":false,"_monsterinsights_sitenote_active":false,"_monsterinsights_sitenote_note":"","_monsterinsights_sitenote_category":0},"product_brand":[],"product_cat":[113],"product_tag":[114,42,38,66,115],"class_list":{"0":"post-2028","1":"product","2":"type-product","3":"status-publish","4":"has-post-thumbnail","6":"product_cat-domo-camaras-ip","7":"product_tag-camara-domo","8":"product_tag-camaras","9":"product_tag-camaras-de-seguridad","10":"product_tag-dahua","11":"product_tag-domo","13":"first","14":"instock","15":"sale","16":"taxable","17":"shipping-taxable","18":"purchasable","19":"product-type-simple"},"aioseo_notices":[],"_links":{"self":[{"href":"https:\/\/tecsecmty.com\/index.php\/wp-json\/wp\/v2\/product\/2028","targetHints":{"allow":["GET"]}}],"collection":[{"href":"https:\/\/tecsecmty.com\/index.php\/wp-json\/wp\/v2\/product"}],"about":[{"href":"https:\/\/tecsecmty.com\/index.php\/wp-json\/wp\/v2\/types\/product"}],"replies":[{"embeddable":true,"href":"https:\/\/tecsecmty.com\/index.php\/wp-json\/wp\/v2\/comments?post=2028"}],"version-history":[{"count":0,"href":"https:\/\/tecsecmty.com\/index.php\/wp-json\/wp\/v2\/product\/2028\/revisions"}],"wp:featuredmedia":[{"embeddable":true,"href":"https:\/\/tecsecmty.com\/index.php\/wp-json\/wp\/v2\/media\/2087"}],"wp:attachment":[{"href":"https:\/\/tecsecmty.com\/index.php\/wp-json\/wp\/v2\/media?parent=2028"}],"wp:term":[{"taxonomy":"product_brand","embeddable":true,"href":"https:\/\/tecsecmty.com\/index.php\/wp-json\/wp\/v2\/product_brand?post=2028"},{"taxonomy":"product_cat","embeddable":true,"href":"https:\/\/tecsecmty.com\/index.php\/wp-json\/wp\/v2\/product_cat?post=2028"},{"taxonomy":"product_tag","embeddable":true,"href":"https:\/\/tecsecmty.com\/index.php\/wp-json\/wp\/v2\/product_tag?post=2028"}],"curies":[{"name":"wp","href":"https:\/\/api.w.org\/{rel}","templated":true}]}}