{"id":2029,"date":"2023-02-22T18:07:24","date_gmt":"2023-02-23T00:07:24","guid":{"rendered":"https:\/\/tecsecmty.com\/index.php\/producto\/dahua-ipc-hdw3249hn-as-pv-camara-ip-domo-resolucion-de-2-mp-lente-2-8-mm-%e2%88%a2-107-led-30mts-ia-wizsense-det-de-mov-inteligente-prot-perimetral-fullcolor-tioc-poe-wdr-h-265\/"},"modified":"2023-03-22T23:22:50","modified_gmt":"2023-03-23T05:22:50","slug":"dahua-ipc-hdw3249hn-as-pv-camara-ip-domo-resolucion-de-2-mp-lente-2-8-mm-107-led-30mts-ia-wizsense-det-de-mov-inteligente-prot-perimetral-fullcolor-tioc-poe-wdr-h-265","status":"publish","type":"product","link":"https:\/\/tecsecmty.com\/index.php\/producto\/dahua-ipc-hdw3249hn-as-pv-camara-ip-domo-resolucion-de-2-mp-lente-2-8-mm-107-led-30mts-ia-wizsense-det-de-mov-inteligente-prot-perimetral-fullcolor-tioc-poe-wdr-h-265\/","title":{"rendered":"DAHUA IPC-HDW3249HN-AS-PV &#8211; C\u00e1mara IP Domo Resoluci\u00f3n de 2 MP\/ Lente 2.8 mm\/ \u2222 107\u00b0\/ LED 30mts\/ IA WizSense\/ Det. de Mov. Inteligente\/ Prot. Perimetral\/ FullColor\/ TiOC\/ PoE\/ WDR\/ H.265+\/ IP67\/ Micr\u00f3fono\/ Sirena\/ Estrobos\/ E&amp;S Alarma\/ E&amp;S Audio\/"},"content":{"rendered":"<h5 class=\"card-title text-center\">Informaci\u00f3n General<\/h5>\n<p>La c\u00e1mara\u00a0<strong>HDW3249H-AS-PV<\/strong>\u00a0con resoluci\u00f3n de\u00a02MP\u00a0pertenece\u00a0a la\u00a0Serie\u00a0<strong>WizSense<\/strong>\u00a0de Dahua, cuenta con algoritmos de aprendizaje profundo orientado a proyectos centr\u00e1ndose en los requisitos del cliente, tambi\u00e9n cuenta con anal\u00edticos\u00a0<strong>IVS<\/strong>\u00a0como tripwire e intrusi\u00f3n ( soporta la clasificaci\u00f3n y detecci\u00f3n precisa de veh\u00edculos y humanos),\u00a0<strong>Smd Plus<\/strong>\u00a0y\u00a0<strong>Disuasi\u00f3n Activa<\/strong>. Este modelo incorpora un\u00a0lente\u00a0de\u00a02.8 mm, luz\u00a0<strong>IR<\/strong>\u00a0con un alcance de hasta\u00a0<strong>30 metros<\/strong>,\u00a0<strong>WDR 120dB<\/strong>,\u00a0alimentaci\u00f3n\u00a0<strong>PoE<\/strong>\u00a0y puede ser utilizada en ambientes exteriores debido a su \u00edndice de protecci\u00f3n\u00a0<strong>IP67<\/strong>.<\/p>\n<p><img decoding=\"async\" class=\"overview-center-img-web\" src=\"https:\/\/tvc.mx\/media\/466818\/Dahua-HDW3249H-AS-PV-C%C3%A1mara-IP-Domo-2MP-lente2.8-Disuasi%C3%B3n-Activa-FullColor-SMDPlus-Audio-ImgPpal2.png\" alt=\"\" \/><\/p>\n<p>&nbsp;<\/p>\n<div class=\"col-md-5\"><img decoding=\"async\" class=\"d-block m-auto img-thumbnail\" src=\"https:\/\/tvc.mx\/media\/466820\/disuacion-activa.png\" alt=\" \" \/><\/div>\n<div class=\"col-md-7 text-md-left text-center\">\n<h2>Disuasi\u00f3n Activa<\/h2>\n<p>La c\u00e1mara\u00a0<strong>HDW3249H-AS-PV<\/strong>\u00a0cuenta con la funci\u00f3n de\u00a0disuasi\u00f3n activa\u00a0de luz y sirena, vincula el video con el audio cuando ocurre un evento perimetral, La c\u00e1mara puede advertir activamente a los intrusos con luz y sirena, alertar a los usuarios en tiempo real con alarma proporcionando verificaci\u00f3n visual con video.<\/p>\n<\/div>\n<hr class=\"padding-bottom-2x\" \/>\n<div class=\"row align-items-center padding-bottom-2x\">\n<div class=\"col-md-5 order-md-2\"><img decoding=\"async\" class=\"d-block m-auto img-thumbnail\" src=\"https:\/\/tvc.mx\/media\/466822\/full-color-dahua.png\" alt=\" \" \/><\/div>\n<div class=\"col-md-7 order-md-1 text-md-left text-center\">\n<h2>Full Color<\/h2>\n<p>Esta tecnolog\u00eda nos permite obtener un\u00a0rendimiento excepcional ideal para la visualizaci\u00f3n y reproducci\u00f3n\u00a0de im\u00e1genes bajo condiciones de poca iluminaci\u00f3n, tanto en condiciones de contraluz extremo como en la obscuridad. Las c\u00e1maras Full Color nos permite tener un monitoreo 24\/7, para recopilaci\u00f3n de datos crom\u00e1ticos.<\/p>\n<\/div>\n<div class=\"col-md-5\"><img decoding=\"async\" class=\"d-block m-auto img-thumbnail\" src=\"https:\/\/tvc.mx\/media\/466824\/SMD-plus-Dahua.png\" alt=\" \" \/><\/div>\n<div class=\"col-md-7 text-md-left text-center\">\n<h2>SMD Plus<\/h2>\n<p>Basado en un algoritmo de aprendizaje profundo, SMD Plus puede clasificar de manera efectiva a humanos o veh\u00edculos en la escena. Filtra las falsas alarmas causadas por hojas, luces, mascotas y otros objetos que no son el objetivo, lo que mejora significativamente la precisi\u00f3n de la alarma. Adem\u00e1s, tambi\u00e9n admite la b\u00fasqueda r\u00e1pida de objetivos a partir de videos grabados, lo que permite a los usuarios rastrear y analizar el historial de datos de objetivos humanos y de veh\u00edculos, mejorar la eficiencia de b\u00fasqueda y ahorrar costos laborales.<\/p>\n<\/div>\n<hr class=\"padding-bottom-2x\" \/>\n<div class=\"row align-items-center padding-bottom-2x\">\n<div class=\"col-md-5 order-md-2\"><img decoding=\"async\" class=\"d-block m-auto img-thumbnail\" src=\"https:\/\/tvc.mx\/media\/466826\/smart-H.265%2B-y-h.264%2B.png\" alt=\" \" \/><\/div>\n<div class=\"col-md-7 order-md-1 text-md-left text-center\">\n<h2>Codec Inteligente<\/h2>\n<p>Smart Codec es la implementaci\u00f3n de la compresi\u00f3n del video standard (H.265 &amp; H.264) que usa una estrategia codificada de adaptaci\u00f3n de escenas,GOP din\u00e1mico, ROI din\u00e1mico, estructura de referencia flexible de m\u00faltiples marcos y reducci\u00f3n inteligente de ruido para ofrecer videos de alta calidad sin forzar la red. La tecnolog\u00eda Smart Codec reduce la tasa de bits y los requisitos de almacenamiento en hasta un 70% en comparaci\u00f3n con la compresi\u00f3n de video est\u00e1ndar.<\/p>\n<\/div>\n<div class=\"col-md-5\"><img decoding=\"async\" class=\"d-block m-auto img-thumbnail\" src=\"https:\/\/tvc.mx\/media\/466828\/WDR-Dahua.png\" alt=\" \" \/><\/div>\n<div class=\"col-md-7 text-md-left text-center\">\n<h2>WDR 120 dB<\/h2>\n<p>La c\u00e1mara\u00a0<strong>HDW3249H-AS-PV\u00a0<\/strong>logra obtener im\u00e1genes n\u00edtidas\u00a0en escenarios donde hay variaci\u00f3n\u00a0en las condiciones de iluminaci\u00f3n ya sea\u00a0baja y\/o brillante,la funci\u00f3n\u00a0WDR120dB\u00a0se encarga de medir, compensar y ajustar la luz en la imagen\u00a0captada para despu\u00e9s\u00a0combinar los espacios de luces brillantes con los espacios de sombras, creando\u00a0un equilibrio en la imagen final.<\/p>\n<\/div>\n<div class=\"col-md-5 order-md-2\"><img decoding=\"async\" class=\"d-block m-auto img-thumbnail\" src=\"https:\/\/tvc.mx\/media\/466830\/PoE-dahua.png\" alt=\" \" \/><\/div>\n<div class=\"col-md-7 order-md-1 text-md-left text-center\">\n<h2>Alimentaci\u00f3n PoE<\/h2>\n<p>La c\u00e1mara\u00a0<strong>HDW3249H-AS-PV<\/strong>\u00a0puede ser alimentada a trav\u00e9s de Ethernet (PoE) mediante la norma IEEE 802.3af, con esto se simplifica y abarata la creaci\u00f3n de un suministro el\u00e9ctrico altamente robusto para el CCTV IP.<\/p>\n<\/div>\n<hr class=\"padding-bottom-2x\" \/>\n<div class=\"row align-items-center padding-bottom-2x\">\n<div class=\"col-md-5\"><img decoding=\"async\" class=\"d-block m-auto img-thumbnail\" src=\"https:\/\/tvc.mx\/media\/466832\/Dahua-HDW3249H-AS-PV-C%C3%A1mara-IP-Domo-2MP-lente2.8-Disuasi%C3%B3n-Activa-FullColor-SMDPlus-Audio-caracteristicas.png\" alt=\" \" \/><\/div>\n<div class=\"col-md-7 text-md-left text-center\">\n<h2>Principales Caracter\u00edsticas<\/h2>\n<ul>\n<li>WDR &#8211; 120 dB &#8211; Amplio rango din\u00e1mico de la iluminaci\u00f3n<\/li>\n<li>3D-DNR &#8211; Reducci\u00f3n digital de ruido en la imagen<\/li>\n<li>ROI &#8211; mejora de la calidad de las partes seleccionadas de la imagen<\/li>\n<li>BLC\/HLC &#8211; compensaci\u00f3n de luz de fondo \/ luz alta<\/li>\n<li>Modo d\u00eda\/noche (color\/b&amp;w\/auto)<\/li>\n<li>Full Color &#8211; modo nocturno en color<\/li>\n<li>WB &#8211; Balance de blancos (ATW\/AWB\/manual\/interno\/externo)<\/li>\n<li>AGC &#8211; Ajuste autom\u00e1tico de la ganancia de la imagen<\/li>\n<li>Detecci\u00f3n de movimiento<\/li>\n<li>Zonas de privacidad configurables<\/li>\n<li>Mirror &#8211; Imagen de espejo<\/li>\n<li>Alarma luminosa y ac\u00fastica<\/li>\n<li>Funci\u00f3n de disuasi\u00f3n activa<\/li>\n<li>Iluminador de luz blanca (LED) incorporado<\/li>\n<li>SMD PLUS &#8211; b\u00fasqueda de un objeto clasificado como: persona, veh\u00edculo de motor, veh\u00edculo sin motor<\/li>\n<li>An\u00e1lisis IVS\u00a0:\u00a0cruzamiento de la l\u00ednea (cable trampa),\u00a0intrusi\u00f3n\u00a0&#8211; clasificaci\u00f3n de personas y veh\u00edculos,\u00a0cambio de escenario, Detecci\u00f3n de audio<\/li>\n<\/ul>\n<hr class=\"padding-bottom-2x\" \/>\n<div class=\"row align-items-center padding-bottom-2x\">\n<div class=\"col-md-5 order-md-2\"><img decoding=\"async\" class=\"d-block m-auto img-thumbnail\" src=\"https:\/\/tvc.mx\/media\/466842\/Dahua-HDW3249H-AS-PV-C%C3%A1mara-IP-Domo-2MP-lente2.8-Disuasi%C3%B3n-Activa-FullColor-SMDPlus-Audio-especificaciones.png\" alt=\" \" \/><\/div>\n<div class=\"col-md-7 order-md-1 text-md-left text-center\">\n<h2>Especificaciones<\/h2>\n<ul>\n<li>1\/2.8\u00a0\u00bb Progressive Scan CMOS<\/li>\n<li>2 megap\u00edxeles<\/li>\n<li>Lentes fijo 2.8\u00a0mm<\/li>\n<li>\u00c1ngulo de visi\u00f3n:107\u00a0\u00b0<\/li>\n<li>Alcance del iluminador de luz blanca (LED):\u2264 30\u00a0m<\/li>\n<li>Ranura para tarjeta de memoria: Es compatible con tarjetas Micro SD hasta 256GB<\/li>\n<li>M\u00e9todo de compresi\u00f3n de im\u00e1genes:H.265+ \/\u00a0H.265\u00a0\/ H.264+ \/\u00a0H.264\u00a0\/\u00a0MJPEG<\/li>\n<li>Audio: Entrada para micr\u00f3fono externo, Salida de audio, Soporta audio bidireccional, Detecci\u00f3n de audio<\/li>\n<li>Alimentaci\u00f3n: PoE (802.3af), 12\u00a0V\u00a0DC\u00a0\/ 510\u00a0mA<\/li>\n<li>Carcasa: Metal<\/li>\n<li>Grado de protecci\u00f3n:IP67<\/li>\n<\/ul>\n<p>&nbsp;<\/p>\n<\/div>\n<\/div>\n<\/div>\n<\/div>\n<\/div>\n<\/div>\n","protected":false},"excerpt":{"rendered":"<p>Informaci\u00f3n General La c\u00e1mara\u00a0HDW3249H-AS-PV\u00a0con resoluci\u00f3n de\u00a02MP\u00a0pertenece\u00a0a la\u00a0Serie\u00a0WizSense\u00a0de Dahua, cuenta con algoritmos de aprendizaje profundo orientado a proyectos centr\u00e1ndose en los requisitos del cliente, tambi\u00e9n cuenta con anal\u00edticos\u00a0IVS\u00a0como tripwire e intrusi\u00f3n ( soporta la clasificaci\u00f3n y detecci\u00f3n precisa de veh\u00edculos y humanos),\u00a0Smd Plus\u00a0y\u00a0Disuasi\u00f3n Activa. Este modelo&hellip;<\/p>\n","protected":false},"featured_media":2088,"comment_status":"open","ping_status":"closed","template":"","meta":{"om_disable_all_campaigns":false,"_monsterinsights_skip_tracking":false,"_monsterinsights_sitenote_active":false,"_monsterinsights_sitenote_note":"","_monsterinsights_sitenote_category":0},"product_brand":[],"product_cat":[113],"product_tag":[114,42,38,66,115],"class_list":{"0":"post-2029","1":"product","2":"type-product","3":"status-publish","4":"has-post-thumbnail","6":"product_cat-domo-camaras-ip","7":"product_tag-camara-domo","8":"product_tag-camaras","9":"product_tag-camaras-de-seguridad","10":"product_tag-dahua","11":"product_tag-domo","13":"first","14":"instock","15":"sale","16":"taxable","17":"shipping-taxable","18":"purchasable","19":"product-type-simple"},"aioseo_notices":[],"_links":{"self":[{"href":"https:\/\/tecsecmty.com\/index.php\/wp-json\/wp\/v2\/product\/2029","targetHints":{"allow":["GET"]}}],"collection":[{"href":"https:\/\/tecsecmty.com\/index.php\/wp-json\/wp\/v2\/product"}],"about":[{"href":"https:\/\/tecsecmty.com\/index.php\/wp-json\/wp\/v2\/types\/product"}],"replies":[{"embeddable":true,"href":"https:\/\/tecsecmty.com\/index.php\/wp-json\/wp\/v2\/comments?post=2029"}],"version-history":[{"count":0,"href":"https:\/\/tecsecmty.com\/index.php\/wp-json\/wp\/v2\/product\/2029\/revisions"}],"wp:featuredmedia":[{"embeddable":true,"href":"https:\/\/tecsecmty.com\/index.php\/wp-json\/wp\/v2\/media\/2088"}],"wp:attachment":[{"href":"https:\/\/tecsecmty.com\/index.php\/wp-json\/wp\/v2\/media?parent=2029"}],"wp:term":[{"taxonomy":"product_brand","embeddable":true,"href":"https:\/\/tecsecmty.com\/index.php\/wp-json\/wp\/v2\/product_brand?post=2029"},{"taxonomy":"product_cat","embeddable":true,"href":"https:\/\/tecsecmty.com\/index.php\/wp-json\/wp\/v2\/product_cat?post=2029"},{"taxonomy":"product_tag","embeddable":true,"href":"https:\/\/tecsecmty.com\/index.php\/wp-json\/wp\/v2\/product_tag?post=2029"}],"curies":[{"name":"wp","href":"https:\/\/api.w.org\/{rel}","templated":true}]}}