{"id":2030,"date":"2023-02-22T18:07:24","date_gmt":"2023-02-23T00:07:24","guid":{"rendered":"https:\/\/tecsecmty.com\/index.php\/producto\/dahua-ipc-hdw3441tmn-as-camara-ip-domo-de-4-megapixeles-lente-de-2-8-mm-103-grados-de-apertura-microfono-integrado-wizsense-ip67-wdr-ranura-para-microsd-ir-de-50-metros-ip67-poe-smd-plus\/"},"modified":"2023-03-22T23:22:50","modified_gmt":"2023-03-23T05:22:50","slug":"dahua-ipc-hdw3441tmn-as-camara-ip-domo-de-4-megapixeles-lente-de-2-8-mm-103-grados-de-apertura-microfono-integrado-wizsense-ip67-wdr-ranura-para-microsd-ir-de-50-metros-ip67-poe-smd-plus","status":"publish","type":"product","link":"https:\/\/tecsecmty.com\/index.php\/producto\/dahua-ipc-hdw3441tmn-as-camara-ip-domo-de-4-megapixeles-lente-de-2-8-mm-103-grados-de-apertura-microfono-integrado-wizsense-ip67-wdr-ranura-para-microsd-ir-de-50-metros-ip67-poe-smd-plus\/","title":{"rendered":"DAHUA IPC-HDW3441TMN-AS &#8211; Camara IP Domo de 4 Megapixeles\/ Lente de 2.8 mm\/ 103 Grados de Apertura\/ Micr\u00f3fono Integrado\/ WizSense\/ IP67\/ WDR\/ Ranura para MicroSD\/ IR de 50 Metros\/ IP67\/ PoE\/ SMD Plus\/ Inteligencia Artificial\/"},"content":{"rendered":"<h5 class=\"card-title text-center\">Informaci\u00f3n General<\/h5>\n<p>La c\u00e1mara Ip Domo\u00a0<strong>HDW3441TMN-AS<\/strong>\u00a0perteneciente a la serie de Inteligencia Artifical que cuenta con algoritmos avanzados de aprendizaje profundo que admite algunas funciones inteligentes avanzadas, como la protecci\u00f3n del per\u00edmetro,soporte de funciones inteligentes IVS y la detecci\u00f3n inteligente de movimiento, adopta la soluci\u00f3n Starlight,lo que produce un efecto de imagen mejor en baja iluminancia, permite ahorrar datos y espacio de almacenamiento gracias a su compresi\u00f3n de video H.265+.<\/p>\n<p><img decoding=\"async\" class=\"overview-center-img-web\" src=\"https:\/\/tvc.mx\/media\/417171\/camara-ip-domo-con-inteligencia-artificial-y-microfono-integrado-IPC-HDW3441TMN-AS-dahua.png\" alt=\"\" \/><\/p>\n<p>&nbsp;<\/p>\n<div class=\"col-md-5\"><img decoding=\"async\" class=\"d-block m-auto img-thumbnail\" src=\"https:\/\/tvc.mx\/media\/417175\/deteccion-de-movimiento-dahua.png\" alt=\" \" \/><\/div>\n<div class=\"col-md-7 text-md-left text-center\">\n<h2>Detecci\u00f3n inteligente de movimiento (SMD)<\/h2>\n<p class=\"text-muted\">\n<p class=\"ql-align-justify\">Una de las caracter\u00edsticas principales de esta c\u00e1mara es su filtro de falsa alarma para protecci\u00f3n perimetral. Soporta la funci\u00f3n\u00a0<strong>SMD<\/strong>\u00a0de Dahua que se caracteriza por utilizar un algoritmo de aprendizaje profundo para diferenciar la clasificaci\u00f3n humana y de veh\u00edculos, al tiempo que reduce las falsas alarmas causadas por animales, sacudidas de c\u00e1maras, plantas y \u00e1rboles que se mueven con el viento y otros objetos irrelevantes.\u00a0<strong>SMD<\/strong>\u00a0tambi\u00e9n incluye la b\u00fasqueda r\u00e1pida de objetivos, permitiendo a los usuarios encontrar y analizar informaci\u00f3n hist\u00f3rica de manera r\u00e1pida y f\u00e1cil<\/p>\n<\/div>\n<hr class=\"padding-bottom-2x\" \/>\n<div class=\"row align-items-center padding-bottom-2x\">\n<div class=\"col-md-5 order-md-2\"><img decoding=\"async\" class=\"d-block m-auto img-thumbnail\" src=\"https:\/\/tvc.mx\/media\/417179\/proteccion-perimetral-dahua.png\" alt=\" \" \/><\/div>\n<div class=\"col-md-7 order-md-1 text-md-left text-center\">\n<h2>Protecci\u00f3n Perimetral<\/h2>\n<p class=\"text-muted\">\n<p class=\"ql-align-justify\">La funci\u00f3n de protecci\u00f3n perimetral evita inteligentemente falsas alarmas a los objetos menos importantes, tales como ca\u00edda de las hojas y la lluvia son filtrados y as\u00ed evitar falsas alarmas.<\/p>\n<\/div>\n<div class=\"col-md-5\"><img decoding=\"async\" class=\"d-block m-auto img-thumbnail\" src=\"https:\/\/tvc.mx\/media\/417183\/h.264-y-h.265-dahua.png\" alt=\" \" \/><\/div>\n<div class=\"col-md-7 text-md-left text-center\">\n<h2>Codificaci\u00f3n H.265<\/h2>\n<p class=\"text-muted\">\n<p>El codificador\u00a0<strong>H.265<\/strong>\u00a0mejora enormemente la calidad y la eficiencia del material de video comparado con<strong>\u00a0H.264<\/strong>\u00a0que mejora hasta un\u00a0<strong>50%<\/strong>, por lo tanto, un codificador\u00a0<strong>H.265<\/strong>\u00a0ser\u00eda muy \u00fatil cuando intente convertir videos para compartir en Internet y a trav\u00e9s de dispositivos como tel\u00e9fonos inteligentes y tabletas<\/p>\n<\/div>\n<div class=\"col-md-5 order-md-2\"><img decoding=\"async\" class=\"d-block m-auto img-thumbnail\" src=\"https:\/\/tvc.mx\/media\/417187\/Starlight-Dahua.png\" alt=\" \" \/><\/div>\n<div class=\"col-md-7 order-md-1 text-md-left text-center\">\n<h2>Starlight<\/h2>\n<p class=\"text-muted\">\n<p>Esta tecnolog\u00eda nos permite obtener un\u00a0rendimiento excepcional ideal para la visualizaci\u00f3n y reproducci\u00f3n\u00a0de im\u00e1genes bajo condiciones de poca iluminaci\u00f3n, tanto en condiciones de contraluz extremo como en la obscuridad. Incorpora un sensor 1\/2.8&#8243; STARVIS CMOS de alto rendimiento el cual captura las im\u00e1genes a todo color y\u00a0obtiene un balance entre las zonas m\u00e1s iluminadas y menos iluminadas.<\/p>\n<\/div>\n<div class=\"col-md-5\"><img decoding=\"async\" class=\"d-block m-auto img-thumbnail\" src=\"https:\/\/tvc.mx\/media\/417191\/IVS-Dahua.png\" alt=\" \" \/><\/div>\n<div class=\"col-md-7 text-md-left text-center\">\n<h2>Video Inteligente (IVS)<\/h2>\n<p class=\"text-muted\">\n<p class=\"ql-align-justify\">Cuenta con\u00a0funciones\u00a0IVS por lo que tiene la capacidad de detectar y\u00a0analizar objetos en movimiento para mejorar la vigilancia por video.<\/p>\n<ul>\n<li class=\"ql-align-justify\">Tripwire.<\/li>\n<li class=\"ql-align-justify\">Intrusi\u00f3n<\/li>\n<\/ul>\n<p class=\"ql-align-justify\">En ambas funciones hace el reconocimiento inteligente de humanos y veh\u00edculos.<\/p>\n<\/div>\n<hr class=\"padding-bottom-2x\" \/>\n<div class=\"row align-items-center padding-bottom-2x\">\n<div class=\"col-md-5 order-md-2\"><img decoding=\"async\" class=\"d-block m-auto img-thumbnail\" src=\"https:\/\/tvc.mx\/media\/417195\/3DNR-dahua.png\" alt=\" \" \/><\/div>\n<div class=\"col-md-7 order-md-1 text-md-left text-center\">\n<h2>3DNR<\/h2>\n<p class=\"text-muted\">\n<p>Es posible que exista mucho ruido cuando se vigila en ambientes de baja iluminaci\u00f3n. Con 3DNR usted puede realizar ajustes para reducir el ruido y obtener un video claro.<\/p>\n<\/div>\n<\/div>\n<div class=\"col-md-5\"><img decoding=\"async\" class=\"d-block m-auto img-thumbnail\" src=\"https:\/\/tvc.mx\/media\/417199\/WDR-Dahua.png\" alt=\" \" \/><\/div>\n<div class=\"col-md-7 text-md-left text-center\">\n<h2>WDR Real<\/h2>\n<p class=\"text-muted\">\n<p class=\"ql-align-justify\">La c\u00e1mara\u00a0logra obtener im\u00e1genes n\u00edtdas en escenarios donde hay variaci\u00f3n\u00a0en las condiciones de iluminaci\u00f3n ya sea\u00a0baja y\/o brillante,la funci\u00f3n\u00a0<strong>WDR real120dB<\/strong>\u00a0se encarga de medir, compensar y ajustar la luz en la imagen\u00a0captada para despues combinar los espacios de luces brillantes con los espacios de sombras,creando\u00a0un equilibrio en la imagen final.<\/p>\n<\/div>\n<div class=\"col-md-5 order-md-2\"><img decoding=\"async\" class=\"d-block m-auto img-thumbnail\" src=\"https:\/\/tvc.mx\/media\/417203\/camara-ip-domo-con-inteligencia-artificial-y-microfono-integrado-IPC-HDW3441TMN-AS-dahua-caracteristicas.png\" alt=\" \" \/><\/div>\n<div class=\"col-md-7 order-md-1 text-md-left text-center\">\n<h2>Principales Caracter\u00edsticas<\/h2>\n<p class=\"text-muted\">\n<ul>\n<li>Sensor de imagen CMOS de 4MP, 1\/3 \u201d<\/li>\n<li>Salidas m\u00e1x. 4MP (2688 \u00d7 1520) a 30 fps<\/li>\n<li>C\u00f3dec H.265<\/li>\n<li>LED IR incorporado<\/li>\n<li>ROI, SMART H.264 + \/ H.265 +<\/li>\n<li>Modo de rotaci\u00f3n, WDR, 3D DNR, HLC, BLC<\/li>\n<li>Detecci\u00f3n inteligente: intrusi\u00f3n, cable trampa (reconocimiento de veh\u00edculo y humano)<\/li>\n<li>Detecci\u00f3n de anomal\u00edas: detecci\u00f3n de movimiento, manipulaci\u00f3n de video, cambio de escena, detecci\u00f3n de audio, sin tarjeta SD, tarjeta SD llena, error de tarjeta SD, desconexi\u00f3n de red, conflicto de IP, acceso ilegal, detecci\u00f3n de voltaje<\/li>\n<li>Micr\u00f3fono incorporado<\/li>\n<li>Protecci\u00f3n IP67<\/li>\n<li>SMD<\/li>\n<\/ul>\n<div class=\"col-md-5\"><img decoding=\"async\" class=\"d-block m-auto img-thumbnail\" src=\"https:\/\/tvc.mx\/media\/417379\/camara-ip-domo-con-inteligencia-artificial-y-microfono-integrado-IPC-HDW3441TMN-AS-dahua-especificaciones.png\" alt=\" \" \/><\/div>\n<div class=\"col-md-7 text-md-left text-center\">\n<h2>Especificaciones<\/h2>\n<p class=\"text-muted\">\n<ul>\n<li>CMOS progresivo de 1\/3 \u201dy 4 megap\u00edxeles 2688 (H)<\/li>\n<li>Distancia IR: 50 m<\/li>\n<li>N\u00famero de LEDs IR: 2<\/li>\n<li>Lente fijo 2.8mm<\/li>\n<li>Campo de visi\u00f3n: Horizontal: 103 \u00b0; vertical: 55 \u00b0; diagonal: 122 \u00b0<\/li>\n<li>Protecci\u00f3n perimetral: Tripwire; intrusi\u00f3n (reconocimiento de humano y veh\u00edculo)<\/li>\n<li>Compresi\u00f3n de video: H.265; H.264; H.264H; H.264B; MJPEG<\/li>\n<li>WDR\u00a0real 120dB<\/li>\n<li>Reducci\u00f3n de ruido: DNR 3D<\/li>\n<li>MIC incorporado<\/li>\n<li>Fuente de alimentaci\u00f3n: 12 V CC \/ PoE (802.3af)<\/li>\n<li>IP67<\/li>\n<li>Carcasa: Metal<\/li>\n<\/ul>\n<\/div>\n<\/div>\n<\/div>\n","protected":false},"excerpt":{"rendered":"<p>Informaci\u00f3n General La c\u00e1mara Ip Domo\u00a0HDW3441TMN-AS\u00a0perteneciente a la serie de Inteligencia Artifical que cuenta con algoritmos avanzados de aprendizaje profundo que admite algunas funciones inteligentes avanzadas, como la protecci\u00f3n del per\u00edmetro,soporte de funciones inteligentes IVS y la detecci\u00f3n inteligente de movimiento, adopta la soluci\u00f3n Starlight,lo&hellip;<\/p>\n","protected":false},"featured_media":2089,"comment_status":"open","ping_status":"closed","template":"","meta":{"om_disable_all_campaigns":false,"_monsterinsights_skip_tracking":false,"_monsterinsights_sitenote_active":false,"_monsterinsights_sitenote_note":"","_monsterinsights_sitenote_category":0},"product_brand":[],"product_cat":[113],"product_tag":[114,42,38,66,115],"class_list":{"0":"post-2030","1":"product","2":"type-product","3":"status-publish","4":"has-post-thumbnail","6":"product_cat-domo-camaras-ip","7":"product_tag-camara-domo","8":"product_tag-camaras","9":"product_tag-camaras-de-seguridad","10":"product_tag-dahua","11":"product_tag-domo","13":"first","14":"instock","15":"sale","16":"taxable","17":"shipping-taxable","18":"purchasable","19":"product-type-simple"},"aioseo_notices":[],"_links":{"self":[{"href":"https:\/\/tecsecmty.com\/index.php\/wp-json\/wp\/v2\/product\/2030","targetHints":{"allow":["GET"]}}],"collection":[{"href":"https:\/\/tecsecmty.com\/index.php\/wp-json\/wp\/v2\/product"}],"about":[{"href":"https:\/\/tecsecmty.com\/index.php\/wp-json\/wp\/v2\/types\/product"}],"replies":[{"embeddable":true,"href":"https:\/\/tecsecmty.com\/index.php\/wp-json\/wp\/v2\/comments?post=2030"}],"version-history":[{"count":0,"href":"https:\/\/tecsecmty.com\/index.php\/wp-json\/wp\/v2\/product\/2030\/revisions"}],"wp:featuredmedia":[{"embeddable":true,"href":"https:\/\/tecsecmty.com\/index.php\/wp-json\/wp\/v2\/media\/2089"}],"wp:attachment":[{"href":"https:\/\/tecsecmty.com\/index.php\/wp-json\/wp\/v2\/media?parent=2030"}],"wp:term":[{"taxonomy":"product_brand","embeddable":true,"href":"https:\/\/tecsecmty.com\/index.php\/wp-json\/wp\/v2\/product_brand?post=2030"},{"taxonomy":"product_cat","embeddable":true,"href":"https:\/\/tecsecmty.com\/index.php\/wp-json\/wp\/v2\/product_cat?post=2030"},{"taxonomy":"product_tag","embeddable":true,"href":"https:\/\/tecsecmty.com\/index.php\/wp-json\/wp\/v2\/product_tag?post=2030"}],"curies":[{"name":"wp","href":"https:\/\/api.w.org\/{rel}","templated":true}]}}