{"id":2031,"date":"2023-02-22T18:07:24","date_gmt":"2023-02-23T00:07:24","guid":{"rendered":"https:\/\/tecsecmty.com\/index.php\/producto\/dahua-ipc-hdw3449hn-as-pv-0280b-camara-ip-domo-resolucion-de-4-mp-lente-2-8-mm-%e2%88%a2-103-led-30mts-ia-wizsense-det-de-mov-inteligente-prot-perimetral-fullcolor-tioc-poe-wdr-h\/"},"modified":"2023-03-22T23:22:50","modified_gmt":"2023-03-23T05:22:50","slug":"dahua-ipc-hdw3449hn-as-pv-0280b-camara-ip-domo-resolucion-de-4-mp-lente-2-8-mm-103-led-30mts-ia-wizsense-det-de-mov-inteligente-prot-perimetral-fullcolor-tioc-poe-wdr-h","status":"publish","type":"product","link":"https:\/\/tecsecmty.com\/index.php\/producto\/dahua-ipc-hdw3449hn-as-pv-0280b-camara-ip-domo-resolucion-de-4-mp-lente-2-8-mm-103-led-30mts-ia-wizsense-det-de-mov-inteligente-prot-perimetral-fullcolor-tioc-poe-wdr-h\/","title":{"rendered":"DAHUA IPC-HDW3449HN-AS-PV-0280B &#8211; C\u00e1mara IP Domo Resoluci\u00f3n de 4 MP\/ Lente 2.8 mm\/ \u2222 103\u00b0\/ LED 30mts\/ IA WizSense\/ Det. de Mov. Inteligente\/ Prot. Perimetral\/ FullColor\/ TiOC\/ PoE\/ WDR\/ H.265+\/ IP67\/ Micr\u00f3fono\/ Sirena\/ Estrobos\/ E&amp;S Alarma\/ E&amp;S Audio\/"},"content":{"rendered":"<h5 class=\"card-title text-center\">Informaci\u00f3n General<\/h5>\n<p>Con un algoritmo avanzado de aprendizaje profundo, la c\u00e1mara de red Dahua WizSense admite funciones inteligentes, como la protecci\u00f3n perimetral y la detecci\u00f3n de movimiento inteligente. Adem\u00e1s, con la tecnolog\u00eda a todo color, proporciona un mejor efecto de imagen en condiciones de baja iluminaci\u00f3n.<\/p>\n<p><img decoding=\"async\" class=\"overview-center-img-web\" src=\"https:\/\/tvc.mx\/media\/388675\/Dahua-IPC-HDW3449HN-AS-PV-Informacion-general.png\" alt=\"\" \/><\/p>\n<p>&nbsp;<\/p>\n<div class=\"col-md-5 order-md-2\"><img decoding=\"async\" class=\"d-block m-auto img-thumbnail\" src=\"https:\/\/tvc.mx\/media\/287027\/Disuasion.png\" alt=\" \" \/><\/div>\n<div class=\"col-md-7 order-md-1 text-md-left text-center\">\n<h2>Disuasi\u00f3n activa de sirena y luz<\/h2>\n<p>La sirena Dahua y la c\u00e1mara de red de disuasi\u00f3n activa de luz admiten alarma de luz y alarma de voz cuando se produce un evento en el per\u00edmetro, para realizar la disuasi\u00f3n y la intervenci\u00f3n efectiva, integra varias voces para su selecci\u00f3n.<\/p>\n<\/div>\n<hr class=\"padding-bottom-2x\" \/>\n<div class=\"row align-items-center padding-bottom-2x\">\n<div class=\"col-md-5\"><img decoding=\"async\" class=\"d-block m-auto img-thumbnail\" src=\"https:\/\/tvc.mx\/media\/388691\/full-color-dahua.png\" alt=\" \" \/><\/div>\n<div class=\"col-md-7 text-md-left text-center\">\n<h2>Full Color<\/h2>\n<p>Con un sensor de alto rendimiento y una lente de gran apertura, la tecnolog\u00eda a Full color de Dahua puede mostrar una imagen clara y colorida en un entorno de iluminaci\u00f3n ultra baja. Con esta tecnolog\u00eda de fotosensibilidad, la c\u00e1mara puede capturar m\u00e1s luz disponible y mostrar detalles de imagen m\u00e1s coloridos.<\/p>\n<\/div>\n<div class=\"col-md-5 order-md-2\"><img decoding=\"async\" class=\"d-block m-auto img-thumbnail\" src=\"https:\/\/tvc.mx\/media\/388695\/codificacion-h.265-dahua.png\" alt=\" \" \/><\/div>\n<div class=\"col-md-7 order-md-1 text-md-left text-center\">\n<h2>Smart H.265 + y Smart H.264 +<\/h2>\n<p>Con un algoritmo avanzado de control de velocidad adaptable a la escena, la tecnolog\u00eda de codificaci\u00f3n inteligente de Dahua logra una mayor eficiencia de codificaci\u00f3n que H.265 y H.264, proporciona video de alta calidad y reduce el costo de almacenamiento y transmisi\u00f3n.<\/p>\n<\/div>\n<hr class=\"padding-bottom-2x\" \/>\n<div class=\"row align-items-center padding-bottom-2x\">\n<div class=\"col-md-5\"><img decoding=\"async\" class=\"d-block m-auto img-thumbnail\" src=\"https:\/\/tvc.mx\/media\/388699\/SMD-plus-Dahua.png\" alt=\" \" \/><\/div>\n<div class=\"col-md-7 text-md-left text-center\">\n<h2>SMD Plus<\/h2>\n<p>Con un algoritmo inteligente, la tecnolog\u00eda de detecci\u00f3n de movimiento inteligente de Dahua puede categorizar los objetivos que activan la detecci\u00f3n de movimiento y filtrar la alarma de detecci\u00f3n de movimiento activada por objetivos no interesados para realizar una alarma efectiva y precisa.<\/p>\n<\/div>\n<hr class=\"padding-bottom-2x\" \/>\n<div class=\"row align-items-center padding-bottom-2x\">\n<div class=\"col-md-5 order-md-2\"><img decoding=\"async\" class=\"d-block m-auto img-thumbnail\" src=\"https:\/\/tvc.mx\/media\/388703\/Dahua-IPC-HDW3449HN-AS-PV-Informacion-general-pp-caracteristicas.png\" alt=\" \" \/><\/div>\n<div class=\"col-md-7 order-md-1 text-md-left text-center\">\n<h2>Principales caracter\u00edsticas.<\/h2>\n<ul>\n<li>Salidas m\u00e1x. 4MP (2688 \u00d7 1520) a 30 fps<\/li>\n<li>C\u00f3dec H.265<\/li>\n<li>Iluminador c\u00e1lido incorporado<\/li>\n<li>ROI<\/li>\n<li>SMART H.264 + \/ H.265 +, codificaci\u00f3n flexible, aplicable a varios entornos de almacenamiento y ancho de banda<\/li>\n<li>SMD Plus<\/li>\n<li>WDR<\/li>\n<li>3D NR<\/li>\n<li>HLC\/BLC<\/li>\n<li>Alarma de linterna roja y azul<\/li>\n<li>Detecci\u00f3n inteligente: intrusi\u00f3n, cable trampa (admite la clasificaci\u00f3n y detecci\u00f3n precisa de veh\u00edculos y humanos)<\/li>\n<li>Detecci\u00f3n de anomal\u00edas: detecci\u00f3n de movimiento, manipulaci\u00f3n de video, cambio de escena, detecci\u00f3n de audio, sin tarjeta SD, tarjeta SD llena, error de tarjeta SD, desconexi\u00f3n de red, conflicto de IP, acceso ilegal y detecci\u00f3n de voltaje.<\/li>\n<li>Admite conexi\u00f3n de alarma de luz y sonido. Cuando se activa una alarma, la c\u00e1mara vincula la alarma sonora y la luz parpadeante.<\/li>\n<li>Alarma: 1 entrada, 1 salida; audio: 1 entrada, 1 salida<\/li>\n<li>Admite m\u00e1x. 256GB Micro SD<\/li>\n<li>Micr\u00f3fono incorporado y altavoz<\/li>\n<li>Protecci\u00f3n IP67<\/li>\n<\/ul>\n<hr class=\"padding-bottom-2x\" \/>\n<div class=\"row align-items-center padding-bottom-2x\">\n<div class=\"col-md-5\"><img decoding=\"async\" class=\"d-block m-auto img-thumbnail\" src=\"https:\/\/tvc.mx\/media\/388707\/Dahua-IPC-HDW3449HN-AS-PV-Informacion-general-especificacioness.png\" alt=\" \" \/><\/div>\n<div class=\"col-md-7 text-md-left text-center\">\n<h2>Especificaciones<\/h2>\n<ul>\n<li>CMOS progresivo de 1 \/ 2,7 \u00ab4 megap\u00edxeles<\/li>\n<li>Distancia de iluminaci\u00f3n: 30m<\/li>\n<li>iluminador N\u00famero de iluminador: 1<\/li>\n<li>Lente fijo: 2.8mm<\/li>\n<li>Compresi\u00f3n de video H.265; H.264; H.264H; H.264B; MJPEG (solo compatible con el subflujo)<\/li>\n<li>Tripwire; intrusi\u00f3n (admite la clasificaci\u00f3n y detecci\u00f3n precisa de veh\u00edculos y humanos)<\/li>\n<li>BLC\/HLC<\/li>\n<li>WDR real 120 dB<\/li>\n<li>Reducci\u00f3n de ruido: 3D NR<\/li>\n<li>Entrada de audio 1 canal (puerto RCA)<\/li>\n<li>Salida de audio 1 canal (puerto RCA)<\/li>\n<li>Entrada de alarma 1 canal en: 5mA 3V \u2013 5V DC<\/li>\n<li>Salida de alarma 1 canal de salida: 300mA 12V DC<\/li>\n<li>Fuente de alimentaci\u00f3n 12 V CC \/ PoE (802.3af)<\/li>\n<li>Grado de protecci\u00f3n IP67<\/li>\n<li>Carcasa: Metal<\/li>\n<\/ul>\n<\/div>\n<\/div>\n<\/div>\n<\/div>\n<\/div>\n<\/div>\n","protected":false},"excerpt":{"rendered":"<p>Informaci\u00f3n General Con un algoritmo avanzado de aprendizaje profundo, la c\u00e1mara de red Dahua WizSense admite funciones inteligentes, como la protecci\u00f3n perimetral y la detecci\u00f3n de movimiento inteligente. Adem\u00e1s, con la tecnolog\u00eda a todo color, proporciona un mejor efecto de imagen en condiciones de baja&hellip;<\/p>\n","protected":false},"featured_media":2090,"comment_status":"open","ping_status":"closed","template":"","meta":{"om_disable_all_campaigns":false,"_monsterinsights_skip_tracking":false,"_monsterinsights_sitenote_active":false,"_monsterinsights_sitenote_note":"","_monsterinsights_sitenote_category":0},"product_brand":[],"product_cat":[113],"product_tag":[114,42,38,66,115],"class_list":{"0":"post-2031","1":"product","2":"type-product","3":"status-publish","4":"has-post-thumbnail","6":"product_cat-domo-camaras-ip","7":"product_tag-camara-domo","8":"product_tag-camaras","9":"product_tag-camaras-de-seguridad","10":"product_tag-dahua","11":"product_tag-domo","13":"first","14":"instock","15":"sale","16":"taxable","17":"shipping-taxable","18":"purchasable","19":"product-type-simple"},"aioseo_notices":[],"_links":{"self":[{"href":"https:\/\/tecsecmty.com\/index.php\/wp-json\/wp\/v2\/product\/2031","targetHints":{"allow":["GET"]}}],"collection":[{"href":"https:\/\/tecsecmty.com\/index.php\/wp-json\/wp\/v2\/product"}],"about":[{"href":"https:\/\/tecsecmty.com\/index.php\/wp-json\/wp\/v2\/types\/product"}],"replies":[{"embeddable":true,"href":"https:\/\/tecsecmty.com\/index.php\/wp-json\/wp\/v2\/comments?post=2031"}],"version-history":[{"count":0,"href":"https:\/\/tecsecmty.com\/index.php\/wp-json\/wp\/v2\/product\/2031\/revisions"}],"wp:featuredmedia":[{"embeddable":true,"href":"https:\/\/tecsecmty.com\/index.php\/wp-json\/wp\/v2\/media\/2090"}],"wp:attachment":[{"href":"https:\/\/tecsecmty.com\/index.php\/wp-json\/wp\/v2\/media?parent=2031"}],"wp:term":[{"taxonomy":"product_brand","embeddable":true,"href":"https:\/\/tecsecmty.com\/index.php\/wp-json\/wp\/v2\/product_brand?post=2031"},{"taxonomy":"product_cat","embeddable":true,"href":"https:\/\/tecsecmty.com\/index.php\/wp-json\/wp\/v2\/product_cat?post=2031"},{"taxonomy":"product_tag","embeddable":true,"href":"https:\/\/tecsecmty.com\/index.php\/wp-json\/wp\/v2\/product_tag?post=2031"}],"curies":[{"name":"wp","href":"https:\/\/api.w.org\/{rel}","templated":true}]}}