{"id":2033,"date":"2023-02-22T18:07:24","date_gmt":"2023-02-23T00:07:24","guid":{"rendered":"https:\/\/tecsecmty.com\/index.php\/producto\/dahua-ipc-hdw3841tn-zas-camara-ip-domo-4k-resolucion-de-8-mp-lente-mot-2-7-a-13-5mm-%e2%88%a2-113-31-ir-50-mts-ia-wizsense-deteccion-de-movimiento-inteligente-proteccion-perimetra\/"},"modified":"2023-03-10T17:13:12","modified_gmt":"2023-03-10T23:13:12","slug":"dahua-ipc-hdw3841tn-zas-camara-ip-domo-4k-resolucion-de-8-mp-lente-mot-2-7-a-13-5mm-113-31-ir-50-mts-ia-wizsense-deteccion-de-movimiento-inteligente-proteccion-perimetra","status":"publish","type":"product","link":"https:\/\/tecsecmty.com\/index.php\/producto\/dahua-ipc-hdw3841tn-zas-camara-ip-domo-4k-resolucion-de-8-mp-lente-mot-2-7-a-13-5mm-113-31-ir-50-mts-ia-wizsense-deteccion-de-movimiento-inteligente-proteccion-perimetra\/","title":{"rendered":"DAHUA IPC-HDW3841TN-ZAS &#8211; C\u00e1mara IP Domo 4K Resoluci\u00f3n de 8 MP\/ Lente Mot. 2.7 a 13.5mm\/ \u2222 113\u00b0-31\u00b0\/ IR 50 mts\/ IA WizSense\/ Detecci\u00f3n de Movimiento Inteligente\/ Protecci\u00f3n Perimetral\/ Starlight\/ PoE\/ WDR\/ H.265+\/ IP67\/ Micr\u00f3fono\/"},"content":{"rendered":"<div class=\"row aling-items-center padding-bottom-2x\">\n<div class=\"col-lg-12\">\n<h5 class=\"card-title text-center\">Informaci\u00f3n general<\/h5>\n<p>La c\u00e1mara de red Dahua WizSense\u00a0<strong>IPC-HDW3841TN-ZAS<\/strong>\u00a0admite funciones inteligentes, como la protecci\u00f3n perimetral y la detecci\u00f3n de movimiento inteligente. Con la tecnolog\u00eda Starlight, esta c\u00e1mara de la serie proporciona un mejor efecto de imagen en condiciones de baja iluminaci\u00f3n.<\/p>\n<p><img decoding=\"async\" class=\"overview-center-img-web\" src=\"https:\/\/tvc.mx\/media\/463506\/Camara-IP-Domo-8-MP-Alta-definicion-baja-iluminacion-Dahua-B.png\" alt=\"\" \/><\/p>\n<\/div>\n<\/div>\n<div class=\"row align-items-center padding-bottom-2x\">\n<div class=\"col-md-5\"><img decoding=\"async\" class=\"d-block m-auto img-thumbnail\" src=\"https:\/\/tvc.mx\/media\/463508\/Starlight-Dahua.png\" alt=\" \" \/><\/div>\n<div class=\"col-md-7 text-md-left text-center\">\n<h2>Tecnolog\u00eda Starlight<\/h2>\n<p>La tecnolog\u00eda Dahua Starlight se aplica principalmente al entorno de poca iluminaci\u00f3n y puede proporcionar videos claros y coloridos. Incluso en el entorno de min. Iluminaci\u00f3n, la tecnolog\u00eda puede garantizar un buen efecto de imagen.<\/p>\n<p>&nbsp;<\/p>\n<\/div>\n<\/div>\n<hr class=\"padding-bottom-2x\" \/>\n<div class=\"row align-items-center padding-bottom-2x\">\n<div class=\"col-md-5 order-md-2\"><img decoding=\"async\" class=\"d-block m-auto img-thumbnail\" src=\"https:\/\/tvc.mx\/media\/463510\/proteccion-perimetral-dahua.png\" alt=\" \" \/><\/div>\n<div class=\"col-md-7 order-md-1 text-md-left text-center\">\n<h2>Proteccion Perimetral<\/h2>\n<p>Con el algoritmo de aprendizaje profundo, la tecnolog\u00eda de protecci\u00f3n perimetral de Dahua puede reconocer a personas y veh\u00edculos con precisi\u00f3n. En \u00e1reas restringidas (como \u00e1reas para peatones y \u00e1reas para veh\u00edculos), las falsas alarmas de detecci\u00f3n inteligente basadas en el tipo de objetivo (como cables trampa, intrusi\u00f3n) se reducen en gran medida.<\/p>\n<p>&nbsp;<\/p>\n<\/div>\n<\/div>\n<hr class=\"padding-bottom-2x\" \/>\n<div class=\"row align-items-center padding-bottom-2x\">\n<div class=\"col-md-5\"><img decoding=\"async\" class=\"d-block m-auto img-thumbnail\" src=\"https:\/\/tvc.mx\/media\/463512\/codificacion-h.265-dahua.png\" alt=\" \" \/><\/div>\n<div class=\"col-md-7 text-md-left text-center\">\n<h2>H.265+<\/h2>\n<p>Con un algoritmo avanzado de control de velocidad adaptable a la escena, la tecnolog\u00eda de codificaci\u00f3n inteligente de Dahua logra una mayor eficiencia de codificaci\u00f3n que H.265+, proporciona v\u00eddeo de alta calidad y reduce el costo de almacenamiento y transmisi\u00f3n.<\/p>\n<p>* H.265 + toma una imagen de un entorno estable, lo utiliza como marco de fondo y se centra s\u00f3lo en los objetos en movimiento. Cuando hay una interrupci\u00f3n en el \u00e1rea de vigilancia, H265 + toma la imagen del objeto en movimiento y lo utiliza como marco de referencia. Si el objeto sigue movi\u00e9ndose, el sistema s\u00f3lo agrega datos de objetos en movimiento.<\/p>\n<p>&nbsp;<\/p>\n<\/div>\n<\/div>\n<hr class=\"padding-bottom-2x\" \/>\n<div class=\"row align-items-center padding-bottom-2x\">\n<div class=\"col-md-5 order-md-2\"><img decoding=\"async\" class=\"d-block m-auto img-thumbnail\" src=\"https:\/\/tvc.mx\/media\/463514\/SMD-plus-Dahua.png\" alt=\" \" \/><\/div>\n<div class=\"col-md-7 order-md-1 text-md-left text-center\">\n<h2>SMD Plus<\/h2>\n<p>Con un algoritmo inteligente, la tecnolog\u00eda de detecci\u00f3n de movimiento inteligente de Dahua puede categorizar los objetivos que activan la detecci\u00f3n de movimiento y filtrar la alarma de detecci\u00f3n de movimiento activada por objetivos no interesados para realizar una alarma efectiva y precisa.<\/p>\n<p>&nbsp;<\/p>\n<\/div>\n<\/div>\n<hr class=\"padding-bottom-2x\" \/>\n<div class=\"row align-items-center padding-bottom-2x\">\n<div class=\"col-md-5\"><img decoding=\"async\" class=\"d-block m-auto img-thumbnail\" src=\"https:\/\/tvc.mx\/media\/463516\/Camara-IP-Domo-8-MP-Alta-definicion-baja-iluminacion-Dahua-caracteristicas.png\" alt=\" \" \/><\/div>\n<div class=\"col-md-7 text-md-left text-center\">\n<h2>Caracter\u00edsticas<\/h2>\n<ul>\n<li>C\u00f3dec H.265, alta tasa de compresi\u00f3n, baja tasa de bits<\/li>\n<li>LED de infrarrojos integrado<\/li>\n<li>ROI, SMART H.264 + \/ H.265 +<\/li>\n<li>Modo de rotaci\u00f3n, WDR, 3D DNR, HLC, BLC<\/li>\n<li>Detecci\u00f3n inteligente: intrusi\u00f3n, cable trampa (admite la clasificaci\u00f3n y detecci\u00f3n precisa de veh\u00edculos y humanos)<\/li>\n<li>Detecci\u00f3n de anomal\u00edas: detecci\u00f3n de movimiento, manipulaci\u00f3n de video, cambio de escena, detecci\u00f3n de audio, sin tarjeta SD, tarjeta SD llena, error de tarjeta SD, desconexi\u00f3n de red, conflicto de IP, acceso ilegal y detecci\u00f3n de voltaje<\/li>\n<\/ul>\n<p>&nbsp;<\/p>\n<\/div>\n<\/div>\n<hr class=\"padding-bottom-2x\" \/>\n<div class=\"row align-items-center padding-bottom-2x\">\n<div class=\"col-md-5 order-md-2\"><img decoding=\"async\" class=\"d-block m-auto img-thumbnail\" src=\"https:\/\/tvc.mx\/media\/463518\/Camara-IP-Domo-8-MP-Alta-definicion-baja-iluminacion-Dahua-especificaciones.png\" alt=\" \" \/><\/div>\n<div class=\"col-md-7 order-md-1 text-md-left text-center\">\n<h2>Especificaciones<\/h2>\n<ul>\n<li>CMOS progresivo de 1 \/ 2.8 \u201dy 8<\/li>\n<li>Distancia de iluminaci\u00f3n: 50m<\/li>\n<li>N\u00famero de iluminador: 2 (led infrarrojos)<\/li>\n<li>Tipo de lente: Varifocal motorizado\u00a02,7 mm \u2013 13,5 mm<\/li>\n<li>Protecci\u00f3n perimetral: Tripwire; intrusi\u00f3n (admite la clasificaci\u00f3n y detecci\u00f3n precisa de veh\u00edculos y humanos)<\/li>\n<li>Trabaje junto con Smart NVR para realizar b\u00fasquedas inteligentes refinadas, extracci\u00f3n de eventos y fusi\u00f3n con videos de eventos.<\/li>\n<li>Compresi\u00f3n de video: H.265; H.264; H.264H; H.264B; MJPEG<\/li>\n<li>C\u00f3dec inteligente: Inteligente H.265 + \/ Inteligente H.264 +<\/li>\n<li>Autom\u00e1tico (ICR) \/ Color \/ B \/ N<\/li>\n<li>BLC\/HLC\/WDR real 120dB<\/li>\n<li>Reducci\u00f3n de ruido: DNR 3D<\/li>\n<li>MIC incorporado<\/li>\n<li>\u00a0Tarjeta Micro SD (soporta m\u00e1x. 256 G)<\/li>\n<li>Fuente de alimentaci\u00f3n 12 V CC \/ PoE (802.3af)<\/li>\n<li>Grado de protecci\u00f3n: IP67<\/li>\n<li>Carcasa: Metal<\/li>\n<\/ul>\n<\/div>\n<\/div>\n","protected":false},"excerpt":{"rendered":"<p>Informaci\u00f3n general La c\u00e1mara de red Dahua WizSense\u00a0IPC-HDW3841TN-ZAS\u00a0admite funciones inteligentes, como la protecci\u00f3n perimetral y la detecci\u00f3n de movimiento inteligente. Con la tecnolog\u00eda Starlight, esta c\u00e1mara de la serie proporciona un mejor efecto de imagen en condiciones de baja iluminaci\u00f3n. Tecnolog\u00eda Starlight La tecnolog\u00eda Dahua&hellip;<\/p>\n","protected":false},"featured_media":2092,"comment_status":"open","ping_status":"closed","template":"","meta":{"om_disable_all_campaigns":false,"_monsterinsights_skip_tracking":false,"_monsterinsights_sitenote_active":false,"_monsterinsights_sitenote_note":"","_monsterinsights_sitenote_category":0},"product_brand":[],"product_cat":[113],"product_tag":[114,42,38,66,115],"class_list":{"0":"post-2033","1":"product","2":"type-product","3":"status-publish","4":"has-post-thumbnail","6":"product_cat-domo-camaras-ip","7":"product_tag-camara-domo","8":"product_tag-camaras","9":"product_tag-camaras-de-seguridad","10":"product_tag-dahua","11":"product_tag-domo","13":"first","14":"instock","15":"sale","16":"taxable","17":"shipping-taxable","18":"purchasable","19":"product-type-simple"},"aioseo_notices":[],"_links":{"self":[{"href":"https:\/\/tecsecmty.com\/index.php\/wp-json\/wp\/v2\/product\/2033","targetHints":{"allow":["GET"]}}],"collection":[{"href":"https:\/\/tecsecmty.com\/index.php\/wp-json\/wp\/v2\/product"}],"about":[{"href":"https:\/\/tecsecmty.com\/index.php\/wp-json\/wp\/v2\/types\/product"}],"replies":[{"embeddable":true,"href":"https:\/\/tecsecmty.com\/index.php\/wp-json\/wp\/v2\/comments?post=2033"}],"version-history":[{"count":0,"href":"https:\/\/tecsecmty.com\/index.php\/wp-json\/wp\/v2\/product\/2033\/revisions"}],"wp:featuredmedia":[{"embeddable":true,"href":"https:\/\/tecsecmty.com\/index.php\/wp-json\/wp\/v2\/media\/2092"}],"wp:attachment":[{"href":"https:\/\/tecsecmty.com\/index.php\/wp-json\/wp\/v2\/media?parent=2033"}],"wp:term":[{"taxonomy":"product_brand","embeddable":true,"href":"https:\/\/tecsecmty.com\/index.php\/wp-json\/wp\/v2\/product_brand?post=2033"},{"taxonomy":"product_cat","embeddable":true,"href":"https:\/\/tecsecmty.com\/index.php\/wp-json\/wp\/v2\/product_cat?post=2033"},{"taxonomy":"product_tag","embeddable":true,"href":"https:\/\/tecsecmty.com\/index.php\/wp-json\/wp\/v2\/product_tag?post=2033"}],"curies":[{"name":"wp","href":"https:\/\/api.w.org\/{rel}","templated":true}]}}