{"id":2034,"date":"2023-02-22T18:07:25","date_gmt":"2023-02-23T00:07:25","guid":{"rendered":"https:\/\/tecsecmty.com\/index.php\/producto\/dahua-ipc-hdw3849hn-as-pv-0280b-camara-ip-domo-4k-resolucion-de-8-mp-lente-2-8-mm-%e2%88%a2-107-led-30mts-ia-wizsense-det-de-mov-inteligente-prot-perimetral-fullcolor-tioc-poe-wdr\/"},"modified":"2023-03-22T23:22:50","modified_gmt":"2023-03-23T05:22:50","slug":"dahua-ipc-hdw3849hn-as-pv-0280b-camara-ip-domo-4k-resolucion-de-8-mp-lente-2-8-mm-107-led-30mts-ia-wizsense-det-de-mov-inteligente-prot-perimetral-fullcolor-tioc-poe-wdr","status":"publish","type":"product","link":"https:\/\/tecsecmty.com\/index.php\/producto\/dahua-ipc-hdw3849hn-as-pv-0280b-camara-ip-domo-4k-resolucion-de-8-mp-lente-2-8-mm-107-led-30mts-ia-wizsense-det-de-mov-inteligente-prot-perimetral-fullcolor-tioc-poe-wdr\/","title":{"rendered":"DAHUA IPC-HDW3849HN-AS-PV-0280B &#8211; C\u00e1mara IP Domo 4K Resoluci\u00f3n de 8 MP\/ Lente 2.8 mm\/ \u2222 107\u00b0\/ LED 30mts\/ IA WizSense\/ Det. de Mov. Inteligente\/ Prot. Perimetral\/ FullColor\/ TiOC\/ PoE\/ WDR\/ H.265\/ IP67\/ Micr\u00f3fono\/ Sirena\/ Estrobos\/ E&amp;S Alarma\/ E&amp;S Audio\/"},"content":{"rendered":"<h5 class=\"card-title text-center\">Informaci\u00f3n general<\/h5>\n<p>Con un algoritmo avanzado de aprendizaje profundo, la c\u00e1mara<strong>\u00a0IPC-HDW3849H-AS-PV<\/strong>\u00a0de red Dahua WizSense 3 Series admite funciones inteligentes, como la protecci\u00f3n perimetral y la detecci\u00f3n de movimiento inteligente. Adem\u00e1s, con la tecnolog\u00eda full color, proporciona un mejor efecto de imagen en condiciones de baja iluminaci\u00f3n.<\/p>\n<p><img decoding=\"async\" class=\"overview-center-img-web\" src=\"https:\/\/tvc.mx\/media\/383439\/Camara-IP-domo-8-megapixeles-lente-2.8-audio-alarma-IPC-HDW3849H-AS-PV-S3-Dahua-B.png\" alt=\"\" \/><\/p>\n<p>&nbsp;<\/p>\n<div class=\"col-md-5\"><img decoding=\"async\" class=\"d-block m-auto img-thumbnail\" src=\"https:\/\/tvc.mx\/media\/383447\/SMD-plus-Dahua.png\" alt=\" \" \/><\/div>\n<div class=\"col-md-7 text-md-left text-center\">\n<h2>SMD Plus<\/h2>\n<p>Con un algoritmo inteligente, la tecnolog\u00eda de detecci\u00f3n de movimiento inteligente de Dahua puede categorizar los objetivos que activan la detecci\u00f3n de movimiento y filtrar la alarma de detecci\u00f3n de movimiento activada por objetivos no deseados para realizar una alarma efectiva y precisa.<\/p>\n<\/div>\n<hr class=\"padding-bottom-2x\" \/>\n<div class=\"row align-items-center padding-bottom-2x\">\n<div class=\"col-md-5 order-md-2\"><img decoding=\"async\" class=\"d-block m-auto img-thumbnail\" src=\"https:\/\/tvc.mx\/media\/383451\/full-color-dahua.png\" alt=\" \" \/><\/div>\n<div class=\"col-md-7 order-md-1 text-md-left text-center\">\n<h2>Full Color<\/h2>\n<p>Con un sensor de alto rendimiento y una lente de gran apertura, la tecnolog\u00eda full-color de Dahua puede mostrar una imagen clara y colorida en un entorno de iluminaci\u00f3n ultrabaja. Con esta tecnolog\u00eda de fotosensibilidad, la c\u00e1mara puede capturar m\u00e1s luz disponible y mostrar detalles de imagen m\u00e1s coloridos.<\/p>\n<\/div>\n<div class=\"col-md-5\"><img decoding=\"async\" class=\"d-block m-auto img-thumbnail\" src=\"https:\/\/tvc.mx\/media\/383551\/disuacion-activa.png\" alt=\" \" \/><\/div>\n<div class=\"col-md-7 text-md-left text-center\">\n<h2>Disuasi\u00f3n activa de sirena y luz<\/h2>\n<p>La c\u00e1mara de red DAHUA de disuasi\u00f3n activa admiten alarma de luz y alarma de voz cuando se produce un evento en el per\u00edmetro, para realizar la disuasi\u00f3n y la intervenci\u00f3n efectiva. La c\u00e1mara est\u00e1 integrada en varias voces para la selecci\u00f3n y admite la importaci\u00f3n de voz personalizada.<\/p>\n<\/div>\n<hr class=\"padding-bottom-2x\" \/>\n<div class=\"row align-items-center padding-bottom-2x\">\n<div class=\"col-md-5 order-md-2\"><img decoding=\"async\" class=\"d-block m-auto img-thumbnail\" src=\"https:\/\/tvc.mx\/media\/383455\/IP67-dahua.png\" alt=\" \" \/><\/div>\n<div class=\"col-md-7 order-md-1 text-md-left text-center\">\n<h2>Protecci\u00f3n<\/h2>\n<p>IP67: la c\u00e1mara pasa una serie de estrictas pruebas de polvo y agua. Tiene funci\u00f3n a prueba de polvo, y el gabinete puede funcionar normalmente despu\u00e9s de sumergirse en agua de 1 m de profundidad durante 30 minutos.<\/p>\n<p>Voltaje amplio: la c\u00e1mara permite una tolerancia de voltaje de entrada de \u00b1 30% (rango de voltaje amplio) y se aplica ampliamente a entornos exteriores con voltaje inestable.<\/p>\n<\/div>\n<hr class=\"padding-bottom-2x\" \/>\n<div class=\"row align-items-center padding-bottom-2x\">\n<div class=\"col-md-5\"><img decoding=\"async\" class=\"d-block m-auto img-thumbnail\" src=\"https:\/\/tvc.mx\/media\/383535\/Camara-IP-domo-8-megapixeles-lente-2.8-audio-alarma-IPC-HDW3849H-AS-PV-S3-Dahua-pp-caracyeristicas.png\" alt=\" \" \/><\/div>\n<div class=\"col-md-7 text-md-left text-center\">\n<h2>Caracter\u00edsticas<\/h2>\n<ul>\n<li>Sensor de imagen CMOS de 8MP, 1 \/ 2.8 \u00ab, baja iluminaci\u00f3n, alta definici\u00f3n de imagen<\/li>\n<li>Iluminador c\u00e1lido incorporado<\/li>\n<li>ROI, Smart H.265 + \/ Smart H.264 +<\/li>\n<li>SMD Plus<\/li>\n<li>Alarma de linterna roja y azul<\/li>\n<li>Modo de rotaci\u00f3n<\/li>\n<li>Detecci\u00f3n inteligente: intrusi\u00f3n, cable trampa (admite la clasificaci\u00f3n y detecci\u00f3n precisa de veh\u00edculos y humanos)<\/li>\n<li>Detecci\u00f3n de anomal\u00edas: detecci\u00f3n de movimiento, manipulaci\u00f3n de video, cambio de escena, detecci\u00f3n de audio, sin tarjeta SD, tarjeta SD llena, error de tarjeta SD, desconexi\u00f3n de red, conflicto de IP, acceso ilegal y detecci\u00f3n de voltaje<\/li>\n<li>Admite conexi\u00f3n de alarma de luz y sonido. .<\/li>\n<li>Micr\u00f3fono y altavoz integrados<\/li>\n<li>Protecci\u00f3n IP67<\/li>\n<\/ul>\n<div class=\"col-md-5 order-md-2\"><img decoding=\"async\" class=\"d-block m-auto img-thumbnail\" src=\"https:\/\/tvc.mx\/media\/383539\/Camara-IP-domo-8-megapixeles-lente-2.8-audio-alarma-IPC-HDW3849H-AS-PV-S3-Dahua-especificaciones.png\" alt=\" \" \/><\/div>\n<div class=\"col-md-7 order-md-1 text-md-left text-center\">\n<h2>Especificaciones<\/h2>\n<ul>\n<li>Produce un m\u00e1ximo de 8MP (3840 \u00d7 2160) a 20 fps (funci\u00f3n AI habilitada de forma predeterminada) y admite 8MP (3840 \u00d7 2160) @ 25\/30 fps (con la funci\u00f3n AI desactivada)<\/li>\n<li>Lente fijo de 2.8 mm<\/li>\n<li>Iluminador c\u00e1lido incorporado y el m\u00e1x. distancia de iluminaci\u00f3n: 30 m<\/li>\n<li>WDR real 120 dB<\/li>\n<li>3D NR, HLC, BLC<\/li>\n<li>Almacenamiento: FTP; SFTP; Tarjeta Micro SD (soporta m\u00e1x. 256 G); NAS<\/li>\n<li>Entrada de audio 1 canal (puerto RCA) Accesorios<\/li>\n<li>Salida de audio 1 canal (puerto RCA) Opcional<\/li>\n<li>Entrada de alarma 1 canal en: 5mA 3V \u2013 5V DC<\/li>\n<li>Salida de alarma 1 canal de salida: 300mA 12V DC<\/li>\n<li>Fuente de alimentaci\u00f3n 12 V CC \/ PoE (802.3af)<\/li>\n<li>Carcasa Metal<\/li>\n<\/ul>\n<hr class=\"padding-bottom-2x\" \/>\n<div class=\"row align-items-center padding-bottom-2x\">\n<div class=\"col-md-5\"><img decoding=\"async\" class=\"d-block m-auto img-thumbnail\" src=\"https:\/\/tvc.mx\/media\/383543\/Dahua.png\" alt=\" \" \/><\/div>\n<div class=\"col-md-7 text-md-left text-center\">\n<h2>Incluye<\/h2>\n<ul>\n<li>C\u00e1mara\u00a0<strong>IPC-HDW3849H-AS-PV<\/strong><\/li>\n<li>Tornillos<\/li>\n<li>Llave en \u00abL\u00bb torx<\/li>\n<li>Aditamentos para conexi\u00f3n a prueba de agua<\/li>\n<li>Plantilla para instalaci\u00f3n<\/li>\n<li>Manuales de Instalaci\u00f3n<\/li>\n<li>P\u00f3liza de garant\u00eda<\/li>\n<\/ul>\n<\/div>\n<\/div>\n<\/div>\n<\/div>\n<\/div>\n<\/div>\n<\/div>\n","protected":false},"excerpt":{"rendered":"<p>Informaci\u00f3n general Con un algoritmo avanzado de aprendizaje profundo, la c\u00e1mara\u00a0IPC-HDW3849H-AS-PV\u00a0de red Dahua WizSense 3 Series admite funciones inteligentes, como la protecci\u00f3n perimetral y la detecci\u00f3n de movimiento inteligente. Adem\u00e1s, con la tecnolog\u00eda full color, proporciona un mejor efecto de imagen en condiciones de baja&hellip;<\/p>\n","protected":false},"featured_media":2093,"comment_status":"open","ping_status":"closed","template":"","meta":{"om_disable_all_campaigns":false,"_monsterinsights_skip_tracking":false,"_monsterinsights_sitenote_active":false,"_monsterinsights_sitenote_note":"","_monsterinsights_sitenote_category":0},"product_brand":[],"product_cat":[113],"product_tag":[114,42,38,66,115],"class_list":{"0":"post-2034","1":"product","2":"type-product","3":"status-publish","4":"has-post-thumbnail","6":"product_cat-domo-camaras-ip","7":"product_tag-camara-domo","8":"product_tag-camaras","9":"product_tag-camaras-de-seguridad","10":"product_tag-dahua","11":"product_tag-domo","13":"first","14":"instock","15":"sale","16":"taxable","17":"shipping-taxable","18":"purchasable","19":"product-type-simple"},"aioseo_notices":[],"_links":{"self":[{"href":"https:\/\/tecsecmty.com\/index.php\/wp-json\/wp\/v2\/product\/2034","targetHints":{"allow":["GET"]}}],"collection":[{"href":"https:\/\/tecsecmty.com\/index.php\/wp-json\/wp\/v2\/product"}],"about":[{"href":"https:\/\/tecsecmty.com\/index.php\/wp-json\/wp\/v2\/types\/product"}],"replies":[{"embeddable":true,"href":"https:\/\/tecsecmty.com\/index.php\/wp-json\/wp\/v2\/comments?post=2034"}],"version-history":[{"count":0,"href":"https:\/\/tecsecmty.com\/index.php\/wp-json\/wp\/v2\/product\/2034\/revisions"}],"wp:featuredmedia":[{"embeddable":true,"href":"https:\/\/tecsecmty.com\/index.php\/wp-json\/wp\/v2\/media\/2093"}],"wp:attachment":[{"href":"https:\/\/tecsecmty.com\/index.php\/wp-json\/wp\/v2\/media?parent=2034"}],"wp:term":[{"taxonomy":"product_brand","embeddable":true,"href":"https:\/\/tecsecmty.com\/index.php\/wp-json\/wp\/v2\/product_brand?post=2034"},{"taxonomy":"product_cat","embeddable":true,"href":"https:\/\/tecsecmty.com\/index.php\/wp-json\/wp\/v2\/product_cat?post=2034"},{"taxonomy":"product_tag","embeddable":true,"href":"https:\/\/tecsecmty.com\/index.php\/wp-json\/wp\/v2\/product_tag?post=2034"}],"curies":[{"name":"wp","href":"https:\/\/api.w.org\/{rel}","templated":true}]}}