{"id":2119,"date":"2023-02-22T18:21:37","date_gmt":"2023-02-23T00:21:37","guid":{"rendered":"https:\/\/tecsecmty.com\/index.php\/producto\/dahua-ipc-hf5541en-e-camara-ip-profesional-resolucion-de-5-mp-sin-lente-ia-wizmind-deteccion-facial-proteccion-perimetral-conteo-de-personas-starlight-epoe-wdr-h-265-microfono-es-alarma\/"},"modified":"2023-03-22T23:22:51","modified_gmt":"2023-03-23T05:22:51","slug":"dahua-ipc-hf5541en-e-camara-ip-profesional-resolucion-de-5-mp-sin-lente-ia-wizmind-deteccion-facial-proteccion-perimetral-conteo-de-personas-starlight-epoe-wdr-h-265-microfono-es-alarma","status":"publish","type":"product","link":"https:\/\/tecsecmty.com\/index.php\/producto\/dahua-ipc-hf5541en-e-camara-ip-profesional-resolucion-de-5-mp-sin-lente-ia-wizmind-deteccion-facial-proteccion-perimetral-conteo-de-personas-starlight-epoe-wdr-h-265-microfono-es-alarma\/","title":{"rendered":"DAHUA IPC-HF5541EN-E &#8211; C\u00e1mara IP Profesional Resoluci\u00f3n de 5 MP\/ Sin Lente\/ IA WizMind\/ Detecci\u00f3n Facial\/ Protecci\u00f3n Perimetral\/ Conteo de Personas\/ Starlight\/ ePoE\/ WDR\/ H.265\/ Micr\u00f3fono\/ E&amp;S Alarma\/ E&amp;S Audio\/"},"content":{"rendered":"<h5 class=\"card-title text-center\">Informaci\u00f3n General<\/h5>\n<p>Con la soluci\u00f3n Starlight y el algoritmo de aprendizaje profundo, la c\u00e1mara de red Dahua WizMind Serie 5 tiene varias funciones inteligentes, que incluyen captura de rostros, protecci\u00f3n perimetral y conteo de personas, que mejoran en gran medida la precisi\u00f3n del an\u00e1lisis de video.<\/p>\n<p><img decoding=\"async\" class=\"overview-center-img-web\" src=\"https:\/\/tvc.mx\/media\/470682\/camara-profesional-5-egapixeles-inteligencia-artificial-wizmind--IPC-HF5541E-E-Dahua.png\" alt=\"\" \/><\/p>\n<p>&nbsp;<\/p>\n<div class=\"col-md-5\"><img decoding=\"async\" class=\"d-block m-auto img-thumbnail\" src=\"https:\/\/tvc.mx\/media\/470684\/reconocimiento-facial-dahua.png\" alt=\" \" \/><\/div>\n<div class=\"col-md-7 text-md-left text-center\">\n<h2>Detecci\u00f3n de rostro<\/h2>\n<p class=\"text-muted\">\n<p>La tecnolog\u00eda de detecci\u00f3n de rostros de Dahua puede detectar el rostro en la imagen. Con un algoritmo de aprendizaje profundo, la tecnolog\u00eda admite la detecci\u00f3n, el seguimiento, la captura y la selecci\u00f3n de la mejor imagen del rostro, y luego genera una instant\u00e1nea del rostro.<\/p>\n<\/div>\n<div class=\"col-md-5 order-md-2\"><img decoding=\"async\" class=\"d-block m-auto img-thumbnail\" src=\"https:\/\/tvc.mx\/media\/470686\/proteccion-perimetral-dahua.png\" alt=\" \" \/><\/div>\n<div class=\"col-md-7 order-md-1 text-md-left text-center\">\n<h2>Protecci\u00f3n perimetral<\/h2>\n<p class=\"text-muted\">\n<p>Con un algoritmo de aprendizaje profundo, la tecnolog\u00eda de protecci\u00f3n perimetral de Dahua puede reconocer a humanos y veh\u00edculos con precisi\u00f3n. En \u00e1reas restringidas (como \u00e1reas para peatones y veh\u00edculos), las falsas alarmas de detecci\u00f3n inteligente basadas en el tipo de objetivo (como cable trampa, intrusi\u00f3n, movimiento r\u00e1pido, detecci\u00f3n de estacionamiento, detecci\u00f3n de merodeo y detecci\u00f3n de reuni\u00f3n) se reducen en gran medida.<\/p>\n<\/div>\n<div class=\"col-md-5\"><img decoding=\"async\" class=\"d-block m-auto img-thumbnail\" src=\"https:\/\/tvc.mx\/media\/470688\/Conteo-de-personas-Dahua.png\" alt=\" \" \/><\/div>\n<div class=\"col-md-7 text-md-left text-center\">\n<h2>Conteo de personas<\/h2>\n<p class=\"text-muted\">\n<p>Con un algoritmo de aprendizaje profundo, la tecnolog\u00eda de conteo de personas de Dahua puede rastrear y procesar objetivos del cuerpo humano en movimiento para realizar estad\u00edsticas precisas de n\u00famero de entrada, n\u00famero de salida y n\u00famero de \u00e1rea. Trabajando con la plataforma de gesti\u00f3n, genera informes anuales\/mensuales\/diarios para cumplir con sus requisitos.<\/p>\n<\/div>\n<hr class=\"padding-bottom-2x\" \/>\n<div class=\"row align-items-center padding-bottom-2x\">\n<div class=\"col-md-5 order-md-2\"><img decoding=\"async\" class=\"d-block m-auto img-thumbnail\" src=\"https:\/\/tvc.mx\/media\/470690\/camara-profesional-5-egapixeles-inteligencia-artificial-wizmind--IPC-HF5541E-E-Dahua-caracteristicas.png\" alt=\" \" \/><\/div>\n<div class=\"col-md-7 order-md-1 text-md-left text-center\">\n<h2>Principales Caracter\u00edsticas<\/h2>\n<p class=\"text-muted\">\n<ul>\n<li>WDR &#8211; 120 dB &#8211; Amplio rango din\u00e1mico de la iluminaci\u00f3n<\/li>\n<li>EIS &#8211; Estabilizaci\u00f3n electr\u00f3nica de la imagen<\/li>\n<li>3D-DNR &#8211; Reducci\u00f3n digital de ruido en la imagen<\/li>\n<li>ROI &#8211; mejora de la calidad de las partes seleccionadas de la imagen<\/li>\n<li>F-DNR (Defog) &#8211; Reducci\u00f3n de ruido debido a las precipitaciones<\/li>\n<li>BLC\/HLC &#8211; compensaci\u00f3n de luz de fondo \/ luz alta<\/li>\n<li>Posibilidad de cambiar la resoluci\u00f3n, calidad y tasa de bits<\/li>\n<li>Detecci\u00f3n de movimiento<\/li>\n<li>Zonas de privacidad configurables<\/li>\n<li>ICR &#8211; Filtro mec\u00e1nico de infrarrojos<\/li>\n<li>Mirror &#8211; Imagen de espejo<\/li>\n<li>Mapa de calor &#8211; selecci\u00f3n en la imagen de las \u00e1reas con diferente tr\u00e1fico con colores correspondientes<\/li>\n<li>An\u00e1lisis IVS\u00a0:\u00a0cruzamiento de la l\u00ednea (cable trampa),\u00a0cambio de escenario,\u00a0intrusi\u00f3n\u00a0&#8211; clasificaci\u00f3n de personas y veh\u00edculos,\u00a0objeto abandonado\/falta de objeto,\u00a0conteo de personas\u00a0&#8211; detecci\u00f3n y soporte de 4 \u00e1reas independientes, detecci\u00f3n de reuni\u00f3n de personas,\u00a0detecci\u00f3n de rostros\u00a0&#8211; soporta 6 tipos de extracci\u00f3n de atributos faciales<\/li>\n<\/ul>\n<div class=\"col-md-5\"><img decoding=\"async\" class=\"d-block m-auto img-thumbnail\" src=\"https:\/\/tvc.mx\/media\/470692\/camara-profesional-5-egapixeles-inteligencia-artificial-wizmind--IPC-HF5541E-E-Dahua-especificaciones.png\" alt=\" \" \/><\/div>\n<div class=\"col-md-7 text-md-left text-center\">\n<h2>Especificaciones<\/h2>\n<p class=\"text-muted\">\n<ul>\n<li>1\/2.7\u00a0\u00bb Progressive Scan CMOS<\/li>\n<li>5\u00a0Megap\u00edxeles<\/li>\n<li>Conector Auto Iris:\u00a0DC<\/li>\n<li>M\u00e9todo de compresi\u00f3n de im\u00e1genes:H.265+ \/\u00a0H.265\u00a0\/ H.264+ \/\u00a0H.264\u00a0\/\u00a0MJPEG<\/li>\n<li>Protocolos:Pelco-D,\u00a0Pelco-P\u00a0y otros<\/li>\n<li>Audio: Micr\u00f3fono integrado, Entrada para micr\u00f3fono externo, Salida de audio, Soporta audio bidireccional, Detecci\u00f3n de audio<\/li>\n<li>Ranura para tarjeta de memoria: Es compatible con tarjetas Micro SD hasta 256GB<\/li>\n<li>Alimentaci\u00f3n:\u00a0PoE (802.3af),\u00a0ePoE, 12\u00a0V\u00a0DC, 24\u00a0V\u00a0AC<\/li>\n<\/ul>\n<p>&nbsp;<\/p>\n<\/div>\n<\/div>\n<\/div>\n","protected":false},"excerpt":{"rendered":"<p>Informaci\u00f3n General Con la soluci\u00f3n Starlight y el algoritmo de aprendizaje profundo, la c\u00e1mara de red Dahua WizMind Serie 5 tiene varias funciones inteligentes, que incluyen captura de rostros, protecci\u00f3n perimetral y conteo de personas, que mejoran en gran medida la precisi\u00f3n del an\u00e1lisis de&hellip;<\/p>\n","protected":false},"featured_media":2111,"comment_status":"open","ping_status":"closed","template":"","meta":{"om_disable_all_campaigns":false,"_monsterinsights_skip_tracking":false,"_monsterinsights_sitenote_active":false,"_monsterinsights_sitenote_note":"","_monsterinsights_sitenote_category":0},"product_brand":[],"product_cat":[117],"product_tag":[116,42,38,66],"class_list":{"0":"post-2119","1":"product","2":"type-product","3":"status-publish","4":"has-post-thumbnail","6":"product_cat-profesionales","7":"product_tag-camara-profesional","8":"product_tag-camaras","9":"product_tag-camaras-de-seguridad","10":"product_tag-dahua","12":"first","13":"instock","14":"sale","15":"taxable","16":"shipping-taxable","17":"purchasable","18":"product-type-simple"},"aioseo_notices":[],"_links":{"self":[{"href":"https:\/\/tecsecmty.com\/index.php\/wp-json\/wp\/v2\/product\/2119","targetHints":{"allow":["GET"]}}],"collection":[{"href":"https:\/\/tecsecmty.com\/index.php\/wp-json\/wp\/v2\/product"}],"about":[{"href":"https:\/\/tecsecmty.com\/index.php\/wp-json\/wp\/v2\/types\/product"}],"replies":[{"embeddable":true,"href":"https:\/\/tecsecmty.com\/index.php\/wp-json\/wp\/v2\/comments?post=2119"}],"version-history":[{"count":0,"href":"https:\/\/tecsecmty.com\/index.php\/wp-json\/wp\/v2\/product\/2119\/revisions"}],"wp:featuredmedia":[{"embeddable":true,"href":"https:\/\/tecsecmty.com\/index.php\/wp-json\/wp\/v2\/media\/2111"}],"wp:attachment":[{"href":"https:\/\/tecsecmty.com\/index.php\/wp-json\/wp\/v2\/media?parent=2119"}],"wp:term":[{"taxonomy":"product_brand","embeddable":true,"href":"https:\/\/tecsecmty.com\/index.php\/wp-json\/wp\/v2\/product_brand?post=2119"},{"taxonomy":"product_cat","embeddable":true,"href":"https:\/\/tecsecmty.com\/index.php\/wp-json\/wp\/v2\/product_cat?post=2119"},{"taxonomy":"product_tag","embeddable":true,"href":"https:\/\/tecsecmty.com\/index.php\/wp-json\/wp\/v2\/product_tag?post=2119"}],"curies":[{"name":"wp","href":"https:\/\/api.w.org\/{rel}","templated":true}]}}