{"id":2137,"date":"2023-02-22T18:30:34","date_gmt":"2023-02-23T00:30:34","guid":{"rendered":"https:\/\/tecsecmty.com\/index.php\/producto\/dahua-sd8c440fd-hnf-camara-ptz-de-4-megapixeles-40x-de-zoom-optico-wizmind-fusion-de-luz-dual-80-metros-de-luz-blanca-y-250-metros-de-ir-sensor-starvis-cms-dual-de-1-1-8-reconocimiento-facial\/"},"modified":"2023-03-22T23:23:09","modified_gmt":"2023-03-23T05:23:09","slug":"dahua-sd8c440fd-hnf-camara-ptz-de-4-megapixeles-40x-de-zoom-optico-wizmind-fusion-de-luz-dual-80-metros-de-luz-blanca-y-250-metros-de-ir-sensor-starvis-cms-dual-de-1-1-8-reconocimiento-facial","status":"publish","type":"product","link":"https:\/\/tecsecmty.com\/index.php\/producto\/dahua-sd8c440fd-hnf-camara-ptz-de-4-megapixeles-40x-de-zoom-optico-wizmind-fusion-de-luz-dual-80-metros-de-luz-blanca-y-250-metros-de-ir-sensor-starvis-cms-dual-de-1-1-8-reconocimiento-facial\/","title":{"rendered":"DAHUA SD8C440FD-HNF &#8211; Camara PTZ de 4 Megapixeles\/ 40x de Zoom Optico\/ WizMind\/ Fusi\u00f3n de Luz Dual\/ 80 Metros de Luz Blanca y 250 Metros de IR\/ Sensor STARVIS CMS Dual de 1\/1.8\/ Reconocimiento Facial\/ IVS\/ Autotracking\/ Metadatos de Video\/ Hi-PoE\/"},"content":{"rendered":"<h5 class=\"card-title text-center\">Informaci\u00f3n General<\/h5>\n<p>Con un chip de IA avanzado integrado, esta serie de c\u00e1maras proporciona una soluci\u00f3n todo en uno para la videovigilancia de grandes \u00e1reas. Superando a las c\u00e1maras convencionales con su rango de monitoreo extendido, rastrea autom\u00e1ticamente los objetivos. Tambi\u00e9n produce im\u00e1genes v\u00edvidas ya sea de d\u00eda o de noche, usando tecnolog\u00eda infrarroja. Es adecuado para una amplia variedad de escenarios, como \u00e1reas de defensa avanzada que requieren altos niveles de control.<\/p>\n<p><img decoding=\"async\" class=\"overview-center-img-web\" src=\"https:\/\/tvc.mx\/media\/481850\/camara-ptz-4-megapixeles-zoom-optico-de-40x-SD8C440FD-HNF-Dahua.png\" alt=\"\" \/><\/p>\n<p>&nbsp;<\/p>\n<div class=\"col-md-5\"><img decoding=\"async\" class=\"d-block m-auto img-thumbnail\" src=\"https:\/\/tvc.mx\/media\/481852\/PFA-Dahua.png\" alt=\" \" \/><\/div>\n<div class=\"col-md-7 text-md-left text-center\">\n<h2>Tecnolog\u00eda PFA<\/h2>\n<p class=\"text-muted\">\n<p>La tecnolog\u00eda PFA ha introducido nuevos m\u00e9todos de evaluaci\u00f3n que garantizan la precisi\u00f3n y la previsibilidad de la direcci\u00f3n del ajuste de la distancia del sujeto. El resultado es un conjunto de algoritmos de enfoque avanzados que aseguran la claridad de la imagen al hacer zoom y acortan el tiempo de enfoque. Esto hace que la c\u00e1mara sea muy avanzada en sus funciones, mejorando sustancialmente la calidad de tu experiencia.<\/p>\n<\/div>\n<p>&nbsp;<\/p>\n<p>&nbsp;<\/p>\n<p>&nbsp;<\/p>\n<p>&nbsp;<\/p>\n<p>&nbsp;<\/p>\n<p>&nbsp;<\/p>\n<p>&nbsp;<\/p>\n<p>&nbsp;<\/p>\n<p>&nbsp;<\/p>\n<hr class=\"padding-bottom-2x\" \/>\n<div class=\"row align-items-center padding-bottom-2x\">\n<div class=\"col-md-5 order-md-2\"><img decoding=\"async\" class=\"d-block m-auto img-thumbnail\" src=\"https:\/\/tvc.mx\/media\/481854\/Metadatos-dahua.png\" alt=\" \" \/><\/div>\n<div class=\"col-md-7 order-md-1 text-md-left text-center\">\n<h2>Metadatos de video<\/h2>\n<p class=\"text-muted\">\n<p>Los metadatos son informaci\u00f3n sobre los atributos de los objetivos que se extrae durante el seguimiento. Se puede utilizar para la recuperaci\u00f3n de datos. Hay cuatro tipos de metadatos admitidos por las c\u00e1maras Dahua PTZ WizMind: rostro humano, cuerpo humano, veh\u00edculo motorizado y veh\u00edculo no motorizado. La informaci\u00f3n facial incluye sexo, edad, anteojos, m\u00e1scaras, barbas y m\u00e1s. La informaci\u00f3n del cuerpo humano incluye sombrero, parte superior, color superior, parte inferior, color inferior, bolso y m\u00e1s. La informaci\u00f3n del veh\u00edculo motorizado incluye el color de la placa, el tipo, el color del veh\u00edculo, el parasol, el adorno, la llamada, el cintur\u00f3n de seguridad, fumar, la etiqueta de inspecci\u00f3n anual y m\u00e1s. La informaci\u00f3n de veh\u00edculos no motorizados incluye tipo, color, tipo de capota, color de capota, n\u00famero de personas y m\u00e1s.<\/p>\n<\/div>\n<\/div>\n<p>&nbsp;<\/p>\n<hr class=\"padding-bottom-2x\" \/>\n<div class=\"row align-items-center padding-bottom-2x\">\n<div class=\"col-md-5\"><img decoding=\"async\" class=\"d-block m-auto img-thumbnail\" src=\"https:\/\/tvc.mx\/media\/481856\/proteccion-perimetral-dahua.png\" alt=\" \" \/><\/div>\n<div class=\"col-md-7 text-md-left text-center\">\n<h2>Protecci\u00f3n perimetral<\/h2>\n<p class=\"text-muted\">\n<p>Filtra autom\u00e1ticamente las falsas alarmas causadas por animales, hojas que se mueven, luces brillantes y m\u00e1s, y utiliza el reconocimiento secundario durante la detecci\u00f3n de objetivos para mejorar la precisi\u00f3n de la alarma.<\/p>\n<\/div>\n<\/div>\n<p>&nbsp;<\/p>\n<p>&nbsp;<\/p>\n<p>&nbsp;<\/p>\n<hr class=\"padding-bottom-2x\" \/>\n<div class=\"row align-items-center padding-bottom-2x\">\n<div class=\"col-md-5 order-md-2\"><img decoding=\"async\" class=\"d-block m-auto img-thumbnail\" src=\"https:\/\/tvc.mx\/media\/481858\/reconocimiento-facial-dahua.png\" alt=\" \" \/><\/div>\n<div class=\"col-md-7 order-md-1 text-md-left text-center\">\n<h2>Reconocimiento Facial<\/h2>\n<p class=\"text-muted\">\n<p>Los atributos faciales se extraen de los rostros capturados y se almacenan en una base de datos donde se pueden buscar y comparar c\u00f3modamente con otras im\u00e1genes. Una vez que se encuentra una coincidencia exitosa, el sistema muestra el resultado. La c\u00e1mara Dahua Face Recognition admite una base de datos integrada que almacena hasta 10 000 im\u00e1genes de rostros, lo que permite que la c\u00e1mara capture y compare im\u00e1genes de rostros en tiempo real.<\/p>\n<\/div>\n<\/div>\n<p>&nbsp;<\/p>\n<p>&nbsp;<\/p>\n<hr class=\"padding-bottom-2x\" \/>\n<div class=\"row align-items-center padding-bottom-2x\">\n<div class=\"col-md-5\"><img decoding=\"async\" class=\"d-block m-auto img-thumbnail\" src=\"https:\/\/tvc.mx\/media\/481860\/camara-ptz-4-megapixeles-zoom-optico-de-40x-SD8C440FD-HNF-Dahua-caracteristicas.png\" alt=\" \" \/><\/div>\n<div class=\"col-md-7 text-md-left text-center\">\n<h2>Principales Caracter\u00edsticas<\/h2>\n<p class=\"text-muted\">\n<ul>\n<li>Zoom \u00f3ptico<\/li>\n<li>Fusi\u00f3n de luz dual<\/li>\n<li>Seguimiento autom\u00e1tico<\/li>\n<li>Protecci\u00f3n perimetral<\/li>\n<li>Reconocimiento facial<\/li>\n<li>Metadatos<\/li>\n<li>IP67<\/li>\n<\/ul>\n<\/div>\n<\/div>\n<p>&nbsp;<\/p>\n<hr class=\"padding-bottom-2x\" \/>\n<div class=\"row align-items-center padding-bottom-2x\">\n<div class=\"col-md-5 order-md-2\"><img decoding=\"async\" class=\"d-block m-auto img-thumbnail\" src=\"https:\/\/tvc.mx\/media\/481862\/camara-ptz-4-megapixeles-zoom-optico-de-40x-SD8C440FD-HNF-Dahua-especificaciones.png\" alt=\" \" \/><\/div>\n<div class=\"col-md-7 order-md-1 text-md-left text-center\">\n<h2>Especificaciones<\/h2>\n<p class=\"text-muted\">\n<ul>\n<li>CMOS de 1\/1,8&#8243;, sensores duales<\/li>\n<li>4 megap\u00edxeles<\/li>\n<li>Distancia de iluminaci\u00f3n: 80 m (fusi\u00f3n de luz doble: solo luz blanca) 250 m (fusi\u00f3n de luz doble: solo IR)<\/li>\n<li>Longitud focal 6 mm\u2013240 mm<\/li>\n<li>Zoom \u00f3ptico 40\u00d7<\/li>\n<li>Admite la captura y extracci\u00f3n de atributos de im\u00e1genes de cuerpos humanos, rostros humanos, veh\u00edculos motorizados y no motorizados.<\/li>\n<li>cable trampa; intrusi\u00f3n; escalar vallas; detecci\u00f3n de merodeo; objeto abandonado\/perdido; movimiento r\u00e1pido; detecci\u00f3n de estacionamiento; reuni\u00f3n de personas; clasificaci\u00f3n de alarma de veh\u00edculos\/personas.<\/li>\n<li>Inteligente H.265+; H.265; Inteligente H.264+; H.264; H.264B; H.264H; MJPEG<\/li>\n<li>WDR<\/li>\n<li>Reducci\u00f3n de ruido NR 2D; NR 3D<\/li>\n<li>Zoom digital 16\u00d7 PTZ<\/li>\n<li>Rotacion de imagen 180\u00b0<\/li>\n<li>Entrada de audio 1 canal (ENTRADA DE L\u00cdNEA, cable pelado)<\/li>\n<li>Salida de audio 1 canal (LINE OUT, cable pelado)<\/li>\n<li>E\/S de alarma 7\/2<\/li>\n<li>E\/S de audio 1\/1<\/li>\n<li>36 V CC, 2,23 A (\u00b1 25 %) Hi-PoE<\/li>\n<li>IP67<\/li>\n<\/ul>\n<\/div>\n<\/div>\n","protected":false},"excerpt":{"rendered":"<p>Informaci\u00f3n General Con un chip de IA avanzado integrado, esta serie de c\u00e1maras proporciona una soluci\u00f3n todo en uno para la videovigilancia de grandes \u00e1reas. Superando a las c\u00e1maras convencionales con su rango de monitoreo extendido, rastrea autom\u00e1ticamente los objetivos. Tambi\u00e9n produce im\u00e1genes v\u00edvidas ya&hellip;<\/p>\n","protected":false},"featured_media":2136,"comment_status":"open","ping_status":"closed","template":"","meta":{"om_disable_all_campaigns":false,"_monsterinsights_skip_tracking":false,"_monsterinsights_sitenote_active":false,"_monsterinsights_sitenote_note":"","_monsterinsights_sitenote_category":0},"product_brand":[],"product_cat":[118],"product_tag":[119,42,38,66,55],"class_list":{"0":"post-2137","1":"product","2":"type-product","3":"status-publish","4":"has-post-thumbnail","6":"product_cat-ptz-camaras-ip","7":"product_tag-camara-ptz","8":"product_tag-camaras","9":"product_tag-camaras-de-seguridad","10":"product_tag-dahua","11":"product_tag-ptz","13":"first","14":"instock","15":"sale","16":"taxable","17":"shipping-taxable","18":"purchasable","19":"product-type-simple"},"aioseo_notices":[],"_links":{"self":[{"href":"https:\/\/tecsecmty.com\/index.php\/wp-json\/wp\/v2\/product\/2137","targetHints":{"allow":["GET"]}}],"collection":[{"href":"https:\/\/tecsecmty.com\/index.php\/wp-json\/wp\/v2\/product"}],"about":[{"href":"https:\/\/tecsecmty.com\/index.php\/wp-json\/wp\/v2\/types\/product"}],"replies":[{"embeddable":true,"href":"https:\/\/tecsecmty.com\/index.php\/wp-json\/wp\/v2\/comments?post=2137"}],"version-history":[{"count":0,"href":"https:\/\/tecsecmty.com\/index.php\/wp-json\/wp\/v2\/product\/2137\/revisions"}],"wp:featuredmedia":[{"embeddable":true,"href":"https:\/\/tecsecmty.com\/index.php\/wp-json\/wp\/v2\/media\/2136"}],"wp:attachment":[{"href":"https:\/\/tecsecmty.com\/index.php\/wp-json\/wp\/v2\/media?parent=2137"}],"wp:term":[{"taxonomy":"product_brand","embeddable":true,"href":"https:\/\/tecsecmty.com\/index.php\/wp-json\/wp\/v2\/product_brand?post=2137"},{"taxonomy":"product_cat","embeddable":true,"href":"https:\/\/tecsecmty.com\/index.php\/wp-json\/wp\/v2\/product_cat?post=2137"},{"taxonomy":"product_tag","embeddable":true,"href":"https:\/\/tecsecmty.com\/index.php\/wp-json\/wp\/v2\/product_tag?post=2137"}],"curies":[{"name":"wp","href":"https:\/\/api.w.org\/{rel}","templated":true}]}}