{"id":2139,"date":"2023-02-22T18:30:37","date_gmt":"2023-02-23T00:30:37","guid":{"rendered":"https:\/\/tecsecmty.com\/index.php\/producto\/dahua-dh-sd49216db-hny-camara-ip-ptz-de-2-megapixeles-16x-de-zoom-optico-ir-de-100-metros-h-265-wdr-real-de-120-db-proteccion-perimetral-y-face-detection-smd-plus-ranura-para-microsd-lonuev\/"},"modified":"2023-03-22T23:22:27","modified_gmt":"2023-03-23T05:22:27","slug":"dahua-dh-sd49216db-hny-camara-ip-ptz-de-2-megapixeles-16x-de-zoom-optico-ir-de-100-metros-h-265-wdr-real-de-120-db-proteccion-perimetral-y-face-detection-smd-plus-ranura-para-microsd-lonuev","status":"publish","type":"product","link":"https:\/\/tecsecmty.com\/index.php\/producto\/dahua-dh-sd49216db-hny-camara-ip-ptz-de-2-megapixeles-16x-de-zoom-optico-ir-de-100-metros-h-265-wdr-real-de-120-db-proteccion-perimetral-y-face-detection-smd-plus-ranura-para-microsd-lonuev\/","title":{"rendered":"DAHUA DH-SD49216DB-HNY &#8211; Camara IP PTZ de 2 Megapixeles\/ 16x de Zoom Optico\/ IR de 100 Metros\/ H.265\/ WDR Real de 120 dB\/ Protecci\u00f3n Perimetral y Face Detection\/ SMD Plus\/ Ranura para MicroSD\/ #LoNuevo"},"content":{"rendered":"<h5 class=\"card-title text-center\">Informaci\u00f3n general<\/h5>\n<p class=\"ql-align-justify\">Con un potente zoom \u00f3ptico y un rendimiento preciso de giro\/inclinaci\u00f3n\/zoom, esta c\u00e1mara ofrece una soluci\u00f3n todo en uno para capturar v\u00eddeo-vigilancia de larga distancia para aplicaciones al aire libre. Junto con la iluminaci\u00f3n infrarroja y la tecnolog\u00eda Starlight, la c\u00e1mara es la soluci\u00f3n perfecta para aplicaciones oscuras y con poca luz. La serie combina un filtro de corte IR mec\u00e1nico de d\u00eda\/noche para obtener la m\u00e1xima calidad de imagen en condiciones de iluminaci\u00f3n variables durante el d\u00eda.<\/p>\n<p><img decoding=\"async\" class=\"overview-center-img-web\" src=\"https:\/\/tvc.mx\/media\/548807\/SD49216DBHNY-BANER-PRINCIPAL.png\" alt=\"C\u00e1mara IP PTZ\" \/><\/p>\n<div class=\"col-md-5\"><img decoding=\"async\" class=\"d-block m-auto img-thumbnail\" src=\"https:\/\/tvc.mx\/media\/548363\/Starlight-Dahua.png\" alt=\" Sensibilidad a la luz\" \/><\/div>\n<div class=\"col-md-7 text-md-left text-center\">\n<h2>Starlight<\/h2>\n<p class=\"ql-align-justify\">Para condiciones dif\u00edciles de poca luz, la tecnolog\u00eda de luz ultra baja Starlight de Dahua ofrece lo mejor en sensibilidad a la luz, capturando el color con detalles v\u00edvidos, incluso con una iluminaci\u00f3n tan baja como 0,005 lux. La c\u00e1mara utiliza un conjunto de funciones \u00f3pticas para equilibrar la luz en toda la escena, produciendo im\u00e1genes claras en entornos oscuros.<\/p>\n<hr class=\"padding-bottom-2x\" \/>\n<div class=\"row align-items-center padding-bottom-2x\">\n<div class=\"col-md-5\"><img decoding=\"async\" class=\"d-block m-auto img-thumbnail\" src=\"https:\/\/tvc.mx\/media\/548367\/SMD-plus-Dahua.png\" alt=\" Alarmas de detecci\u00f3n de movimiento\" \/><\/div>\n<div class=\"col-md-7 text-md-left text-center\">\n<h2>SMD<\/h2>\n<p>Con la potencia de los algoritmos de aprendizaje profundo, Dahua SMD filtra las alarmas de detecci\u00f3n de movimiento activadas por objetivos que no son una preocupaci\u00f3n.<\/p>\n<p>Reconoce r\u00e1pidamente a personas y veh\u00edculos, activando alarmas cuando ocurre una intrusi\u00f3n.<\/p>\n<hr class=\"padding-bottom-2x\" \/>\n<div class=\"row align-items-center padding-bottom-2x\">\n<div class=\"col-md-5 order-md-2\"><img decoding=\"async\" class=\"d-block m-auto img-thumbnail\" src=\"https:\/\/tvc.mx\/media\/548819\/proteccion-perimetral-dahua.png\" alt=\" Mejora Prescisi\u00f3n\" \/><\/div>\n<div class=\"col-md-7 order-md-1 text-md-left text-center\">\n<h2>Protecci\u00f3n perimetral<\/h2>\n<p class=\"ql-align-justify\">Filtra autom\u00e1ticamente las falsas alarmas causadas por animales, hojas que se mueven, luces brillantes, etc. Permite que el sistema act\u00fae como un reconocimiento secundario de los objetivos para mejorar la precisi\u00f3n de la alarma.<\/p>\n<hr class=\"padding-bottom-2x\" \/>\n<div class=\"row align-items-center padding-bottom-2x\">\n<div class=\"col-md-5 order-md-2\"><img decoding=\"async\" class=\"d-block m-auto img-thumbnail\" src=\"https:\/\/tvc.mx\/media\/548871\/SD49216DB-HNY-IP-PTZ-CAMARA-2OVERVIEWS-LATERAL.png\" alt=\" Camara PTZ de red IR Starlight 16x2MP\" \/><\/div>\n<div class=\"col-md-7 order-md-1 text-md-left text-center\">\n<div class=\"row align-items-center padding-bottom-2x\">\n<div class=\"col-md-5 order-md-2\"><\/div>\n<div class=\"col-md-7 order-md-1 text-md-left text-center\">\n<p>&nbsp;<\/p>\n<\/div>\n<\/div>\n<\/div>\n<\/div>\n<\/div>\n<\/div>\n<\/div>\n<\/div>\n<\/div>\n","protected":false},"excerpt":{"rendered":"<p>Informaci\u00f3n general Con un potente zoom \u00f3ptico y un rendimiento preciso de giro\/inclinaci\u00f3n\/zoom, esta c\u00e1mara ofrece una soluci\u00f3n todo en uno para capturar v\u00eddeo-vigilancia de larga distancia para aplicaciones al aire libre. Junto con la iluminaci\u00f3n infrarroja y la tecnolog\u00eda Starlight, la c\u00e1mara es la&hellip;<\/p>\n","protected":false},"featured_media":2138,"comment_status":"open","ping_status":"closed","template":"","meta":{"om_disable_all_campaigns":false,"_monsterinsights_skip_tracking":false,"_monsterinsights_sitenote_active":false,"_monsterinsights_sitenote_note":"","_monsterinsights_sitenote_category":0},"product_brand":[],"product_cat":[118],"product_tag":[119,42,38,66,55],"class_list":{"0":"post-2139","1":"product","2":"type-product","3":"status-publish","4":"has-post-thumbnail","6":"product_cat-ptz-camaras-ip","7":"product_tag-camara-ptz","8":"product_tag-camaras","9":"product_tag-camaras-de-seguridad","10":"product_tag-dahua","11":"product_tag-ptz","13":"first","14":"instock","15":"sale","16":"taxable","17":"shipping-taxable","18":"purchasable","19":"product-type-simple"},"aioseo_notices":[],"_links":{"self":[{"href":"https:\/\/tecsecmty.com\/index.php\/wp-json\/wp\/v2\/product\/2139","targetHints":{"allow":["GET"]}}],"collection":[{"href":"https:\/\/tecsecmty.com\/index.php\/wp-json\/wp\/v2\/product"}],"about":[{"href":"https:\/\/tecsecmty.com\/index.php\/wp-json\/wp\/v2\/types\/product"}],"replies":[{"embeddable":true,"href":"https:\/\/tecsecmty.com\/index.php\/wp-json\/wp\/v2\/comments?post=2139"}],"version-history":[{"count":0,"href":"https:\/\/tecsecmty.com\/index.php\/wp-json\/wp\/v2\/product\/2139\/revisions"}],"wp:featuredmedia":[{"embeddable":true,"href":"https:\/\/tecsecmty.com\/index.php\/wp-json\/wp\/v2\/media\/2138"}],"wp:attachment":[{"href":"https:\/\/tecsecmty.com\/index.php\/wp-json\/wp\/v2\/media?parent=2139"}],"wp:term":[{"taxonomy":"product_brand","embeddable":true,"href":"https:\/\/tecsecmty.com\/index.php\/wp-json\/wp\/v2\/product_brand?post=2139"},{"taxonomy":"product_cat","embeddable":true,"href":"https:\/\/tecsecmty.com\/index.php\/wp-json\/wp\/v2\/product_cat?post=2139"},{"taxonomy":"product_tag","embeddable":true,"href":"https:\/\/tecsecmty.com\/index.php\/wp-json\/wp\/v2\/product_tag?post=2139"}],"curies":[{"name":"wp","href":"https:\/\/api.w.org\/{rel}","templated":true}]}}