{"id":2141,"date":"2023-02-22T18:30:39","date_gmt":"2023-02-23T00:30:39","guid":{"rendered":"https:\/\/tecsecmty.com\/index.php\/producto\/dahua-dh-sd49225db-hny-camara-ip-ptz-de-2-megapixeles-wizsense-25x-de-zoom-optico-ir-de-100-metros-h-265-wdr-real-de-120-db-proteccion-perimetral-y-face-detection-smd-plus-ranura-para-micros\/"},"modified":"2023-03-22T23:22:27","modified_gmt":"2023-03-23T05:22:27","slug":"dahua-dh-sd49225db-hny-camara-ip-ptz-de-2-megapixeles-wizsense-25x-de-zoom-optico-ir-de-100-metros-h-265-wdr-real-de-120-db-proteccion-perimetral-y-face-detection-smd-plus-ranura-para-micros","status":"publish","type":"product","link":"https:\/\/tecsecmty.com\/index.php\/producto\/dahua-dh-sd49225db-hny-camara-ip-ptz-de-2-megapixeles-wizsense-25x-de-zoom-optico-ir-de-100-metros-h-265-wdr-real-de-120-db-proteccion-perimetral-y-face-detection-smd-plus-ranura-para-micros\/","title":{"rendered":"DAHUA DH-SD49225DB-HNY &#8211; Camara IP PTZ de 2 Megapixeles\/ WizSense\/ 25x de Zoom Optico\/ IR de 100 Metros\/ H.265\/ WDR Real de 120 dB\/ Protecci\u00f3n Perimetral y Face Detection\/ SMD Plus\/ Ranura para MicroSD\/ IP66\/ E&amp;S de Alarma y Audio\/ #LoNuevo"},"content":{"rendered":"<div class=\"row aling-items-center padding-bottom-2x\">\n<div class=\"col-lg-12\">\n<h5 class=\"card-title text-center\">Informaci\u00f3n general<\/h5>\n<p>Con un potente zoom \u00f3ptico y un rendimiento preciso de giro\/inclinaci\u00f3n zoom, esta c\u00e1mara proporciona una soluci\u00f3n todo en uno para capturar video vigilancia de larga distancia para aplicaciones al aire libre. Junto con la iluminaci\u00f3n infrarroja y la tecnolog\u00eda Starlight, la c\u00e1mara es la soluci\u00f3n perfecta para aplicaciones oscuras y con poca luz.<\/p>\n<p>La serie combina un filtro de corte IR mec\u00e1nico de d\u00eda\/noche para obtener la m\u00e1xima calidad de imagen en condiciones de iluminaci\u00f3n variables durante el d\u00eda.<\/p>\n<p><img decoding=\"async\" class=\"overview-center-img-web\" src=\"https:\/\/tvc.mx\/media\/549351\/Camara-2Megapixeles25xZoomOptico-IR-100-Metros-H.265-WDR-Real-120-Protecci%C3%B3n-Perimetral-Face-Detection--DHT0060036-banner-principal.png\" alt=\"Camara blanca\" \/><\/div>\n<\/div>\n<div class=\"row align-items-center padding-bottom-2x\">\n<div class=\"col-md-5\"><img decoding=\"async\" class=\"d-block m-auto img-thumbnail\" src=\"https:\/\/tvc.mx\/media\/549355\/IP66-dahua.png\" alt=\" Protecci\u00f3n\" \/><\/div>\n<div class=\"col-md-7 text-md-left text-center\">\n<h2>Protecci\u00f3n IP66<\/h2>\n<p class=\"text-muted\">\n<p>IP66, TVS 6000 V a prueba de rayos, protecci\u00f3n contra sobretensiones y protecci\u00f3n contra transitorios de voltaje<\/p>\n<p>&nbsp;<\/p>\n<\/div>\n<\/div>\n<hr class=\"padding-bottom-2x\" \/>\n<div class=\"row align-items-center padding-bottom-2x\">\n<div class=\"col-md-5 order-md-2\"><img decoding=\"async\" class=\"d-block m-auto img-thumbnail\" src=\"https:\/\/tvc.mx\/media\/549367\/proteccion-perimetral-dahua.png\" alt=\" Protecci\u00f3n sobre falsas alarmas\" \/><\/div>\n<div class=\"col-md-7 order-md-1 text-md-left text-center\">\n<h2>Protecci\u00f3n Perimetral<\/h2>\n<p class=\"text-muted\">\n<p>Filtra autom\u00e1ticamente las falsas alarmas causadas por animales, hojas que se mueven, luces brillantes, etc. Permite que el sistema act\u00fae como un reconocimiento secundario de los objetivos para mejorar la precisi\u00f3n de la alarma<\/p>\n<p>&nbsp;<\/p>\n<\/div>\n<\/div>\n<hr class=\"padding-bottom-2x\" \/>\n<div class=\"row align-items-center padding-bottom-2x\">\n<div class=\"col-md-5\"><img decoding=\"async\" class=\"d-block m-auto img-thumbnail\" src=\"https:\/\/tvc.mx\/media\/549403\/SMD-plus-Dahua.png\" alt=\" Filtro de alarmas\" \/><\/div>\n<div class=\"col-md-7 text-md-left text-center\">\n<h2>SMD<\/h2>\n<p class=\"text-muted\">\n<p>Con la potencia de los algoritmos de aprendizaje profundo, Dahua SMD filtra las alarmas de detecci\u00f3n de movimiento activadas por objetivos que no son una preocupaci\u00f3n. Reconoce r\u00e1pidamente a personas y veh\u00edculos, activando alarmas cuando ocurre una intrusi\u00f3n.<\/p>\n<p>&nbsp;<\/p>\n<\/div>\n<\/div>\n<hr class=\"padding-bottom-2x\" \/>\n<div class=\"row align-items-center padding-bottom-2x\">\n<div class=\"col-md-5 order-md-2\"><img decoding=\"async\" class=\"d-block m-auto img-thumbnail\" src=\"https:\/\/tvc.mx\/media\/549431\/Principales-caracteristicas-OVERVIEWS-LATERAL.png\" alt=\" Camara blanca\" \/><\/div>\n<div class=\"col-md-7 order-md-1 text-md-left text-center\">\n<h2>Caracter\u00edsticas Principales<\/h2>\n<p class=\"text-muted\">\n<p><strong>\u00b7\u00a0<\/strong>CMOS STARVIS\u2122 de 1\/2,8&#8243; y 2 megap\u00edxeles.<\/p>\n<p><strong>\u00b7\u00a0<\/strong>Zoom \u00f3ptico de 25 aumentos.<\/p>\n<p><strong>\u00b7\u00a0<\/strong>Tecnolog\u00eda de la luz de las estrellas.<\/p>\n<p><strong>\u00b7\u00a0<\/strong>m\u00e1x. 25\/30 fps@1080p.<\/p>\n<p><strong>\u00b7\u00a0<\/strong>Distancia IR hasta 100 m.<\/p>\n<p><strong>\u00b7\u00a0<\/strong>Codificaci\u00f3n H.265.<\/p>\n<p><strong>\u00b7\u00a0<\/strong>Protecci\u00f3n perimetral.<\/p>\n<p><strong>\u00b7\u00a0<\/strong>Detecci\u00f3n de rostro. Hasta 8 caras capturadas al mismo tiempo.<\/p>\n<p>&nbsp;<\/p>\n<\/div>\n<\/div>\n<hr class=\"padding-bottom-2x\" \/>\n<div class=\"row align-items-center padding-bottom-2x\">\n<div class=\"col-md-5\"><img decoding=\"async\" class=\"d-block m-auto img-thumbnail\" src=\"https:\/\/tvc.mx\/media\/549463\/Especificaciones-OVERVIEWS-LATERAL.png\" alt=\" dimensiones\" \/><\/div>\n<div class=\"col-md-7 text-md-left text-center\">\n<h2>Especificaciones Tecnicas<\/h2>\n<p class=\"text-muted\">\n<ul>\n<li>CMOS de 1\/2,8&#8243;<\/li>\n<li>2 megap\u00edxeles<\/li>\n<li>M\u00e1x. Resoluci\u00f3n 1920 (H) \u00d7 1080 (V)<\/li>\n<li>ROM\u00a0128 MB<\/li>\n<li>RAM 256 MB<\/li>\n<li>Velocidad de obturaci\u00f3n electr\u00f3nica\u00a01\/1 s \u20131\/30 000 s<\/li>\n<li>Distancia de iluminaci\u00f3n\u00a0100 m (328,08 pies) (IR)<\/li>\n<li>N\u00famero de iluminador\u00a03 (IR)<\/li>\n<\/ul>\n<\/div>\n<\/div>\n","protected":false},"excerpt":{"rendered":"<p>Informaci\u00f3n general Con un potente zoom \u00f3ptico y un rendimiento preciso de giro\/inclinaci\u00f3n zoom, esta c\u00e1mara proporciona una soluci\u00f3n todo en uno para capturar video vigilancia de larga distancia para aplicaciones al aire libre. Junto con la iluminaci\u00f3n infrarroja y la tecnolog\u00eda Starlight, la c\u00e1mara&hellip;<\/p>\n","protected":false},"featured_media":2140,"comment_status":"open","ping_status":"closed","template":"","meta":{"om_disable_all_campaigns":false,"_monsterinsights_skip_tracking":false,"_monsterinsights_sitenote_active":false,"_monsterinsights_sitenote_note":"","_monsterinsights_sitenote_category":0},"product_brand":[],"product_cat":[118],"product_tag":[119,42,38,66,55],"class_list":{"0":"post-2141","1":"product","2":"type-product","3":"status-publish","4":"has-post-thumbnail","6":"product_cat-ptz-camaras-ip","7":"product_tag-camara-ptz","8":"product_tag-camaras","9":"product_tag-camaras-de-seguridad","10":"product_tag-dahua","11":"product_tag-ptz","13":"first","14":"instock","15":"sale","16":"taxable","17":"shipping-taxable","18":"purchasable","19":"product-type-simple"},"aioseo_notices":[],"_links":{"self":[{"href":"https:\/\/tecsecmty.com\/index.php\/wp-json\/wp\/v2\/product\/2141","targetHints":{"allow":["GET"]}}],"collection":[{"href":"https:\/\/tecsecmty.com\/index.php\/wp-json\/wp\/v2\/product"}],"about":[{"href":"https:\/\/tecsecmty.com\/index.php\/wp-json\/wp\/v2\/types\/product"}],"replies":[{"embeddable":true,"href":"https:\/\/tecsecmty.com\/index.php\/wp-json\/wp\/v2\/comments?post=2141"}],"version-history":[{"count":0,"href":"https:\/\/tecsecmty.com\/index.php\/wp-json\/wp\/v2\/product\/2141\/revisions"}],"wp:featuredmedia":[{"embeddable":true,"href":"https:\/\/tecsecmty.com\/index.php\/wp-json\/wp\/v2\/media\/2140"}],"wp:attachment":[{"href":"https:\/\/tecsecmty.com\/index.php\/wp-json\/wp\/v2\/media?parent=2141"}],"wp:term":[{"taxonomy":"product_brand","embeddable":true,"href":"https:\/\/tecsecmty.com\/index.php\/wp-json\/wp\/v2\/product_brand?post=2141"},{"taxonomy":"product_cat","embeddable":true,"href":"https:\/\/tecsecmty.com\/index.php\/wp-json\/wp\/v2\/product_cat?post=2141"},{"taxonomy":"product_tag","embeddable":true,"href":"https:\/\/tecsecmty.com\/index.php\/wp-json\/wp\/v2\/product_tag?post=2141"}],"curies":[{"name":"wp","href":"https:\/\/api.w.org\/{rel}","templated":true}]}}