{"id":2145,"date":"2023-02-22T18:30:44","date_gmt":"2023-02-23T00:30:44","guid":{"rendered":"https:\/\/tecsecmty.com\/index.php\/producto\/dahua-dh-sd6al245xan-hnr-camara-ip-ptz-laser-de-2-megapixeles-45x-zoom-optico-iluminacion-laser-de-550-mts-auto-tracking-proteccion-perimetral-deteccion-de-rostro-ip67\/"},"modified":"2023-03-22T23:22:28","modified_gmt":"2023-03-23T05:22:28","slug":"dahua-dh-sd6al245xan-hnr-camara-ip-ptz-laser-de-2-megapixeles-45x-zoom-optico-iluminacion-laser-de-550-mts-auto-tracking-proteccion-perimetral-deteccion-de-rostro-ip67","status":"publish","type":"product","link":"https:\/\/tecsecmty.com\/index.php\/producto\/dahua-dh-sd6al245xan-hnr-camara-ip-ptz-laser-de-2-megapixeles-45x-zoom-optico-iluminacion-laser-de-550-mts-auto-tracking-proteccion-perimetral-deteccion-de-rostro-ip67\/","title":{"rendered":"DAHUA DH-SD6AL245XAN-HNR &#8211; Camara IP PTZ Laser de 2 Megapixeles\/ 45x Zoom Optico\/ Iluminaci\u00f3n Laser de 550 Mts\/ Auto tracking\/ Protecci\u00f3n Perimetral\/ Detecci\u00f3n de rostro\/ IP67"},"content":{"rendered":"<div class=\"row aling-items-center padding-bottom-2x\">\n<div class=\"col-lg-12\">\n<h5 class=\"card-title text-center\">Informaci\u00f3n general<\/h5>\n<p class=\"ql-align-justify\">Dahua WizSense es una serie de productos de inteligencia artificial y una soluci\u00f3n completa de extremo a extremo basada en el aprendizaje profundo. El producto se enfoca en humanos y veh\u00edculos, beneficiando a todos con funciones inteligentes, configuraci\u00f3n simple y productos inclusivos.<\/p>\n<p><img decoding=\"async\" class=\"overview-center-img-web\" src=\"https:\/\/tvc.mx\/media\/561759\/DAHUA-DH-SD6AL245XAN-HNR-Camara-IP-PTZ-Laser-2-Megapixele-45x-Zoom-Optico-Iluminaci%C3%B3n-Laser-de-550-Mts-banner-principal.png\" alt=\"C\u00e1mara ip\" \/><\/div>\n<\/div>\n<div class=\"row align-items-center padding-bottom-2x\">\n<div class=\"col-md-5\"><img decoding=\"async\" class=\"d-block m-auto img-thumbnail\" src=\"https:\/\/tvc.mx\/media\/561779\/proteccion-perimetral-dahua.png\" alt=\" Protecci\u00f3n perimetral\" \/><\/div>\n<div class=\"col-md-7 text-md-left text-center\">\n<h2>Protecci\u00f3n Perimetral<\/h2>\n<p class=\"text-muted\">\n<p class=\"ql-align-justify\">Filtra autom\u00e1ticamente las falsas alarmas causadas por animales, susurros de hojas, luces brillantes, etc. Permite que el sistema act\u00fae como reconocimiento secundario de los objetivos. Mejora la precisi\u00f3n de la alarma.<\/p>\n<p>&nbsp;<\/p>\n<\/div>\n<\/div>\n<hr class=\"padding-bottom-2x\" \/>\n<div class=\"row align-items-center padding-bottom-2x\">\n<div class=\"col-md-5 order-md-2\"><img decoding=\"async\" class=\"d-block m-auto img-thumbnail\" src=\"https:\/\/tvc.mx\/media\/561783\/WDR-Dahua.png\" alt=\" WDR\" \/><\/div>\n<div class=\"col-md-7 order-md-1 text-md-left text-center\">\n<h2>Amplio rango din\u00e1mico<\/h2>\n<p class=\"text-muted\">\n<p class=\"ql-align-justify\">La c\u00e1mara logra im\u00e1genes v\u00edvidas, incluso en las condiciones de iluminaci\u00f3n de contraste m\u00e1s intenso, utilizando la tecnolog\u00eda de rango din\u00e1mico amplio (WDR) l\u00edder en la industria. Para aplicaciones con condiciones de luz brillante y baja que cambian r\u00e1pidamente, True WDR (120 dB) optimiza las \u00e1reas brillantes y oscuras de una escena al mismo tiempo para proporcionar video utilizable.<\/p>\n<p>&nbsp;<\/p>\n<\/div>\n<\/div>\n<hr class=\"padding-bottom-2x\" \/>\n<div class=\"row align-items-center padding-bottom-2x\">\n<div class=\"col-md-5 order-md-2\"><img decoding=\"async\" class=\"d-block m-auto img-thumbnail\" src=\"https:\/\/tvc.mx\/media\/561903\/Starlight-Dahua.png\" alt=\" Starlight\" \/><\/div>\n<div class=\"col-md-7 order-md-1 text-md-left text-center\">\n<h2>Starlight<\/h2>\n<p class=\"text-muted\">\n<p class=\"ql-align-justify\">Para aplicaciones desafiantes con poca luz, la tecnolog\u00eda de luz ultra baja Starlight de Dahua ofrece la mejor sensibilidad a la luz de su clase, capturando detalles de color con poca luz hasta 0.005 Lux. La c\u00e1mara utiliza un conjunto de funciones \u00f3pticas para equilibrar la luz en toda la escena, lo que da como resultado im\u00e1genes claras en entornos oscuros.<\/p>\n<p>&nbsp;<\/p>\n<\/div>\n<\/div>\n<hr class=\"padding-bottom-2x\" \/>\n<div class=\"row align-items-center padding-bottom-2x\">\n<div class=\"col-md-5 order-md-2\"><img decoding=\"async\" class=\"d-block m-auto img-thumbnail\" src=\"https:\/\/tvc.mx\/media\/561947\/DAHUA-DH-SD6AL245XAN-HNR-Camara-IP-PTZ-Laser-2-Megapixele-45x-Zoom-Optico-Iluminaci%C3%B3n-Laser-de-550-Mts-caracteristicas-principales.png\" alt=\" C\u00e1mara\" \/><\/div>\n<div class=\"col-md-7 order-md-1 text-md-left text-center\">\n<h2>Caracteristicas principales<\/h2>\n<p class=\"text-muted\">\n<p><strong>\u00b7\u00a0<\/strong>CMOS STARVIS \u2122 de 1 \/ 2.8 \u00aby 2 megap\u00edxeles<\/p>\n<p><strong>\u00b7\u00a0<\/strong>Zoom \u00f3ptico de 45x<\/p>\n<p><strong>\u00b7\u00a0<\/strong>Tecnolog\u00eda Starlight<\/p>\n<p><strong>\u00b7\u00a0<\/strong>Max. 50\/60 fps @ 1080P<\/p>\n<p><strong>\u00b7\u00a0<\/strong>Distancia l\u00e1ser hasta 550 m<\/p>\n<p><strong>\u00b7\u00a0<\/strong>Seguimiento autom\u00e1tico<\/p>\n<p><strong>\u00b7\u00a0<\/strong>Protecci\u00f3n perimetral<\/p>\n<p><strong>\u00b7\u00a0<\/strong>Detecci\u00f3n de rostro<\/p>\n<p><strong>\u00b7\u00a0<\/strong>SMD Plus<\/p>\n<p>&nbsp;<\/p>\n<\/div>\n<\/div>\n<hr class=\"padding-bottom-2x\" \/>\n<div class=\"row align-items-center padding-bottom-2x\">\n<div class=\"col-md-5 order-md-2\"><img decoding=\"async\" class=\"d-block m-auto img-thumbnail\" src=\"https:\/\/tvc.mx\/media\/561971\/DAHUA-DH-SD6AL245XAN-HNR-Camara-IP-PTZ-Laser-2-Megapixele-45x-Zoom-Optico-Iluminaci%C3%B3n-Laser-de-550-Mts-especificaciones-tecnicas.png\" alt=\" \" \/><\/div>\n<div class=\"col-md-7 order-md-1 text-md-left text-center\">\n<h2>Especificaciones T\u00e9cnicas<\/h2>\n<p class=\"text-muted\">\n<ul>\n<li class=\"ql-align-justify\">Sensor de imagen CMOS de 1 \/2,8&#8243;<\/li>\n<li class=\"ql-align-justify\">2 MP<\/li>\n<li class=\"ql-align-justify\">ROM 4 GB<\/li>\n<li class=\"ql-align-justify\">RAM 1 GB<\/li>\n<li class=\"ql-align-justify\">Velocidad de obturaci\u00f3n electr\u00f3nica 1\/1 s &#8211; 1\/30000s<\/li>\n<li class=\"ql-align-justify\">Sistema de escaneo: progresivo<\/li>\n<li class=\"ql-align-justify\">Min. iluminac\u00f3n<\/li>\n<li class=\"ql-align-justify\">Color: 0.005 Lux@F1.6<\/li>\n<li class=\"ql-align-justify\">B\/N: 0.0005 Lux@F1.6<\/li>\n<li class=\"ql-align-justify\">Distancia de iluminaci\u00f3n: 550 m (1804.46)<\/li>\n<\/ul>\n<\/div>\n<\/div>\n","protected":false},"excerpt":{"rendered":"<p>Informaci\u00f3n general Dahua WizSense es una serie de productos de inteligencia artificial y una soluci\u00f3n completa de extremo a extremo basada en el aprendizaje profundo. El producto se enfoca en humanos y veh\u00edculos, beneficiando a todos con funciones inteligentes, configuraci\u00f3n simple y productos inclusivos. Protecci\u00f3n&hellip;<\/p>\n","protected":false},"featured_media":2144,"comment_status":"open","ping_status":"closed","template":"","meta":{"om_disable_all_campaigns":false,"_monsterinsights_skip_tracking":false,"_monsterinsights_sitenote_active":false,"_monsterinsights_sitenote_note":"","_monsterinsights_sitenote_category":0},"product_brand":[],"product_cat":[118],"product_tag":[119,42,38,66,55],"class_list":{"0":"post-2145","1":"product","2":"type-product","3":"status-publish","4":"has-post-thumbnail","6":"product_cat-ptz-camaras-ip","7":"product_tag-camara-ptz","8":"product_tag-camaras","9":"product_tag-camaras-de-seguridad","10":"product_tag-dahua","11":"product_tag-ptz","13":"first","14":"instock","15":"sale","16":"taxable","17":"shipping-taxable","18":"purchasable","19":"product-type-simple"},"aioseo_notices":[],"_links":{"self":[{"href":"https:\/\/tecsecmty.com\/index.php\/wp-json\/wp\/v2\/product\/2145","targetHints":{"allow":["GET"]}}],"collection":[{"href":"https:\/\/tecsecmty.com\/index.php\/wp-json\/wp\/v2\/product"}],"about":[{"href":"https:\/\/tecsecmty.com\/index.php\/wp-json\/wp\/v2\/types\/product"}],"replies":[{"embeddable":true,"href":"https:\/\/tecsecmty.com\/index.php\/wp-json\/wp\/v2\/comments?post=2145"}],"version-history":[{"count":0,"href":"https:\/\/tecsecmty.com\/index.php\/wp-json\/wp\/v2\/product\/2145\/revisions"}],"wp:featuredmedia":[{"embeddable":true,"href":"https:\/\/tecsecmty.com\/index.php\/wp-json\/wp\/v2\/media\/2144"}],"wp:attachment":[{"href":"https:\/\/tecsecmty.com\/index.php\/wp-json\/wp\/v2\/media?parent=2145"}],"wp:term":[{"taxonomy":"product_brand","embeddable":true,"href":"https:\/\/tecsecmty.com\/index.php\/wp-json\/wp\/v2\/product_brand?post=2145"},{"taxonomy":"product_cat","embeddable":true,"href":"https:\/\/tecsecmty.com\/index.php\/wp-json\/wp\/v2\/product_cat?post=2145"},{"taxonomy":"product_tag","embeddable":true,"href":"https:\/\/tecsecmty.com\/index.php\/wp-json\/wp\/v2\/product_tag?post=2145"}],"curies":[{"name":"wp","href":"https:\/\/api.w.org\/{rel}","templated":true}]}}