{"id":2149,"date":"2023-02-22T18:30:48","date_gmt":"2023-02-23T00:30:48","guid":{"rendered":"https:\/\/tecsecmty.com\/index.php\/producto\/dahua-dh-sd8a840n-hnf-pa-camara-ip-ptz-de-8-megapixeles-wizmind-40x-de-zoom-optico-ir-de-400-metros-starlight-reconocimiento-facial-autotracking-hi-poe-limpia-parabrizas-inteligente-ip67-m\/"},"modified":"2023-03-22T23:22:28","modified_gmt":"2023-03-23T05:22:28","slug":"dahua-dh-sd8a840n-hnf-pa-camara-ip-ptz-de-8-megapixeles-wizmind-40x-de-zoom-optico-ir-de-400-metros-starlight-reconocimiento-facial-autotracking-hi-poe-limpia-parabrizas-inteligente-ip67-m","status":"publish","type":"product","link":"https:\/\/tecsecmty.com\/index.php\/producto\/dahua-dh-sd8a840n-hnf-pa-camara-ip-ptz-de-8-megapixeles-wizmind-40x-de-zoom-optico-ir-de-400-metros-starlight-reconocimiento-facial-autotracking-hi-poe-limpia-parabrizas-inteligente-ip67-m\/","title":{"rendered":"DAHUA DH-SD8A840N-HNF-PA &#8211; Camara IP PTZ de 8 Megapixeles\/ WizMind\/ 40x de Zoom Optico\/ IR de 400 Metros\/ Starlight\/ Reconocimiento Facial\/ AutoTracking\/ Hi-PoE\/ Limpia Parabrizas Inteligente\/ IP67\/ Metadatos\/ #LoNuevo"},"content":{"rendered":"<div class=\"row aling-items-center padding-bottom-2x\">\n<div class=\"col-lg-12\">\n<h5 class=\"card-title text-center\">Informaci\u00f3n General<\/h5>\n<p>Con un potente zoom \u00f3ptico de 40X y un rendimiento preciso de giro \/ inclinaci\u00f3n \/ zoom, esta c\u00e1mara proporciona una soluci\u00f3n todo en uno para captura de video en vigilancia de larga distancia en aplicaciones al aire libre. Junto con su iluminaci\u00f3n infrarroja de hasta 400 metros y la tecnolog\u00eda Starlight, la c\u00e1mara es la soluci\u00f3n perfecta para aplicaciones en sitios carentes de luz o de baja iluminaci\u00f3n.<\/p>\n<p><img decoding=\"async\" class=\"overview-center-img-web\" src=\"https:\/\/tvc.mx\/media\/522099\/IP_PTZ_8_MP_WizMind_40x_IR400M_Starlight_FR_AutoTracking_Dahua_DH-SD8A840N-HNF-PA_Over_Ppal.png\" alt=\"\" \/><\/div>\n<\/div>\n<div class=\"row align-items-center padding-bottom-2x\">\n<div class=\"col-md-5\"><img decoding=\"async\" class=\"d-block m-auto img-thumbnail\" src=\"https:\/\/tvc.mx\/media\/522123\/Starlight-Dahua.png\" alt=\" \" \/><\/div>\n<div class=\"col-md-7 text-md-left text-center\">\n<h2>Tecnolog\u00eda Starlight<\/h2>\n<p class=\"text-muted\">\n<p>Para aplicaciones desafiantes con poca luz, la luz ultra baja de Starlight de Dahua, la tecnolog\u00eda ofrece la mejor sensibilidad a la luz de su clase, capturando detalles de color con poca luz hasta 0.005 lux. La c\u00e1mara utiliza un conjunto de caracter\u00edsticas \u00f3pticas. para equilibrar la luz en toda la escena, lo que resulta en im\u00e1genes claras en ambientes de baja iluminaci\u00f3n.<\/p>\n<p>&nbsp;<\/p>\n<\/div>\n<\/div>\n<hr class=\"padding-bottom-2x\" \/>\n<div class=\"row align-items-center padding-bottom-2x\">\n<div class=\"col-md-5 order-md-2\"><img decoding=\"async\" class=\"d-block m-auto img-thumbnail\" src=\"https:\/\/tvc.mx\/media\/522131\/AutoTracking_Seguimiento.png\" alt=\" \" \/><\/div>\n<div class=\"col-md-7 order-md-1 text-md-left text-center\">\n<h2>Seguimiento autom\u00e1tico y H.265+<\/h2>\n<p class=\"text-muted\">\n<p>Auto-tracking<\/p>\n<p>Esta funci\u00f3n controla las acciones de panor\u00e1mica \/ inclinaci\u00f3n \/ zoom de la c\u00e1mara para rastrea autom\u00e1ticamente un objeto en movimiento y lo mantiene en la escena. La acci\u00f3n de seguimiento se puede activar definido por reglas. Una vez que se activa una regla, la c\u00e1mara puede acercarse en la visi\u00f3n al objetivo y darle seguimiento autom\u00e1ticamente.<\/p>\n<p>Smart H.265 +<\/p>\n<p>Smart H.265 + es la implementaci\u00f3n optimizada del c\u00f3dec H.265 que utiliza una estrategia de codificaci\u00f3n adaptable a la escena, GOP din\u00e1mico, ROI din\u00e1mico, estructura flexible de referencia multitrama y reducci\u00f3n inteligente de ruido para entregar video de alta calidad sin forzar la red. La tecnolog\u00eda Inteligente H.265 + reduce la velocidad de bits y los requisitos de almacenamiento hasta en 70% en comparaci\u00f3n con la compresi\u00f3n de video H.265 est\u00e1ndar.<\/p>\n<p>&nbsp;<\/p>\n<\/div>\n<\/div>\n<hr class=\"padding-bottom-2x\" \/>\n<div class=\"row align-items-center padding-bottom-2x\">\n<div class=\"col-md-5\"><img decoding=\"async\" class=\"d-block m-auto img-thumbnail\" src=\"https:\/\/tvc.mx\/media\/522151\/IP_PTZ_8_MP_WizMind_40x_IR400M_Starlight_FR_AutoTracking_Dahua_DH-SD8A840N-HNF-PA_Over_M.png\" alt=\" \" \/><\/div>\n<div class=\"col-md-7 text-md-left text-center\">\n<h2>Caracter\u00edsticas y Especificaciones<\/h2>\n<p class=\"text-muted\">\n<ul>\n<li>CMOS STARVIS\u2122 de 1\/1.8&#8243; y 8 megap\u00edxeles<\/li>\n<li>Potente zoom \u00f3ptico de 40x<\/li>\n<li>Tecnolog\u00eda Starlight<\/li>\n<li>Protecci\u00f3n perimetral<\/li>\n<li>Metadatos<\/li>\n<li>Detecci\u00f3n de rostros<\/li>\n<li>Seguimiento autom\u00e1tico<\/li>\n<li>Limpiaparabrisas inteligente<\/li>\n<li>IP67<\/li>\n<\/ul>\n<p>&nbsp;<\/p>\n<\/div>\n<\/div>\n<hr class=\"padding-bottom-2x\" \/>\n<div class=\"row align-items-center padding-bottom-2x\">\n<div class=\"col-md-5 order-md-2\"><img decoding=\"async\" class=\"d-block m-auto img-thumbnail\" src=\"https:\/\/tvc.mx\/media\/522515\/IP_PTZ_8_MP_WizMind_40x_IR400M_Starlight_FR_AutoTracking_Dahua_DH-SD8A840N-HNF-PA_Over_M2.png\" alt=\" \" \/><\/div>\n<div class=\"col-md-7 order-md-1 text-md-left text-center\">\n<h2>Especificaciones<\/h2>\n<p class=\"text-muted\">\n<ul>\n<li>Caja: Metal<\/li>\n<li>Dimensiones del producto: 415,6 mm \u00d7 \u03a626 2 mm (16,36&#8243; \u00d7 \u03a610,31&#8243;)<\/li>\n<li>Peso neto: 10 kg (22,05 libras)<\/li>\n<li>Temperatura de funcionamiento: \u201340 \u00b0C a +70 \u00b0C (\u201340 \u00b0F a +158 \u00b0F)<\/li>\n<li>Humedad de funcionamiento: \u226495% (HR)<\/li>\n<li>Proteccion: IP67; protecci\u00f3n contra rayos TVS 6000 V; protecci\u00f3n contra sobretensiones; protecci\u00f3n contra transitorios de tensi\u00f3n<\/li>\n<li>Fuente de alimentaci\u00f3n 36 V CC, 2,23 A (\u00b125 %) Hi-PoE<\/li>\n<li>El consumo de energ\u00eda: B\u00e1sico: 30W M\u00e1x. 48 W (iluminador + PTZ funcionando)<\/li>\n<\/ul>\n<\/div>\n<\/div>\n","protected":false},"excerpt":{"rendered":"<p>Informaci\u00f3n General Con un potente zoom \u00f3ptico de 40X y un rendimiento preciso de giro \/ inclinaci\u00f3n \/ zoom, esta c\u00e1mara proporciona una soluci\u00f3n todo en uno para captura de video en vigilancia de larga distancia en aplicaciones al aire libre. Junto con su iluminaci\u00f3n&hellip;<\/p>\n","protected":false},"featured_media":2148,"comment_status":"open","ping_status":"closed","template":"","meta":{"om_disable_all_campaigns":false,"_monsterinsights_skip_tracking":false,"_monsterinsights_sitenote_active":false,"_monsterinsights_sitenote_note":"","_monsterinsights_sitenote_category":0},"product_brand":[],"product_cat":[118],"product_tag":[119,42,38,66,55],"class_list":{"0":"post-2149","1":"product","2":"type-product","3":"status-publish","4":"has-post-thumbnail","6":"product_cat-ptz-camaras-ip","7":"product_tag-camara-ptz","8":"product_tag-camaras","9":"product_tag-camaras-de-seguridad","10":"product_tag-dahua","11":"product_tag-ptz","13":"first","14":"instock","15":"sale","16":"taxable","17":"shipping-taxable","18":"purchasable","19":"product-type-simple"},"aioseo_notices":[],"_links":{"self":[{"href":"https:\/\/tecsecmty.com\/index.php\/wp-json\/wp\/v2\/product\/2149","targetHints":{"allow":["GET"]}}],"collection":[{"href":"https:\/\/tecsecmty.com\/index.php\/wp-json\/wp\/v2\/product"}],"about":[{"href":"https:\/\/tecsecmty.com\/index.php\/wp-json\/wp\/v2\/types\/product"}],"replies":[{"embeddable":true,"href":"https:\/\/tecsecmty.com\/index.php\/wp-json\/wp\/v2\/comments?post=2149"}],"version-history":[{"count":0,"href":"https:\/\/tecsecmty.com\/index.php\/wp-json\/wp\/v2\/product\/2149\/revisions"}],"wp:featuredmedia":[{"embeddable":true,"href":"https:\/\/tecsecmty.com\/index.php\/wp-json\/wp\/v2\/media\/2148"}],"wp:attachment":[{"href":"https:\/\/tecsecmty.com\/index.php\/wp-json\/wp\/v2\/media?parent=2149"}],"wp:term":[{"taxonomy":"product_brand","embeddable":true,"href":"https:\/\/tecsecmty.com\/index.php\/wp-json\/wp\/v2\/product_brand?post=2149"},{"taxonomy":"product_cat","embeddable":true,"href":"https:\/\/tecsecmty.com\/index.php\/wp-json\/wp\/v2\/product_cat?post=2149"},{"taxonomy":"product_tag","embeddable":true,"href":"https:\/\/tecsecmty.com\/index.php\/wp-json\/wp\/v2\/product_tag?post=2149"}],"curies":[{"name":"wp","href":"https:\/\/api.w.org\/{rel}","templated":true}]}}