{"id":2151,"date":"2023-02-22T18:30:51","date_gmt":"2023-02-23T00:30:51","guid":{"rendered":"https:\/\/tecsecmty.com\/index.php\/producto\/dahua-dh-sdt5x405-4f-qa-camara-ptz-dual-de-4-megapixeles-con-inteligencia-artificial-hunter-lente-panoramico-de-6mm-lente-para-detalle-de-zoom-10-50mm-ir-de-100-mts-soporta-reconocimiento-de-ro\/"},"modified":"2023-03-22T23:22:28","modified_gmt":"2023-03-23T05:22:28","slug":"dahua-dh-sdt5x405-4f-qa-camara-ptz-dual-de-4-megapixeles-con-inteligencia-artificial-hunter-lente-panoramico-de-6mm-lente-para-detalle-de-zoom-10-50mm-ir-de-100-mts-soporta-reconocimiento-de-ro","status":"publish","type":"product","link":"https:\/\/tecsecmty.com\/index.php\/producto\/dahua-dh-sdt5x405-4f-qa-camara-ptz-dual-de-4-megapixeles-con-inteligencia-artificial-hunter-lente-panoramico-de-6mm-lente-para-detalle-de-zoom-10-50mm-ir-de-100-mts-soporta-reconocimiento-de-ro\/","title":{"rendered":"DAHUA DH-SDT5X405-4F-QA &#8211; C\u00e1mara PTZ Dual de 4 Megapixeles con Inteligencia Artificial\/ Hunter\/ Lente panor\u00e1mico de 6mm\/ Lente para Detalle de Zoom 10-50mm\/ IR de 100 Mts\/ Soporta Reconocimiento de Rostros\/ Captura de Rostros\/ #LoNuevo #relampago"},"content":{"rendered":"<div class=\"row aling-items-center padding-bottom-2x\">\n<div class=\"col-lg-12\">\n<h5 class=\"card-title text-center\">Informaci\u00f3n general<\/h5>\n<p>La c\u00e1mara de red Dahua PTZ WizMind adopta algoritmos avanzados de aprendizaje profundo de CNN para admitir el reconocimiento facial con alta precisi\u00f3n. La c\u00e1mara de captura inteligente Starlight dual de 4MP consta de una c\u00e1mara panor\u00e1mica y una c\u00e1mara PTZ. La c\u00e1mara panor\u00e1mica captura panor\u00e1micas, y luego la c\u00e1mara PTZ toma instant\u00e1neas detalladas de los objetos y mantiene el seguimiento de los objetos despu\u00e9s de que se produzcan violaciones de las reglas. Esta c\u00e1mara posee un amplio rango de monitor y un algoritmo PFA que siempre puede presentar una imagen clara y enfocada mientras se hace zoom.<\/p>\n<p><img decoding=\"async\" class=\"overview-center-img-web\" src=\"https:\/\/tvc.mx\/media\/450876\/Camara-PTZ-Dual-4-Megapixeles-Intelegencia-Artificial-SDT5X405-4F-QA-Dahua-B.png\" alt=\"\" \/><\/div>\n<\/div>\n<div class=\"row align-items-center padding-bottom-2x\">\n<div class=\"col-md-5 order-md-2\"><img decoding=\"async\" class=\"d-block m-auto img-thumbnail\" src=\"https:\/\/tvc.mx\/media\/450963\/reconocimiento-facial-dahua.png\" alt=\" \" \/><\/div>\n<div class=\"col-md-7 order-md-1 text-md-left text-center\">\n<h2>Reconocimiento facial<\/h2>\n<p class=\"text-muted\">\n<p>Una vez que se extraen los rasgos faciales de los rostros capturados, se almacenan en una base de datos donde se pueden buscar y comparar f\u00e1cilmente con otras im\u00e1genes. Una vez que se encuentra una coincidencia exitosa, el sistema genera el resultado. La c\u00e1mara Dahua con reconocimiento facial admite una base de datos incorporada que almacena hasta 10,000 im\u00e1genes faciales, lo que ayuda a la c\u00e1mara a lograr una captura y comparaci\u00f3n de rostros en tiempo real.<\/p>\n<p>&nbsp;<\/p>\n<\/div>\n<\/div>\n<hr class=\"padding-bottom-2x\" \/>\n<div class=\"row align-items-center padding-bottom-2x\">\n<div class=\"col-md-5\"><img decoding=\"async\" class=\"d-block m-auto img-thumbnail\" src=\"https:\/\/tvc.mx\/media\/327855\/Starligh-movilt.png\" alt=\" \" \/><\/div>\n<div class=\"col-md-7 text-md-left text-center\">\n<h2>Tecnolog\u00eda Starlight<\/h2>\n<p class=\"text-muted\">\n<p>Para aplicaciones desafiantes con poca luz, la tecnolog\u00eda de luz ultrabaja Starlight de Dahua ofrece la mejor sensibilidad a la luz de su clase, capturando detalles de color con poca luz hasta\u00a0<strong>0.001 lux<\/strong>. La c\u00e1mara utiliza un conjunto de funciones \u00f3pticas para equilibrar la luz en toda la escena, lo que da como resultado im\u00e1genes claras en entornos oscuros.<\/p>\n<p>&nbsp;<\/p>\n<\/div>\n<\/div>\n<hr class=\"padding-bottom-2x\" \/>\n<div class=\"row align-items-center padding-bottom-2x\">\n<div class=\"col-md-5 order-md-2\"><img decoding=\"async\" class=\"d-block m-auto img-thumbnail\" src=\"https:\/\/tvc.mx\/media\/327919\/PFA.png\" alt=\" \" \/><\/div>\n<div class=\"col-md-7 order-md-1 text-md-left text-center\">\n<h2>Tecnolog\u00eda PFA<\/h2>\n<p class=\"text-muted\">\n<p>La tecnolog\u00eda PFA ha introducido de forma innovadora nuevos m\u00e9todos de juicio para garantizar la precisi\u00f3n y la previsibilidad de la direcci\u00f3n del ajuste de la distancia del sujeto. El resultado es un conjunto de algoritmos de enfoque avanzados.<\/p>\n<p>PFA asegura la claridad de la imagen durante todo el proceso de zoom y acorta el tiempo de enfoque. La realizaci\u00f3n de la tecnolog\u00eda PFA mejora sustancialmente la experiencia del usuario y aumenta el valor del producto.<\/p>\n<p>&nbsp;<\/p>\n<\/div>\n<\/div>\n<hr class=\"padding-bottom-2x\" \/>\n<div class=\"row align-items-center padding-bottom-2x\">\n<div class=\"col-md-5\"><img decoding=\"async\" class=\"d-block m-auto img-thumbnail\" src=\"https:\/\/tvc.mx\/media\/450966\/Auto-Traking-dahua.png\" alt=\" \" \/><\/div>\n<div class=\"col-md-7 text-md-left text-center\">\n<h2>Seguimiento Inteligente<\/h2>\n<p class=\"text-muted\">\n<p>Se pueden establecer como objetos humanos, veh\u00edculos motorizados y veh\u00edculos no motorizados, o sus combinaciones. Una vez que los objetos seleccionados activen las reglas de detecci\u00f3n (como cables trampa e intrusi\u00f3n), la c\u00e1mara de detalles los rastrear\u00e1 autom\u00e1ticamente.<\/p>\n<p>&nbsp;<\/p>\n<\/div>\n<\/div>\n<hr class=\"padding-bottom-2x\" \/>\n<div class=\"row align-items-center padding-bottom-2x\">\n<div class=\"col-md-5 order-md-2\"><img decoding=\"async\" class=\"d-block m-auto img-thumbnail\" src=\"https:\/\/tvc.mx\/media\/450969\/Camara-PTZ-Dual-4-Megapixeles-Intelegencia-Artificial-SDT5X405-4F-QA-Dahua-caracteristicas.png\" alt=\" \" \/><\/div>\n<div class=\"col-md-7 order-md-1 text-md-left text-center\">\n<h2>Principales Caracter\u00edsticas<\/h2>\n<p class=\"text-muted\">\n<ul>\n<li>Sistema PTZ dual, lente varifocal dual<\/li>\n<li>Potente zoom \u00f3ptico de 5x<\/li>\n<li>Tecnolog\u00eda PFA<\/li>\n<li>Tecnolog\u00eda Starlight<\/li>\n<li>Metadatos<\/li>\n<li>Seguimiento autom\u00e1tico y protecci\u00f3n perimetral basados en aprendizaje profundo<\/li>\n<li>Soporta Hi-PoE<\/li>\n<li>Codificaci\u00f3n H.265<\/li>\n<li>IP67<\/li>\n<\/ul>\n<p>&nbsp;<\/p>\n<\/div>\n<\/div>\n<hr class=\"padding-bottom-2x\" \/>\n<div class=\"row align-items-center padding-bottom-2x\">\n<div class=\"col-md-5\"><img decoding=\"async\" class=\"d-block m-auto img-thumbnail\" src=\"https:\/\/tvc.mx\/media\/450972\/Camara-PTZ-Dual-4-Megapixeles-Intelegencia-Artificial-SDT5X405-4F-QA-Dahua-especificaciones.png\" alt=\" \" \/><\/div>\n<div class=\"col-md-7 text-md-left text-center\">\n<h2>Especificaciones<\/h2>\n<p class=\"text-muted\">\n<ul>\n<li>CMOS de 1 \/ 1.8 \u00ab<\/li>\n<li>4 megap\u00edxeles<\/li>\n<li>Distancia de ilunimaci\u00f3n: Panor\u00e1mica (luz blanca): 30 m, Detalle (luz IR): 100 m<\/li>\n<li>Lente Panor\u00e1mica: 6 mm<\/li>\n<li>Lente Detalle: 10 mm \u2013 50 mm<\/li>\n<li>Zoom \u00f3ptico 5\u00d7<\/li>\n<li>Apoyar la captura de im\u00e1genes y la extracci\u00f3n de atributos del cuerpo humano, rostro humano, veh\u00edculos de motor y veh\u00edculos no motorizados.<\/li>\n<li>Tripwire; intrusi\u00f3n; detecci\u00f3n de vallas de cruce; detecci\u00f3n de merodeo; objeto abandonado \/ perdido; movimiento r\u00e1pido; detecci\u00f3n de estacionamiento; reuni\u00f3n de personas; clasificaci\u00f3n de alarma para veh\u00edculos \/ personas; seguimiento de vinculaci\u00f3n<\/li>\n<li>Compresi\u00f3n de video: H.264H; H.264B; Smart H.265 +; H.265; MJPEG (transmisi\u00f3n secundaria); Smart H.264 +; H.264M<\/li>\n<li>BLC<\/li>\n<li>WDR<\/li>\n<li>HLC<\/li>\n<li>Reducci\u00f3n de ruido 2D NR; 3D NR<\/li>\n<li>Zoom digital 16 \u00d7<\/li>\n<li>Fuente de alimentaci\u00f3n: 36 VCC, 2,23 A (\u00b1 25%) Hi-PoE<\/li>\n<li>Protecci\u00f3n: IP67<\/li>\n<\/ul>\n<\/div>\n<\/div>\n","protected":false},"excerpt":{"rendered":"<p>Informaci\u00f3n general La c\u00e1mara de red Dahua PTZ WizMind adopta algoritmos avanzados de aprendizaje profundo de CNN para admitir el reconocimiento facial con alta precisi\u00f3n. La c\u00e1mara de captura inteligente Starlight dual de 4MP consta de una c\u00e1mara panor\u00e1mica y una c\u00e1mara PTZ. La c\u00e1mara&hellip;<\/p>\n","protected":false},"featured_media":2150,"comment_status":"open","ping_status":"closed","template":"","meta":{"om_disable_all_campaigns":false,"_monsterinsights_skip_tracking":false,"_monsterinsights_sitenote_active":false,"_monsterinsights_sitenote_note":"","_monsterinsights_sitenote_category":0},"product_brand":[],"product_cat":[118],"product_tag":[119,42,38,66,55],"class_list":{"0":"post-2151","1":"product","2":"type-product","3":"status-publish","4":"has-post-thumbnail","6":"product_cat-ptz-camaras-ip","7":"product_tag-camara-ptz","8":"product_tag-camaras","9":"product_tag-camaras-de-seguridad","10":"product_tag-dahua","11":"product_tag-ptz","13":"first","14":"instock","15":"sale","16":"taxable","17":"shipping-taxable","18":"purchasable","19":"product-type-simple"},"aioseo_notices":[],"_links":{"self":[{"href":"https:\/\/tecsecmty.com\/index.php\/wp-json\/wp\/v2\/product\/2151","targetHints":{"allow":["GET"]}}],"collection":[{"href":"https:\/\/tecsecmty.com\/index.php\/wp-json\/wp\/v2\/product"}],"about":[{"href":"https:\/\/tecsecmty.com\/index.php\/wp-json\/wp\/v2\/types\/product"}],"replies":[{"embeddable":true,"href":"https:\/\/tecsecmty.com\/index.php\/wp-json\/wp\/v2\/comments?post=2151"}],"version-history":[{"count":0,"href":"https:\/\/tecsecmty.com\/index.php\/wp-json\/wp\/v2\/product\/2151\/revisions"}],"wp:featuredmedia":[{"embeddable":true,"href":"https:\/\/tecsecmty.com\/index.php\/wp-json\/wp\/v2\/media\/2150"}],"wp:attachment":[{"href":"https:\/\/tecsecmty.com\/index.php\/wp-json\/wp\/v2\/media?parent=2151"}],"wp:term":[{"taxonomy":"product_brand","embeddable":true,"href":"https:\/\/tecsecmty.com\/index.php\/wp-json\/wp\/v2\/product_brand?post=2151"},{"taxonomy":"product_cat","embeddable":true,"href":"https:\/\/tecsecmty.com\/index.php\/wp-json\/wp\/v2\/product_cat?post=2151"},{"taxonomy":"product_tag","embeddable":true,"href":"https:\/\/tecsecmty.com\/index.php\/wp-json\/wp\/v2\/product_tag?post=2151"}],"curies":[{"name":"wp","href":"https:\/\/api.w.org\/{rel}","templated":true}]}}