{"id":2153,"date":"2023-02-22T18:30:53","date_gmt":"2023-02-23T00:30:53","guid":{"rendered":"https:\/\/tecsecmty.com\/index.php\/producto\/dahua-dh-sdt7c424-4f-camara-ip-ptz-dual-de-4-mp-24x-de-zoom-optico-iluminadores-dual-30-metros-de-luz-visibley-150-metros-de-ir-full-color-deteccion-de-rostros-autotracking-disuasion-activa-c\/"},"modified":"2023-03-22T23:22:28","modified_gmt":"2023-03-23T05:22:28","slug":"dahua-dh-sdt7c424-4f-camara-ip-ptz-dual-de-4-mp-24x-de-zoom-optico-iluminadores-dual-30-metros-de-luz-visibley-150-metros-de-ir-full-color-deteccion-de-rostros-autotracking-disuasion-activa-c","status":"publish","type":"product","link":"https:\/\/tecsecmty.com\/index.php\/producto\/dahua-dh-sdt7c424-4f-camara-ip-ptz-dual-de-4-mp-24x-de-zoom-optico-iluminadores-dual-30-metros-de-luz-visibley-150-metros-de-ir-full-color-deteccion-de-rostros-autotracking-disuasion-activa-c\/","title":{"rendered":"DAHUA DH-SDT7C424-4F &#8211; Camara IP PTZ Dual de 4 MP \/ 24x de Zoom Optico\/ Iluminadores Dual 30 Metros de Luz Visibley 150 Metros de IR\/ Full Color\/ Detecci\u00f3n de Rostros\/ Autotracking\/ Disuasi\u00f3n Activa con Luz y Sirena\/ Protecci\u00f3n Perimetral\/ #LoNuevo"},"content":{"rendered":"<div class=\"row aling-items-center padding-bottom-2x\">\n<div class=\"col-lg-12\">\n<h5 class=\"card-title text-center\">Principales Caracter\u00edsticas<\/h5>\n<p>Con su algoritmo de aprendizaje profundo l\u00edder en la industria, la c\u00e1mara tiene funciones de monitoreo avanzadas y fuertes capacidades de detecci\u00f3n. Est\u00e1 equipado con chip GPU y c\u00f3dec inteligente (H.265), lo que lo hace altamente eficiente en la codificaci\u00f3n para mejorar la calidad del video con requisitos reducidos de ancho de banda y almacenamiento. LA c\u00e1mara admite el seguimiento inteligente, viendo tanto el panorama como el detalle con un solo producto. Tambi\u00e9n es compatible con el monitoreo y la detecci\u00f3n de m\u00faltiples per\u00edmetros y puede realizar una detecci\u00f3n a gran escala a trav\u00e9s de su lente fijo de 4 mm. La detecci\u00f3n se combina con la alarma de luz y sonido, emitiendo m\u00faltiples grabaciones de advertencia, que se pueden aplicar a diferentes escenarios.<\/p>\n<p><img decoding=\"async\" class=\"overview-center-img-web\" src=\"https:\/\/tvc.mx\/media\/479282\/camara-ip-dual-4-megapixeles-sensor-panoramico-ptz-SDT7C424-4F-Dahua.png\" alt=\"\" \/><\/div>\n<\/div>\n<div class=\"row align-items-center padding-bottom-2x\">\n<div class=\"col-md-5 order-md-2\"><img decoding=\"async\" class=\"d-block m-auto img-thumbnail\" src=\"https:\/\/tvc.mx\/media\/479284\/proteccion-perimetral-dahua.png\" alt=\" \" \/><\/div>\n<div class=\"col-md-7 order-md-1 text-md-left text-center\">\n<h2>Protecci\u00f3n perimetral<\/h2>\n<p class=\"text-muted\">\n<p>Filtra autom\u00e1ticamente las falsas alarmas causadas por animales, hojas susurrantes, luces brillantes, etc. Permite que el sistema act\u00fae como reconocimiento secundario de los objetivos. Mejora la precisi\u00f3n de la alarma.<\/p>\n<p>&nbsp;<\/p>\n<\/div>\n<\/div>\n<hr class=\"padding-bottom-2x\" \/>\n<div class=\"row align-items-center padding-bottom-2x\">\n<div class=\"col-md-5\"><img decoding=\"async\" class=\"d-block m-auto img-thumbnail\" src=\"https:\/\/tvc.mx\/media\/479286\/PFA-Dahua.png\" alt=\" \" \/><\/div>\n<div class=\"col-md-7 text-md-left text-center\">\n<h2>Tecnolog\u00eda PFA<\/h2>\n<p class=\"text-muted\">\n<p>La tecnolog\u00eda PFA ha introducido de manera innovadora nuevos m\u00e9todos de juicio para garantizar la precisi\u00f3n y la previsibilidad de la direcci\u00f3n del ajuste de la distancia del sujeto. El resultado es un conjunto de algoritmos de enfoque avanzados. PFA garantiza la claridad de la imagen durante todo el proceso de zoom y acorta el tiempo de enfoque. La realizaci\u00f3n de la tecnolog\u00eda PFA mejora sustancialmente la experiencia del usuario y aumenta el valor del producto.<\/p>\n<p>&nbsp;<\/p>\n<\/div>\n<\/div>\n<hr class=\"padding-bottom-2x\" \/>\n<div class=\"row align-items-center padding-bottom-2x\">\n<div class=\"col-md-5 order-md-2\"><img decoding=\"async\" class=\"d-block m-auto img-thumbnail\" src=\"https:\/\/tvc.mx\/media\/479288\/Auto-Traking-dahua.png\" alt=\" \" \/><\/div>\n<div class=\"col-md-7 order-md-1 text-md-left text-center\">\n<h2>Seguimiento Inteligente<\/h2>\n<p class=\"text-muted\">\n<p>La c\u00e1mara es compatible con el seguimiento inteligente, viendo tanto el panorama (completo) como el detalle (claro) con un solo producto.<\/p>\n<p>&nbsp;<\/p>\n<\/div>\n<\/div>\n<hr class=\"padding-bottom-2x\" \/>\n<div class=\"row align-items-center padding-bottom-2x\">\n<div class=\"col-md-5\"><img decoding=\"async\" class=\"d-block m-auto img-thumbnail\" src=\"https:\/\/tvc.mx\/media\/479290\/codificacion-h.265-dahua.png\" alt=\" \" \/><\/div>\n<div class=\"col-md-7 text-md-left text-center\">\n<h2>Smart Codec H.265+<\/h2>\n<p class=\"text-muted\">\n<p>Smart H.265+ es la implementaci\u00f3n optimizada del c\u00f3dec H.265 que utiliza una estrategia de codificaci\u00f3n adaptable a la escena, GOP din\u00e1mico, ROI din\u00e1mico, estructura de referencia de m\u00faltiples cuadros flexible y reducci\u00f3n de ruido inteligente para ofrecer video de alta calidad sin sobrecargar la red. . La tecnolog\u00eda Smart H.265+ reduce la tasa de bits y los requisitos de almacenamiento hasta en un 70 % en comparaci\u00f3n con la compresi\u00f3n de video est\u00e1ndar H.265.<\/p>\n<p>&nbsp;<\/p>\n<\/div>\n<\/div>\n<hr class=\"padding-bottom-2x\" \/>\n<div class=\"row align-items-center padding-bottom-2x\">\n<div class=\"col-md-5\"><img decoding=\"async\" class=\"d-block m-auto img-thumbnail\" src=\"https:\/\/tvc.mx\/media\/479292\/camara-ip-dual-4-megapixeles-sensor-panoramico-ptz-SDT7C424-4F-Dahua-caracteristicas.png\" alt=\" \" \/><\/div>\n<div class=\"col-md-7 text-md-left text-center\">\n<h2>Principales Caracter\u00edsticas<\/h2>\n<p class=\"text-muted\">\n<ul>\n<li>Zoom \u00f3ptico<\/li>\n<li>Zoom digital<\/li>\n<li>Tecnolog\u00eda Starlight<\/li>\n<li>IR Inteligente<\/li>\n<li>Seguimiento autom\u00e1tico<\/li>\n<li>Protecci\u00f3n perimetral<\/li>\n<li>Alarma de luz y sonido<\/li>\n<\/ul>\n<p>&nbsp;<\/p>\n<\/div>\n<\/div>\n<hr class=\"padding-bottom-2x\" \/>\n<div class=\"row align-items-center padding-bottom-2x\">\n<div class=\"col-md-5 order-md-2\"><img decoding=\"async\" class=\"d-block m-auto img-thumbnail\" src=\"https:\/\/tvc.mx\/media\/479294\/camara-ip-dual-4-megapixeles-sensor-panoramico-ptz-SDT7C424-4F-Dahua-especificaciones.png\" alt=\" \" \/><\/div>\n<div class=\"col-md-7 order-md-1 text-md-left text-center\">\n<h2>Especificaciones<\/h2>\n<p class=\"text-muted\">\n<ul>\n<li>\u00a0CMOS de 1\/1,8&#8243;<\/li>\n<li>4 megap\u00edxeles<\/li>\n<li>Distancia de iluminaci\u00f3n: 30 m (luz blanca), 150 m (IR)<\/li>\n<li>Longitud focal: Panor\u00e1mico: 4 mm, Detalle: 4,8 mm\u2013115 mm<\/li>\n<li>Panor\u00e1mica: de 0\u00b0 a 360\u00b0 sin fin Inclinaci\u00f3n: de -20\u00b0 a +90\u00b0, rotaci\u00f3n autom\u00e1tica de 180\u00b0<\/li>\n<li>Cable trampa; intrusi\u00f3n; escalar vallas; detecci\u00f3n de merodeo; objeto abandonado\/perdido; movimiento r\u00e1pido; detecci\u00f3n de estacionamiento; reuni\u00f3n de personas; clasificaci\u00f3n de alarma de veh\u00edculos\/humanos; seguimiento de enlaces<\/li>\n<li>Compresi\u00f3n de video: H.265, H.264B, H.264M, H.264H, MJPEG, inteligente H.265, inteligente H.264<\/li>\n<li>Reducci\u00f3n de ruido: \u00a02D NR; NR 3D<\/li>\n<li>Almacenamiento Tarjeta micro SD (128 GB)<\/li>\n<li>E\/S de alarma 2\/1<\/li>\n<li>E\/S de audio 1\/1<\/li>\n<li>Audio bidireccional<\/li>\n<li>Fuente de alimentaci\u00f3n 36 V CC\/2,23 A \u00b1 25 % (incluido)<\/li>\n<li>Protecci\u00f3n: IP66<\/li>\n<\/ul>\n<\/div>\n<\/div>\n","protected":false},"excerpt":{"rendered":"<p>Principales Caracter\u00edsticas Con su algoritmo de aprendizaje profundo l\u00edder en la industria, la c\u00e1mara tiene funciones de monitoreo avanzadas y fuertes capacidades de detecci\u00f3n. Est\u00e1 equipado con chip GPU y c\u00f3dec inteligente (H.265), lo que lo hace altamente eficiente en la codificaci\u00f3n para mejorar la&hellip;<\/p>\n","protected":false},"featured_media":2152,"comment_status":"open","ping_status":"closed","template":"","meta":{"om_disable_all_campaigns":false,"_monsterinsights_skip_tracking":false,"_monsterinsights_sitenote_active":false,"_monsterinsights_sitenote_note":"","_monsterinsights_sitenote_category":0},"product_brand":[],"product_cat":[118],"product_tag":[119,42,38,66,55],"class_list":{"0":"post-2153","1":"product","2":"type-product","3":"status-publish","4":"has-post-thumbnail","6":"product_cat-ptz-camaras-ip","7":"product_tag-camara-ptz","8":"product_tag-camaras","9":"product_tag-camaras-de-seguridad","10":"product_tag-dahua","11":"product_tag-ptz","13":"first","14":"instock","15":"sale","16":"taxable","17":"shipping-taxable","18":"purchasable","19":"product-type-simple"},"aioseo_notices":[],"_links":{"self":[{"href":"https:\/\/tecsecmty.com\/index.php\/wp-json\/wp\/v2\/product\/2153","targetHints":{"allow":["GET"]}}],"collection":[{"href":"https:\/\/tecsecmty.com\/index.php\/wp-json\/wp\/v2\/product"}],"about":[{"href":"https:\/\/tecsecmty.com\/index.php\/wp-json\/wp\/v2\/types\/product"}],"replies":[{"embeddable":true,"href":"https:\/\/tecsecmty.com\/index.php\/wp-json\/wp\/v2\/comments?post=2153"}],"version-history":[{"count":0,"href":"https:\/\/tecsecmty.com\/index.php\/wp-json\/wp\/v2\/product\/2153\/revisions"}],"wp:featuredmedia":[{"embeddable":true,"href":"https:\/\/tecsecmty.com\/index.php\/wp-json\/wp\/v2\/media\/2152"}],"wp:attachment":[{"href":"https:\/\/tecsecmty.com\/index.php\/wp-json\/wp\/v2\/media?parent=2153"}],"wp:term":[{"taxonomy":"product_brand","embeddable":true,"href":"https:\/\/tecsecmty.com\/index.php\/wp-json\/wp\/v2\/product_brand?post=2153"},{"taxonomy":"product_cat","embeddable":true,"href":"https:\/\/tecsecmty.com\/index.php\/wp-json\/wp\/v2\/product_cat?post=2153"},{"taxonomy":"product_tag","embeddable":true,"href":"https:\/\/tecsecmty.com\/index.php\/wp-json\/wp\/v2\/product_tag?post=2153"}],"curies":[{"name":"wp","href":"https:\/\/api.w.org\/{rel}","templated":true}]}}