{"id":2155,"date":"2023-02-22T18:31:22","date_gmt":"2023-02-23T00:31:22","guid":{"rendered":"https:\/\/tecsecmty.com\/index.php\/producto\/dahua-sd22204uen-gn-camara-ip-ptz-mini-domo-antivandalica-de-2-megapixeles-4x-de-zoom-optico-h-265-wdr-real-de-120-db-videoanaliticos-con-ivs-005-lux-starlight-ik10-ip66-poe\/"},"modified":"2023-03-22T23:23:07","modified_gmt":"2023-03-23T05:23:07","slug":"dahua-sd22204uen-gn-camara-ip-ptz-mini-domo-antivandalica-de-2-megapixeles-4x-de-zoom-optico-h-265-wdr-real-de-120-db-videoanaliticos-con-ivs-005-lux-starlight-ik10-ip66-poe","status":"publish","type":"product","link":"https:\/\/tecsecmty.com\/index.php\/producto\/dahua-sd22204uen-gn-camara-ip-ptz-mini-domo-antivandalica-de-2-megapixeles-4x-de-zoom-optico-h-265-wdr-real-de-120-db-videoanaliticos-con-ivs-005-lux-starlight-ik10-ip66-poe\/","title":{"rendered":"DAHUA SD22204UEN &#8211; GN &#8211; Camara IP PTZ Mini Domo Antivandalica de 2 Megapixeles\/ 4x de Zoom Optico\/ H.265\/ WDR Real de 120 dB \/ Videoanaliticos con IVS\/ .005 Lux\/ Starlight\/ IK10\/ IP66\/ PoE\/"},"content":{"rendered":"<div class=\"row aling-items-center padding-bottom-2x\">\n<div class=\"col-lg-12\">\n<h5 class=\"card-title text-center\">Informaci\u00f3n General<\/h5>\n<p>La c\u00e1mara<strong>\u00a0SD22204UEN-GN<\/strong>\u00a0cuenta con un potente zoom \u00f3ptico y un rendimiento preciso de paneo \/ tildeo \/ zoom, la c\u00e1mara ofrece un amplio rango de monitoreo y gran detalle. La c\u00e1mara\u00a0<strong>SD22204UEN-GN<\/strong>\u00a0ofrece una resoluci\u00f3n de 2MP a 25 \/ 30fps. La c\u00e1mara est\u00e1 equipada con un control suave, una imagen de alta calidad y una buena protecci\u00f3n, que satisface las demandas de tama\u00f1o compacto de las aplicaciones de videovigilancia.<\/p>\n<p><img decoding=\"async\" class=\"overview-center-img-web\" src=\"https:\/\/tvc.mx\/media\/458457\/camara-ip-ptz-mini-domo-antivandalica-2-megapixeles-videoanaliticos-SD22204UEN---GN-Dahua.png\" alt=\"\" \/><\/div>\n<\/div>\n<div class=\"row align-items-center padding-bottom-2x\">\n<div class=\"col-md-5\"><img decoding=\"async\" class=\"d-block m-auto img-thumbnail\" src=\"https:\/\/tvc.mx\/media\/458460\/Starlight-Dahua.png\" alt=\" \" \/><\/div>\n<div class=\"col-md-7 text-md-left text-center\">\n<h2>Tecnolog\u00eda Starlight<\/h2>\n<p class=\"text-muted\">\n<p>Para aplicaciones desafiantes con poca luz, la tecnolog\u00eda de luz ultrabaja Starlight de Dahua ofrece la mejor sensibilidad a la luz de su clase, capturando detalles de color en condiciones de poca luz hasta 0,005 lux. La c\u00e1mara utiliza un conjunto de caracter\u00edsticas \u00f3pticas para equilibrar la luz en toda la escena, lo que resulta en im\u00e1genes claras en entornos oscuros.<\/p>\n<p>&nbsp;<\/p>\n<\/div>\n<\/div>\n<hr class=\"padding-bottom-2x\" \/>\n<div class=\"row align-items-center padding-bottom-2x\">\n<div class=\"col-md-5 order-md-2\"><img decoding=\"async\" class=\"d-block m-auto img-thumbnail\" src=\"https:\/\/tvc.mx\/media\/458463\/h.264-y-h.265-dahua.png\" alt=\" \" \/><\/div>\n<div class=\"col-md-7 order-md-1 text-md-left text-center\">\n<h2>Codificaci\u00f3n Inteligente<\/h2>\n<p class=\"text-muted\">\n<p>El est\u00e1ndar de compresi\u00f3n de video H.265 (ITU-T VCEG) ofrece el doble de la relaci\u00f3n de compresi\u00f3n de datos al mismo nivel de calidad de video, o una calidad de video sustancialmente mejorada a la misma velocidad de bits, en comparaci\u00f3n con las tecnolog\u00edas de compresi\u00f3n de video m\u00e1s antiguas. H.265 ofrece una compresi\u00f3n tan impresionante al expandir la comparaci\u00f3n de patrones y la codificaci\u00f3n de diferencias, mejorar la predicci\u00f3n del vector de movimiento y la fusi\u00f3n de la regi\u00f3n de movimiento e incorporar un paso de filtrado adicional llamado filtrado de desplazamiento adaptativo de muestra.<\/p>\n<p>&nbsp;<\/p>\n<\/div>\n<\/div>\n<hr class=\"padding-bottom-2x\" \/>\n<div class=\"row align-items-center padding-bottom-2x\">\n<div class=\"col-md-5\"><img decoding=\"async\" class=\"d-block m-auto img-thumbnail\" src=\"https:\/\/tvc.mx\/media\/458466\/IVS-Dahua.png\" alt=\" \" \/><\/div>\n<div class=\"col-md-7 text-md-left text-center\">\n<h2>Funciones Inteligentes IVS<\/h2>\n<p class=\"text-muted\">\n<p class=\"ql-align-justify\">La c\u00e1mara SD22204UEN-GN cuenta con diferentes funciones de an\u00e1lisis inteligente que est\u00e1n integradas en la c\u00e1mara:<\/p>\n<ul>\n<li class=\"ql-align-justify\">Intrusi\u00f3n.<\/li>\n<li class=\"ql-align-justify\">Cambio de escena.<\/li>\n<li class=\"ql-align-justify\">Objeto abandonado\/removido.<\/li>\n<\/ul>\n<p>&nbsp;<\/p>\n<\/div>\n<\/div>\n<hr class=\"padding-bottom-2x\" \/>\n<div class=\"row align-items-center padding-bottom-2x\">\n<div class=\"col-md-5 order-md-2\"><img decoding=\"async\" class=\"d-block m-auto img-thumbnail\" src=\"https:\/\/tvc.mx\/media\/458469\/camara-ip-ptz-mini-domo-antivandalica-2-megapixeles-videoanaliticos-SD22204UEN---GN-Dahua-caracteristicas.png\" alt=\" \" \/><\/div>\n<div class=\"col-md-7 order-md-1 text-md-left text-center\">\n<h2>Principales Caracter\u00edsticas<\/h2>\n<p class=\"text-muted\">\n<ul>\n<li>Zoom \u00f3ptico<\/li>\n<li>Tecnolog\u00eda StarLight<\/li>\n<li>Soporta triple stream<\/li>\n<li>Codificaci\u00f3n H.265<\/li>\n<li>1080P\u00a0a\u00a050 im\u00e1genes por segundo<\/li>\n<li>Rotaci\u00f3n de hasta 100\u00b0\/s<\/li>\n<li>IVS:\u00a0Funciones inteligentes de v\u00eddeo<\/li>\n<li>Admite PoE<\/li>\n<li>IP66, IK10<\/li>\n<\/ul>\n<p>&nbsp;<\/p>\n<\/div>\n<\/div>\n<hr class=\"padding-bottom-2x\" \/>\n<div class=\"row align-items-center padding-bottom-2x\">\n<div class=\"col-md-5\"><img decoding=\"async\" class=\"d-block m-auto img-thumbnail\" src=\"https:\/\/tvc.mx\/media\/458472\/camara-ip-ptz-mini-domo-antivandalica-2-megapixeles-videoanaliticos-SD22204UEN---GN-Dahua-especificaciones.png\" alt=\" \" \/><\/div>\n<div class=\"col-md-7 text-md-left text-center\">\n<h2>Especificaciones<\/h2>\n<p class=\"text-muted\">\n<ul>\n<li>1\/2.8\u201d STARVIS\u2122 CMOS<\/li>\n<li>Lente 2.7mm &#8211; 11mm<\/li>\n<li>Pan: 0\u00b0 ~ 355\u00b0; Tilt: 0\u00b0 ~ 90\u00b0<\/li>\n<li>Detecci\u00f3n de movimiento, manipulaci\u00f3n de video, desconexi\u00f3n de red, conflicto de direcci\u00f3n IP, acceso ilegal, anomal\u00eda de almacenamiento<\/li>\n<li>IVS: Tripwire, Intrusion, Abandonado \/ Desaparecido<\/li>\n<li>Funciones Inteligentes Avanzadas: Detecci\u00f3n de rostro<\/li>\n<li>Compresi\u00f3n: H.265\/H.264\/MJPEG(Sub Stream)<\/li>\n<li>Auto(ICR) \/ Color \/ B\/W<\/li>\n<li>BLC \/ HLC \/ WDR real 120dB<\/li>\n<li>Reducci\u00f3n de Ruido: Ultra DNR (2D\/3D)<\/li>\n<li>Zoom \u00d3ptico 4x<\/li>\n<li>Zoom Digital 16x<\/li>\n<li>Fuente de Alimentaci\u00f3n: DC 12V\/1.5A, PoE(802.3af)<\/li>\n<li>Protecci\u00f3n de Ingreso: IP66<\/li>\n<li>Resistencia al Vandalismo: IK10<\/li>\n<li>carcasa: Metal<\/li>\n<\/ul>\n<\/div>\n<\/div>\n","protected":false},"excerpt":{"rendered":"<p>Informaci\u00f3n General La c\u00e1mara\u00a0SD22204UEN-GN\u00a0cuenta con un potente zoom \u00f3ptico y un rendimiento preciso de paneo \/ tildeo \/ zoom, la c\u00e1mara ofrece un amplio rango de monitoreo y gran detalle. La c\u00e1mara\u00a0SD22204UEN-GN\u00a0ofrece una resoluci\u00f3n de 2MP a 25 \/ 30fps. La c\u00e1mara est\u00e1 equipada con&hellip;<\/p>\n","protected":false},"featured_media":2154,"comment_status":"open","ping_status":"closed","template":"","meta":{"om_disable_all_campaigns":false,"_monsterinsights_skip_tracking":false,"_monsterinsights_sitenote_active":false,"_monsterinsights_sitenote_note":"","_monsterinsights_sitenote_category":0},"product_brand":[],"product_cat":[118],"product_tag":[119,42,38,66,55],"class_list":{"0":"post-2155","1":"product","2":"type-product","3":"status-publish","4":"has-post-thumbnail","6":"product_cat-ptz-camaras-ip","7":"product_tag-camara-ptz","8":"product_tag-camaras","9":"product_tag-camaras-de-seguridad","10":"product_tag-dahua","11":"product_tag-ptz","13":"first","14":"instock","15":"sale","16":"taxable","17":"shipping-taxable","18":"purchasable","19":"product-type-simple"},"aioseo_notices":[],"_links":{"self":[{"href":"https:\/\/tecsecmty.com\/index.php\/wp-json\/wp\/v2\/product\/2155","targetHints":{"allow":["GET"]}}],"collection":[{"href":"https:\/\/tecsecmty.com\/index.php\/wp-json\/wp\/v2\/product"}],"about":[{"href":"https:\/\/tecsecmty.com\/index.php\/wp-json\/wp\/v2\/types\/product"}],"replies":[{"embeddable":true,"href":"https:\/\/tecsecmty.com\/index.php\/wp-json\/wp\/v2\/comments?post=2155"}],"version-history":[{"count":0,"href":"https:\/\/tecsecmty.com\/index.php\/wp-json\/wp\/v2\/product\/2155\/revisions"}],"wp:featuredmedia":[{"embeddable":true,"href":"https:\/\/tecsecmty.com\/index.php\/wp-json\/wp\/v2\/media\/2154"}],"wp:attachment":[{"href":"https:\/\/tecsecmty.com\/index.php\/wp-json\/wp\/v2\/media?parent=2155"}],"wp:term":[{"taxonomy":"product_brand","embeddable":true,"href":"https:\/\/tecsecmty.com\/index.php\/wp-json\/wp\/v2\/product_brand?post=2155"},{"taxonomy":"product_cat","embeddable":true,"href":"https:\/\/tecsecmty.com\/index.php\/wp-json\/wp\/v2\/product_cat?post=2155"},{"taxonomy":"product_tag","embeddable":true,"href":"https:\/\/tecsecmty.com\/index.php\/wp-json\/wp\/v2\/product_tag?post=2155"}],"curies":[{"name":"wp","href":"https:\/\/api.w.org\/{rel}","templated":true}]}}