{"id":2163,"date":"2023-02-22T18:31:32","date_gmt":"2023-02-23T00:31:32","guid":{"rendered":"https:\/\/tecsecmty.com\/index.php\/producto\/dahua-sd3a205-gnp-pv-camara-ip-ptz-de-2-megapixeles-5x-de-zoom-optico-wizsense-starlight-ir-de-30-mts-microfono-y-altavoz-integrado-audio-2-vias-proteccion-perimetral-disuasion-activa-1-led\/"},"modified":"2023-03-22T23:23:07","modified_gmt":"2023-03-23T05:23:07","slug":"dahua-sd3a205-gnp-pv-camara-ip-ptz-de-2-megapixeles-5x-de-zoom-optico-wizsense-starlight-ir-de-30-mts-microfono-y-altavoz-integrado-audio-2-vias-proteccion-perimetral-disuasion-activa-1-led","status":"publish","type":"product","link":"https:\/\/tecsecmty.com\/index.php\/producto\/dahua-sd3a205-gnp-pv-camara-ip-ptz-de-2-megapixeles-5x-de-zoom-optico-wizsense-starlight-ir-de-30-mts-microfono-y-altavoz-integrado-audio-2-vias-proteccion-perimetral-disuasion-activa-1-led\/","title":{"rendered":"DAHUA SD3A205-GNP-PV &#8211; Camara IP PTZ de 2 Megapixeles\/ 5x de Zoom Optico\/ WizSense\/ Starlight\/ IR de 30 Mts\/ Microfono y Altavoz Integrado\/ Audio 2 V\u00edas\/ Protecci\u00f3n Perimetral\/ Disuasi\u00f3n Activa\/ 1 Led de Luz Blanca\/ IP67\/ PoE\/"},"content":{"rendered":"<div class=\"row aling-items-center padding-bottom-2x\">\n<div class=\"col-lg-12\">\n<h5 class=\"card-title text-center\">Informaci\u00f3n general<\/h5>\n<p>Dise\u00f1ada con codificaci\u00f3n H.265, la c\u00e1mara cuenta con una capacidad de codificaci\u00f3n de video eficiente, la cual nos ayuda a ahorrar ancho de banda y espacio de almacenamiento.<\/p>\n<p>La c\u00e1mara adopta la tecnolog\u00eda m\u00e1s reciente de starlight para brindar mejores im\u00e1genes a color en ambientes de poca luz.<\/p>\n<p><img decoding=\"async\" class=\"overview-center-img-web\" src=\"https:\/\/tvc.mx\/media\/522931\/Dahua-SD3A205-c%C3%A1mara-ptz-2mp-5x-zoom-optico-overprincipal.png\" alt=\"\" \/><\/div>\n<\/div>\n<div class=\"row align-items-center padding-bottom-2x\">\n<div class=\"col-md-5 order-md-2\"><img decoding=\"async\" class=\"d-block m-auto img-thumbnail\" src=\"https:\/\/tvc.mx\/media\/522947\/IVS-Dahua.png\" alt=\" \" \/><\/div>\n<div class=\"col-md-7 order-md-1 text-md-left text-center\">\n<h2>An\u00e1lisis de video inteligente<\/h2>\n<p class=\"text-muted\">\n<p>La c\u00e1mara Dahua est\u00e1 equipada con un algoritmo anal\u00edtico inteligente incorporado basado en video, que puede realizar funciones inteligentes como Tripwire, Intrusi\u00f3n y SMD+ (detecci\u00f3n de movimiento inteligente), para responder de manera r\u00e1pida y precisa a eventos de monitoreo en un \u00e1rea espec\u00edfica, puede mejorar la eficiencia del monitoreo.<\/p>\n<p>&nbsp;<\/p>\n<\/div>\n<\/div>\n<hr class=\"padding-bottom-2x\" \/>\n<div class=\"row align-items-center padding-bottom-2x\">\n<div class=\"col-md-5\"><img decoding=\"async\" class=\"d-block m-auto img-thumbnail\" src=\"https:\/\/tvc.mx\/media\/522951\/codificacion-h.265-dahua.png\" alt=\" \" \/><\/div>\n<div class=\"col-md-7 text-md-left text-center\">\n<h2>Inteligente H.265 +<\/h2>\n<p class=\"text-muted\">\n<p>Smart H.265 + es la implementaci\u00f3n optimizada del c\u00f3dec H.265 que utiliza una estrategia de codificaci\u00f3n adaptativa a la escena, GOP din\u00e1mico, ROI din\u00e1mico, estructura de referencia de m\u00faltiples cuadros flexible y reducci\u00f3n de ruido inteligente para entregar video de alta calidad sin forzar la red. La tecnolog\u00eda Smart H.265 + reduce la velocidad de bits y los requisitos de almacenamiento hasta en un 70% en comparaci\u00f3n con la compresi\u00f3n de video H.265 est\u00e1ndar.<\/p>\n<p>&nbsp;<\/p>\n<\/div>\n<\/div>\n<hr class=\"padding-bottom-2x\" \/>\n<div class=\"row align-items-center padding-bottom-2x\">\n<div class=\"col-md-5 order-md-2\"><img decoding=\"async\" class=\"d-block m-auto img-thumbnail\" src=\"https:\/\/tvc.mx\/media\/522975\/starlight.png\" alt=\" \" \/><\/div>\n<div class=\"col-md-7 order-md-1 text-md-left text-center\">\n<h2>Starlight<\/h2>\n<p class=\"text-muted\">\n<p>Para situaciones de poca luz, la tecnolog\u00eda starlight ofrece la mejor sensibilidad de su clase, capturando detalles de color en poca luz hasta 0.002 lux. la c\u00e1mara utiliza un conjunto de caracter\u00edsticas \u00f3pticas, para equilibrar la luz de toda la escena d\u00e1ndonos como resultado im\u00e1genes.<\/p>\n<p>&nbsp;<\/p>\n<\/div>\n<\/div>\n<hr class=\"padding-bottom-2x\" \/>\n<div class=\"row align-items-center padding-bottom-2x\">\n<div class=\"col-md-5\"><img decoding=\"async\" class=\"d-block m-auto img-thumbnail\" src=\"https:\/\/tvc.mx\/media\/522979\/Dahua-SD3A205-c%C3%A1mara-ptz-2mp-5x-zoom-optico-overcaract.png\" alt=\" \" \/><\/div>\n<div class=\"col-md-7 text-md-left text-center\">\n<h2>Principales Caracter\u00edsticas<\/h2>\n<p class=\"text-muted\">\n<ul>\n<li>CMOS STARVIS \u2122 de 1 \/ 2.8 \u00aby 2 megap\u00edxeles<\/li>\n<li>Starlight<\/li>\n<li>Protecci\u00f3n perimetral<\/li>\n<li>PoE<\/li>\n<li>IP66<\/li>\n<li>SMD plus<\/li>\n<li>Disuasi\u00f3n activa<\/li>\n<\/ul>\n<p>&nbsp;<\/p>\n<\/div>\n<\/div>\n<hr class=\"padding-bottom-2x\" \/>\n<div class=\"row align-items-center padding-bottom-2x\">\n<div class=\"col-md-5 order-md-2\"><img decoding=\"async\" class=\"d-block m-auto img-thumbnail\" src=\"https:\/\/tvc.mx\/media\/523083\/Dahua-SD3A205-c%C3%A1mara-ptz-2mp-5x-zoom-optico-overespecificacion.png\" alt=\" \" \/><\/div>\n<div class=\"col-md-7 order-md-1 text-md-left text-center\">\n<h2>Especificaciones<\/h2>\n<p class=\"text-muted\">\n<ul>\n<li>Sensor de imagen CMOS STARVIS \u2122 de 1 \/ 2.8 \u00ab<\/li>\n<li>Max. Resoluci\u00f3n 1920 \u00d7 1080<\/li>\n<li>P\u00edxeles efectivos 2 megap\u00edxeles<\/li>\n<li>Distancia IR: 30 m<\/li>\n<li>N\u00famero de LED IR: 4 luces IR, 1 luces blancas<\/li>\n<li>Lente varifocal de 2.7 mm &#8211; 13.5 mm<\/li>\n<li>Campo de visi\u00f3n H: 101.6\u00b0\u201333.5\u00b0; V: 52\u00b0\u201318.7\u00b0; D: 124.7\u00b0\u201338.5\u00b0<\/li>\n<li>IVS: Tripwire; intrusi\u00f3n, SMD+<\/li>\n<li>Zoom: 5x \u00f3ptico<\/li>\n<li>Compresi\u00f3n: H.265; H.264B; H.264M; H.264H; MJPEG; MJPEG (Sub Stream); H.265+; H.264<\/li>\n<li>BLC\/HLC: Apoyo<\/li>\n<li>DWDR<\/li>\n<li>Reducci\u00f3n de ruido 2D \/ 3D<\/li>\n<li>Ethernet: RJ45 (10\/100 Base-T)<\/li>\n<li>ONVIF Profile S&amp;G&amp;T; CGI<\/li>\n<li>Entrada de audio: 1 micr\u00f3fono incorporado<\/li>\n<li>Salida de audio 1 altavoz incorporado<\/li>\n<li>Almacenamiento perimetral FTP; Tarjeta micro SD (256G)<\/li>\n<li>Fuente de alimentaci\u00f3n: 12 VCC \/ 2 A \u00b1 10% PoE (802.3af)<\/li>\n<li>IP66<\/li>\n<li>Adaptador de energ\u00eda: incluido<\/li>\n<\/ul>\n<\/div>\n<\/div>\n","protected":false},"excerpt":{"rendered":"<p>Informaci\u00f3n general Dise\u00f1ada con codificaci\u00f3n H.265, la c\u00e1mara cuenta con una capacidad de codificaci\u00f3n de video eficiente, la cual nos ayuda a ahorrar ancho de banda y espacio de almacenamiento. La c\u00e1mara adopta la tecnolog\u00eda m\u00e1s reciente de starlight para brindar mejores im\u00e1genes a color&hellip;<\/p>\n","protected":false},"featured_media":2162,"comment_status":"open","ping_status":"closed","template":"","meta":{"om_disable_all_campaigns":false,"_monsterinsights_skip_tracking":false,"_monsterinsights_sitenote_active":false,"_monsterinsights_sitenote_note":"","_monsterinsights_sitenote_category":0},"product_brand":[],"product_cat":[118],"product_tag":[119,42,38,66,55],"class_list":{"0":"post-2163","1":"product","2":"type-product","3":"status-publish","4":"has-post-thumbnail","6":"product_cat-ptz-camaras-ip","7":"product_tag-camara-ptz","8":"product_tag-camaras","9":"product_tag-camaras-de-seguridad","10":"product_tag-dahua","11":"product_tag-ptz","13":"first","14":"instock","15":"sale","16":"taxable","17":"shipping-taxable","18":"purchasable","19":"product-type-simple"},"aioseo_notices":[],"_links":{"self":[{"href":"https:\/\/tecsecmty.com\/index.php\/wp-json\/wp\/v2\/product\/2163","targetHints":{"allow":["GET"]}}],"collection":[{"href":"https:\/\/tecsecmty.com\/index.php\/wp-json\/wp\/v2\/product"}],"about":[{"href":"https:\/\/tecsecmty.com\/index.php\/wp-json\/wp\/v2\/types\/product"}],"replies":[{"embeddable":true,"href":"https:\/\/tecsecmty.com\/index.php\/wp-json\/wp\/v2\/comments?post=2163"}],"version-history":[{"count":0,"href":"https:\/\/tecsecmty.com\/index.php\/wp-json\/wp\/v2\/product\/2163\/revisions"}],"wp:featuredmedia":[{"embeddable":true,"href":"https:\/\/tecsecmty.com\/index.php\/wp-json\/wp\/v2\/media\/2162"}],"wp:attachment":[{"href":"https:\/\/tecsecmty.com\/index.php\/wp-json\/wp\/v2\/media?parent=2163"}],"wp:term":[{"taxonomy":"product_brand","embeddable":true,"href":"https:\/\/tecsecmty.com\/index.php\/wp-json\/wp\/v2\/product_brand?post=2163"},{"taxonomy":"product_cat","embeddable":true,"href":"https:\/\/tecsecmty.com\/index.php\/wp-json\/wp\/v2\/product_cat?post=2163"},{"taxonomy":"product_tag","embeddable":true,"href":"https:\/\/tecsecmty.com\/index.php\/wp-json\/wp\/v2\/product_tag?post=2163"}],"curies":[{"name":"wp","href":"https:\/\/api.w.org\/{rel}","templated":true}]}}