{"id":2165,"date":"2023-02-22T18:31:35","date_gmt":"2023-02-23T00:31:35","guid":{"rendered":"https:\/\/tecsecmty.com\/index.php\/producto\/dahua-sd3a400-gn-a-pv-camara-ip-pt-de-4-megapixeles-full-color-disuasion-activa-lente-fijo-luz-blanca-de-30-metros-ir-de-30-metros-h-265-ranura-microsd-audio-bidireccional-con-altavoz-integr\/"},"modified":"2023-03-22T23:23:07","modified_gmt":"2023-03-23T05:23:07","slug":"dahua-sd3a400-gn-a-pv-camara-ip-pt-de-4-megapixeles-full-color-disuasion-activa-lente-fijo-luz-blanca-de-30-metros-ir-de-30-metros-h-265-ranura-microsd-audio-bidireccional-con-altavoz-integr","status":"publish","type":"product","link":"https:\/\/tecsecmty.com\/index.php\/producto\/dahua-sd3a400-gn-a-pv-camara-ip-pt-de-4-megapixeles-full-color-disuasion-activa-lente-fijo-luz-blanca-de-30-metros-ir-de-30-metros-h-265-ranura-microsd-audio-bidireccional-con-altavoz-integr\/","title":{"rendered":"DAHUA SD3A400-GN-A-PV &#8211; Camara IP PT de 4 Megapixeles Full Color\/ Disuasi\u00f3n Activa\/ Lente Fijo\/ Luz Blanca de 30 Metros\/ IR de 30 Metros\/ H.265+\/ Ranura MicroSD\/ Audio Bidireccional con Altavoz Integrado\/ IP66\/ PoE\/"},"content":{"rendered":"<div class=\"row aling-items-center padding-bottom-2x\">\n<div class=\"col-lg-12\">\n<h5 class=\"card-title text-center\">Informaci\u00f3n general<\/h5>\n<p>La c\u00e1mara de iluminadores duales inteligentes de Dahua adopta la tecnolog\u00eda de codificaci\u00f3n inteligente H.265 avanzada con alta eficiencia de codificaci\u00f3n, proporciona video de alta calidad y reduce el costo de transmisi\u00f3n y almacenamiento. Esta serie integra iluminaci\u00f3n inteligente de luz c\u00e1lida e infrarroja, realiza detecci\u00f3n de forma humana, disuasi\u00f3n activa de sirena y luz y otras funciones, logra la aplicaci\u00f3n de retrospectiva, intervenci\u00f3n y precauci\u00f3n.<\/p>\n<p><img decoding=\"async\" class=\"overview-center-img-web\" src=\"https:\/\/tvc.mx\/media\/385039\/Camara-IP-4-Mega%C3%ADxeles-FullColor-Disuacion-Activa-SD3A400-GN-A-PV--Dahua-b.png\" alt=\"\" \/><\/div>\n<\/div>\n<div class=\"row align-items-center padding-bottom-2x\">\n<div class=\"col-md-5 order-md-2\"><img decoding=\"async\" class=\"d-block m-auto img-thumbnail\" src=\"https:\/\/tvc.mx\/media\/383299\/IVS-Dahua.png\" alt=\" \" \/><\/div>\n<div class=\"col-md-7 order-md-1 text-md-left text-center\">\n<h2>An\u00e1lisis de video inteligente<\/h2>\n<p class=\"text-muted\">\n<p>La c\u00e1mara Dahua est\u00e1 equipada con un algoritmo anal\u00edtico inteligente incorporado basado en video, que puede realizar funciones inteligentes como Tripwire e Intrusi\u00f3n, para responder de manera r\u00e1pida y precisa a eventos de monitoreo en un \u00e1rea espec\u00edfica, puede mejorar la eficiencia del monitoreo.<\/p>\n<p>&nbsp;<\/p>\n<\/div>\n<\/div>\n<hr class=\"padding-bottom-2x\" \/>\n<div class=\"row align-items-center padding-bottom-2x\">\n<div class=\"col-md-5\"><img decoding=\"async\" class=\"d-block m-auto img-thumbnail\" src=\"https:\/\/tvc.mx\/media\/383303\/WDR-Dahua.png\" alt=\" \" \/><\/div>\n<div class=\"col-md-7 text-md-left text-center\">\n<h2>Amplio rango din\u00e1mico<\/h2>\n<p class=\"text-muted\">\n<p>La c\u00e1mara logra im\u00e1genes v\u00edvidas, incluso en las condiciones de iluminaci\u00f3n de contraste m\u00e1s intenso, utilizando la tecnolog\u00eda de rango din\u00e1mico amplio (WDR) l\u00edder en la industria. Para aplicaciones con condiciones de luz brillante y baja que cambian r\u00e1pidamente, WDR optimiza las \u00e1reas brillantes y oscuras de una escena al mismo tiempo para proporcionar video utilizable.<\/p>\n<p>&nbsp;<\/p>\n<\/div>\n<\/div>\n<hr class=\"padding-bottom-2x\" \/>\n<div class=\"row align-items-center padding-bottom-2x\">\n<div class=\"col-md-5 order-md-2\"><img decoding=\"async\" class=\"d-block m-auto img-thumbnail\" src=\"https:\/\/tvc.mx\/media\/383307\/codificacion-h.265-dahua.png\" alt=\" \" \/><\/div>\n<div class=\"col-md-7 order-md-1 text-md-left text-center\">\n<h2>Inteligente H.265 +<\/h2>\n<p class=\"text-muted\">\n<p>Smart H.265 + es la implementaci\u00f3n optimizada del c\u00f3dec H.265 que utiliza una estrategia de codificaci\u00f3n adaptativa a la escena, GOP din\u00e1mico, ROI din\u00e1mico, estructura de referencia de m\u00faltiples cuadros flexible y reducci\u00f3n de ruido inteligente para entregar video de alta calidad sin forzar la red. La tecnolog\u00eda Smart H.265 + reduce la velocidad de bits y los requisitos de almacenamiento hasta en un 70% en comparaci\u00f3n con la compresi\u00f3n de video H.265 est\u00e1ndar.<\/p>\n<p>&nbsp;<\/p>\n<\/div>\n<\/div>\n<hr class=\"padding-bottom-2x\" \/>\n<div class=\"row align-items-center padding-bottom-2x\">\n<div class=\"col-md-5\"><img decoding=\"async\" class=\"d-block m-auto img-thumbnail\" src=\"https:\/\/tvc.mx\/media\/383311\/Camara-IP-4-Mega%C3%ADxeles-FullColor-Disuacion-Activa-SD3A400-GN-A-PV--Dahua-pp-caracteristicas.png\" alt=\" \" \/><\/div>\n<div class=\"col-md-7 text-md-left text-center\">\n<h2>Principales Caracter\u00edsticas<\/h2>\n<p class=\"text-muted\">\n<p>\u00b7 CMOS STARVIS \u2122 de 1\/3 \u00aby 4 megap\u00edxeles<\/p>\n<p>\u00b7 Distancia IR hasta 30 m<\/p>\n<p>\u00b7 Codificaci\u00f3n H.265<\/p>\n<p>\u00b7 PoE<\/p>\n<p>\u00b7 Max. 25\/30 fps a 4 MP<\/p>\n<p>\u00b7 IVS<\/p>\n<p>&nbsp;<\/p>\n<\/div>\n<\/div>\n<hr class=\"padding-bottom-2x\" \/>\n<div class=\"row align-items-center padding-bottom-2x\">\n<div class=\"col-md-5 order-md-2\"><img decoding=\"async\" class=\"d-block m-auto img-thumbnail\" src=\"https:\/\/tvc.mx\/media\/383315\/Camara-IP-4-Mega%C3%ADxeles-FullColor-Disuacion-Activa-SD3A400-GN-A-PV--Dahua-especificaciones.png\" alt=\" \" \/><\/div>\n<div class=\"col-md-7 order-md-1 text-md-left text-center\">\n<h2>Especificaciones<\/h2>\n<p class=\"text-muted\">\n<ul>\n<li>Longitud focal 4 mm<\/li>\n<li>Distancia de enfoque cercana 0,3 m<\/li>\n<li>IVS, Tripwire; intrusi\u00f3n}<\/li>\n<li>Smart H.265; H.265; Smart H.264; H.264; H.264B; MJPEG (transmisi\u00f3n secundaria)<\/li>\n<li>DWDR<\/li>\n<li>Reducci\u00f3n de ruido 2D \/ 3D<\/li>\n<li>12 VCC \/ 1,5 A \u00b1 10% PoE (802.3af)<\/li>\n<\/ul>\n<p>&nbsp;<\/p>\n<\/div>\n<\/div>\n<hr class=\"padding-bottom-2x\" \/>\n<div class=\"row align-items-center padding-bottom-2x\">\n<div class=\"col-md-5\"><img decoding=\"async\" class=\"d-block m-auto img-thumbnail\" src=\"https:\/\/tvc.mx\/media\/383327\/Dahua.png\" alt=\" \" \/><\/div>\n<div class=\"col-md-7 text-md-left text-center\">\n<h2>Incluye<\/h2>\n<p class=\"text-muted\">\n<ul>\n<li>C\u00e1mara\u00a0<strong>SD3A400-GN-A-PV<\/strong><\/li>\n<li>Plantilla para los agujeros de la pared<\/li>\n<li>Tornillos<\/li>\n<li>Aditamentos para hacer la conexi\u00f3n a prueba de agua<\/li>\n<li>P\u00f3liza de garant\u00eda<\/li>\n<li>Manuales<\/li>\n<\/ul>\n<\/div>\n<\/div>\n","protected":false},"excerpt":{"rendered":"<p>Informaci\u00f3n general La c\u00e1mara de iluminadores duales inteligentes de Dahua adopta la tecnolog\u00eda de codificaci\u00f3n inteligente H.265 avanzada con alta eficiencia de codificaci\u00f3n, proporciona video de alta calidad y reduce el costo de transmisi\u00f3n y almacenamiento. Esta serie integra iluminaci\u00f3n inteligente de luz c\u00e1lida e&hellip;<\/p>\n","protected":false},"featured_media":2164,"comment_status":"open","ping_status":"closed","template":"","meta":{"om_disable_all_campaigns":false,"_monsterinsights_skip_tracking":false,"_monsterinsights_sitenote_active":false,"_monsterinsights_sitenote_note":"","_monsterinsights_sitenote_category":0},"product_brand":[],"product_cat":[118],"product_tag":[119,42,38,66,55],"class_list":{"0":"post-2165","1":"product","2":"type-product","3":"status-publish","4":"has-post-thumbnail","6":"product_cat-ptz-camaras-ip","7":"product_tag-camara-ptz","8":"product_tag-camaras","9":"product_tag-camaras-de-seguridad","10":"product_tag-dahua","11":"product_tag-ptz","13":"first","14":"instock","15":"sale","16":"taxable","17":"shipping-taxable","18":"purchasable","19":"product-type-simple"},"aioseo_notices":[],"_links":{"self":[{"href":"https:\/\/tecsecmty.com\/index.php\/wp-json\/wp\/v2\/product\/2165","targetHints":{"allow":["GET"]}}],"collection":[{"href":"https:\/\/tecsecmty.com\/index.php\/wp-json\/wp\/v2\/product"}],"about":[{"href":"https:\/\/tecsecmty.com\/index.php\/wp-json\/wp\/v2\/types\/product"}],"replies":[{"embeddable":true,"href":"https:\/\/tecsecmty.com\/index.php\/wp-json\/wp\/v2\/comments?post=2165"}],"version-history":[{"count":0,"href":"https:\/\/tecsecmty.com\/index.php\/wp-json\/wp\/v2\/product\/2165\/revisions"}],"wp:featuredmedia":[{"embeddable":true,"href":"https:\/\/tecsecmty.com\/index.php\/wp-json\/wp\/v2\/media\/2164"}],"wp:attachment":[{"href":"https:\/\/tecsecmty.com\/index.php\/wp-json\/wp\/v2\/media?parent=2165"}],"wp:term":[{"taxonomy":"product_brand","embeddable":true,"href":"https:\/\/tecsecmty.com\/index.php\/wp-json\/wp\/v2\/product_brand?post=2165"},{"taxonomy":"product_cat","embeddable":true,"href":"https:\/\/tecsecmty.com\/index.php\/wp-json\/wp\/v2\/product_cat?post=2165"},{"taxonomy":"product_tag","embeddable":true,"href":"https:\/\/tecsecmty.com\/index.php\/wp-json\/wp\/v2\/product_tag?post=2165"}],"curies":[{"name":"wp","href":"https:\/\/api.w.org\/{rel}","templated":true}]}}