{"id":2168,"date":"2023-02-22T18:31:36","date_gmt":"2023-02-23T00:31:36","guid":{"rendered":"https:\/\/tecsecmty.com\/index.php\/producto\/dahua-sd3a405-gn-pv1-ptz-ip-de-4-megapixeles-con-5x-de-zoom-optico-disuasion-activa-con-estrobo-de-luz-roja-y-azul-h-265-ir-de-30-metros-microfono-y-altavoz-integrado-audio-2-vias-ivs-ranura\/"},"modified":"2023-03-22T23:23:07","modified_gmt":"2023-03-23T05:23:07","slug":"dahua-sd3a405-gn-pv1-ptz-ip-de-4-megapixeles-con-5x-de-zoom-optico-disuasion-activa-con-estrobo-de-luz-roja-y-azul-h-265-ir-de-30-metros-microfono-y-altavoz-integrado-audio-2-vias-ivs-ranura","status":"publish","type":"product","link":"https:\/\/tecsecmty.com\/index.php\/producto\/dahua-sd3a405-gn-pv1-ptz-ip-de-4-megapixeles-con-5x-de-zoom-optico-disuasion-activa-con-estrobo-de-luz-roja-y-azul-h-265-ir-de-30-metros-microfono-y-altavoz-integrado-audio-2-vias-ivs-ranura\/","title":{"rendered":"DAHUA SD3A405-GN-PV1 &#8211; PTZ IP DE 4 Megapixeles con 5x de Zoom Optico\/ Disuasi\u00f3n Activa con Estrobo de Luz Roja y Azul\/ H.265\/ IR de 30 Metros\/ Microfono y Altavoz Integrado\/ Audio 2 V\u00edas\/ IVS\/ Ranura para MicroSD\/ IP66\/ PoE\/ #LoNuevo"},"content":{"rendered":"<div class=\"row aling-items-center padding-bottom-2x\">\n<div class=\"col-lg-12\">\n<h5 class=\"card-title text-center\">Informaci\u00f3n General<\/h5>\n<p class=\"ql-align-justify\">Impulsada por la tecnolog\u00eda avanzada de codificaci\u00f3n inteligente H.265, la c\u00e1mara de iluminadores duales inteligentes de Dahua combina precisi\u00f3n y confiabilidad en una c\u00e1mara poderosa, logrando una alta eficiencia de codificaci\u00f3n, produciendo videos sin interrupciones y reduciendo los costos de transmisi\u00f3n y almacenamiento. Esta serie de c\u00e1maras de alto rendimiento presenta funciones como luz infrarroja, detecci\u00f3n de formas humanas y disuasi\u00f3n activa con sirena y luz estrobosc\u00f3pica bicolor.<\/p>\n<p><img decoding=\"async\" class=\"overview-center-img-web\" src=\"https:\/\/tvc.mx\/media\/525731\/Camaras_IP_PTZ_4MP_5x-Zoom_Disuacion_Dahua_SD3A405-GN-PV1_Over_Ppal.png\" alt=\"\" \/><\/div>\n<\/div>\n<div class=\"row align-items-center padding-bottom-2x\">\n<div class=\"col-md-5\"><img decoding=\"async\" class=\"d-block m-auto img-thumbnail\" src=\"https:\/\/tvc.mx\/media\/525735\/IVS-Dahua.png\" alt=\" \" \/><\/div>\n<div class=\"col-md-7 text-md-left text-center\">\n<h2>An\u00e1lisis de video inteligente<\/h2>\n<p class=\"text-muted\">\n<p>La c\u00e1mara Dahua\u00a0<strong>SD3A405-GN-PV1\u00a0<\/strong>est\u00e1 equipada con un algoritmo anal\u00edtico inteligente incorporado basado en video, que puede realizar funciones inteligentes como cruce de l\u00ednea (Tripwire) e Intrusi\u00f3n, respondiendo de manera r\u00e1pida y precisa a eventos de monitoreo en un \u00e1rea espec\u00edfica, lo que ayuda a mejorar la eficiencia del monitoreo.<\/p>\n<p>&nbsp;<\/p>\n<\/div>\n<\/div>\n<hr class=\"padding-bottom-2x\" \/>\n<div class=\"row align-items-center padding-bottom-2x\">\n<div class=\"col-md-5 order-md-2\"><img decoding=\"async\" class=\"d-block m-auto img-thumbnail\" src=\"https:\/\/tvc.mx\/media\/525739\/codificacion-h.265-dahua.png\" alt=\" \" \/><\/div>\n<div class=\"col-md-7 order-md-1 text-md-left text-center\">\n<h2>Compresi\u00f3n Inteligente H.265 +<\/h2>\n<p class=\"text-muted\">\n<p>Su codificaci\u00f3n Smart H.265 + es la implementaci\u00f3n optimizada del c\u00f3dec H.265 que utiliza una estrategia de codificaci\u00f3n adaptativa a la escena, GOP din\u00e1mico, ROI din\u00e1mico, estructura de referencia de m\u00faltiples cuadros flexible y reducci\u00f3n de ruido inteligente para entregar video de alta calidad sin forzar la red. La tecnolog\u00eda Smart H.265 + reduce la velocidad de bits y los requisitos de almacenamiento hasta en un 70% en comparaci\u00f3n con la compresi\u00f3n de video H.265 est\u00e1ndar.<\/p>\n<p>&nbsp;<\/p>\n<\/div>\n<\/div>\n<hr class=\"padding-bottom-2x\" \/>\n<div class=\"row align-items-center padding-bottom-2x\">\n<div class=\"col-md-5\"><img decoding=\"async\" class=\"d-block m-auto img-thumbnail\" src=\"https:\/\/tvc.mx\/media\/525743\/Camaras_IP_PTZ_4MP_5x-Zoom_Disuacion_Dahua_SD3A405-GN-PV1_Over_M_1.png\" alt=\" \" \/><\/div>\n<div class=\"col-md-7 text-md-left text-center\">\n<h2>Caracter\u00edsticas<\/h2>\n<p class=\"text-muted\">\n<ul>\n<li>1\/3&#8243; 4Megapixel STARVIS\u2122 CMOS<\/li>\n<li>Distancia de IR hasta 30m<\/li>\n<li>Codificaci\u00f3n H.265+<\/li>\n<li>PoE<\/li>\n<li>Max. 25\/30 fps@4M<\/li>\n<li>IVS<\/li>\n<\/ul>\n<p>&nbsp;<\/p>\n<\/div>\n<\/div>\n<hr class=\"padding-bottom-2x\" \/>\n<div class=\"row align-items-center padding-bottom-2x\">\n<div class=\"col-md-5\"><img decoding=\"async\" class=\"d-block m-auto img-thumbnail\" src=\"https:\/\/tvc.mx\/media\/525747\/Camaras_IP_PTZ_4MP_5x-Zoom_Disuacion_Dahua_SD3A405-GN-PV1_Over_M_2.png\" alt=\" \" \/><\/div>\n<div class=\"col-md-7 text-md-left text-center\">\n<h2>Especificaciones<\/h2>\n<p class=\"text-muted\">\n<ul>\n<li>Sensor de imagen 1\/3&#8243; 4Megapixel STARVIS\u2122 CMOS<\/li>\n<li>Max. Resoluci\u00f3n 2560 (H) x 1440 (V)<\/li>\n<li>P\u00edxeles efectivos 4 megap\u00edxeles<\/li>\n<li>Distincia IR: 30 m<\/li>\n<li>N\u00famero de LED IR: 4 luces IR<\/li>\n<li>Lente varifocal: 2.7\u201313.5 mm<\/li>\n<li>Campo de visi\u00f3n H: 90.7\u00b0\u201327.9\u00b0; V: 48.2\u00b0\u201315.7\u00b0; D: 107.6\u00b0\u201332\u00b0<\/li>\n<li>IVS: Cruce de l\u00ednea; Intrusi\u00f3n.<\/li>\n<li>Compresi\u00f3n: Smart H.265+; H.265; Smart H.264; H.264; H.264B; MJPEG (Sub Stream 1)<\/li>\n<li>Cuenta con: BLC, HLCD, DWDR<\/li>\n<li>Reducci\u00f3n de ruido 2D \/ 3D<\/li>\n<li>Entrada de audio: 1 canal (entrada de l\u00ednea \/ micr\u00f3fono incorporado)<\/li>\n<li>Salida de audio 1 canal (salida de l\u00ednea \/ altavoz incorporado)<\/li>\n<li>Permite Audio Bidireccional.<\/li>\n<li>Almacenamiento: FTP; Tarjeta micro SD (256G)<\/li>\n<li>Fuente de alimentaci\u00f3n: 12 VCC \/ 1,5 A \u00b1 10% PoE (802.3af)<\/li>\n<li>Consumo de energ\u00eda: B\u00e1sico: 2.5 W M\u00e1x.: 12.95 W (Iluminador)<\/li>\n<li>Protecci\u00f3n: IP66, TVS 2000V a prueba de rayos; protecci\u00f3n contra sobretensiones; protecci\u00f3n contra transitorios de tensi\u00f3n.<\/li>\n<\/ul>\n<\/div>\n<\/div>\n","protected":false},"excerpt":{"rendered":"<p>Informaci\u00f3n General Impulsada por la tecnolog\u00eda avanzada de codificaci\u00f3n inteligente H.265, la c\u00e1mara de iluminadores duales inteligentes de Dahua combina precisi\u00f3n y confiabilidad en una c\u00e1mara poderosa, logrando una alta eficiencia de codificaci\u00f3n, produciendo videos sin interrupciones y reduciendo los costos de transmisi\u00f3n y almacenamiento.&hellip;<\/p>\n","protected":false},"featured_media":2167,"comment_status":"open","ping_status":"closed","template":"","meta":{"om_disable_all_campaigns":false,"_monsterinsights_skip_tracking":false,"_monsterinsights_sitenote_active":false,"_monsterinsights_sitenote_note":"","_monsterinsights_sitenote_category":0},"product_brand":[],"product_cat":[118],"product_tag":[119,42,38,66,55],"class_list":{"0":"post-2168","1":"product","2":"type-product","3":"status-publish","4":"has-post-thumbnail","6":"product_cat-ptz-camaras-ip","7":"product_tag-camara-ptz","8":"product_tag-camaras","9":"product_tag-camaras-de-seguridad","10":"product_tag-dahua","11":"product_tag-ptz","13":"first","14":"instock","15":"sale","16":"taxable","17":"shipping-taxable","18":"purchasable","19":"product-type-simple"},"aioseo_notices":[],"_links":{"self":[{"href":"https:\/\/tecsecmty.com\/index.php\/wp-json\/wp\/v2\/product\/2168","targetHints":{"allow":["GET"]}}],"collection":[{"href":"https:\/\/tecsecmty.com\/index.php\/wp-json\/wp\/v2\/product"}],"about":[{"href":"https:\/\/tecsecmty.com\/index.php\/wp-json\/wp\/v2\/types\/product"}],"replies":[{"embeddable":true,"href":"https:\/\/tecsecmty.com\/index.php\/wp-json\/wp\/v2\/comments?post=2168"}],"version-history":[{"count":0,"href":"https:\/\/tecsecmty.com\/index.php\/wp-json\/wp\/v2\/product\/2168\/revisions"}],"wp:featuredmedia":[{"embeddable":true,"href":"https:\/\/tecsecmty.com\/index.php\/wp-json\/wp\/v2\/media\/2167"}],"wp:attachment":[{"href":"https:\/\/tecsecmty.com\/index.php\/wp-json\/wp\/v2\/media?parent=2168"}],"wp:term":[{"taxonomy":"product_brand","embeddable":true,"href":"https:\/\/tecsecmty.com\/index.php\/wp-json\/wp\/v2\/product_brand?post=2168"},{"taxonomy":"product_cat","embeddable":true,"href":"https:\/\/tecsecmty.com\/index.php\/wp-json\/wp\/v2\/product_cat?post=2168"},{"taxonomy":"product_tag","embeddable":true,"href":"https:\/\/tecsecmty.com\/index.php\/wp-json\/wp\/v2\/product_tag?post=2168"}],"curies":[{"name":"wp","href":"https:\/\/api.w.org\/{rel}","templated":true}]}}