{"id":2170,"date":"2023-02-22T18:31:39","date_gmt":"2023-02-23T00:31:39","guid":{"rendered":"https:\/\/tecsecmty.com\/index.php\/producto\/dahua-sd40212thn-camara-ip-ptz-antivandalica-de-2-megapixeles-12x-de-zoom-optico-h-265-ranura-microsd-wdr-real-de-120-db-proteccion-ip66-ik10-video-analiticos-con-ivs-enfoque-predictivo-sop\/"},"modified":"2023-03-22T23:23:07","modified_gmt":"2023-03-23T05:23:07","slug":"dahua-sd40212thn-camara-ip-ptz-antivandalica-de-2-megapixeles-12x-de-zoom-optico-h-265-ranura-microsd-wdr-real-de-120-db-proteccion-ip66-ik10-video-analiticos-con-ivs-enfoque-predictivo-sop","status":"publish","type":"product","link":"https:\/\/tecsecmty.com\/index.php\/producto\/dahua-sd40212thn-camara-ip-ptz-antivandalica-de-2-megapixeles-12x-de-zoom-optico-h-265-ranura-microsd-wdr-real-de-120-db-proteccion-ip66-ik10-video-analiticos-con-ivs-enfoque-predictivo-sop\/","title":{"rendered":"DAHUA SD40212THN &#8211; Camara IP PTZ Antivandalica de 2 Megapixeles\/ 12x de Zoom Optico\/ H.265+\/ Ranura MicroSD\/ WDR Real de 120 dB\/ Protecci\u00f3n IP66\/IK10\/ Video Analiticos con IVS\/ Enfoque Predictivo\/ Soporta PoE Plus\/"},"content":{"rendered":"<div class=\"row aling-items-center padding-bottom-2x\">\n<div class=\"col-lg-12\">\n<h5 class=\"card-title text-center\">Informaci\u00f3n general<\/h5>\n<p>La c\u00e1mara\u00a0<strong>SD40212THN<\/strong>\u00a0pertenece a la nueva familia de productos DAHUA \u201ceco savvy\u201d la cual adopta un chipset ambarella el cual tiene un bajo consumo de energ\u00eda y bajo consumo de ancho de banda, por lo que esta c\u00e1mara a una resoluci\u00f3n de\u00a0<strong>2 megap\u00edxeles<\/strong>\u00a0tiene un ahorro de 75% en consumo de ancho de banda que una c\u00e1mara IP de 2 megap\u00edxeles normal.<\/p>\n<p><img decoding=\"async\" class=\"overview-center-img-web\" src=\"https:\/\/tvc.mx\/media\/458313\/camara-ip-ptz-antivandalica-2-megapixeles-zoom-optico-12x-microsd-SD40212THN-Dahua.png\" alt=\"\" \/><\/div>\n<\/div>\n<div class=\"row align-items-center padding-bottom-2x\">\n<div class=\"col-md-5 order-md-2\"><img decoding=\"async\" class=\"d-block m-auto img-thumbnail\" src=\"https:\/\/tvc.mx\/media\/458316\/zoom-optico-12x-dahua.png\" alt=\" \" \/><\/div>\n<div class=\"col-md-7 order-md-1 text-md-left text-center\">\n<h2>Especial para revisar objetivos lejanos<\/h2>\n<p class=\"text-muted\">\n<p>Que m\u00e1s caracter\u00edsticas tiene la c\u00e1mara\u00a0<strong>SD40212THN\u00a0<\/strong>es una PTZ con un lente de\u00a0<strong>5.1mm~61.2 mm<\/strong>\u00a0que nos da un zoom \u00f3ptico de\u00a0<strong>12x,<\/strong>\u00a0este zoom nos permite tener un escenario amplio y una excelente vista de acercamiento.<\/p>\n<p>&nbsp;<\/p>\n<\/div>\n<\/div>\n<hr class=\"padding-bottom-2x\" \/>\n<div class=\"row align-items-center padding-bottom-2x\">\n<div class=\"col-md-5\"><img decoding=\"async\" class=\"d-block m-auto img-thumbnail\" src=\"https:\/\/tvc.mx\/media\/458319\/WDR-Dahua.png\" alt=\" \" \/><\/div>\n<div class=\"col-md-7 text-md-left text-center\">\n<h2>WDR real 120dB<\/h2>\n<p class=\"text-muted\">\n<p>La c\u00e1mara logra im\u00e1genes v\u00edvidas, incluso en las condiciones de iluminaci\u00f3n de contraste m\u00e1s intenso, utilizando la tecnolog\u00eda de rango din\u00e1mico amplio (WDR) l\u00edder en la industria. Para aplicaciones con condiciones de luz brillante y baja que cambian r\u00e1pidamente,\u00a0<strong>WDR real 120 dB\u00a0<\/strong>optimiza las \u00e1reas brillantes y oscuras de una escena al mismo tiempo para proporcionar video utilizable.<\/p>\n<p>&nbsp;<\/p>\n<\/div>\n<\/div>\n<hr class=\"padding-bottom-2x\" \/>\n<div class=\"row align-items-center padding-bottom-2x\">\n<div class=\"col-md-5 order-md-2\"><img decoding=\"async\" class=\"d-block m-auto img-thumbnail\" src=\"https:\/\/tvc.mx\/media\/458322\/Starlight-Dahua.png\" alt=\" \" \/><\/div>\n<div class=\"col-md-7 order-md-1 text-md-left text-center\">\n<h2>Tecnolog\u00eda Starlight<\/h2>\n<p class=\"text-muted\">\n<p>Para aplicaciones desafiantes con poca luz, la tecnolog\u00eda de luz ultrabaja Starlight de Dahua ofrece la mejor sensibilidad a la luz de su clase, capturando detalles de color con poca luz hasta\u00a0<strong>0,005 lux<\/strong>. La c\u00e1mara utiliza un conjunto de funciones \u00f3pticas para equilibrar la luz en toda la escena, lo que da como resultado im\u00e1genes claras en entornos oscuros.<\/p>\n<p>&nbsp;<\/p>\n<\/div>\n<\/div>\n<hr class=\"padding-bottom-2x\" \/>\n<div class=\"row align-items-center padding-bottom-2x\">\n<div class=\"col-md-5\"><img decoding=\"async\" class=\"d-block m-auto img-thumbnail\" src=\"https:\/\/tvc.mx\/media\/458325\/smartpss-dahua.png\" alt=\" \" \/><\/div>\n<div class=\"col-md-7 text-md-left text-center\">\n<h2>Monitoreo remoto<\/h2>\n<p class=\"text-muted\">\n<p class=\"ql-align-justify\">La c\u00e1mara\u00a0<strong>SD40212THN<\/strong>\u00a0puede ser monitoreada a trav\u00e9s de dispositivos m\u00f3viles y tabletas con sistemas operativos IOS y ANDROID con el cual no s\u00f3lo podr\u00e1n ver sus c\u00e1maras en tiempo real (4, 8, 9,16 c\u00e1maras al mismo tiempo), sino tambi\u00e9n reproducci\u00f3n de\u00a0grabaciones y manipular PTZ entre otras funciones.<\/p>\n<p>&nbsp;<\/p>\n<\/div>\n<\/div>\n<hr class=\"padding-bottom-2x\" \/>\n<div class=\"row align-items-center padding-bottom-2x\">\n<div class=\"col-md-5 order-md-2\"><img decoding=\"async\" class=\"d-block m-auto img-thumbnail\" src=\"https:\/\/tvc.mx\/media\/458328\/camara-ip-ptz-antivandalica-2-megapixeles-zoom-optico-12x-microsd-SD40212THN-Dahua-caracteristicas.png\" alt=\" \" \/><\/div>\n<div class=\"col-md-7 order-md-1 text-md-left text-center\">\n<h2>Caracter\u00edsticas principales<\/h2>\n<p class=\"text-muted\">\n<ul>\n<li class=\"ql-align-justify\">CMOS STARVIS \u2122 de 1 \/ 2.8 \u201dy 2 megap\u00edxeles<\/li>\n<li class=\"ql-align-justify\">Potente zoom \u00f3ptico de 12x<\/li>\n<li class=\"ql-align-justify\">Admite codificaci\u00f3n de triple flujo<\/li>\n<li class=\"ql-align-justify\">M\u00e1x. 25 \/ 30fps @ 1080P<\/li>\n<li class=\"ql-align-justify\">WDR real 120 dB<\/li>\n<li class=\"ql-align-justify\">Tecnolog\u00eda PFA<\/li>\n<li class=\"ql-align-justify\">IVS<\/li>\n<li class=\"ql-align-justify\">Soporta PoE +<\/li>\n<li class=\"ql-align-justify\">IP66<\/li>\n<li class=\"ql-align-justify\">IK10<\/li>\n<\/ul>\n<p>&nbsp;<\/p>\n<\/div>\n<\/div>\n<hr class=\"padding-bottom-2x\" \/>\n<div class=\"row align-items-center padding-bottom-2x\">\n<div class=\"col-md-5\"><img decoding=\"async\" class=\"d-block m-auto img-thumbnail\" src=\"https:\/\/tvc.mx\/media\/372003\/camara-ip-domo-ptz-especificaciones-SD40212THN-dahua.png\" alt=\" \" \/><\/div>\n<div class=\"col-md-7 text-md-left text-center\">\n<h2>Especificaciones<\/h2>\n<p class=\"text-muted\">\n<ul>\n<li class=\"ql-align-justify\">Longitud Focal 5,3 mm ~ 64 mm<\/li>\n<li class=\"ql-align-justify\">Zoom de\u00a012x \u00f3ptico<\/li>\n<li class=\"ql-align-justify\">Zoom de 16x digital<\/li>\n<li class=\"ql-align-justify\">Triple stream\u00a0de codificaci\u00f3n.<\/li>\n<li class=\"ql-align-justify\">M\u00e1x. 25\/30fps@1080P(1920&#215;1080) &amp; 50\/60fps@720P resoluci\u00f3n.<\/li>\n<li class=\"ql-align-justify\">WDR real 120 dB<\/li>\n<li class=\"ql-align-justify\">Visualizaci\u00f3n web,\u00a0CMS (DSS\/PSS)\u00a0&amp; DMSS.<\/li>\n<li class=\"ql-align-justify\">Paneo m\u00e1x 240\u00b0\/s,\u00a0360\u00b0 continuos\u00a0de rotaci\u00f3n.<\/li>\n<li class=\"ql-align-justify\">Hasta 300 presets, 5-auto scan, 8 tour, 5 pattern.<\/li>\n<li class=\"ql-align-justify\">Entrada y salida de audio.<\/li>\n<li class=\"ql-align-justify\">2 entradas de alarma y 1 salida de alarma.<\/li>\n<li class=\"ql-align-justify\">Ranura\u00a0micro SD\u00a0(m\u00e1x. 256 GB).<\/li>\n<li class=\"ql-align-justify\">Exterior IP66 (-40\u00b0 C ~ 60\u00b0 C).<\/li>\n<li class=\"ql-align-justify\">ONVIF\u00a0PSIA CGI.<\/li>\n<li class=\"ql-align-justify\">Fuente de alimentaci\u00f3n 24 V \/ 1,5 A, PoE + (802.3at)<\/li>\n<li class=\"ql-align-justify\">Metal<\/li>\n<li class=\"ql-align-justify\">Dimensiones \u03a6186 (mil\u00edmetro) \u00d7 234 (mil\u00edmetro)<\/li>\n<li class=\"ql-align-justify\">Peso 2,3 kg<\/li>\n<\/ul>\n<p>&nbsp;<\/p>\n<\/div>\n<\/div>\n<hr class=\"padding-bottom-2x\" \/>\n<div class=\"row align-items-center padding-bottom-2x\">\n<div class=\"col-md-5 order-md-2\"><img decoding=\"async\" class=\"d-block m-auto img-thumbnail\" src=\"https:\/\/tvc.mx\/media\/463540\/Dahua.png\" alt=\" \" \/><\/div>\n<div class=\"col-md-7 order-md-1 text-md-left text-center\">\n<h2>Incluye<\/h2>\n<p class=\"text-muted\">\n<ul>\n<li>Montaje es pared (PFB300S)<\/li>\n<li>Aditamento de montaje (PFA110)<\/li>\n<li>Adaptador de corriente 24v AC \/ 1.5A<\/li>\n<\/ul>\n<\/div>\n<\/div>\n","protected":false},"excerpt":{"rendered":"<p>Informaci\u00f3n general La c\u00e1mara\u00a0SD40212THN\u00a0pertenece a la nueva familia de productos DAHUA \u201ceco savvy\u201d la cual adopta un chipset ambarella el cual tiene un bajo consumo de energ\u00eda y bajo consumo de ancho de banda, por lo que esta c\u00e1mara a una resoluci\u00f3n de\u00a02 megap\u00edxeles\u00a0tiene un&hellip;<\/p>\n","protected":false},"featured_media":2169,"comment_status":"open","ping_status":"closed","template":"","meta":{"om_disable_all_campaigns":false,"_monsterinsights_skip_tracking":false,"_monsterinsights_sitenote_active":false,"_monsterinsights_sitenote_note":"","_monsterinsights_sitenote_category":0},"product_brand":[],"product_cat":[118],"product_tag":[119,42,38,66,55],"class_list":{"0":"post-2170","1":"product","2":"type-product","3":"status-publish","4":"has-post-thumbnail","6":"product_cat-ptz-camaras-ip","7":"product_tag-camara-ptz","8":"product_tag-camaras","9":"product_tag-camaras-de-seguridad","10":"product_tag-dahua","11":"product_tag-ptz","13":"first","14":"instock","15":"sale","16":"taxable","17":"shipping-taxable","18":"purchasable","19":"product-type-simple"},"aioseo_notices":[],"_links":{"self":[{"href":"https:\/\/tecsecmty.com\/index.php\/wp-json\/wp\/v2\/product\/2170","targetHints":{"allow":["GET"]}}],"collection":[{"href":"https:\/\/tecsecmty.com\/index.php\/wp-json\/wp\/v2\/product"}],"about":[{"href":"https:\/\/tecsecmty.com\/index.php\/wp-json\/wp\/v2\/types\/product"}],"replies":[{"embeddable":true,"href":"https:\/\/tecsecmty.com\/index.php\/wp-json\/wp\/v2\/comments?post=2170"}],"version-history":[{"count":0,"href":"https:\/\/tecsecmty.com\/index.php\/wp-json\/wp\/v2\/product\/2170\/revisions"}],"wp:featuredmedia":[{"embeddable":true,"href":"https:\/\/tecsecmty.com\/index.php\/wp-json\/wp\/v2\/media\/2169"}],"wp:attachment":[{"href":"https:\/\/tecsecmty.com\/index.php\/wp-json\/wp\/v2\/media?parent=2170"}],"wp:term":[{"taxonomy":"product_brand","embeddable":true,"href":"https:\/\/tecsecmty.com\/index.php\/wp-json\/wp\/v2\/product_brand?post=2170"},{"taxonomy":"product_cat","embeddable":true,"href":"https:\/\/tecsecmty.com\/index.php\/wp-json\/wp\/v2\/product_cat?post=2170"},{"taxonomy":"product_tag","embeddable":true,"href":"https:\/\/tecsecmty.com\/index.php\/wp-json\/wp\/v2\/product_tag?post=2170"}],"curies":[{"name":"wp","href":"https:\/\/api.w.org\/{rel}","templated":true}]}}