{"id":2174,"date":"2023-02-22T18:31:43","date_gmt":"2023-02-23T00:31:43","guid":{"rendered":"https:\/\/tecsecmty.com\/index.php\/producto\/dahua-sd49225xan-hnr-s2-camara-ip-ptz-de-2-megapixeles-wizsense-25x-de-zoom-optico-h-265-starlight-60-fps-ir-de-100-mts-proteccion-perimetral-smd-plus-wdr-real-deteccion-de-rostros-ip66\/"},"modified":"2023-03-22T23:23:08","modified_gmt":"2023-03-23T05:23:08","slug":"dahua-sd49225xan-hnr-s2-camara-ip-ptz-de-2-megapixeles-wizsense-25x-de-zoom-optico-h-265-starlight-60-fps-ir-de-100-mts-proteccion-perimetral-smd-plus-wdr-real-deteccion-de-rostros-ip66","status":"publish","type":"product","link":"https:\/\/tecsecmty.com\/index.php\/producto\/dahua-sd49225xan-hnr-s2-camara-ip-ptz-de-2-megapixeles-wizsense-25x-de-zoom-optico-h-265-starlight-60-fps-ir-de-100-mts-proteccion-perimetral-smd-plus-wdr-real-deteccion-de-rostros-ip66\/","title":{"rendered":"DAHUA SD49225XAN-HNR-S2 &#8211; C\u00e1mara IP PTZ de 2 Megap\u00edxeles\/ WizSense\/ 25x de Zoom Optico\/ H.265+\/ Starlight\/ 60 fps\/ IR de 100 Mts\/ Proteccion Perimetral\/ SMD Plus\/ WDR Real\/ Deteccion de Rostros\/ IP66\/ E&amp;S de Alarma y Audio\/ Enfoque Predictivo\/"},"content":{"rendered":"<div class=\"row aling-items-center padding-bottom-2x\">\n<div class=\"col-lg-12\">\n<h5 class=\"card-title text-center\">Informaci\u00f3n General<\/h5>\n<p>La c\u00e1mara de red Dahua AI PTZ adopta algoritmos avanzados de aprendizaje profundo de CNN para admitir el reconocimiento facial con alta precisi\u00f3n. Esta c\u00e1mara posee un amplio rango de monitoreo y un algoritmo PFA que siempre puede presentar una imagen clara y enfocada mientras hace zoom, y adopta la tecnolog\u00eda de limpiaparabrisas inteligente compatible con RainSensor.<\/p>\n<p><img decoding=\"async\" class=\"overview-center-img-web\" src=\"https:\/\/tvc.mx\/media\/450303\/camara-ip-ptz-2-megapixeles-wizsense-starlight-smd-plus-SD49225XAN-HNR-S2-Dahua-imgpp.png\" alt=\"\" \/><\/p>\n<\/div>\n<\/div>\n<div class=\"row align-items-center padding-bottom-2x\">\n<div class=\"col-md-5\"><img decoding=\"async\" class=\"d-block m-auto img-thumbnail\" src=\"https:\/\/tvc.mx\/media\/450307\/proteccion-perimetral-dahua.png\" alt=\" \" \/><\/div>\n<div class=\"col-md-7 text-md-left text-center\">\n<h2>Protecci\u00f3n perimetral<\/h2>\n<p>Filtra autom\u00e1ticamente las falsas alarmas causadas por animales, hojas susurrantes, luces brillantes, etc. Permite que el sistema act\u00fae como reconocimiento secundario de los objetivos. Mejora la precisi\u00f3n de la alarma.<\/p>\n<p>&nbsp;<\/p>\n<\/div>\n<\/div>\n<hr class=\"padding-bottom-2x\" \/>\n<div class=\"row align-items-center padding-bottom-2x\">\n<div class=\"col-md-5 order-md-2\"><img decoding=\"async\" class=\"d-block m-auto img-thumbnail\" src=\"https:\/\/tvc.mx\/media\/450311\/Starlight-Dahua.png\" alt=\" \" \/><\/div>\n<div class=\"col-md-7 order-md-1 text-md-left text-center\">\n<h2>Starlight<\/h2>\n<p>Para aplicaciones desafiantes con poca luz, la tecnolog\u00eda de luz ultrabaja Starlight de Dahua ofrece la mejor sensibilidad a la luz de su clase, capturando detalles de color con poca luz hasta 0.005 lux. La c\u00e1mara utiliza un conjunto de funciones \u00f3pticas para equilibrar la luz en toda la escena, lo que da como resultado im\u00e1genes claras en entornos oscuros.<\/p>\n<p>&nbsp;<\/p>\n<\/div>\n<\/div>\n<hr class=\"padding-bottom-2x\" \/>\n<div class=\"row align-items-center padding-bottom-2x\">\n<div class=\"col-md-5\"><img decoding=\"async\" class=\"d-block m-auto img-thumbnail\" src=\"https:\/\/tvc.mx\/media\/450315\/PFA-Dahua.png\" alt=\" \" \/><\/div>\n<div class=\"col-md-7 text-md-left text-center\">\n<h2>PFA<\/h2>\n<p>La tecnolog\u00eda PFA ha introducido de manera innovadora nuevos m\u00e9todos de juicio para garantizar la precisi\u00f3n y la previsibilidad de la direcci\u00f3n del ajuste de la distancia del sujeto. El resultado es un conjunto de algoritmos de enfoque avanzados. PFA garantiza la claridad de la imagen durante todo el proceso de zoom y acorta el tiempo de enfoque. La realizaci\u00f3n de la tecnolog\u00eda PFA mejora sustancialmente la experiencia del usuario y aumenta el valor del producto.<\/p>\n<p>&nbsp;<\/p>\n<\/div>\n<\/div>\n<hr class=\"padding-bottom-2x\" \/>\n<div class=\"row align-items-center padding-bottom-2x\">\n<div class=\"col-md-5 order-md-2\"><img decoding=\"async\" class=\"d-block m-auto img-thumbnail\" src=\"https:\/\/tvc.mx\/media\/450319\/camara-ip-ptz-2-megapixeles-wizsense-starlight-smd-plus-SD49225XAN-HNR-S2-Dahua-caracteristicas.png\" alt=\" \" \/><\/div>\n<div class=\"col-md-7 order-md-1 text-md-left text-center\">\n<h2>Principales Caracter\u00edsticas<\/h2>\n<ul>\n<li>WDR &#8211; 120 dB &#8211; Amplio rango din\u00e1mico de la iluminaci\u00f3n<\/li>\n<li>2D-DNR, 3D-DNR &#8211; Reducci\u00f3n digital de ruido en la imagen<\/li>\n<li>EIS &#8211; Estabilizaci\u00f3n electr\u00f3nica de la imagen<\/li>\n<li>ROI &#8211; mejora de la calidad de las partes seleccionadas de la imagen<\/li>\n<li>F-DNR (Defog) &#8211; Reducci\u00f3n de ruido debido a las precipitaciones<\/li>\n<li>BLC\/HLC &#8211; compensaci\u00f3n de luz de fondo \/ luz alta<\/li>\n<li>Detecci\u00f3n de movimiento<\/li>\n<li>Zonas de privacidad &#8211; hasta 24<\/li>\n<li>ICR &#8211; Filtro mec\u00e1nico de infrarrojos<\/li>\n<li>Sharpness &#8211; Enfoque de los contornos de la imagen<\/li>\n<li>Filtrado de falsas alarmas basado en el reconocimiento de personas y veh\u00edculos (cruzamiento de la l\u00ednea, intrusi\u00f3n)<\/li>\n<li>SMD PLUS &#8211; b\u00fasqueda de un objeto clasificado como: persona, veh\u00edculo de motor, veh\u00edculo sin motor<\/li>\n<li>An\u00e1lisis IVS\u00a0:\u00a0cruzamiento de la l\u00ednea (cable trampa),\u00a0intrusi\u00f3n,\u00a0objeto abandonado\/falta de objeto,\u00a0detecci\u00f3n de rostros<\/li>\n<\/ul>\n<p>&nbsp;<\/p>\n<\/div>\n<\/div>\n<hr class=\"padding-bottom-2x\" \/>\n<div class=\"row align-items-center padding-bottom-2x\">\n<div class=\"col-md-5\"><img decoding=\"async\" class=\"d-block m-auto img-thumbnail\" src=\"https:\/\/tvc.mx\/media\/450323\/camara-ip-ptz-2-megapixeles-wizsense-starlight-smd-plus-SD49225XAN-HNR-S2-Dahua-especificaciones.png\" alt=\" \" \/><\/div>\n<div class=\"col-md-7 text-md-left text-center\">\n<h2>Especificaciones<\/h2>\n<ul>\n<li>1\/2.8\u00a0\u00bb STARVIS\u2122 CMOS<\/li>\n<li>2 megap\u00edxeles<\/li>\n<li>Lentes:4.8\u00a0&#8211; 120\u00a0mm<\/li>\n<li>\u00c1ngulo de visi\u00f3n:63\u00a0\u00b0 &#8211; 2.6\u00a0\u00b0<\/li>\n<li>Zoom \u00f3ptico: x25<\/li>\n<li>\u00a0Zoom digital: x16<\/li>\n<li>Rango del iluminador IR:100\u00a0m<\/li>\n<li>M\u00e9todo de compresi\u00f3n de im\u00e1genes:H.265+ \/\u00a0H.265\u00a0\/ H.264+ \/\u00a0H.264\u00a0\/\u00a0MJPEG<\/li>\n<li>Audio: Entrada para micr\u00f3fono externo, Salida de audio, Soporta audio bidireccional, Detecci\u00f3n de audio<\/li>\n<li>Ranura para tarjeta de memoria: Es compatible con tarjetas Micro SD hasta 512GB (posibilidad de grabaci\u00f3n local)<\/li>\n<li>Alimentaci\u00f3n: PoE (802.3at), 12\u00a0V\u00a0DC\u00a0\/ 3\u00a0A<\/li>\n<li>Carcasa: Aluminio + Pl\u00e1stico<\/li>\n<li>Grado de protecci\u00f3n:IP66<\/li>\n<\/ul>\n<\/div>\n<\/div>\n","protected":false},"excerpt":{"rendered":"<p>Informaci\u00f3n General La c\u00e1mara de red Dahua AI PTZ adopta algoritmos avanzados de aprendizaje profundo de CNN para admitir el reconocimiento facial con alta precisi\u00f3n. Esta c\u00e1mara posee un amplio rango de monitoreo y un algoritmo PFA que siempre puede presentar una imagen clara y&hellip;<\/p>\n","protected":false},"featured_media":2173,"comment_status":"open","ping_status":"closed","template":"","meta":{"om_disable_all_campaigns":false,"_monsterinsights_skip_tracking":false,"_monsterinsights_sitenote_active":false,"_monsterinsights_sitenote_note":"","_monsterinsights_sitenote_category":0},"product_brand":[],"product_cat":[118],"product_tag":[119,42,38,66,55],"class_list":{"0":"post-2174","1":"product","2":"type-product","3":"status-publish","4":"has-post-thumbnail","6":"product_cat-ptz-camaras-ip","7":"product_tag-camara-ptz","8":"product_tag-camaras","9":"product_tag-camaras-de-seguridad","10":"product_tag-dahua","11":"product_tag-ptz","13":"first","14":"instock","15":"sale","16":"taxable","17":"shipping-taxable","18":"purchasable","19":"product-type-simple"},"aioseo_notices":[],"_links":{"self":[{"href":"https:\/\/tecsecmty.com\/index.php\/wp-json\/wp\/v2\/product\/2174","targetHints":{"allow":["GET"]}}],"collection":[{"href":"https:\/\/tecsecmty.com\/index.php\/wp-json\/wp\/v2\/product"}],"about":[{"href":"https:\/\/tecsecmty.com\/index.php\/wp-json\/wp\/v2\/types\/product"}],"replies":[{"embeddable":true,"href":"https:\/\/tecsecmty.com\/index.php\/wp-json\/wp\/v2\/comments?post=2174"}],"version-history":[{"count":0,"href":"https:\/\/tecsecmty.com\/index.php\/wp-json\/wp\/v2\/product\/2174\/revisions"}],"wp:featuredmedia":[{"embeddable":true,"href":"https:\/\/tecsecmty.com\/index.php\/wp-json\/wp\/v2\/media\/2173"}],"wp:attachment":[{"href":"https:\/\/tecsecmty.com\/index.php\/wp-json\/wp\/v2\/media?parent=2174"}],"wp:term":[{"taxonomy":"product_brand","embeddable":true,"href":"https:\/\/tecsecmty.com\/index.php\/wp-json\/wp\/v2\/product_brand?post=2174"},{"taxonomy":"product_cat","embeddable":true,"href":"https:\/\/tecsecmty.com\/index.php\/wp-json\/wp\/v2\/product_cat?post=2174"},{"taxonomy":"product_tag","embeddable":true,"href":"https:\/\/tecsecmty.com\/index.php\/wp-json\/wp\/v2\/product_tag?post=2174"}],"curies":[{"name":"wp","href":"https:\/\/api.w.org\/{rel}","templated":true}]}}