{"id":2180,"date":"2023-02-22T18:31:50","date_gmt":"2023-02-23T00:31:50","guid":{"rendered":"https:\/\/tecsecmty.com\/index.php\/producto\/dahua-sd52c232xa-hnr-camara-ip-ptz-de-2-megapixeles-montaje-en-plafon-32x-zoom-optico-lente-de-4-9-mm-156-mm-wizsense-autotracking-starlight-smd-plus-wdr-real-ip67-ik10-poe-ranur\/"},"modified":"2023-03-22T23:23:08","modified_gmt":"2023-03-23T05:23:08","slug":"dahua-sd52c232xa-hnr-camara-ip-ptz-de-2-megapixeles-montaje-en-plafon-32x-zoom-optico-lente-de-4-9-mm-156-mm-wizsense-autotracking-starlight-smd-plus-wdr-real-ip67-ik10-poe-ranur","status":"publish","type":"product","link":"https:\/\/tecsecmty.com\/index.php\/producto\/dahua-sd52c232xa-hnr-camara-ip-ptz-de-2-megapixeles-montaje-en-plafon-32x-zoom-optico-lente-de-4-9-mm-156-mm-wizsense-autotracking-starlight-smd-plus-wdr-real-ip67-ik10-poe-ranur\/","title":{"rendered":"DAHUA SD52C232XA-HNR- C\u00e1mara IP PTZ de 2 Megapixeles\/ Montaje en Plafon\/ 32x zoom \u00f3ptico\/ Lente de 4.9 mm\u2013156 mm\/ WizSense\/ AutoTracking\/ Starlight \/ SMD Plus\/ WDR Real\/ IP67\/ IK10\/ Poe\/ Ranura para MicroSD\/"},"content":{"rendered":"<div class=\"row aling-items-center padding-bottom-2x\">\n<div class=\"col-lg-12\">\n<h5 class=\"card-title text-center\">Informaci\u00f3n General<\/h5>\n<p class=\"ql-align-justify\">Con un potente zoom \u00f3ptico y un rendimiento preciso de giro \/ inclinaci\u00f3n \/ zoom, esta c\u00e1mara proporciona una soluci\u00f3n todo en uno para capturar videovigilancia de larga distancia para aplicaciones al aire libre. Junto con la iluminaci\u00f3n infrarroja y la tecnolog\u00eda Starlight, la c\u00e1mara es la soluci\u00f3n perfecta para aplicaciones oscuras y con poca luz. La serie combina un filtro de corte IR mec\u00e1nico de d\u00eda \/ noche para la m\u00e1s alta calidad de imagen en condiciones de iluminaci\u00f3n variable durante el d\u00eda, y WDR real para aplicaciones con luz solar directa o deslumbramiento.<\/p>\n<p><img decoding=\"async\" class=\"overview-center-img-web\" src=\"https:\/\/tvc.mx\/media\/389807\/camara-ip-domo-ptz-de-2-megaspixeles-starlight-proteccion-perimetral-SD52C232XA-HNR-Dahua.png\" alt=\"\" \/><\/div>\n<\/div>\n<div class=\"row align-items-center padding-bottom-2x\">\n<div class=\"col-md-5 order-md-2\"><img decoding=\"async\" class=\"d-block m-auto img-thumbnail\" src=\"https:\/\/tvc.mx\/media\/389811\/proteccion-perimetral-dahua.png\" alt=\" \" \/><\/div>\n<div class=\"col-md-7 order-md-1 text-md-left text-center\">\n<h2>Protecci\u00f3n perimetral<\/h2>\n<p class=\"text-muted\">\n<p class=\"ql-align-justify\">Filtra autom\u00e1ticamente las falsas alarmas causadas por animales, susurros de hojas, luces brillantes, etc. Permite que el sistema act\u00fae como reconocimiento secundario de los objetivos para mejorar la precisi\u00f3n de la alarma.<\/p>\n<p>&nbsp;<\/p>\n<\/div>\n<\/div>\n<hr class=\"padding-bottom-2x\" \/>\n<div class=\"row align-items-center padding-bottom-2x\">\n<div class=\"col-md-5\"><img decoding=\"async\" class=\"d-block m-auto img-thumbnail\" src=\"https:\/\/tvc.mx\/media\/389815\/SMD-plus-Dahua.png\" alt=\" \" \/><\/div>\n<div class=\"col-md-7 text-md-left text-center\">\n<h2>SMD PLUS<\/h2>\n<p class=\"text-muted\">\n<p class=\"ql-align-justify\">SMD PLUS filtra la alarma de detecci\u00f3n de movimiento activada por un objetivo y reconoce a las personas y al veh\u00edculo de manera efectiva, enviando alarmas falsas.<\/p>\n<p>&nbsp;<\/p>\n<\/div>\n<\/div>\n<hr class=\"padding-bottom-2x\" \/>\n<div class=\"row align-items-center padding-bottom-2x\">\n<div class=\"col-md-5 order-md-2\"><img decoding=\"async\" class=\"d-block m-auto img-thumbnail\" src=\"https:\/\/tvc.mx\/media\/389819\/Auto-Traking-dahua.png\" alt=\" \" \/><\/div>\n<div class=\"col-md-7 order-md-1 text-md-left text-center\">\n<h2>Seguimiento autom\u00e1tico<\/h2>\n<p class=\"text-muted\">\n<p class=\"ql-align-justify\">Esta funci\u00f3n controla las acciones de giro \/ inclinaci\u00f3n \/ zoom de la c\u00e1mara para rastrear autom\u00e1ticamente un objeto en movimiento y mantenerlo en la escena. La acci\u00f3n de seguimiento se puede activar de forma manual o autom\u00e1tica mediante reglas definidas. Una vez que se activa una regla, la c\u00e1mara puede acercar y rastrear el objetivo definido autom\u00e1ticamente.<\/p>\n<p>&nbsp;<\/p>\n<\/div>\n<\/div>\n<hr class=\"padding-bottom-2x\" \/>\n<div class=\"row align-items-center padding-bottom-2x\">\n<div class=\"col-md-5\"><img decoding=\"async\" class=\"d-block m-auto img-thumbnail\" src=\"https:\/\/tvc.mx\/media\/389823\/camara-ip-domo-ptz-de-2-megaspixeles-starlight-proteccion-perimetral-SD52C232XA-HNR-Dahua-pp-caracteristicas.png\" alt=\" \" \/><\/div>\n<div class=\"col-md-7 text-md-left text-center\">\n<h2>Principales caracter\u00edsticas<\/h2>\n<p class=\"text-muted\">\n<ul>\n<li class=\"ql-align-justify\">CMOS STARVIS \u2122 de 1 \/ 2.8 \u00aby 2 megap\u00edxeles<\/li>\n<li class=\"ql-align-justify\">Potente zoom \u00f3ptico de 32x<\/li>\n<li class=\"ql-align-justify\">M\u00e1x. 50\/60 fps @ 1080P<\/li>\n<li class=\"ql-align-justify\">Tecnolog\u00eda Starlight<\/li>\n<li class=\"ql-align-justify\">Seguimiento autom\u00e1tico y protecci\u00f3n perimetral basados en aprendizaje profundo<\/li>\n<li class=\"ql-align-justify\">SMD PLUS<\/li>\n<li class=\"ql-align-justify\">PoE +<\/li>\n<li class=\"ql-align-justify\">Detecci\u00f3n de rostro<\/li>\n<li class=\"ql-align-justify\">IK10<\/li>\n<\/ul>\n<p>&nbsp;<\/p>\n<\/div>\n<\/div>\n<hr class=\"padding-bottom-2x\" \/>\n<div class=\"row align-items-center padding-bottom-2x\">\n<div class=\"col-md-5 order-md-2\"><img decoding=\"async\" class=\"d-block m-auto img-thumbnail\" src=\"https:\/\/tvc.mx\/media\/389827\/camara-ip-domo-ptz-de-2-megaspixeles-starlight-proteccion-perimetral-SD52C232XA-HNR-Dahua-especificaciones.png\" alt=\" \" \/><\/div>\n<div class=\"col-md-7 order-md-1 text-md-left text-center\">\n<h2>Especificaciones<\/h2>\n<p class=\"text-muted\">\n<ul>\n<li class=\"ql-align-justify\">CMOS STARVIS \u2122 de 1 \/ 2.8 \u00ab<\/li>\n<li class=\"ql-align-justify\">2 megap\u00edxeles<\/li>\n<li class=\"ql-align-justify\">Longitud focal 4.9 mm \u2013 156 mm<\/li>\n<li class=\"ql-align-justify\">Control de enfoque: Autom\u00e1tico \/ Semiautom\u00e1tico \/ Manual<\/li>\n<li class=\"ql-align-justify\">Distancia de enfoque cercana: 1 m \u2013 1,5 m<\/li>\n<li class=\"ql-align-justify\">Zoom \u00f3ptico 32x<\/li>\n<li class=\"ql-align-justify\">Zoom digital 16x<\/li>\n<li class=\"ql-align-justify\">Pan: 0 \u00b0 \u2013360 \u00b0 sin fin<\/li>\n<li class=\"ql-align-justify\">Inclinaci\u00f3n: 0 \u00b0 a + 90 \u00b0, giro autom\u00e1tico 180<\/li>\n<li class=\"ql-align-justify\">IVS Objeto abandonado \/ perdido<\/li>\n<li class=\"ql-align-justify\">Detecci\u00f3n de movimiento, manipulaci\u00f3n de video, cambio de escena, desconexi\u00f3n de red, conflicto de direcci\u00f3n IP, acceso ilegal y anomal\u00eda de almacenamiento.<\/li>\n<li class=\"ql-align-justify\">Tripwire e intrusi\u00f3n. Admite la activaci\u00f3n de alarmas por tipos de objetivos (humanos y veh\u00edculos). Admite el filtrado de falsas alarmas causadas por animales, susurros de hojas, luces brillantes, etc.<\/li>\n<li class=\"ql-align-justify\">Compresi\u00f3n H.265; H.264B; H.264M; H.264H; MJPEG (transmisi\u00f3n secundaria); H.265 +; H.264 +<\/li>\n<li class=\"ql-align-justify\">BLC\/ HLC<\/li>\n<li class=\"ql-align-justify\">WDR real 120dB<\/li>\n<li class=\"ql-align-justify\">Reducci\u00f3n de ruido 2D\/3D<\/li>\n<li class=\"ql-align-justify\">Almacenamiento: FTP; Tarjeta Micro SD (256G); NAS<\/li>\n<li class=\"ql-align-justify\">DC24V \/ 2.5A PoE + (802.3at)<\/li>\n<li class=\"ql-align-justify\">IK10<\/li>\n<\/ul>\n<\/div>\n<\/div>\n","protected":false},"excerpt":{"rendered":"<p>Informaci\u00f3n General Con un potente zoom \u00f3ptico y un rendimiento preciso de giro \/ inclinaci\u00f3n \/ zoom, esta c\u00e1mara proporciona una soluci\u00f3n todo en uno para capturar videovigilancia de larga distancia para aplicaciones al aire libre. Junto con la iluminaci\u00f3n infrarroja y la tecnolog\u00eda Starlight,&hellip;<\/p>\n","protected":false},"featured_media":2179,"comment_status":"open","ping_status":"closed","template":"","meta":{"om_disable_all_campaigns":false,"_monsterinsights_skip_tracking":false,"_monsterinsights_sitenote_active":false,"_monsterinsights_sitenote_note":"","_monsterinsights_sitenote_category":0},"product_brand":[],"product_cat":[118],"product_tag":[119,42,38,66,55],"class_list":{"0":"post-2180","1":"product","2":"type-product","3":"status-publish","4":"has-post-thumbnail","6":"product_cat-ptz-camaras-ip","7":"product_tag-camara-ptz","8":"product_tag-camaras","9":"product_tag-camaras-de-seguridad","10":"product_tag-dahua","11":"product_tag-ptz","13":"first","14":"instock","15":"sale","16":"taxable","17":"shipping-taxable","18":"purchasable","19":"product-type-simple"},"aioseo_notices":[],"_links":{"self":[{"href":"https:\/\/tecsecmty.com\/index.php\/wp-json\/wp\/v2\/product\/2180","targetHints":{"allow":["GET"]}}],"collection":[{"href":"https:\/\/tecsecmty.com\/index.php\/wp-json\/wp\/v2\/product"}],"about":[{"href":"https:\/\/tecsecmty.com\/index.php\/wp-json\/wp\/v2\/types\/product"}],"replies":[{"embeddable":true,"href":"https:\/\/tecsecmty.com\/index.php\/wp-json\/wp\/v2\/comments?post=2180"}],"version-history":[{"count":0,"href":"https:\/\/tecsecmty.com\/index.php\/wp-json\/wp\/v2\/product\/2180\/revisions"}],"wp:featuredmedia":[{"embeddable":true,"href":"https:\/\/tecsecmty.com\/index.php\/wp-json\/wp\/v2\/media\/2179"}],"wp:attachment":[{"href":"https:\/\/tecsecmty.com\/index.php\/wp-json\/wp\/v2\/media?parent=2180"}],"wp:term":[{"taxonomy":"product_brand","embeddable":true,"href":"https:\/\/tecsecmty.com\/index.php\/wp-json\/wp\/v2\/product_brand?post=2180"},{"taxonomy":"product_cat","embeddable":true,"href":"https:\/\/tecsecmty.com\/index.php\/wp-json\/wp\/v2\/product_cat?post=2180"},{"taxonomy":"product_tag","embeddable":true,"href":"https:\/\/tecsecmty.com\/index.php\/wp-json\/wp\/v2\/product_tag?post=2180"}],"curies":[{"name":"wp","href":"https:\/\/api.w.org\/{rel}","templated":true}]}}