{"id":2183,"date":"2023-02-22T18:31:52","date_gmt":"2023-02-23T00:31:52","guid":{"rendered":"https:\/\/tecsecmty.com\/index.php\/producto\/dahua-sd5a225gb-hnr-sl-camara-ip-ptz-de-2-megapixeles-anticorrosion-25x-de-zoom-optico-ir-de-150-mts-antivandalica-h-265-auto-tracking-poe-60-fps-funcion-anti-niebla-wdr-real-de-120-db\/"},"modified":"2023-03-22T23:23:08","modified_gmt":"2023-03-23T05:23:08","slug":"dahua-sd5a225gb-hnr-sl-camara-ip-ptz-de-2-megapixeles-anticorrosion-25x-de-zoom-optico-ir-de-150-mts-antivandalica-h-265-auto-tracking-poe-60-fps-funcion-anti-niebla-wdr-real-de-120-db","status":"publish","type":"product","link":"https:\/\/tecsecmty.com\/index.php\/producto\/dahua-sd5a225gb-hnr-sl-camara-ip-ptz-de-2-megapixeles-anticorrosion-25x-de-zoom-optico-ir-de-150-mts-antivandalica-h-265-auto-tracking-poe-60-fps-funcion-anti-niebla-wdr-real-de-120-db\/","title":{"rendered":"DAHUA SD5A225GB-HNR-SL &#8211; C\u00e1mara IP PTZ de 2 Megap\u00edxeles Anticorrosi\u00f3n\/ 25x de Zoom \u00d3ptico\/ IR de 150 Mts\/ Antivand\u00e1lica\/ H.265+\/ Auto Tracking\/ PoE+\/ 60 FPS\/ Funci\u00f3n anti-niebla \/ WDR Real de 120 dB\/ Detecci\u00f3n de Rostros\/ IP67\/"},"content":{"rendered":"<div class=\"row aling-items-center padding-bottom-2x\">\n<div class=\"col-lg-12\">\n<h5 class=\"card-title text-center\">Informaci\u00f3n general<\/h5>\n<p class=\"ql-align-justify\">Con un potente zoom \u00f3ptico y un rendimiento preciso de giro\/inclinaci\u00f3n\/zoom, esta c\u00e1mara ofrece una soluci\u00f3n todo en uno para capturar videovigilancia de larga distancia para aplicaciones al aire libre. Junto con la iluminaci\u00f3n infrarroja y la tecnolog\u00eda Starlight, la c\u00e1mara es la soluci\u00f3n perfecta para aplicaciones oscuras y con poca luz. La serie combina un filtro de corte IR mec\u00e1nico de d\u00eda\/noche para obtener la m\u00e1xima calidad de imagen en condiciones de iluminaci\u00f3n variables durante el d\u00eda.<\/p>\n<p><img decoding=\"async\" class=\"overview-center-img-web\" src=\"https:\/\/tvc.mx\/media\/606167\/SD5A225GB-HNR-SL--C%C3%A1mara-IP-PTZ-2-Megap%C3%ADxeles-Anticorrosi%C3%B3n-25x--Zoom-%C3%93ptico-R--150-Mts-Antivand%C3%A1lica-banner-principal.png\" alt=\"C\u00e1mara IP \" \/><\/div>\n<\/div>\n<div class=\"row align-items-center padding-bottom-2x\">\n<div class=\"col-md-5\"><img decoding=\"async\" class=\"d-block m-auto img-thumbnail\" src=\"https:\/\/tvc.mx\/media\/606171\/proteccion-perimetral-dahua.png\" alt=\" Protecci\u00f3n\" \/><\/div>\n<div class=\"col-md-7 text-md-left text-center\">\n<h2>Protecci\u00f3n Perimetral<\/h2>\n<p class=\"text-muted\">\n<p class=\"ql-align-justify\">Filtra autom\u00e1ticamente las falsas alarmas causadas por animales, hojas que se mueven, luces brillantes y m\u00e1s, y utiliza el reconocimiento secundario durante la detecci\u00f3n de objetivos para mejorar la precisi\u00f3n de la alarma.<\/p>\n<p>&nbsp;<\/p>\n<\/div>\n<\/div>\n<hr class=\"padding-bottom-2x\" \/>\n<div class=\"row align-items-center padding-bottom-2x\">\n<div class=\"col-md-5 order-md-2\"><img decoding=\"async\" class=\"d-block m-auto img-thumbnail\" src=\"https:\/\/tvc.mx\/media\/606179\/h.265plus-y-h.264plus-dahua.png\" alt=\" H.265 y H.264\" \/><\/div>\n<div class=\"col-md-7 order-md-1 text-md-left text-center\">\n<h2>H.265+ inteligente y H.264+ inteligente<\/h2>\n<p class=\"text-muted\">\n<p class=\"ql-align-justify\">Con un algoritmo avanzado de control de velocidad adaptable a la escena, la tecnolog\u00eda de codificaci\u00f3n inteligente de Dahua logra una mayor eficiencia de codificaci\u00f3n que H.265 y H.264, proporciona video de alta calidad y reduce el costo de almacenamiento y transmisi\u00f3n.<\/p>\n<p>&nbsp;<\/p>\n<\/div>\n<\/div>\n<hr class=\"padding-bottom-2x\" \/>\n<div class=\"row align-items-center padding-bottom-2x\">\n<div class=\"col-md-5\"><img decoding=\"async\" class=\"d-block m-auto img-thumbnail\" src=\"https:\/\/tvc.mx\/media\/606183\/reconocimiento-facial-dahua.png\" alt=\" Detecci\u00f3n \" \/><\/div>\n<div class=\"col-md-7 text-md-left text-center\">\n<h2>Detecci\u00f3n de rostro<\/h2>\n<p class=\"text-muted\">\n<p class=\"ql-align-justify\">Admite 6 atributos y 8 expresiones: g\u00e9nero, edad, anteojos, m\u00e1scara, barba y expresiones (ira, tristeza, disgusto, miedo, sorpresa, calma, felicidad y confusi\u00f3n). Tambi\u00e9n es compatible con la configuraci\u00f3n de recorte de cara: cara y foto de una pulgada. Tambi\u00e9n se presentan tres m\u00e9todos de instant\u00e1neas: instant\u00e1nea en tiempo real, instant\u00e1nea de prioridad y prioridad de calidad.<\/p>\n<p>&nbsp;<\/p>\n<\/div>\n<\/div>\n<hr class=\"padding-bottom-2x\" \/>\n<div class=\"row align-items-center padding-bottom-2x\">\n<div class=\"col-md-5\"><img decoding=\"async\" class=\"d-block m-auto img-thumbnail\" src=\"https:\/\/tvc.mx\/media\/606187\/SD5A225GB-HNR-SL--C%C3%A1mara-IP-PTZ-2-Megap%C3%ADxeles-Anticorrosi%C3%B3n-25x--Zoom-%C3%93ptico-R--150-Mts-Antivand%C3%A1lica-caracteristicas-principal.png\" alt=\" Caracteristicas\" \/><\/div>\n<div class=\"col-md-7 text-md-left text-center\">\n<h2>Caracter\u00edsticas Principales<\/h2>\n<p class=\"text-muted\">\n<ul>\n<li>\u00b7 CMOS STARVIS\u2122 de 1\/2,8&#8243; y 2 megap\u00edxeles.<\/li>\n<li>\u00b7 Potente zoom \u00f3ptico de 25x.<\/li>\n<li>\u00b7 M\u00e1x. 25\/ 30fps@2M.<\/li>\n<li>\u00b7 Distancia IR hasta 150 m.<\/li>\n<li>\u00b7 Seguimiento autom\u00e1tico 3.0.<\/li>\n<li>\u00b7 Detecci\u00f3n de rostro.<\/li>\n<li>\u00b7 SMD 4.0.<\/li>\n<li>\u00b7 Selecci\u00f3n r\u00e1pida.<\/li>\n<li>\u00b7 PoE+.<\/li>\n<li>\u00b7 IP67, IK10<\/li>\n<\/ul>\n<p>&nbsp;<\/p>\n<\/div>\n<\/div>\n<hr class=\"padding-bottom-2x\" \/>\n<div class=\"row align-items-center padding-bottom-2x\">\n<div class=\"col-md-5\"><img decoding=\"async\" class=\"d-block m-auto img-thumbnail\" src=\"https:\/\/tvc.mx\/media\/606195\/SD5A225GB-HNR-SL--C%C3%A1mara-IP-PTZ-2-Megap%C3%ADxeles-Anticorrosi%C3%B3n-25x--Zoom-%C3%93ptico-R--150-Mts-Antivand%C3%A1lica-especificaciones-tecnicas.png\" alt=\" dimensiones\" \/><\/div>\n<div class=\"col-md-7 text-md-left text-center\">\n<h2>Especificaciones T\u00e9cnicas<\/h2>\n<p class=\"text-muted\">\n<ul>\n<li>CMOS 1\/2,8&#8243;<\/li>\n<li>2 MP<\/li>\n<li>M\u00e1x. Resoluci\u00f3n\u00a01920 (H) \u00d7 1080 (V)<\/li>\n<li>ROM 4 GB<\/li>\n<li>RAM 1GB<\/li>\n<li>Velocidad de obturaci\u00f3n electr\u00f3nica 1\/1 s\u20131\/30 000 s<\/li>\n<li>Sistema de escaneo progresivo<\/li>\n<\/ul>\n<\/div>\n<\/div>\n","protected":false},"excerpt":{"rendered":"<p>Informaci\u00f3n general Con un potente zoom \u00f3ptico y un rendimiento preciso de giro\/inclinaci\u00f3n\/zoom, esta c\u00e1mara ofrece una soluci\u00f3n todo en uno para capturar videovigilancia de larga distancia para aplicaciones al aire libre. Junto con la iluminaci\u00f3n infrarroja y la tecnolog\u00eda Starlight, la c\u00e1mara es la&hellip;<\/p>\n","protected":false},"featured_media":2182,"comment_status":"open","ping_status":"closed","template":"","meta":{"om_disable_all_campaigns":false,"_monsterinsights_skip_tracking":false,"_monsterinsights_sitenote_active":false,"_monsterinsights_sitenote_note":"","_monsterinsights_sitenote_category":0},"product_brand":[],"product_cat":[118],"product_tag":[119,42,38,66,55],"class_list":{"0":"post-2183","1":"product","2":"type-product","3":"status-publish","4":"has-post-thumbnail","6":"product_cat-ptz-camaras-ip","7":"product_tag-camara-ptz","8":"product_tag-camaras","9":"product_tag-camaras-de-seguridad","10":"product_tag-dahua","11":"product_tag-ptz","13":"first","14":"instock","15":"sale","16":"taxable","17":"shipping-taxable","18":"purchasable","19":"product-type-simple"},"aioseo_notices":[],"_links":{"self":[{"href":"https:\/\/tecsecmty.com\/index.php\/wp-json\/wp\/v2\/product\/2183","targetHints":{"allow":["GET"]}}],"collection":[{"href":"https:\/\/tecsecmty.com\/index.php\/wp-json\/wp\/v2\/product"}],"about":[{"href":"https:\/\/tecsecmty.com\/index.php\/wp-json\/wp\/v2\/types\/product"}],"replies":[{"embeddable":true,"href":"https:\/\/tecsecmty.com\/index.php\/wp-json\/wp\/v2\/comments?post=2183"}],"version-history":[{"count":0,"href":"https:\/\/tecsecmty.com\/index.php\/wp-json\/wp\/v2\/product\/2183\/revisions"}],"wp:featuredmedia":[{"embeddable":true,"href":"https:\/\/tecsecmty.com\/index.php\/wp-json\/wp\/v2\/media\/2182"}],"wp:attachment":[{"href":"https:\/\/tecsecmty.com\/index.php\/wp-json\/wp\/v2\/media?parent=2183"}],"wp:term":[{"taxonomy":"product_brand","embeddable":true,"href":"https:\/\/tecsecmty.com\/index.php\/wp-json\/wp\/v2\/product_brand?post=2183"},{"taxonomy":"product_cat","embeddable":true,"href":"https:\/\/tecsecmty.com\/index.php\/wp-json\/wp\/v2\/product_cat?post=2183"},{"taxonomy":"product_tag","embeddable":true,"href":"https:\/\/tecsecmty.com\/index.php\/wp-json\/wp\/v2\/product_tag?post=2183"}],"curies":[{"name":"wp","href":"https:\/\/api.w.org\/{rel}","templated":true}]}}