{"id":2185,"date":"2023-02-22T18:31:55","date_gmt":"2023-02-23T00:31:55","guid":{"rendered":"https:\/\/tecsecmty.com\/index.php\/producto\/dahua-sd5a432xa-hnr-camara-ip-ptz-de-4-megapixeles-32x-de-zoom-wizsense-ir-de-150-mts-auto-tracking-proteccion-perimetral-smd-plus-deteccion-de-rostros-captura-de-humanos-y-vehiculos-wdr-rea\/"},"modified":"2023-03-22T23:23:08","modified_gmt":"2023-03-23T05:23:08","slug":"dahua-sd5a432xa-hnr-camara-ip-ptz-de-4-megapixeles-32x-de-zoom-wizsense-ir-de-150-mts-auto-tracking-proteccion-perimetral-smd-plus-deteccion-de-rostros-captura-de-humanos-y-vehiculos-wdr-rea","status":"publish","type":"product","link":"https:\/\/tecsecmty.com\/index.php\/producto\/dahua-sd5a432xa-hnr-camara-ip-ptz-de-4-megapixeles-32x-de-zoom-wizsense-ir-de-150-mts-auto-tracking-proteccion-perimetral-smd-plus-deteccion-de-rostros-captura-de-humanos-y-vehiculos-wdr-rea\/","title":{"rendered":"DAHUA SD5A432XA-HNR- C\u00e1mara IP PTZ de 4 Megapixeles\/ 32x de Zoom\/ WizSense\/ IR de 150 Mts\/ Auto Tracking\/ Protecci\u00f3n Perimetral\/ SMD Plus\/ Detecci\u00f3n de Rostros\/ Captura de Humanos y Veh\u00edculos\/ WDR Real\/ PoE+\/IP67\/ IK10\/ E&amp;S de Alarma y Audio\/"},"content":{"rendered":"<div class=\"row aling-items-center padding-bottom-2x\">\n<div class=\"col-lg-12\">\n<h5 class=\"card-title text-center\">Informaci\u00f3n General<\/h5>\n<p class=\"ql-align-justify\">La c\u00e1mara PTZ \u00a0<strong>SD5A432XA-HNR<\/strong>\u00a0pertenece a la Serie\u00a0<strong>WizMind<\/strong>, consta de una c\u00e1mara\u00a0PTZ\u00a0DE 4Mp, adopta algoritmos avanzados de aprendizaje profundo para admitir un seguimiento inteligente ( autotracking ),protecci\u00f3n perimetral,metadatos de video, y funciones de video inteligentes. Esta c\u00e1mara es la soluci\u00f3n perfecta para sistemas de vigilancia que requieren reconocimiento de personas o veh\u00edculos,se puede utilizar tanto en interiores como en exteriores, para ejecutar capacidades de reconocimiento avanzadas.<\/p>\n<p><img decoding=\"async\" class=\"overview-center-img-web\" src=\"https:\/\/tvc.mx\/media\/382191\/Dahua-SD5A432XA-HNR-C%C3%A1mara-IP-PTZ-4MP-WizSense-Zoom32x-AutoTracking-SMDPlus-FD-WDRReal-Alarmas-Audio-IMGPPAL.png\" alt=\"\" \/><\/div>\n<\/div>\n<div class=\"row align-items-center padding-bottom-2x\">\n<div class=\"col-md-5 order-md-2\"><img decoding=\"async\" class=\"d-block m-auto img-thumbnail\" src=\"https:\/\/tvc.mx\/media\/382195\/wizsense-dahua.png\" alt=\" \" \/><\/div>\n<div class=\"col-md-7 order-md-1 text-md-left text-center\">\n<h2>Tecnolog\u00eda WizSense<\/h2>\n<p class=\"text-muted\">\n<p>La c\u00e1mara\u00a0<strong>SD5A432XA-HNR<\/strong>\u00a0cuenta con la tecnolog\u00eda\u00a0<strong>WizSense<\/strong>\u00a0adopta un chip de inteligencia artificial independiente que trabaja junto a un algoritmo de aprendizaje profundo, ofrece un reconocimiento mejorado y preciso gracias a sus algoritmos inteligentes, proporcionando varias caracter\u00edsticas que realizan\u00a0<strong>alarmas precisas<\/strong>\u00a0para<strong>\u00a0personas<\/strong>\u00a0y\u00a0<strong>veh\u00edculos<\/strong>, as\u00ed como b\u00fasqueda r\u00e1pida de objetivos, maximizando los recursos para aumentar la eficiencia general, es ideal para la monitorizaci\u00f3n inteligente en grandes espacios exteriores, seguridad perimetral en fronteras, etc.<\/p>\n<p>&nbsp;<\/p>\n<\/div>\n<\/div>\n<hr class=\"padding-bottom-2x\" \/>\n<div class=\"row align-items-center padding-bottom-2x\">\n<div class=\"col-md-5\"><img decoding=\"async\" class=\"d-block m-auto img-thumbnail\" src=\"https:\/\/tvc.mx\/media\/382199\/proteccion-perimetral-dahua.png\" alt=\" \" \/><\/div>\n<div class=\"col-md-7 text-md-left text-center\">\n<h2>Protecci\u00f3n de Per\u00edmetro<\/h2>\n<p class=\"text-muted\">\n<p>Con el algoritmo de aprendizaje profundo, la tecnolog\u00eda de protecci\u00f3n perimetral de nuestra c\u00e1mara, permite reconocer humanos y veh\u00edculos con precisi\u00f3n. En \u00e1reas restringidas (como \u00e1rea peatonal y \u00e1rea del veh\u00edculo), las falsas alarmas de detecci\u00f3n inteligente basadas en el tipo de objetivo (como Tripwire, Intrusi\u00f3n, Movimiento R\u00e1pido, Detecci\u00f3n de estacionamiento, Detecci\u00f3n de merodeo y Detecci\u00f3n de merodeo) esto en gran medida reduce considerablemente las falsas alarmas.<\/p>\n<p>&nbsp;<\/p>\n<\/div>\n<\/div>\n<hr class=\"padding-bottom-2x\" \/>\n<div class=\"row align-items-center padding-bottom-2x\">\n<div class=\"col-md-5 order-md-2\"><img decoding=\"async\" class=\"d-block m-auto img-thumbnail\" src=\"https:\/\/tvc.mx\/media\/382203\/Auto-Traking-dahua.png\" alt=\" \" \/><\/div>\n<div class=\"col-md-7 order-md-1 text-md-left text-center\">\n<h2>AutoTracking<\/h2>\n<p class=\"text-muted\">\n<p>Con esta funci\u00f3n la c\u00e1mara es capaz de rastrear objetos en zonas predefinidas anteriormente en su configuraci\u00f3n, cuando esta zona se irrumpe la c\u00e1mara realiza un movimiento predefinido ya sea preset o un acercamiento, despu\u00e9s de que ese objeto deja de moverse durante un periodo determinado la c\u00e1mara vuelve al punto original. Hace uso de la m\u00e1s innovadora tecnolog\u00eda para ofrecer una soluci\u00f3n integral de monitoreo para satisfacer sus necesidades espec\u00edficas.<\/p>\n<p>&nbsp;<\/p>\n<\/div>\n<\/div>\n<hr class=\"padding-bottom-2x\" \/>\n<div class=\"row align-items-center padding-bottom-2x\">\n<div class=\"col-md-5\"><img decoding=\"async\" class=\"d-block m-auto img-thumbnail\" src=\"https:\/\/tvc.mx\/media\/382207\/PFA-Dahua.png\" alt=\" \" \/><\/div>\n<div class=\"col-md-7 text-md-left text-center\">\n<h2>Algoritmo de enfoque predictivo &#8211; PFA<\/h2>\n<p class=\"text-muted\">\n<p>La c\u00e1mara integra la funci\u00f3n\u00a0<strong>PFA<\/strong>, esta es la abreviatura de\u00a0<strong>algoritmo de enfoque predictivo<\/strong>, proporciona un m\u00e9todo para lograr un enfoque continuo y de alta precisi\u00f3n durante todo el proceso de zoom. Cuando la c\u00e1mara est\u00e1 haciendo zoom, la tecnolog\u00eda analiza la curva de distancia del objeto y ajusta diferentes distancias del mismo dentro de la profundidad del enfoque, unificando las estad\u00edsticas para realizar un ajuste preciso de la distancia, logrando as\u00ed claridad en todo el proceso de zoom.<\/p>\n<p>La tecnolog\u00eda PFA ha introducido de forma innovadora nuevos m\u00e9todos de juicio para garantizar la precisi\u00f3n y la previsibilidad de la direcci\u00f3n del ajuste de la distancia del objeto.<\/p>\n<p>&nbsp;<\/p>\n<\/div>\n<\/div>\n<hr class=\"padding-bottom-2x\" \/>\n<div class=\"row align-items-center padding-bottom-2x\">\n<div class=\"col-md-5 order-md-2\"><img decoding=\"async\" class=\"d-block m-auto img-thumbnail\" src=\"https:\/\/tvc.mx\/media\/382211\/Starlight-Dahua.png\" alt=\" \" \/><\/div>\n<div class=\"col-md-7 order-md-1 text-md-left text-center\">\n<h2>Tecnolog\u00eda Starlight<\/h2>\n<p class=\"text-muted\">\n<p>La tecnolog\u00eda<strong>\u00a0Starlight\u00a0<\/strong>ofrece la mejor sensibilidad a la luz de su clase, capturando detalles de color con poca luz hasta\u00a0<strong>0,005 lux<\/strong>. La c\u00e1mara utiliza un conjunto de funciones \u00f3pticas para equilibrar la luz en toda la escena, lo que da como resultado im\u00e1genes claras en entornos oscuros ya que incorpora un<strong>\u00a0sensor<\/strong>\u00a01\/2.8&#8243;\u00a0<strong>STARVIS CMOS<\/strong>\u00a0de alto rendimiento el cual captura las im\u00e1genes a todo color y obtiene un balance entre las zonas m\u00e1s iluminadas y menos iluminadas.<\/p>\n<p>&nbsp;<\/p>\n<\/div>\n<\/div>\n<hr class=\"padding-bottom-2x\" \/>\n<div class=\"row align-items-center padding-bottom-2x\">\n<div class=\"col-md-5\"><img decoding=\"async\" class=\"d-block m-auto img-thumbnail\" src=\"https:\/\/tvc.mx\/media\/382215\/codificacion-h.265-dahua.png\" alt=\" \" \/><\/div>\n<div class=\"col-md-7 text-md-left text-center\">\n<h2>Compresi\u00f3n H.265+<\/h2>\n<p class=\"text-muted\">\n<p><strong>Smart H.265 +<\/strong>\u00a0es la implementaci\u00f3n optimizada del c\u00f3dec H.265 que utiliza una estrategia de codificaci\u00f3n adaptada a la escena, GOP din\u00e1mico, ROI din\u00e1mico,Flexible estructura de referencia multi-trama y reducci\u00f3n inteligente de ruido para ofrecer video de alta calidad sin forzar la red. La tecnolog\u00eda Smart H.265 + reduce la velocidad de bits y los requisitos de almacenamiento hasta en un 70% en comparaci\u00f3n con la compresi\u00f3n est\u00e1ndar de video H.265.<\/p>\n<p>&nbsp;<\/p>\n<\/div>\n<\/div>\n<hr class=\"padding-bottom-2x\" \/>\n<div class=\"row align-items-center padding-bottom-2x\">\n<div class=\"col-md-5 order-md-2\"><img decoding=\"async\" class=\"d-block m-auto img-thumbnail\" src=\"https:\/\/tvc.mx\/media\/382219\/almacenamiento-microSD-Dahua.png\" alt=\" \" \/><\/div>\n<div class=\"col-md-7 order-md-1 text-md-left text-center\">\n<h2>Almacenamiento en Micro SD<\/h2>\n<p class=\"text-muted\">\n<p>Nuestra c\u00e1mara\u00a0<strong>SD5A432XA-HNR<\/strong>\u00a0cuenta con ranura\u00a0<strong>micro SD<\/strong>\u00a0en la cual se puede insertar una tarjeta de memoria de hasta<strong>\u00a0256Gb.<\/strong><\/p>\n<p>&nbsp;<\/p>\n<\/div>\n<\/div>\n<hr class=\"padding-bottom-2x\" \/>\n<div class=\"row align-items-center padding-bottom-2x\">\n<div class=\"col-md-5\"><img decoding=\"async\" class=\"d-block m-auto img-thumbnail\" src=\"https:\/\/tvc.mx\/media\/382227\/principales-caracteristicas-camara-ip-ptz-SD5A432XA-HNR-dahua.png\" alt=\" \" \/><\/div>\n<div class=\"col-md-7 text-md-left text-center\">\n<h2>Principales Caracter\u00edsticas<\/h2>\n<p class=\"text-muted\">\n<ul>\n<li>Seguimiento inteligente de objetos<\/li>\n<li>WDR &#8211; 120 dB<\/li>\n<li>Reducci\u00f3n digital de ruido en la imagen 2D-DNR, 3D-DNR<\/li>\n<li>ROI &#8211; mejora de la calidad de las partes seleccionadas de la imagen<\/li>\n<li>F-DNR (Defog) &#8211; Reducci\u00f3n de ruido debido a las precipitaciones<\/li>\n<li>BLC\/HLC &#8211; compensaci\u00f3n de luz de fondo \/ luz alta<\/li>\n<li>Detecci\u00f3n de movimiento<\/li>\n<li>SMD PLUS &#8211; b\u00fasqueda de un objeto clasificado como: persona, veh\u00edculo de motor, veh\u00edculo sin motor<\/li>\n<li>An\u00e1lisis IVS\u00a0:\u00a0cruzamiento de la l\u00ednea (cable trampa),\u00a0intrusi\u00f3n,\u00a0objeto abandonado\/falta de objeto,\u00a0detecci\u00f3n de rostros<\/li>\n<li>Filtrado de falsas alarmas basado en el reconocimiento de personas y veh\u00edculos (cruzamiento de la l\u00ednea, intrusi\u00f3n)<\/li>\n<\/ul>\n<p>&nbsp;<\/p>\n<\/div>\n<\/div>\n<hr class=\"padding-bottom-2x\" \/>\n<div class=\"row align-items-center padding-bottom-2x\">\n<div class=\"col-md-5 order-md-2\"><img decoding=\"async\" class=\"d-block m-auto img-thumbnail\" src=\"https:\/\/tvc.mx\/media\/382239\/especificaciones-camara-ip-ptz-SD5A432XA-HNR-dahua.png\" alt=\" \" \/><\/div>\n<div class=\"col-md-7 order-md-1 text-md-left text-center\">\n<h2>Especificaciones<\/h2>\n<p class=\"text-muted\">\n<ul>\n<li>1\/2.8\u00a0\u00bb STARVIS\u2122 CMOS<\/li>\n<li>Resoluci\u00f3n:4\u00a0Mpx<\/li>\n<li>Zoom \u00f3ptico:x 32<\/li>\n<li>Zoom digital:x 16<\/li>\n<li>Rango del iluminador IR:150\u00a0m<\/li>\n<li>Rango de rotaci\u00f3n horizontal:360\u00a0\u00b0<\/li>\n<li>Rango de rotaci\u00f3n vertical: 90\u00a0\u00b0<\/li>\n<li>M\u00e9todo de compresi\u00f3n de im\u00e1genes: H.265+ \/\u00a0H.265\u00a0\/ H.264+ \/\u00a0H.264\u00a0\/\u00a0MJPEG<\/li>\n<li>Entrada para micr\u00f3fono externo<\/li>\n<li>Salida de audio<\/li>\n<li>Soporta audio bidireccional<\/li>\n<li>Detecci\u00f3n de audio<\/li>\n<li>PoE (802.3at),<\/li>\n<li>24\u00a0V\u00a0AC\u00a0\/ 3\u00a0A (fuente de alimentaci\u00f3n incluida)<\/li>\n<li>Carcasa: Metal<\/li>\n<li>Grado de protecci\u00f3n:IP67<\/li>\n<li>A prueba de vandalismo:IK10<\/li>\n<\/ul>\n<\/div>\n<\/div>\n","protected":false},"excerpt":{"rendered":"<p>Informaci\u00f3n General La c\u00e1mara PTZ \u00a0SD5A432XA-HNR\u00a0pertenece a la Serie\u00a0WizMind, consta de una c\u00e1mara\u00a0PTZ\u00a0DE 4Mp, adopta algoritmos avanzados de aprendizaje profundo para admitir un seguimiento inteligente ( autotracking ),protecci\u00f3n perimetral,metadatos de video, y funciones de video inteligentes. Esta c\u00e1mara es la soluci\u00f3n perfecta para sistemas de&hellip;<\/p>\n","protected":false},"featured_media":2184,"comment_status":"open","ping_status":"closed","template":"","meta":{"om_disable_all_campaigns":false,"_monsterinsights_skip_tracking":false,"_monsterinsights_sitenote_active":false,"_monsterinsights_sitenote_note":"","_monsterinsights_sitenote_category":0},"product_brand":[],"product_cat":[118],"product_tag":[119,42,38,66,55],"class_list":{"0":"post-2185","1":"product","2":"type-product","3":"status-publish","4":"has-post-thumbnail","6":"product_cat-ptz-camaras-ip","7":"product_tag-camara-ptz","8":"product_tag-camaras","9":"product_tag-camaras-de-seguridad","10":"product_tag-dahua","11":"product_tag-ptz","13":"first","14":"instock","15":"sale","16":"taxable","17":"shipping-taxable","18":"purchasable","19":"product-type-simple"},"aioseo_notices":[],"_links":{"self":[{"href":"https:\/\/tecsecmty.com\/index.php\/wp-json\/wp\/v2\/product\/2185","targetHints":{"allow":["GET"]}}],"collection":[{"href":"https:\/\/tecsecmty.com\/index.php\/wp-json\/wp\/v2\/product"}],"about":[{"href":"https:\/\/tecsecmty.com\/index.php\/wp-json\/wp\/v2\/types\/product"}],"replies":[{"embeddable":true,"href":"https:\/\/tecsecmty.com\/index.php\/wp-json\/wp\/v2\/comments?post=2185"}],"version-history":[{"count":0,"href":"https:\/\/tecsecmty.com\/index.php\/wp-json\/wp\/v2\/product\/2185\/revisions"}],"wp:featuredmedia":[{"embeddable":true,"href":"https:\/\/tecsecmty.com\/index.php\/wp-json\/wp\/v2\/media\/2184"}],"wp:attachment":[{"href":"https:\/\/tecsecmty.com\/index.php\/wp-json\/wp\/v2\/media?parent=2185"}],"wp:term":[{"taxonomy":"product_brand","embeddable":true,"href":"https:\/\/tecsecmty.com\/index.php\/wp-json\/wp\/v2\/product_brand?post=2185"},{"taxonomy":"product_cat","embeddable":true,"href":"https:\/\/tecsecmty.com\/index.php\/wp-json\/wp\/v2\/product_cat?post=2185"},{"taxonomy":"product_tag","embeddable":true,"href":"https:\/\/tecsecmty.com\/index.php\/wp-json\/wp\/v2\/product_tag?post=2185"}],"curies":[{"name":"wp","href":"https:\/\/api.w.org\/{rel}","templated":true}]}}