{"id":2190,"date":"2023-02-22T18:32:01","date_gmt":"2023-02-23T00:32:01","guid":{"rendered":"https:\/\/tecsecmty.com\/index.php\/producto\/dahua-sd6ce445xa-hnr-camara-ptz-ip-de-45x-de-zoom-4-megapixeles-con-inteligencia-artificial-proteccion-perimetral-con-deteccion-de-humanos-y-vehiculos-poe-ip67-ik10-autotracking-proyectos\/"},"modified":"2023-03-22T23:23:09","modified_gmt":"2023-03-23T05:23:09","slug":"dahua-sd6ce445xa-hnr-camara-ptz-ip-de-45x-de-zoom-4-megapixeles-con-inteligencia-artificial-proteccion-perimetral-con-deteccion-de-humanos-y-vehiculos-poe-ip67-ik10-autotracking-proyectos","status":"publish","type":"product","link":"https:\/\/tecsecmty.com\/index.php\/producto\/dahua-sd6ce445xa-hnr-camara-ptz-ip-de-45x-de-zoom-4-megapixeles-con-inteligencia-artificial-proteccion-perimetral-con-deteccion-de-humanos-y-vehiculos-poe-ip67-ik10-autotracking-proyectos\/","title":{"rendered":"DAHUA SD6CE445XA-HNR &#8211; Camara PTZ IP de 45x de Zoom\/ 4 Megapixeles\/ Con Inteligencia Artificial\/ Protecci\u00f3n Perimetral con Detecci\u00f3n de Humanos y Vehiculos\/ PoE+\/ IP67\/ IK10\/ Autotracking\/ #Proyectos #relampago"},"content":{"rendered":"<div class=\"row aling-items-center padding-bottom-2x\">\n<div class=\"col-lg-12\">\n<h5 class=\"card-title text-center\">Informaci\u00f3n General<\/h5>\n<p class=\"ql-align-justify\">La c\u00e1mara modelo<strong>\u00a0SD6CE445XA-HNR\u00a0<\/strong>pertenece a la familia\u00a0Starlight\u00a0de Dahua, cuenta con una resoluci\u00f3n de\u00a0<strong>4MP,\u00a0\u00a0<\/strong>soporta\u00a0360\u00b0\u00a0continuos de paneo, zoom \u00f3ptico\u00a0<strong>45x<\/strong>\u00a0y\u00a0<strong>16x<\/strong>\u00a0de zoom digital. Se pueden almacenar hasta 300 preset, adem\u00e1s de obtener una distancia de hasta 250 mts de distancia de visualizaci\u00f3n con su potente IR.<\/p>\n<p><img decoding=\"async\" class=\"overview-center-img-web\" src=\"https:\/\/tvc.mx\/media\/382027\/camara-ptz-ip-45x-de-zoom-SD6CE445XA-HNR-dahua.png\" alt=\"\" \/><\/div>\n<\/div>\n<div class=\"row align-items-center padding-bottom-2x\">\n<div class=\"col-md-5 order-md-2\"><img decoding=\"async\" class=\"d-block m-auto img-thumbnail\" src=\"https:\/\/tvc.mx\/media\/382147\/Auto-Traking-dahua.png\" alt=\" \" \/><\/div>\n<div class=\"col-md-7 order-md-1 text-md-left text-center\">\n<h2>Auto Tracking<\/h2>\n<p class=\"text-muted\">\n<p>El seguimiento PTZ es una caracter\u00edstica innovadora que transforma las c\u00e1maras PTZ controladas manualmente en sistemas de seguimiento automatizados que mantienen un objeto en movimiento enfocado y centrado en el marco. Sigue al objeto donde las c\u00e1maras estacionarias perder\u00edan el objeto una vez fuera del campo de visi\u00f3n de las c\u00e1maras fijas.<\/p>\n<p>&nbsp;<\/p>\n<\/div>\n<\/div>\n<hr class=\"padding-bottom-2x\" \/>\n<div class=\"row align-items-center padding-bottom-2x\">\n<div class=\"col-md-5\"><img decoding=\"async\" class=\"d-block m-auto img-thumbnail\" src=\"https:\/\/tvc.mx\/media\/382151\/Zoom-optico-dahua.png\" alt=\" \" \/><\/div>\n<div class=\"col-md-7 text-md-left text-center\">\n<h2>Zoom \u00d3ptico<\/h2>\n<p class=\"text-muted\">\n<p>No todas las c\u00e1maras proveen el detalle deseado, especialmente si los objetos est\u00e1n a largas distancias.<\/p>\n<p>El Zoom \u00f3ptico funciona haciendo uso de las partes m\u00f3viles del lente de la c\u00e1mara permiti\u00e9ndonos ver detalles esto significa que podemos realizar zoom de la imagen sin perder calidad de la misma. gracias a los 45x podemos ver objetos muy lejanos con gran claridad.<\/p>\n<p>&nbsp;<\/p>\n<\/div>\n<\/div>\n<hr class=\"padding-bottom-2x\" \/>\n<div class=\"row align-items-center padding-bottom-2x\">\n<div class=\"col-md-5 order-md-2\"><img decoding=\"async\" class=\"d-block m-auto img-thumbnail\" src=\"https:\/\/tvc.mx\/media\/382155\/Starlight-Dahua.png\" alt=\" \" \/><\/div>\n<div class=\"col-md-7 order-md-1 text-md-left text-center\">\n<h2>Starlight<\/h2>\n<p class=\"text-muted\">\n<p>Esta tecnolog\u00eda nos permite obtener un\u00a0rendimiento excepcional ideal para la visualizaci\u00f3n y reproducci\u00f3n\u00a0de im\u00e1genes bajo condiciones de poca iluminaci\u00f3n, tanto en condiciones de contraluz extremo como en la obscuridad. Incorpora un sensor 1\/2.8&#8243; STARVIS CMOS de alto rendimiento el cual captura las im\u00e1genes a todo color y\u00a0obtiene un balance entre las zonas m\u00e1s iluminadas y menos iluminadas.<\/p>\n<p>&nbsp;<\/p>\n<\/div>\n<\/div>\n<hr class=\"padding-bottom-2x\" \/>\n<div class=\"row align-items-center padding-bottom-2x\">\n<div class=\"col-md-5\"><img decoding=\"async\" class=\"d-block m-auto img-thumbnail\" src=\"https:\/\/tvc.mx\/media\/382159\/WDR-Dahua.png\" alt=\" \" \/><\/div>\n<div class=\"col-md-7 text-md-left text-center\">\n<h2>WDR Real<\/h2>\n<p class=\"text-muted\">\n<p>La c\u00e1mara\u00a0logra obtener im\u00e1genes n\u00edtdas en escenarios donde hay variaci\u00f3n\u00a0en las condiciones de iluminaci\u00f3n ya sea\u00a0baja y\/o brillante,la funci\u00f3n\u00a0<strong>WDR real120dB<\/strong>\u00a0se encarga de medir, compensar y ajustar la luz en la imagen\u00a0captada para despues combinar los espacios de luces brillantes con los espacios de sombras,creando\u00a0un equilibrio en la imagen final.<\/p>\n<p>&nbsp;<\/p>\n<\/div>\n<\/div>\n<hr class=\"padding-bottom-2x\" \/>\n<div class=\"row align-items-center padding-bottom-2x\">\n<div class=\"col-md-5 order-md-2\"><img decoding=\"async\" class=\"d-block m-auto img-thumbnail\" src=\"https:\/\/tvc.mx\/media\/382163\/IVS-Dahua.png\" alt=\" \" \/><\/div>\n<div class=\"col-md-7 order-md-1 text-md-left text-center\">\n<h2>Video Inteligente (IVS)<\/h2>\n<p class=\"text-muted\">\n<p class=\"ql-align-justify\">Cuenta con\u00a0funciones\u00a0IVS por lo que tiene la capacidad de detectar y\u00a0analizar objetos en movimiento para mejorar la vigilancia por video.<\/p>\n<ul>\n<li>Tripwire.<\/li>\n<li>Intrusi\u00f3n.<\/li>\n<\/ul>\n<p>Admite la activaci\u00f3n de alarmas por tipo de objetivo (humano y veh\u00edculo)<\/p>\n<p>Filtrando falsas alarmas causadas por animales, susurro de hojas, luces brillantes, etc.<\/p>\n<p>&nbsp;<\/p>\n<\/div>\n<\/div>\n<hr class=\"padding-bottom-2x\" \/>\n<div class=\"row align-items-center padding-bottom-2x\">\n<div class=\"col-md-5\"><img decoding=\"async\" class=\"d-block m-auto img-thumbnail\" src=\"https:\/\/tvc.mx\/media\/382167\/prncipales-caracteristicas-de-camara-SD6CE445XA-HNR-dahua.png\" alt=\" \" \/><\/div>\n<div class=\"col-md-7 text-md-left text-center\">\n<h2>Principales Caracterisitcas<\/h2>\n<p class=\"text-muted\">\n<ul>\n<li>Seguimiento inteligente de objetos<\/li>\n<li>Auto Flip &#8211; gira autom\u00e1ticamente la c\u00e1mara en una rotaci\u00f3n en plano vertical<\/li>\n<li>WDR real 120 dB<\/li>\n<li>2D-DNR, 3D-DNR &#8211; Reducci\u00f3n digital de ruido en la imagen<\/li>\n<li>F-DNR (Defog) &#8211; Reducci\u00f3n de ruido debido a las precipitaciones<\/li>\n<li>ROI &#8211; mejora de la calidad de las partes seleccionadas de la imagen<\/li>\n<li>BLC\/HLC &#8211; compensaci\u00f3n de luz de fondo \/ luz alta<\/li>\n<li>Modo d\u00eda\/noche<\/li>\n<li>ICR &#8211; Filtro mec\u00e1nico de infrarrojos<\/li>\n<li>WB &#8211; Balance de blancos<\/li>\n<li>Detecci\u00f3n de movimiento<\/li>\n<li>SMD PLUS<\/li>\n<li>Filtrado de falsas alarmas basado en el reconocimiento de personas y veh\u00edculos<\/li>\n<li class=\"ql-align-justify\">An\u00e1lisis IVS,\u00a0cruzamiento de la l\u00ednea (cable trampa),\u00a0intrusi\u00f3n,\u00a0objeto abandonado\/falta de objeto,\u00a0detecci\u00f3n de rostros<\/li>\n<\/ul>\n<p>&nbsp;<\/p>\n<\/div>\n<\/div>\n<hr class=\"padding-bottom-2x\" \/>\n<div class=\"row align-items-center padding-bottom-2x\">\n<div class=\"col-md-5 order-md-2\"><img decoding=\"async\" class=\"d-block m-auto img-thumbnail\" src=\"https:\/\/tvc.mx\/media\/382179\/especificaciones-de-camara-SD6CE445XA-HNR-dahua.png\" alt=\" \" \/><\/div>\n<div class=\"col-md-7 order-md-1 text-md-left text-center\">\n<h2>Especificaciones<\/h2>\n<p class=\"text-muted\">\n<ul>\n<li>1\/2.8\u00a0\u00bb STARVIS\u2122 CMOS<\/li>\n<li>Resoluci\u00f3n: 4\u00a0Mpx<\/li>\n<li>Zoom \u00f3ptico:x 45<\/li>\n<li>Zoom digital:x 16<\/li>\n<li>Rango del iluminador IR:250\u00a0m<\/li>\n<li>Rango de rotaci\u00f3n horizontal: 360\u00a0\u00b0 continuo<\/li>\n<li>Rango de rotaci\u00f3n vertical: 90\u00a0\u00b0<\/li>\n<li>M\u00e9todo de compresi\u00f3n de im\u00e1genes:H.265+ \/\u00a0H.265\u00a0\/ H.264+ \/\u00a0H.264\u00a0\/\u00a0MJPEG<\/li>\n<li>Alimentaci\u00f3n:\u00a0PoE+ (802.3at), 24\u00a0V\u00a0DC\u00a0\/ 1.1\u00a0A<\/li>\n<li>Carcasa: Metal<\/li>\n<li>Color: Blanco<\/li>\n<li>A prueba de vandalismo:IK10<\/li>\n<li>Grado de protecci\u00f3n:IP67<\/li>\n<\/ul>\n<\/div>\n<\/div>\n","protected":false},"excerpt":{"rendered":"<p>Informaci\u00f3n General La c\u00e1mara modelo\u00a0SD6CE445XA-HNR\u00a0pertenece a la familia\u00a0Starlight\u00a0de Dahua, cuenta con una resoluci\u00f3n de\u00a04MP,\u00a0\u00a0soporta\u00a0360\u00b0\u00a0continuos de paneo, zoom \u00f3ptico\u00a045x\u00a0y\u00a016x\u00a0de zoom digital. Se pueden almacenar hasta 300 preset, adem\u00e1s de obtener una distancia de hasta 250 mts de distancia de visualizaci\u00f3n con su potente IR. Auto Tracking&hellip;<\/p>\n","protected":false},"featured_media":2189,"comment_status":"open","ping_status":"closed","template":"","meta":{"om_disable_all_campaigns":false,"_monsterinsights_skip_tracking":false,"_monsterinsights_sitenote_active":false,"_monsterinsights_sitenote_note":"","_monsterinsights_sitenote_category":0},"product_brand":[],"product_cat":[118],"product_tag":[119,42,38,66,55],"class_list":{"0":"post-2190","1":"product","2":"type-product","3":"status-publish","4":"has-post-thumbnail","6":"product_cat-ptz-camaras-ip","7":"product_tag-camara-ptz","8":"product_tag-camaras","9":"product_tag-camaras-de-seguridad","10":"product_tag-dahua","11":"product_tag-ptz","13":"first","14":"instock","15":"sale","16":"taxable","17":"shipping-taxable","18":"purchasable","19":"product-type-simple"},"aioseo_notices":[],"_links":{"self":[{"href":"https:\/\/tecsecmty.com\/index.php\/wp-json\/wp\/v2\/product\/2190","targetHints":{"allow":["GET"]}}],"collection":[{"href":"https:\/\/tecsecmty.com\/index.php\/wp-json\/wp\/v2\/product"}],"about":[{"href":"https:\/\/tecsecmty.com\/index.php\/wp-json\/wp\/v2\/types\/product"}],"replies":[{"embeddable":true,"href":"https:\/\/tecsecmty.com\/index.php\/wp-json\/wp\/v2\/comments?post=2190"}],"version-history":[{"count":0,"href":"https:\/\/tecsecmty.com\/index.php\/wp-json\/wp\/v2\/product\/2190\/revisions"}],"wp:featuredmedia":[{"embeddable":true,"href":"https:\/\/tecsecmty.com\/index.php\/wp-json\/wp\/v2\/media\/2189"}],"wp:attachment":[{"href":"https:\/\/tecsecmty.com\/index.php\/wp-json\/wp\/v2\/media?parent=2190"}],"wp:term":[{"taxonomy":"product_brand","embeddable":true,"href":"https:\/\/tecsecmty.com\/index.php\/wp-json\/wp\/v2\/product_brand?post=2190"},{"taxonomy":"product_cat","embeddable":true,"href":"https:\/\/tecsecmty.com\/index.php\/wp-json\/wp\/v2\/product_cat?post=2190"},{"taxonomy":"product_tag","embeddable":true,"href":"https:\/\/tecsecmty.com\/index.php\/wp-json\/wp\/v2\/product_tag?post=2190"}],"curies":[{"name":"wp","href":"https:\/\/api.w.org\/{rel}","templated":true}]}}