{"id":2194,"date":"2023-02-22T18:32:06","date_gmt":"2023-02-23T00:32:06","guid":{"rendered":"https:\/\/tecsecmty.com\/index.php\/producto\/dahua-tpc-sd2241-t-camara-domo-termica-4-megapixeles-inteligencia-artificial-luz-blanca-altavoz-led-ir-de-35m-amplio-rango-de-monitoreo-ip66\/"},"modified":"2023-03-22T23:23:10","modified_gmt":"2023-03-23T05:23:10","slug":"dahua-tpc-sd2241-t-camara-domo-termica-4-megapixeles-inteligencia-artificial-luz-blanca-altavoz-led-ir-de-35m-amplio-rango-de-monitoreo-ip66","status":"publish","type":"product","link":"https:\/\/tecsecmty.com\/index.php\/producto\/dahua-tpc-sd2241-t-camara-domo-termica-4-megapixeles-inteligencia-artificial-luz-blanca-altavoz-led-ir-de-35m-amplio-rango-de-monitoreo-ip66\/","title":{"rendered":"Dahua TPC-SD2241-T &#8211; C\u00e1mara domo T\u00e9rmica\/ 4 megapixeles\/ Inteligencia Artificial\/ Luz blanca\/ Altavoz\/ Led IR de 35m\/ Amplio rango de monitoreo\/ IP66"},"content":{"rendered":"<div class=\"row aling-items-center padding-bottom-2x\">\n<div class=\"col-lg-12\">\n<h5 class=\"card-title text-center\">Informaci\u00f3n General<\/h5>\n<p>La c\u00e1mara PTZ cuenta con un detector de plano focal no refrigerado de \u00f3xido de vanadio. CMOS de barrido progresivo de 4 megap\u00edxeles, as\u00ed como ofrecer varias funciones de IA como intrusi\u00f3n, filtrado de objetivos, calor detecci\u00f3n, detecci\u00f3n de humo y detecci\u00f3n de llamadas, tiene un rango de medici\u00f3n de temperatura de \u201320 \u00b0C a +550 \u00b0C (-4 \u00b0F a +1022 \u00b0F) y trabaja con luz blanca y altavoz incorporados que producen alarmas de luz y sonido para disuadir a los intrusos. Tambi\u00e9n tiene un ILED IR incorporado, y la m\u00e1x. la distancia de iluminaci\u00f3n es de 35 m. un amplio rango de monitoreo: Pan: 0\u00b0 a 360\u00b0 inclinaci\u00f3n sin fin: \u201315\u00b0 a +90\u00b0. como fusi\u00f3n de imagen dual (im\u00e1genes visibles y t\u00e9rmicas).<\/p>\n<p><img decoding=\"async\" class=\"overview-center-img-web\" src=\"https:\/\/tvc.mx\/media\/496996\/Camaras_IP_Termicas_4MP_IAl_LED35m_Dahua_DHI-TPC-SD2241-T_Over_Ppal.png\" alt=\"\" \/><\/p>\n<\/div>\n<\/div>\n<div class=\"row align-items-center padding-bottom-2x\">\n<div class=\"col-md-5\"><img decoding=\"async\" class=\"d-block m-auto img-thumbnail\" src=\"https:\/\/tvc.mx\/media\/497024\/Camaras_IP_Termicas_4MP_IAl_LED35m_Dahua_DHI-TPC-SD2241-T_Over_M.png\" alt=\" \" \/><\/div>\n<div class=\"col-md-7 text-md-left text-center\">\n<h2>Especificaciones<\/h2>\n<ul>\n<li>Tipo de detector Detector de plano focal no refrigerado de \u00f3xido de vanadio<\/li>\n<li>P\u00edxeles efectivos 256 (alto) \u00d7 192 (alto)<\/li>\n<li>Rango espectral 8 \u03bcm\u201314 \u03bcm<\/li>\n<li>Sensibilidad (NETD) \u226450 mK@f\/1.0<\/li>\n<li>Control de enfoque t\u00e9rmico Focal fijo<\/li>\n<li>Sensor de imagen CMOS de 1\/2,7&#8243;<\/li>\n<li>M\u00e1x. Resoluci\u00f3n 2336 (H) \u00d7 1752 (V) 4 megap\u00edxeles<\/li>\n<li>Presets 300<\/li>\n<li>Recorrido o Tour 8 (hasta 32 presets por tour)<\/li>\n<li>Patr\u00f3n 5<\/li>\n<li>Escanear 5<\/li>\n<li>Memoria de apagado S\u00ed<\/li>\n<li>M\u00e1scaras de privacidad 4 \u00e1reas en la misma vista<\/li>\n<li>Movimiento inactivo Activa: Preset\/ Scan\/ Tour\/ Pattern\/Pan<\/li>\n<li>Tarjeta Micro SD (M\u00e1x.) 256 GB<\/li>\n<li>Fuente de alimentaci\u00f3n 12 V CC, 2 A \u00b1 20 %, PoE+ (802.3at)<\/li>\n<li>El consumo de energ\u00eda B\u00e1sico: &lt;12 W (12 VCC) M\u00e1x.: &lt;24 W (12 V CC, adaptador excluido)<\/li>\n<li>ePoE S\u00ed<\/li>\n<li>Proteccion IP66<\/li>\n<\/ul>\n<\/div>\n<\/div>\n","protected":false},"excerpt":{"rendered":"<p>Informaci\u00f3n General La c\u00e1mara PTZ cuenta con un detector de plano focal no refrigerado de \u00f3xido de vanadio. CMOS de barrido progresivo de 4 megap\u00edxeles, as\u00ed como ofrecer varias funciones de IA como intrusi\u00f3n, filtrado de objetivos, calor detecci\u00f3n, detecci\u00f3n de humo y detecci\u00f3n de&hellip;<\/p>\n","protected":false},"featured_media":2193,"comment_status":"open","ping_status":"closed","template":"","meta":{"om_disable_all_campaigns":false,"_monsterinsights_skip_tracking":false,"_monsterinsights_sitenote_active":false,"_monsterinsights_sitenote_note":"","_monsterinsights_sitenote_category":0},"product_brand":[],"product_cat":[118],"product_tag":[119,42,38,66,55],"class_list":{"0":"post-2194","1":"product","2":"type-product","3":"status-publish","4":"has-post-thumbnail","6":"product_cat-ptz-camaras-ip","7":"product_tag-camara-ptz","8":"product_tag-camaras","9":"product_tag-camaras-de-seguridad","10":"product_tag-dahua","11":"product_tag-ptz","13":"first","14":"instock","15":"sale","16":"taxable","17":"shipping-taxable","18":"purchasable","19":"product-type-simple"},"aioseo_notices":[],"_links":{"self":[{"href":"https:\/\/tecsecmty.com\/index.php\/wp-json\/wp\/v2\/product\/2194","targetHints":{"allow":["GET"]}}],"collection":[{"href":"https:\/\/tecsecmty.com\/index.php\/wp-json\/wp\/v2\/product"}],"about":[{"href":"https:\/\/tecsecmty.com\/index.php\/wp-json\/wp\/v2\/types\/product"}],"replies":[{"embeddable":true,"href":"https:\/\/tecsecmty.com\/index.php\/wp-json\/wp\/v2\/comments?post=2194"}],"version-history":[{"count":0,"href":"https:\/\/tecsecmty.com\/index.php\/wp-json\/wp\/v2\/product\/2194\/revisions"}],"wp:featuredmedia":[{"embeddable":true,"href":"https:\/\/tecsecmty.com\/index.php\/wp-json\/wp\/v2\/media\/2193"}],"wp:attachment":[{"href":"https:\/\/tecsecmty.com\/index.php\/wp-json\/wp\/v2\/media?parent=2194"}],"wp:term":[{"taxonomy":"product_brand","embeddable":true,"href":"https:\/\/tecsecmty.com\/index.php\/wp-json\/wp\/v2\/product_brand?post=2194"},{"taxonomy":"product_cat","embeddable":true,"href":"https:\/\/tecsecmty.com\/index.php\/wp-json\/wp\/v2\/product_cat?post=2194"},{"taxonomy":"product_tag","embeddable":true,"href":"https:\/\/tecsecmty.com\/index.php\/wp-json\/wp\/v2\/product_tag?post=2194"}],"curies":[{"name":"wp","href":"https:\/\/api.w.org\/{rel}","templated":true}]}}