{"id":2230,"date":"2023-02-22T18:57:12","date_gmt":"2023-02-23T00:57:12","guid":{"rendered":"https:\/\/tecsecmty.com\/index.php\/producto\/dahua-dh-eca3a1404n-hnrxb-camara-ip-antiexplosion-de-4-megapixeles-4x-de-zoom-optico-h-265-ir-de-40-metros-inteligencia-artificial-con-smd-plus-starlight-wdr-real-de-120db-ip68-tvs-6000v\/"},"modified":"2023-03-22T23:22:23","modified_gmt":"2023-03-23T05:22:23","slug":"dahua-dh-eca3a1404n-hnrxb-camara-ip-antiexplosion-de-4-megapixeles-4x-de-zoom-optico-h-265-ir-de-40-metros-inteligencia-artificial-con-smd-plus-starlight-wdr-real-de-120db-ip68-tvs-6000v","status":"publish","type":"product","link":"https:\/\/tecsecmty.com\/index.php\/producto\/dahua-dh-eca3a1404n-hnrxb-camara-ip-antiexplosion-de-4-megapixeles-4x-de-zoom-optico-h-265-ir-de-40-metros-inteligencia-artificial-con-smd-plus-starlight-wdr-real-de-120db-ip68-tvs-6000v\/","title":{"rendered":"DAHUA DH-ECA3A1404N-HNRXB &#8211; Camara IP Antiexplosion de 4 Megapixeles\/ 4x de Zoom Optico\/ H.265+\/ IR de 40 Metros\/ Inteligencia Artificial con SMD Plus\/ Starlight\/ WDR Real de 120dB\/ IP68\/ TVS 6000V\/"},"content":{"rendered":"<div class=\"row aling-items-center padding-bottom-2x\">\n<div class=\"col-lg-12\">\n<h5 class=\"card-title text-center\" style=\"text-align: center\">Informaci\u00f3n General<\/h5>\n<p style=\"text-align: center\">El producto est\u00e1 equipado con un procesador de red neuronal; Admite funciones inteligentes de IA para mejorar de manera efectiva la precisi\u00f3n de detecci\u00f3n, admite captura de personas, veh\u00edculos motorizados y no motorizados, y admite protecci\u00f3n perimetral.<\/p>\n<p><img decoding=\"async\" class=\"overview-center-img-web aligncenter\" src=\"https:\/\/tvc.mx\/media\/493452\/camara-ip-antiexplosion-4-megapixeles-zoom-4x-ECA3A1404N-HNRXB-Dahua.png\" alt=\"\" \/><\/div>\n<\/div>\n<div class=\"row align-items-center padding-bottom-2x\" style=\"text-align: center\">\n<div class=\"col-md-5\"><img decoding=\"async\" class=\"d-block m-auto img-thumbnail\" src=\"https:\/\/tvc.mx\/media\/493454\/PFA-Dahua.png\" alt=\" \" \/><\/div>\n<div class=\"col-md-7 text-md-left text-center\">\n<h2>Tecnolog\u00eda PFA+<\/h2>\n<p class=\"text-muted\">\n<p>La tecnolog\u00eda PFA ha introducido de manera innovadora nuevos m\u00e9todos de juicio para garantizar la precisi\u00f3n y la previsibilidad de la direcci\u00f3n del ajuste de la distancia del sujeto. El resultado es un conjunto de algoritmos de enfoque avanzados. PFA garantiza la claridad de la imagen durante todo el proceso de zoom y acorta el tiempo de enfoque. La realizaci\u00f3n de la tecnolog\u00eda PFA mejora sustancialmente la experiencia del usuario y aumenta el valor del producto.<\/p>\n<p>&nbsp;<\/p>\n<\/div>\n<\/div>\n<hr class=\"padding-bottom-2x\" \/>\n<div class=\"row align-items-center padding-bottom-2x\" style=\"text-align: center\">\n<div class=\"col-md-5 order-md-2\"><img decoding=\"async\" class=\"d-block m-auto img-thumbnail\" src=\"https:\/\/tvc.mx\/media\/493456\/proteccion-perimetral-dahua.png\" alt=\" \" \/><\/div>\n<div class=\"col-md-7 order-md-1 text-md-left text-center\">\n<h2>Protecci\u00f3n perimetral<\/h2>\n<p class=\"text-muted\">\n<p>Filtra autom\u00e1ticamente las falsas alarmas causadas por animales, hojas susurrantes, luces brillantes, etc. Permite que el sistema act\u00fae como reconocimiento secundario de los objetivos. Mejora la precisi\u00f3n de la alarma.<\/p>\n<p>&nbsp;<\/p>\n<\/div>\n<\/div>\n<hr class=\"padding-bottom-2x\" \/>\n<div class=\"row align-items-center padding-bottom-2x\" style=\"text-align: center\">\n<div class=\"col-md-5\"><img decoding=\"async\" class=\"d-block m-auto img-thumbnail\" src=\"https:\/\/tvc.mx\/media\/493458\/WDR-Dahua.png\" alt=\" \" \/><\/div>\n<div class=\"col-md-7 text-md-left text-center\">\n<h2>Amplio Rango Din\u00e1mico<\/h2>\n<p class=\"text-muted\">\n<p>La c\u00e1mara logra im\u00e1genes v\u00edvidas, incluso en las condiciones de iluminaci\u00f3n de contraste m\u00e1s intensas, utilizando la tecnolog\u00eda de amplio rango din\u00e1mico (WDR) l\u00edder en la industria. Para aplicaciones con condiciones de iluminaci\u00f3n tanto brillante como baja que cambian r\u00e1pidamente, True WDR (120 dB) optimiza las \u00e1reas brillantes y oscuras de una escena al mismo tiempo para proporcionar un video utilizable.<\/p>\n<p>&nbsp;<\/p>\n<\/div>\n<\/div>\n<hr class=\"padding-bottom-2x\" \/>\n<div class=\"row align-items-center padding-bottom-2x\" style=\"text-align: center\">\n<div class=\"col-md-5 order-md-2\"><img decoding=\"async\" class=\"d-block m-auto img-thumbnail\" src=\"https:\/\/tvc.mx\/media\/493460\/Starlight-Dahua.png\" alt=\" \" \/><\/div>\n<div class=\"col-md-7 order-md-1 text-md-left text-center\">\n<h2>Tecnolog\u00eda Starlight<\/h2>\n<p class=\"text-muted\">\n<p>Para aplicaciones desafiantes con poca luz, la tecnolog\u00eda de luz ultrabaja Starlight de Dahua ofrece la mejor sensibilidad a la luz de su clase, capturando detalles de color con poca luz hasta 0.001 Lux. La c\u00e1mara utiliza un conjunto de funciones \u00f3pticas para equilibrar la luz en toda la escena, lo que da como resultado im\u00e1genes claras en entornos oscuros.<\/p>\n<p>&nbsp;<\/p>\n<\/div>\n<\/div>\n<hr class=\"padding-bottom-2x\" \/>\n<div class=\"row align-items-center padding-bottom-2x\" style=\"text-align: center\">\n<div class=\"col-md-5\"><img decoding=\"async\" class=\"d-block m-auto img-thumbnail\" src=\"https:\/\/tvc.mx\/media\/493462\/SMD-plus-Dahua.png\" alt=\" \" \/><\/div>\n<div class=\"col-md-7 text-md-left text-center\">\n<h2>SMD Plus<\/h2>\n<p class=\"text-muted\">\n<p>Con el algoritmo de aprendizaje profundo, Dahua SMD Plus filtra la alarma de detecci\u00f3n de movimiento activada por un objetivo no preocupado y reconoce a humanos y veh\u00edculos de manera efectiva, enviando alarmas cuando se entrometen humanos y veh\u00edculos.<\/p>\n<p>&nbsp;<\/p>\n<\/div>\n<\/div>\n<hr class=\"padding-bottom-2x\" \/>\n<div class=\"row align-items-center padding-bottom-2x\" style=\"text-align: center\">\n<div class=\"col-md-5 order-md-2\"><img decoding=\"async\" class=\"d-block m-auto img-thumbnail\" src=\"https:\/\/tvc.mx\/media\/493464\/camara-ip-antiexplosion-4-megapixeles-zoom-4x-ECA3A1404N-HNRXB-Dahua-carcateristicas.png\" alt=\" \" \/><\/div>\n<div class=\"col-md-7 order-md-1 text-md-left text-center\">\n<h2>Principales Caracter\u00edsticas<\/h2>\n<p class=\"text-muted\">\n<ul>\n<li>\u00a0Zoom \u00f3ptico y zoom digital<\/li>\n<li>Adopta acero inoxidable anticorrosi\u00f3n 304 y 316L es personalizable<\/li>\n<li>Tecnolog\u00eda Starlight<\/li>\n<li>IR Inteligente<\/li>\n<li>SMD Plus<\/li>\n<li>Admite protecci\u00f3n perimetral, captura inteligente y detecci\u00f3n de rostros<\/li>\n<\/ul>\n<p>&nbsp;<\/p>\n<\/div>\n<\/div>\n<hr class=\"padding-bottom-2x\" \/>\n<div class=\"row align-items-center padding-bottom-2x\">\n<div class=\"col-md-5\" style=\"text-align: center\"><img decoding=\"async\" class=\"d-block m-auto img-thumbnail\" src=\"https:\/\/tvc.mx\/media\/493466\/camara-ip-antiexplosion-4-megapixeles-zoom-4x-ECA3A1404N-HNRXB-Dahua-especificacion.png\" alt=\" \" \/><\/div>\n<div class=\"col-md-7 text-md-left text-center\">\n<h2 style=\"text-align: center\">Especificaciones<\/h2>\n<p class=\"text-muted\" style=\"text-align: center\">\n<ul>\n<li style=\"text-align: center\">CMOS de 1\/2,8&#8243;<\/li>\n<li style=\"text-align: center\">4 megap\u00edxeles<\/li>\n<li style=\"text-align: center\">Distancia de iluminaci\u00f3n 40 m<\/li>\n<li style=\"text-align: center\">Longitud focal 2,8 mm\u201312 mm<\/li>\n<li style=\"text-align: center\">Zoom \u00f3ptico 4x<\/li>\n<li style=\"text-align: center\">Captura inteligente: Admite la captura de im\u00e1genes de personas, veh\u00edculos motorizados y veh\u00edculos no motorizados.<\/li>\n<li style=\"text-align: center\">Protecci\u00f3n perimetral: Tripwire e intrusi\u00f3n. Admite la activaci\u00f3n de alarmas por tipos de objetivos (humanos y veh\u00edculos). Admite el filtrado de falsas alarmas causadas por animales, hojas susurrantes, luces brillantes, etc.<\/li>\n<li style=\"text-align: center\">Compresi\u00f3n: H.265; H.264B; H.264M; H.264H; MJPEG; H.265+; H.264+<\/li>\n<li style=\"text-align: center\">WDR real 120dB<\/li>\n<li style=\"text-align: center\">Reducci\u00f3n de ruido 2D\/3D<\/li>\n<li style=\"text-align: center\">Zoom digital 16x<\/li>\n<li style=\"text-align: center\">Almacenamiento: Tarjeta MicroSD (256G)<\/li>\n<li style=\"text-align: center\">Fuente de alimentaci\u00f3n: CC12V\/1.5A\u00b110% PoE (802.3af)<\/li>\n<li style=\"text-align: center\">Carcasa: SUS304\/SUS316L (personalizable)<\/li>\n<\/ul>\n<\/div>\n<\/div>\n","protected":false},"excerpt":{"rendered":"<p>Informaci\u00f3n General El producto est\u00e1 equipado con un procesador de red neuronal; Admite funciones inteligentes de IA para mejorar de manera efectiva la precisi\u00f3n de detecci\u00f3n, admite captura de personas, veh\u00edculos motorizados y no motorizados, y admite protecci\u00f3n perimetral. Tecnolog\u00eda PFA+ La tecnolog\u00eda PFA ha&hellip;<\/p>\n","protected":false},"featured_media":2229,"comment_status":"open","ping_status":"closed","template":"","meta":{"om_disable_all_campaigns":false,"_monsterinsights_skip_tracking":false,"_monsterinsights_sitenote_active":false,"_monsterinsights_sitenote_note":"","_monsterinsights_sitenote_category":0},"product_brand":[],"product_cat":[120],"product_tag":[121,38,66],"class_list":{"0":"post-2230","1":"product","2":"type-product","3":"status-publish","4":"has-post-thumbnail","6":"product_cat-antiexplosion","7":"product_tag-camara-antiexplosion","8":"product_tag-camaras-de-seguridad","9":"product_tag-dahua","11":"first","12":"instock","13":"sale","14":"taxable","15":"shipping-taxable","16":"purchasable","17":"product-type-simple"},"aioseo_notices":[],"_links":{"self":[{"href":"https:\/\/tecsecmty.com\/index.php\/wp-json\/wp\/v2\/product\/2230","targetHints":{"allow":["GET"]}}],"collection":[{"href":"https:\/\/tecsecmty.com\/index.php\/wp-json\/wp\/v2\/product"}],"about":[{"href":"https:\/\/tecsecmty.com\/index.php\/wp-json\/wp\/v2\/types\/product"}],"replies":[{"embeddable":true,"href":"https:\/\/tecsecmty.com\/index.php\/wp-json\/wp\/v2\/comments?post=2230"}],"version-history":[{"count":2,"href":"https:\/\/tecsecmty.com\/index.php\/wp-json\/wp\/v2\/product\/2230\/revisions"}],"predecessor-version":[{"id":2351,"href":"https:\/\/tecsecmty.com\/index.php\/wp-json\/wp\/v2\/product\/2230\/revisions\/2351"}],"wp:featuredmedia":[{"embeddable":true,"href":"https:\/\/tecsecmty.com\/index.php\/wp-json\/wp\/v2\/media\/2229"}],"wp:attachment":[{"href":"https:\/\/tecsecmty.com\/index.php\/wp-json\/wp\/v2\/media?parent=2230"}],"wp:term":[{"taxonomy":"product_brand","embeddable":true,"href":"https:\/\/tecsecmty.com\/index.php\/wp-json\/wp\/v2\/product_brand?post=2230"},{"taxonomy":"product_cat","embeddable":true,"href":"https:\/\/tecsecmty.com\/index.php\/wp-json\/wp\/v2\/product_cat?post=2230"},{"taxonomy":"product_tag","embeddable":true,"href":"https:\/\/tecsecmty.com\/index.php\/wp-json\/wp\/v2\/product_tag?post=2230"}],"curies":[{"name":"wp","href":"https:\/\/api.w.org\/{rel}","templated":true}]}}