{"id":2232,"date":"2023-02-22T18:57:14","date_gmt":"2023-02-23T00:57:14","guid":{"rendered":"https:\/\/tecsecmty.com\/index.php\/producto\/dahua-epc230u-camara-ip-antiexplosion-resolucion-de-2-mp-lente-mot-4-5-a-135mm-%e2%88%a2-67-8-2-4-30x-de-zoom-ir-100-mts-ia-wizmind-starlight-hi-poe-wdr-h-265-ip68-es-alarm\/"},"modified":"2023-03-22T23:22:37","modified_gmt":"2023-03-23T05:22:37","slug":"dahua-epc230u-camara-ip-antiexplosion-resolucion-de-2-mp-lente-mot-4-5-a-135mm-67-8-2-4-30x-de-zoom-ir-100-mts-ia-wizmind-starlight-hi-poe-wdr-h-265-ip68-es-alarm","status":"publish","type":"product","link":"https:\/\/tecsecmty.com\/index.php\/producto\/dahua-epc230u-camara-ip-antiexplosion-resolucion-de-2-mp-lente-mot-4-5-a-135mm-67-8-2-4-30x-de-zoom-ir-100-mts-ia-wizmind-starlight-hi-poe-wdr-h-265-ip68-es-alarm\/","title":{"rendered":"DAHUA EPC230U &#8211; C\u00e1mara IP Antiexplosi\u00f3n Resoluci\u00f3n de 2 MP\/ Lente Mot. 4.5 a 135mm\/ 67.8-2.4\/ 30x de Zoom\/ IR 100 mts\/ IA WizMind\/ Starlight\/ Hi-PoE\/ WDR\/ H.265+\/ IP68\/ EampS Alarma\/ E&amp;ampS Audio\/ Acero Inoxidable 304"},"content":{"rendered":"<h5 class=\"card-title text-center\" style=\"text-align: center\">Informaci\u00f3n general<\/h5>\n<p class=\"ql-align-justify\" style=\"text-align: center\">La camara\u00a0<strong>EPC230U<\/strong>\u00a0es una camara\u00a0IP\u00a0de\u00a0<strong>2 Megap\u00edxeles<\/strong>\u00a0cuanta con la caracter\u00edstica de\u00a0<strong>Anti-Explosi\u00f3n<\/strong>, esta\u00a0dise\u00f1ada para ambientes donde la temperatura es de -45\u00b0C hasta 60\u00b0C, cuenta con potente zoom \u00f3ptico de 30x, compresi\u00f3n de video H265, luz ir hasta 100m distancia y funciones inteligentes.<\/p>\n<p class=\"ql-align-justify\" style=\"text-align: center\">El acero inoxidable de grado 304 es considerado el m\u00e1s vers\u00e1til y ampliamente utilizado de los aceros inoxidables austen\u00edticos. El tipo de acero 304 es capaz de satisfacer una amplia variedad de requisitos f\u00edsicos por lo que es un material ideal para utilizar en aplicaciones tales como cubiertas de ruedas, equipos de cocina y tanques de almacenamiento.\u00a0El 304 proporciona una buena resistencia al ataque \u00e1cido moderado.<\/p>\n<p style=\"text-align: center\"><img decoding=\"async\" class=\"overview-center-img-web\" src=\"https:\/\/tvc.mx\/media\/75144\/Camara.png\" alt=\"\" \/><\/p>\n<h5 class=\"card-title text-center\" style=\"text-align: center\">Distancia DORI.<\/h5>\n<p class=\"ql-align-justify\" style=\"text-align: center\">La distancia DORI es una proximidad general de la distancia que hace que sea f\u00e1cil elegir la c\u00e1mara adecuada para sus necesidades.\u00a0La distancia DORI se calcula sobre la base de la especificaci\u00f3n del sensor y del resultado de la prueba de laboratorio seg\u00fan EN 62676-4, que define los criterios para Detectar, Observar, Reconocer e Identificar, respectivamente, por lo que est\u00e1 cam\u00e1ra tiene la capacidad de:<\/p>\n<p style=\"text-align: center\"><img decoding=\"async\" class=\"overview-center-img-web\" src=\"https:\/\/tvc.mx\/media\/75147\/Dori.png\" alt=\"\" \/><\/p>\n<div class=\"row aling-items-center padding-bottom-2x\" style=\"text-align: center\">\n<div class=\"col-lg-12\">\n<h5 class=\"card-title text-center\">Tecnolog\u00eda Starlight.<\/h5>\n<p class=\"ql-align-justify\">La c\u00e1mara\u00a0<strong>EPC230U\u00a0<\/strong>\u00a0cuenta con la funci\u00f3n Starlight, esta funcion nos ayuda cuando tenemos condiciones mayores a 0.005 Lux, en estas condiciones de luz aun podemos tener imagenes a color y de buena calidad.\u00a0La serie Dahua Starlight ofrece una soluci\u00f3n rentable, flexible y resistente al futuro para condiciones de baja iluminaci\u00f3n.<\/p>\n<p><img decoding=\"async\" class=\"overview-center-img-web\" src=\"https:\/\/tvc.mx\/media\/75150\/starligth.png\" alt=\"\" \/><\/p>\n<\/div>\n<\/div>\n<div class=\"row aling-items-center padding-bottom-2x\" style=\"text-align: center\">\n<div class=\"col-lg-12\">\n<h5 class=\"card-title text-center\">Compresi\u00f3n de video H265.<\/h5>\n<p class=\"ql-align-justify\">Compresi\u00f3n de v\u00eddeo H265 reduce a la mitad el ancho de banda necesario para la transmisi\u00f3n de v\u00eddeo y todo ello sin la temida perdida de calidad que s\u00ed que encontramos en otras alternativas del mercado.<\/p>\n<p><img decoding=\"async\" class=\"overview-center-img-web\" src=\"https:\/\/tvc.mx\/media\/75153\/h265.png\" alt=\"\" \/><\/p>\n<\/div>\n<\/div>\n<div class=\"row aling-items-center padding-bottom-2x\" style=\"text-align: center\">\n<div class=\"col-lg-12\">\n<h5 class=\"card-title text-center\">Funci\u00f3nes IVS<\/h5>\n<p class=\"ql-align-justify\">La c\u00e1mara\u00a0<strong>EPC230U<\/strong>\u00a0cuenta con diferentes funciones de detecci\u00f3n inteligente que est\u00e1n integradas en la c\u00e1mara:<\/p>\n<ul>\n<li class=\"ql-align-justify\">Tripwire.<\/li>\n<li class=\"ql-align-justify\">Intrusion.<\/li>\n<li class=\"ql-align-justify\">Objeto abandonado\/perdido.<\/li>\n<li class=\"ql-align-justify\">Detecci\u00f3n de rostros.<\/li>\n<\/ul>\n<p><img decoding=\"async\" class=\"overview-center-img-web\" src=\"https:\/\/tvc.mx\/media\/75156\/IVS.png\" alt=\"\" \/><\/p>\n<\/div>\n<\/div>\n<div class=\"row aling-items-center padding-bottom-2x\">\n<div class=\"col-lg-12\">\n<h5 class=\"card-title text-center\" style=\"text-align: center\">Caracter\u00edsticas Principales:<\/h5>\n<ul>\n<li class=\"ql-align-justify\" style=\"text-align: center\">1\/2.8\u201d 2 Megap\u00edxeles STARVIS\u2122 CMOS.<\/li>\n<li class=\"ql-align-justify\" style=\"text-align: center\">2 Megap\u00edxeles\u00a01920(H) x 1080(V).<\/li>\n<li class=\"ql-align-justify\" style=\"text-align: center\">M\u00e1x. 50\/60fps@1080P.<\/li>\n<li class=\"ql-align-justify\" style=\"text-align: center\">Compresion H.265.<\/li>\n<li class=\"ql-align-justify\" style=\"text-align: center\">Potente zoom \u00f3ptico de 30x.<\/li>\n<li class=\"ql-align-justify\" style=\"text-align: center\">Tecnologia Starlight.<\/li>\n<li class=\"ql-align-justify\" style=\"text-align: center\">Compensaci\u00f3n de contraluz blc \/ hlc \/ wdr (120db).<\/li>\n<li class=\"ql-align-justify\" style=\"text-align: center\">Reducci\u00f3n de ruido ultra DNR (2D \/ 3D).<\/li>\n<li class=\"ql-align-justify\" style=\"text-align: center\">Regi\u00f3n de inter\u00e9s.<\/li>\n<li class=\"ql-align-justify\" style=\"text-align: center\">Estabilizaci\u00f3n electr\u00f3nica de imagen (EIS).<\/li>\n<li class=\"ql-align-justify\" style=\"text-align: center\">Funci\u00f3n Defog (desempa\u00f1ador).<\/li>\n<li class=\"ql-align-justify\" style=\"text-align: center\">Hasta 24 \u00e1reas de m\u00e1scaras de privacidad.<\/li>\n<li class=\"ql-align-justify\" style=\"text-align: center\">Funciones IVS (tripwire, intrusi\u00f3n, objeto abandonado\/perdido, detecci\u00f3n de rostros).<\/li>\n<li class=\"ql-align-justify\" style=\"text-align: center\">IR distancia de hasta 100m.<\/li>\n<li class=\"ql-align-justify\" style=\"text-align: center\">Puerto ethernet RJ-45 (10Base-T \/ 100Base-TX).<\/li>\n<li class=\"ql-align-justify\" style=\"text-align: center\">M\u00e1x. acceso de usuarios 20.<\/li>\n<li class=\"ql-align-justify\" style=\"text-align: center\">Est\u00e1ndar de comunicaci\u00f3n ONVIF, PSIA, CGI.<\/li>\n<li class=\"ql-align-justify\" style=\"text-align: center\">Fuente de alimentaci\u00f3n 220V CA (100V\u00a0~ 240V CA).<\/li>\n<li class=\"ql-align-justify\" style=\"text-align: center\">Consumo de energ\u00eda 10W, 25W (IR encendido).<\/li>\n<li class=\"ql-align-justify\" style=\"text-align: center\">Certificacion ATEX\u00a0y IECEx.<\/li>\n<li class=\"ql-align-justify\" style=\"text-align: center\">Indice de protecci\u00f3n IP68.<\/li>\n<li class=\"ql-align-justify\" style=\"text-align: center\">Material acero inoxidable 304.<\/li>\n<li class=\"ql-align-justify\" style=\"text-align: center\">Dimensiones\u00a0\u03a639.61cm \u00d7 14.95cm \u00d7 14.3cm.<\/li>\n<li style=\"text-align: center\">Peso 8.7kg.<\/li>\n<\/ul>\n<\/div>\n<\/div>\n","protected":false},"excerpt":{"rendered":"<p>Informaci\u00f3n general La camara\u00a0EPC230U\u00a0es una camara\u00a0IP\u00a0de\u00a02 Megap\u00edxeles\u00a0cuanta con la caracter\u00edstica de\u00a0Anti-Explosi\u00f3n, esta\u00a0dise\u00f1ada para ambientes donde la temperatura es de -45\u00b0C hasta 60\u00b0C, cuenta con potente zoom \u00f3ptico de 30x, compresi\u00f3n de video H265, luz ir hasta 100m distancia y funciones inteligentes. El acero inoxidable de&hellip;<\/p>\n","protected":false},"featured_media":2231,"comment_status":"open","ping_status":"closed","template":"","meta":{"om_disable_all_campaigns":false,"_monsterinsights_skip_tracking":false,"_monsterinsights_sitenote_active":false,"_monsterinsights_sitenote_note":"","_monsterinsights_sitenote_category":0},"product_brand":[],"product_cat":[120],"product_tag":[121,38,66],"class_list":{"0":"post-2232","1":"product","2":"type-product","3":"status-publish","4":"has-post-thumbnail","6":"product_cat-antiexplosion","7":"product_tag-camara-antiexplosion","8":"product_tag-camaras-de-seguridad","9":"product_tag-dahua","11":"first","12":"instock","13":"sale","14":"taxable","15":"shipping-taxable","16":"purchasable","17":"product-type-simple"},"aioseo_notices":[],"_links":{"self":[{"href":"https:\/\/tecsecmty.com\/index.php\/wp-json\/wp\/v2\/product\/2232","targetHints":{"allow":["GET"]}}],"collection":[{"href":"https:\/\/tecsecmty.com\/index.php\/wp-json\/wp\/v2\/product"}],"about":[{"href":"https:\/\/tecsecmty.com\/index.php\/wp-json\/wp\/v2\/types\/product"}],"replies":[{"embeddable":true,"href":"https:\/\/tecsecmty.com\/index.php\/wp-json\/wp\/v2\/comments?post=2232"}],"version-history":[{"count":3,"href":"https:\/\/tecsecmty.com\/index.php\/wp-json\/wp\/v2\/product\/2232\/revisions"}],"predecessor-version":[{"id":2355,"href":"https:\/\/tecsecmty.com\/index.php\/wp-json\/wp\/v2\/product\/2232\/revisions\/2355"}],"wp:featuredmedia":[{"embeddable":true,"href":"https:\/\/tecsecmty.com\/index.php\/wp-json\/wp\/v2\/media\/2231"}],"wp:attachment":[{"href":"https:\/\/tecsecmty.com\/index.php\/wp-json\/wp\/v2\/media?parent=2232"}],"wp:term":[{"taxonomy":"product_brand","embeddable":true,"href":"https:\/\/tecsecmty.com\/index.php\/wp-json\/wp\/v2\/product_brand?post=2232"},{"taxonomy":"product_cat","embeddable":true,"href":"https:\/\/tecsecmty.com\/index.php\/wp-json\/wp\/v2\/product_cat?post=2232"},{"taxonomy":"product_tag","embeddable":true,"href":"https:\/\/tecsecmty.com\/index.php\/wp-json\/wp\/v2\/product_tag?post=2232"}],"curies":[{"name":"wp","href":"https:\/\/api.w.org\/{rel}","templated":true}]}}