{"id":2236,"date":"2023-02-22T18:57:18","date_gmt":"2023-02-23T00:57:18","guid":{"rendered":"https:\/\/tecsecmty.com\/index.php\/producto\/dahua-dh-ipc-hum4231s-l4-camara-ip-pinhole-de-2-megapixeles-lente-de-2-8mm-96-grados-de-apertura-microfono-integrado-h-265-1-es-de-audio-wdr-real-de-120-db-videoanaliticos-con-ivs-lonuevo\/"},"modified":"2023-03-22T23:22:25","modified_gmt":"2023-03-23T05:22:25","slug":"dahua-dh-ipc-hum4231s-l4-camara-ip-pinhole-de-2-megapixeles-lente-de-2-8mm-96-grados-de-apertura-microfono-integrado-h-265-1-es-de-audio-wdr-real-de-120-db-videoanaliticos-con-ivs-lonuevo","status":"publish","type":"product","link":"https:\/\/tecsecmty.com\/index.php\/producto\/dahua-dh-ipc-hum4231s-l4-camara-ip-pinhole-de-2-megapixeles-lente-de-2-8mm-96-grados-de-apertura-microfono-integrado-h-265-1-es-de-audio-wdr-real-de-120-db-videoanaliticos-con-ivs-lonuevo\/","title":{"rendered":"DAHUA DH-IPC-HUM4231S-L4 &#8211; Camara IP Pinhole de 2 Megapixeles\/ Lente de 2.8mm\/ 96 Grados de Apertura\/ Microfono Integrado\/ H.265\/ 1 E&amp;S de Audio\/ WDR Real de 120 dB\/ Videoanaliticos con IVS\/ #LoNuevo"},"content":{"rendered":"<div class=\"row aling-items-center padding-bottom-2x\">\n<div class=\"col-lg-12\">\n<h5 class=\"card-title text-center\">Informaci\u00f3n General<\/h5>\n<p class=\"ql-align-justify\">Mini c\u00e1mara de Video Vigilancia, con una Alta Resoluci\u00f3n de\u00a0<strong>1080P<\/strong>,que muestra colores e im\u00e1genes bien definidos. Cuenta con un lente fijo\u00a0<strong>PIN HOLE de 2.8mm.\u00a0<\/strong>Por lo que este equipo se instala f\u00e1cilmente en cualquier lugar, pasando inadvertido gracias a su tama\u00f1o. Su resoluci\u00f3n, sensibilidad, \u00e1ngulo de apertura y\u00a0presentaci\u00f3n estilizada resultan ideales para la vigilancia de uso residencial, tiendas, oficinas, comercios, almacenes, guarder\u00edas, salon de clase, f\u00e1bricas y cualquier lugar con iluminaci\u00f3n continua.<\/p>\n<p><img decoding=\"async\" class=\"overview-center-img-web\" src=\"https:\/\/tvc.mx\/media\/526003\/Camara_IP_Pinhole_2-Megapixeles_Microfono_WDR_IVS_Dahua_IPC-HUM4231S-L4_Over_Ppal.png\" alt=\"\" \/><\/div>\n<\/div>\n<div class=\"row align-items-center padding-bottom-2x\">\n<div class=\"col-md-5\"><img decoding=\"async\" class=\"d-block m-auto img-thumbnail\" src=\"https:\/\/tvc.mx\/media\/526023\/WDR-Dahua.png\" alt=\" \" \/><\/div>\n<div class=\"col-md-7 text-md-left text-center\">\n<h2>WDR Real<\/h2>\n<p class=\"text-muted\">\n<p>La c\u00e1mara\u00a0logra obtener im\u00e1genes n\u00edtdas en escenarios donde hay variaci\u00f3n\u00a0en las condiciones de iluminaci\u00f3n ya sea\u00a0baja y\/o brillante,la funci\u00f3n\u00a0<strong>WDR real120dB<\/strong>\u00a0se encarga de medir, compensar y ajustar la luz en la imagen\u00a0captada para despues combinar los espacios de luces brillantes con los espacios de sombras,creando\u00a0un equilibrio en la imagen final.<\/p>\n<p>&nbsp;<\/p>\n<\/div>\n<\/div>\n<hr class=\"padding-bottom-2x\" \/>\n<div class=\"row align-items-center padding-bottom-2x\">\n<div class=\"col-md-5 order-md-2\"><img decoding=\"async\" class=\"d-block m-auto img-thumbnail\" src=\"https:\/\/tvc.mx\/media\/526027\/instalcion-sencilla-engrane-dahua.png\" alt=\" \" \/><\/div>\n<div class=\"col-md-7 order-md-1 text-md-left text-center\">\n<h2>Facil Instalaci\u00f3n<\/h2>\n<p class=\"text-muted\">\n<p>Esta c\u00e1mara se instala f\u00e1cilmente en cualquier lugar, pasando inadvertida gracias a su tama\u00f1o.<\/p>\n<ol>\n<li>\u00a0\u00a0\u00a0Fijamos la base de la c\u00e1mara.<\/li>\n<li>\u00a0\u00a0\u00a0Ajustamos la c\u00e1mara y apretamos los tornillos laterales<\/li>\n<li>\u00a0\u00a0\u00a0Ajustamos el \u00e1ngulo de la c\u00e1mara<\/li>\n<\/ol>\n<p>&nbsp;<\/p>\n<\/div>\n<\/div>\n<hr class=\"padding-bottom-2x\" \/>\n<div class=\"row align-items-center padding-bottom-2x\">\n<div class=\"col-md-5\"><img decoding=\"async\" class=\"d-block m-auto img-thumbnail\" src=\"https:\/\/tvc.mx\/media\/526107\/IVS-Dahua.png\" alt=\" \" \/><\/div>\n<div class=\"col-md-7 text-md-left text-center\">\n<h2>Video Inteligente (IVS)<\/h2>\n<p class=\"text-muted\">\n<p class=\"ql-align-justify\">Cuenta con\u00a0funciones\u00a0IVS (<em>Intelligent Video Surveillance<\/em>) por lo que tiene la capacidad de detectar y\u00a0analizar objetos en movimiento para mejorar la vigilancia por video.<\/p>\n<ul>\n<li class=\"ql-align-justify\">Cruce de linea (<em>Tripwire<\/em>).<\/li>\n<li class=\"ql-align-justify\">Intrusi\u00f3n<\/li>\n<\/ul>\n<p class=\"ql-align-justify\">En ambas funciones hace el reconocimiento inteligente de humanos y veh\u00edculos.<\/p>\n<p>&nbsp;<\/p>\n<\/div>\n<\/div>\n<hr class=\"padding-bottom-2x\" \/>\n<div class=\"row align-items-center padding-bottom-2x\">\n<div class=\"col-md-5 order-md-2\"><img decoding=\"async\" class=\"d-block m-auto img-thumbnail\" src=\"https:\/\/tvc.mx\/media\/526111\/Camara_IP_Pinhole_2-Megapixeles_Microfono_WDR_IVS_Dahua_IPC-HUM4231S-L4_Over_M_1.png\" alt=\" \" \/><\/div>\n<div class=\"col-md-7 order-md-1 text-md-left text-center\">\n<h2>Principales Caracter\u00edsticas<\/h2>\n<p class=\"text-muted\">\n<ul>\n<li>WDR &#8211; 120 dB &#8211; Amplio rango din\u00e1mico de la iluminaci\u00f3n<\/li>\n<li>3D-DNR &#8211; Reducci\u00f3n digital de ruido en la imagen<\/li>\n<li>ROI &#8211; mejora de la calidad de las partes seleccionadas de la imagen<\/li>\n<li>BLC &#8211; compensaci\u00f3n de contraluz<\/li>\n<li>HLC &#8211; Compensaci\u00f3n de alta luz (punto)<\/li>\n<li>Zonas de privacidad configurables (4)<\/li>\n<li>Detecci\u00f3n de movimiento<\/li>\n<li>Mirror &#8211; Imagen de espejo<\/li>\n<li>Rotaci\u00f3n de im\u00e1gen 0\u00b0\/90\u00b0\/180\u00b0\/270\u00b0<\/li>\n<li>WB &#8211; Balance de blancos (ATW\/AWB\/manual\/interno\/externo)<\/li>\n<li>AGC &#8211; Ajuste autom\u00e1tico de la ganancia de la imagen<\/li>\n<li>An\u00e1lisis IVS\u00a0&#8211;\u00a0cruzamiento de la l\u00ednea (Tripwire),\u00a0intrusi\u00f3n<\/li>\n<li>Interoperabilidad: ONVIF (Perfil S\/Perfil T)<\/li>\n<\/ul>\n<p>&nbsp;<\/p>\n<\/div>\n<\/div>\n<hr class=\"padding-bottom-2x\" \/>\n<div class=\"row align-items-center padding-bottom-2x\">\n<div class=\"col-md-5\"><img decoding=\"async\" class=\"d-block m-auto img-thumbnail\" src=\"https:\/\/tvc.mx\/media\/526159\/DAHUA-DH-IPC-HUM4231S-L4_03.png\" alt=\" \" \/><\/div>\n<div class=\"col-md-7 text-md-left text-center\">\n<h2>Especificaciones<\/h2>\n<p class=\"text-muted\">\n<ul>\n<li>Sensor de imagen CMOS de 1\/3&#8243;<\/li>\n<li>Lente fijo 2.8mm<\/li>\n<li>Campo de visi\u00f3n: Horizontal: 96\u00b0; Vertical: 55\u00b0; Diagonal: 110\u00b0<\/li>\n<li>Distancia DORI: Detectar 61.0 metros \/ Observar 24.4 metros \/ Reconocer 12.2 metros \/ Identificar 6.4 metros<\/li>\n<li>Audio: Micr\u00f3fono Incorporado<\/li>\n<li>M\u00e9todo de compresi\u00f3n de im\u00e1genes: H.265; H.264; H.264B; MJPEG (Solo compatible con la transmisi\u00f3n secundaria)<\/li>\n<li>Temperatura de funcionamiento: \u201340 \u00b0C a +60 \u00b0C (\u201340 \u00b0F a +140 \u00b0F)<\/li>\n<li>Puerto de red: RJ-45 (10\/100 Base-T)<\/li>\n<li>Alimentaci\u00f3n:12V\u00a0DC\u00a0\/ 130\u00a0mA<\/li>\n<li>Peso neto: 81g. (0.18 libras)<\/li>\n<li>Carcasa: Metal<\/li>\n<\/ul>\n<\/div>\n<\/div>\n","protected":false},"excerpt":{"rendered":"<p>Informaci\u00f3n General Mini c\u00e1mara de Video Vigilancia, con una Alta Resoluci\u00f3n de\u00a01080P,que muestra colores e im\u00e1genes bien definidos. Cuenta con un lente fijo\u00a0PIN HOLE de 2.8mm.\u00a0Por lo que este equipo se instala f\u00e1cilmente en cualquier lugar, pasando inadvertido gracias a su tama\u00f1o. Su resoluci\u00f3n, sensibilidad,&hellip;<\/p>\n","protected":false},"featured_media":2235,"comment_status":"open","ping_status":"closed","template":"","meta":{"om_disable_all_campaigns":false,"_monsterinsights_skip_tracking":false,"_monsterinsights_sitenote_active":false,"_monsterinsights_sitenote_note":"","_monsterinsights_sitenote_category":0},"product_brand":[],"product_cat":[124],"product_tag":[127,126,125,38,66],"class_list":{"0":"post-2236","1":"product","2":"type-product","3":"status-publish","4":"has-post-thumbnail","6":"product_cat-cubo-mini","7":"product_tag-camara-cubo","8":"product_tag-camara-mini","9":"product_tag-camara-pinhole","10":"product_tag-camaras-de-seguridad","11":"product_tag-dahua","13":"first","14":"instock","15":"sale","16":"taxable","17":"shipping-taxable","18":"purchasable","19":"product-type-simple"},"aioseo_notices":[],"_links":{"self":[{"href":"https:\/\/tecsecmty.com\/index.php\/wp-json\/wp\/v2\/product\/2236","targetHints":{"allow":["GET"]}}],"collection":[{"href":"https:\/\/tecsecmty.com\/index.php\/wp-json\/wp\/v2\/product"}],"about":[{"href":"https:\/\/tecsecmty.com\/index.php\/wp-json\/wp\/v2\/types\/product"}],"replies":[{"embeddable":true,"href":"https:\/\/tecsecmty.com\/index.php\/wp-json\/wp\/v2\/comments?post=2236"}],"version-history":[{"count":0,"href":"https:\/\/tecsecmty.com\/index.php\/wp-json\/wp\/v2\/product\/2236\/revisions"}],"wp:featuredmedia":[{"embeddable":true,"href":"https:\/\/tecsecmty.com\/index.php\/wp-json\/wp\/v2\/media\/2235"}],"wp:attachment":[{"href":"https:\/\/tecsecmty.com\/index.php\/wp-json\/wp\/v2\/media?parent=2236"}],"wp:term":[{"taxonomy":"product_brand","embeddable":true,"href":"https:\/\/tecsecmty.com\/index.php\/wp-json\/wp\/v2\/product_brand?post=2236"},{"taxonomy":"product_cat","embeddable":true,"href":"https:\/\/tecsecmty.com\/index.php\/wp-json\/wp\/v2\/product_cat?post=2236"},{"taxonomy":"product_tag","embeddable":true,"href":"https:\/\/tecsecmty.com\/index.php\/wp-json\/wp\/v2\/product_tag?post=2236"}],"curies":[{"name":"wp","href":"https:\/\/api.w.org\/{rel}","templated":true}]}}