{"id":2240,"date":"2023-02-22T18:57:24","date_gmt":"2023-02-23T00:57:24","guid":{"rendered":"https:\/\/tecsecmty.com\/index.php\/producto\/dahua-hti-uc320-camara-web-de-alta-definicion-1080p-full-hd-94-54-grados-de-apertura-interfaz-usb-microfono-integrado-reduccion-de-ruido\/"},"modified":"2023-03-22T23:22:46","modified_gmt":"2023-03-23T05:22:46","slug":"dahua-hti-uc320-camara-web-de-alta-definicion-1080p-full-hd-94-54-grados-de-apertura-interfaz-usb-microfono-integrado-reduccion-de-ruido","status":"publish","type":"product","link":"https:\/\/tecsecmty.com\/index.php\/producto\/dahua-hti-uc320-camara-web-de-alta-definicion-1080p-full-hd-94-54-grados-de-apertura-interfaz-usb-microfono-integrado-reduccion-de-ruido\/","title":{"rendered":"DAHUA HTI-UC320 &#8211; Camara Web de Alta definici\u00f3n\/ 1080p Full HD\/ 94.54 Grados de Apertura\/ Interfaz USB\/ Micr\u00f3fono Integrado\/ Reducci\u00f3n de Ruido\/"},"content":{"rendered":"<div class=\"row aling-items-center padding-bottom-2x\">\n<div class=\"col-lg-12\">\n<h5 class=\"card-title text-center\">Informaci\u00f3n general<\/h5>\n<p>HTI-UC320 es una c\u00e1mara USB HD 1080P que brinda a los usuarios una experiencia de audio y video de calidad profesional. No solo est\u00e1 equipado con la mejor c\u00e1mara de su clase cuyo campo de visi\u00f3n horizontal es de hasta 84,5 \u00b0, sino que tambi\u00e9n integra un micr\u00f3fono omnidireccional incorporado que puede captar audio con claridad desde una distancia de hasta 3 metros. HTI-UC320 puede funcionar con las plataformas de videoconferencia convencionales, lo que proporciona una alta compatibilidad y una integraci\u00f3n perfecta para las personas tanto en escenarios comerciales como de la vida.<\/p>\n<p><img decoding=\"async\" class=\"overview-center-img-web\" src=\"https:\/\/tvc.mx\/media\/379279\/camara-web-de-alta-definicion-180p-full-HD-HTI-UC320-Dahua.png\" alt=\"\" \/><\/div>\n<\/div>\n<div class=\"row align-items-center padding-bottom-2x\">\n<div class=\"col-md-5\"><img decoding=\"async\" class=\"d-block m-auto img-thumbnail\" src=\"https:\/\/tvc.mx\/media\/379287\/para-que-sirve-una-webcam-HTI-UC320-dahua.png\" alt=\" \" \/><\/div>\n<div class=\"col-md-7 text-md-left text-center\">\n<h2>Qu\u00e9 es una c\u00e1mara web y para qu\u00e9 sirve?<\/h2>\n<p class=\"text-muted\">\n<p>Una\u00a0c\u00e1mara web\u00a0o\u00a0c\u00e1mara\u00a0de red\u200b es una peque\u00f1a\u00a0c\u00e1mara\u00a0digital conectada a una computadora la cual puede capturar im\u00e1genes y transmitirlas a trav\u00e9s de\u00a0internet, ya sea a una p\u00e1gina\u00a0web\u00a0u otras computadoras de forma privada.<\/p>\n<p>&nbsp;<\/p>\n<\/div>\n<\/div>\n<hr class=\"padding-bottom-2x\" \/>\n<div class=\"row align-items-center padding-bottom-2x\">\n<div class=\"col-md-5 order-md-2\"><img decoding=\"async\" class=\"d-block m-auto img-thumbnail\" src=\"https:\/\/tvc.mx\/media\/379291\/modos-de-uso--HTI-UC320.png\" alt=\" \" \/><\/div>\n<div class=\"col-md-7 order-md-1 text-md-left text-center\">\n<h2>Modo de uso<\/h2>\n<p class=\"text-muted\">\n<p>Dahua se centra en el dise\u00f1o inteligentes para el desarrollo de videoconferencias.<\/p>\n<p>Este\u00a0producto ofrece varias soluciones de videoconferencia para su uso en una amplia gama de \u00e1reas, como la industria en general, la seguridad p\u00fablica, la educaci\u00f3n a distancia y la telemedicina<\/p>\n<p>&nbsp;<\/p>\n<\/div>\n<\/div>\n<hr class=\"padding-bottom-2x\" \/>\n<div class=\"row align-items-center padding-bottom-2x\">\n<div class=\"col-md-5 order-md-2\"><img decoding=\"async\" class=\"d-block m-auto img-thumbnail\" src=\"https:\/\/tvc.mx\/media\/379311\/instalcion-sencilla-HTI-UC320-dahua.png\" alt=\" \" \/><\/div>\n<div class=\"col-md-7 order-md-1 text-md-left text-center\">\n<h2>Instalaci\u00f3n sencilla<\/h2>\n<p class=\"text-muted\">\n<p>La instalaci\u00f3n\u00a0de la c\u00e1mara web de Dahua<strong>\u00a0HTI-UC320<\/strong>\u00a0consiste en conectarla a una computadora por\u00a0medio del puerto USB, estando conectara esta encender\u00e1 un led que indica que esta funcionando.<\/p>\n<p>&nbsp;<\/p>\n<\/div>\n<\/div>\n<hr class=\"padding-bottom-2x\" \/>\n<div class=\"row align-items-center padding-bottom-2x\">\n<div class=\"col-md-5\"><img decoding=\"async\" class=\"d-block m-auto img-thumbnail\" src=\"https:\/\/tvc.mx\/media\/379447\/caracteristicas-de-la-camara-web-HTI-UC320-dahua.png\" alt=\" \" \/><\/div>\n<div class=\"col-md-7 text-md-left text-center\">\n<h2>Caracter\u00edsticas<\/h2>\n<p class=\"text-muted\">\n<p>\u00b7 M\u00e1x.25 \/ 30fps @ 1080P<\/p>\n<p>\u00b7\u00a0CMOS de 1 \/ 2,8 pulgadas, 2 megap\u00edxeles<\/p>\n<p>\u00b7 Micr\u00f3fono incorporado, distancia de captaci\u00f3n de 3 metros<\/p>\n<p>\u00b7 Conexi\u00f3n USB y f\u00e1cil operaci\u00f3n<\/p>\n<p>\u00b7 Protocolo UVC y alta compatibilidad<\/p>\n<p>&nbsp;<\/p>\n<\/div>\n<\/div>\n<hr class=\"padding-bottom-2x\" \/>\n<div class=\"row align-items-center padding-bottom-2x\">\n<div class=\"col-md-5 order-md-2\"><img decoding=\"async\" class=\"d-block m-auto img-thumbnail\" src=\"https:\/\/tvc.mx\/media\/379459\/especificacines-de-la-camara-HTI-UC320-dahua.png\" alt=\" \" \/><\/div>\n<div class=\"col-md-7 order-md-1 text-md-left text-center\">\n<h2>Especificaciones<\/h2>\n<p class=\"text-muted\">\n<p>Compresi\u00f3n H.265 \/ H.264 \/ MJPEG \/ YUV<\/p>\n<p>Longitud focal 3,0 mm<\/p>\n<p>Campo de visi\u00f3n horizontal 84,5 \u00b0<\/p>\n<p>Exposici\u00f3n Autom\u00e1tico, BLC \/ HLC<\/p>\n<p>Reducci\u00f3n de ruido digital Reducci\u00f3n de ruido digital 2D y 3D<\/p>\n<p>Balance de Blancos Autom\u00e1tico<\/p>\n<p>Interfaz de video USB2.0<\/p>\n<p>Fuente de alimentaci\u00f3n USB 5V<\/p>\n<p>Corriente de entrada 200 mA<\/p>\n<p>&nbsp;<\/p>\n<\/div>\n<\/div>\n<hr class=\"padding-bottom-2x\" \/>\n<div class=\"row align-items-center padding-bottom-2x\">\n<div class=\"col-md-5\"><img decoding=\"async\" class=\"d-block m-auto img-thumbnail\" src=\"https:\/\/tvc.mx\/media\/379479\/incluye-de-la-camara-web-HTI-UC320-dahua.png\" alt=\" \" \/><\/div>\n<div class=\"col-md-7 text-md-left text-center\">\n<h2>Incluye<\/h2>\n<p class=\"text-muted\">\n<ul>\n<li>C\u00e1mara web\u00a0<strong>HTI-UC320<\/strong><\/li>\n<li>P\u00f3liza de Garant\u00eda<\/li>\n<li>Manuales de Instalaci\u00f3n<\/li>\n<\/ul>\n<\/div>\n<\/div>\n","protected":false},"excerpt":{"rendered":"<p>Informaci\u00f3n general HTI-UC320 es una c\u00e1mara USB HD 1080P que brinda a los usuarios una experiencia de audio y video de calidad profesional. No solo est\u00e1 equipado con la mejor c\u00e1mara de su clase cuyo campo de visi\u00f3n horizontal es de hasta 84,5 \u00b0, sino&hellip;<\/p>\n","protected":false},"featured_media":2239,"comment_status":"open","ping_status":"closed","template":"","meta":{"om_disable_all_campaigns":false,"_monsterinsights_skip_tracking":false,"_monsterinsights_sitenote_active":false,"_monsterinsights_sitenote_note":"","_monsterinsights_sitenote_category":0},"product_brand":[],"product_cat":[124],"product_tag":[127,126,125,38,66],"class_list":{"0":"post-2240","1":"product","2":"type-product","3":"status-publish","4":"has-post-thumbnail","6":"product_cat-cubo-mini","7":"product_tag-camara-cubo","8":"product_tag-camara-mini","9":"product_tag-camara-pinhole","10":"product_tag-camaras-de-seguridad","11":"product_tag-dahua","13":"first","14":"instock","15":"sale","16":"taxable","17":"shipping-taxable","18":"purchasable","19":"product-type-simple"},"aioseo_notices":[],"_links":{"self":[{"href":"https:\/\/tecsecmty.com\/index.php\/wp-json\/wp\/v2\/product\/2240","targetHints":{"allow":["GET"]}}],"collection":[{"href":"https:\/\/tecsecmty.com\/index.php\/wp-json\/wp\/v2\/product"}],"about":[{"href":"https:\/\/tecsecmty.com\/index.php\/wp-json\/wp\/v2\/types\/product"}],"replies":[{"embeddable":true,"href":"https:\/\/tecsecmty.com\/index.php\/wp-json\/wp\/v2\/comments?post=2240"}],"version-history":[{"count":0,"href":"https:\/\/tecsecmty.com\/index.php\/wp-json\/wp\/v2\/product\/2240\/revisions"}],"wp:featuredmedia":[{"embeddable":true,"href":"https:\/\/tecsecmty.com\/index.php\/wp-json\/wp\/v2\/media\/2239"}],"wp:attachment":[{"href":"https:\/\/tecsecmty.com\/index.php\/wp-json\/wp\/v2\/media?parent=2240"}],"wp:term":[{"taxonomy":"product_brand","embeddable":true,"href":"https:\/\/tecsecmty.com\/index.php\/wp-json\/wp\/v2\/product_brand?post=2240"},{"taxonomy":"product_cat","embeddable":true,"href":"https:\/\/tecsecmty.com\/index.php\/wp-json\/wp\/v2\/product_cat?post=2240"},{"taxonomy":"product_tag","embeddable":true,"href":"https:\/\/tecsecmty.com\/index.php\/wp-json\/wp\/v2\/product_tag?post=2240"}],"curies":[{"name":"wp","href":"https:\/\/api.w.org\/{rel}","templated":true}]}}