{"id":2242,"date":"2023-02-22T18:57:26","date_gmt":"2023-02-23T00:57:26","guid":{"rendered":"https:\/\/tecsecmty.com\/index.php\/producto\/dahua-hum4231-camara-ip-pinhole-de-2-megapixeles-lente-de-2-8mm-105-grados-de-apertura-wdr-real-de-120-db-starlight-h-265-1-entrada-de-audio-y-1-salida-metalica-videoanaliticos-con-ivs-pi\/"},"modified":"2023-03-22T23:22:46","modified_gmt":"2023-03-23T05:22:46","slug":"dahua-hum4231-camara-ip-pinhole-de-2-megapixeles-lente-de-2-8mm-105-grados-de-apertura-wdr-real-de-120-db-starlight-h-265-1-entrada-de-audio-y-1-salida-metalica-videoanaliticos-con-ivs-pi","status":"publish","type":"product","link":"https:\/\/tecsecmty.com\/index.php\/producto\/dahua-hum4231-camara-ip-pinhole-de-2-megapixeles-lente-de-2-8mm-105-grados-de-apertura-wdr-real-de-120-db-starlight-h-265-1-entrada-de-audio-y-1-salida-metalica-videoanaliticos-con-ivs-pi\/","title":{"rendered":"DAHUA HUM4231 &#8211; Camara IP Pinhole de 2 Megapixeles\/ Lente de 2.8mm\/ 105 Grados de Apertura\/ WDR Real de 120 dB\/ Starlight\/ H.265+\/ 1 Entrada de Audio y 1 Salida\/ Metalica\/ Videoanaliticos con IVS\/ #PinHole"},"content":{"rendered":"<div class=\"row aling-items-center padding-bottom-2x\">\n<div class=\"col-lg-12\">\n<h5 class=\"card-title text-center\">Informaci\u00f3n General<\/h5>\n<p class=\"ql-align-justify\">Mini c\u00e1mara de Video Vigilancia, con una muy Alta Resoluci\u00f3n ya que cuenta con una resoluci\u00f3n\u00a0<strong>1080P<\/strong>, cuenta con colores bien definidos. Cuenta con un lente fijo\u00a0<strong>PIN HOLE de 2.8mm.<\/strong><\/p>\n<p class=\"ql-align-justify\">Este equipo se instala f\u00e1cilmente en cualquier lugar pasando inadvertida gracias a su tama\u00f1o. Su resoluci\u00f3n, sensibilidad y gran \u00e1ngulo de apertura y\u00a0presentaci\u00f3n estilizada resulta ideal para la vigilancia de tiendas, oficinas, comercios, almacenes,\u00a0uso residencial, guarder\u00edas, salones de clase, f\u00e1bricas y cualquier lugar con iluminaci\u00f3n.<\/p>\n<p><img decoding=\"async\" class=\"overview-center-img-web\" src=\"https:\/\/tvc.mx\/media\/415511\/camara-ip-pinhole-de-2-megapixeles-lente-2.8-wdr-real-120-HUM4231-dahua.png\" alt=\"\" \/><\/div>\n<\/div>\n<div class=\"row align-items-center padding-bottom-2x\">\n<div class=\"col-md-5 order-md-2\"><img decoding=\"async\" class=\"d-block m-auto img-thumbnail\" src=\"https:\/\/tvc.mx\/media\/415559\/WDR-Dahua.png\" alt=\" \" \/><\/div>\n<div class=\"col-md-7 order-md-1 text-md-left text-center\">\n<h2>WDR Real<\/h2>\n<p class=\"text-muted\">\n<p>La c\u00e1mara\u00a0logra obtener im\u00e1genes n\u00edtdas en escenarios donde hay variaci\u00f3n\u00a0en las condiciones de iluminaci\u00f3n ya sea\u00a0baja y\/o brillante,la funci\u00f3n\u00a0<strong>WDR real120dB<\/strong>\u00a0se encarga de medir, compensar y ajustar la luz en la imagen\u00a0captada para despues combinar los espacios de luces brillantes con los espacios de sombras,creando\u00a0un equilibrio en la imagen final.<\/p>\n<p>&nbsp;<\/p>\n<\/div>\n<\/div>\n<hr class=\"padding-bottom-2x\" \/>\n<div class=\"row align-items-center padding-bottom-2x\">\n<div class=\"col-md-5\"><img decoding=\"async\" class=\"d-block m-auto img-thumbnail\" src=\"https:\/\/tvc.mx\/media\/415563\/codificacion-h.265-dahua.png\" alt=\" \" \/><\/div>\n<div class=\"col-md-7 text-md-left text-center\">\n<h2>H.265<\/h2>\n<p class=\"text-muted\">\n<p>El codificador\u00a0<strong>H.265<\/strong>\u00a0mejora enormemente la calidad y la eficiencia del material de video comparado con<strong>\u00a0H.264<\/strong>\u00a0que mejora hasta un\u00a0<strong>50%<\/strong>, por lo tanto, un codificador\u00a0<strong>H.265<\/strong>\u00a0ser\u00eda muy \u00fatil cuando intente convertir videos para compartir en Internet y a trav\u00e9s de dispositivos como tel\u00e9fonos inteligentes y tabletas.<\/p>\n<p>&nbsp;<\/p>\n<\/div>\n<\/div>\n<hr class=\"padding-bottom-2x\" \/>\n<div class=\"row align-items-center padding-bottom-2x\">\n<div class=\"col-md-5 order-md-2\"><img decoding=\"async\" class=\"d-block m-auto img-thumbnail\" src=\"https:\/\/tvc.mx\/media\/415567\/instalcion-sencilla-HTI-UC320-dahua.png\" alt=\" \" \/><\/div>\n<div class=\"col-md-7 order-md-1 text-md-left text-center\">\n<h2>Facil Instalaci\u00f3n<\/h2>\n<p class=\"text-muted\">\n<p>Este equipo se instala f\u00e1cilmente en cualquier lugar pasando inadvertida gracias a su tama\u00f1o.<\/p>\n<ol>\n<li>Fijamos la base de la c\u00e1mara.<\/li>\n<li>Ajustamos la c\u00e1mara y apretamos los tornillos laterrales<\/li>\n<li>Ajustamos el \u00e1ngulo de la c\u00e1mara<\/li>\n<\/ol>\n<p>&nbsp;<\/p>\n<\/div>\n<\/div>\n<hr class=\"padding-bottom-2x\" \/>\n<div class=\"row align-items-center padding-bottom-2x\">\n<div class=\"col-md-5\"><img decoding=\"async\" class=\"d-block m-auto img-thumbnail\" src=\"https:\/\/tvc.mx\/media\/415571\/camara-ip-pinhole-de-2-megapixeles-lente-2.8-wdr-real-120-HUM4231-dahua-caracteristicas.png\" alt=\" \" \/><\/div>\n<div class=\"col-md-7 text-md-left text-center\">\n<h2>Principales Caracteristicas<\/h2>\n<p class=\"text-muted\">\n<ul>\n<li>WDR &#8211; 120 dB &#8211; Amplio rango din\u00e1mico de la iluminaci\u00f3n<\/li>\n<li>3D-DNR &#8211; Reducci\u00f3n digital de ruido en la imagen<\/li>\n<li>ROI &#8211; mejora de la calidad de las partes seleccionadas de la imagen<\/li>\n<li>BLC &#8211; compensaci\u00f3n de contraluz<\/li>\n<li>HLC &#8211; Compensaci\u00f3n de alta luz (punto)<\/li>\n<li>Zonas de privacidad configurables<\/li>\n<li>Detecci\u00f3n de movimiento<\/li>\n<li>Mirror &#8211; Imagen de espejo<\/li>\n<li>WB &#8211; Balance de blancos (ATW\/AWB\/manual\/interno\/externo)<\/li>\n<li>AGC &#8211; Ajuste autom\u00e1tico de la ganancia de la imagen<\/li>\n<li>An\u00e1lisis IVS\u00a0&#8211;\u00a0cruzamiento de la l\u00ednea (cable trampa),\u00a0intrusi\u00f3n,\u00a0cambio de escenario, Detecci\u00f3n de audio<\/li>\n<\/ul>\n<p>&nbsp;<\/p>\n<\/div>\n<\/div>\n<hr class=\"padding-bottom-2x\" \/>\n<div class=\"row align-items-center padding-bottom-2x\">\n<div class=\"col-md-5 order-md-2\"><img decoding=\"async\" class=\"d-block m-auto img-thumbnail\" src=\"https:\/\/tvc.mx\/media\/415575\/camara-ip-pinhole-de-2-megapixeles-lente-2.8-wdr-real-120-HUM4231-dahua-especificaciones.png\" alt=\" \" \/><\/div>\n<div class=\"col-md-7 order-md-1 text-md-left text-center\">\n<h2>Especificaciones<\/h2>\n<p class=\"text-muted\">\n<ul>\n<li>1\/2.8\u00a0\u00bb Progressive Scan CMOS<\/li>\n<li>Lente fijo 2.8mm<\/li>\n<li>\u00c1ngulo de visi\u00f3n:108\u00a0\u00b0<\/li>\n<li>Audio: Entrada para micr\u00f3fono externo; Salida de audio.<\/li>\n<li>M\u00e9todo de compresi\u00f3n de im\u00e1genes:H.265+ \/\u00a0H.265\u00a0\/ H.264+ \/\u00a0H.264\u00a0\/\u00a0MJPEG<\/li>\n<li>Alimentaci\u00f3n:12\u00a0V\u00a0DC\u00a0\/ 120\u00a0mA<\/li>\n<li>Carcasa: Metal<\/li>\n<\/ul>\n<\/div>\n<\/div>\n","protected":false},"excerpt":{"rendered":"<p>Informaci\u00f3n General Mini c\u00e1mara de Video Vigilancia, con una muy Alta Resoluci\u00f3n ya que cuenta con una resoluci\u00f3n\u00a01080P, cuenta con colores bien definidos. Cuenta con un lente fijo\u00a0PIN HOLE de 2.8mm. Este equipo se instala f\u00e1cilmente en cualquier lugar pasando inadvertida gracias a su tama\u00f1o.&hellip;<\/p>\n","protected":false},"featured_media":2241,"comment_status":"open","ping_status":"closed","template":"","meta":{"om_disable_all_campaigns":false,"_monsterinsights_skip_tracking":false,"_monsterinsights_sitenote_active":false,"_monsterinsights_sitenote_note":"","_monsterinsights_sitenote_category":0},"product_brand":[],"product_cat":[124],"product_tag":[127,126,125,38,66],"class_list":{"0":"post-2242","1":"product","2":"type-product","3":"status-publish","4":"has-post-thumbnail","6":"product_cat-cubo-mini","7":"product_tag-camara-cubo","8":"product_tag-camara-mini","9":"product_tag-camara-pinhole","10":"product_tag-camaras-de-seguridad","11":"product_tag-dahua","13":"first","14":"instock","15":"sale","16":"taxable","17":"shipping-taxable","18":"purchasable","19":"product-type-simple"},"aioseo_notices":[],"_links":{"self":[{"href":"https:\/\/tecsecmty.com\/index.php\/wp-json\/wp\/v2\/product\/2242","targetHints":{"allow":["GET"]}}],"collection":[{"href":"https:\/\/tecsecmty.com\/index.php\/wp-json\/wp\/v2\/product"}],"about":[{"href":"https:\/\/tecsecmty.com\/index.php\/wp-json\/wp\/v2\/types\/product"}],"replies":[{"embeddable":true,"href":"https:\/\/tecsecmty.com\/index.php\/wp-json\/wp\/v2\/comments?post=2242"}],"version-history":[{"count":0,"href":"https:\/\/tecsecmty.com\/index.php\/wp-json\/wp\/v2\/product\/2242\/revisions"}],"wp:featuredmedia":[{"embeddable":true,"href":"https:\/\/tecsecmty.com\/index.php\/wp-json\/wp\/v2\/media\/2241"}],"wp:attachment":[{"href":"https:\/\/tecsecmty.com\/index.php\/wp-json\/wp\/v2\/media?parent=2242"}],"wp:term":[{"taxonomy":"product_brand","embeddable":true,"href":"https:\/\/tecsecmty.com\/index.php\/wp-json\/wp\/v2\/product_brand?post=2242"},{"taxonomy":"product_cat","embeddable":true,"href":"https:\/\/tecsecmty.com\/index.php\/wp-json\/wp\/v2\/product_cat?post=2242"},{"taxonomy":"product_tag","embeddable":true,"href":"https:\/\/tecsecmty.com\/index.php\/wp-json\/wp\/v2\/product_tag?post=2242"}],"curies":[{"name":"wp","href":"https:\/\/api.w.org\/{rel}","templated":true}]}}