{"id":2246,"date":"2023-02-22T18:57:34","date_gmt":"2023-02-23T00:57:34","guid":{"rendered":"https:\/\/tecsecmty.com\/index.php\/producto\/dahua-dh-ipc-ebw8842-as-camara-ip-fisheye-de-8-mp-360-grados-smart-h-264-h-265-ir-de-10-metros-antivandalica-es-de-alarma-ranura-para-micro-sd-microfono-y-altavoz-incorporados-ip67-ik10\/"},"modified":"2023-03-22T23:22:23","modified_gmt":"2023-03-23T05:22:23","slug":"dahua-dh-ipc-ebw8842-as-camara-ip-fisheye-de-8-mp-360-grados-smart-h-264-h-265-ir-de-10-metros-antivandalica-es-de-alarma-ranura-para-micro-sd-microfono-y-altavoz-incorporados-ip67-ik10","status":"publish","type":"product","link":"https:\/\/tecsecmty.com\/index.php\/producto\/dahua-dh-ipc-ebw8842-as-camara-ip-fisheye-de-8-mp-360-grados-smart-h-264-h-265-ir-de-10-metros-antivandalica-es-de-alarma-ranura-para-micro-sd-microfono-y-altavoz-incorporados-ip67-ik10\/","title":{"rendered":"DAHUA DH-IPC-EBW8842-AS &#8211; C\u00e1mara IP Fisheye de 8 MP\/ 360 Grados\/ SMART H.264 +\/H.265+\/ IR de 10 Metros\/ Antivand\u00e1lica\/ E&amp;S de Alarma\/Ranura para Micro SD\/Micr\u00f3fono y altavoz incorporados\/IP67\/ IK10"},"content":{"rendered":"<div class=\"row aling-items-center padding-bottom-2x\">\n<div class=\"col-lg-12\">\n<h5 class=\"card-title text-center\">Informaci\u00f3n general<\/h5>\n<p class=\"ql-align-justify\">Con lente ojo de pez, la c\u00e1mara de la serie Fisheye de Dahua puede realizar una vigilancia de 360\u00b0 y se aplica ampliamente en varias escenas, como aeropuertos, centros comerciales, bancos y hoteles.<\/p>\n<p><img decoding=\"async\" class=\"overview-center-img-web\" src=\"https:\/\/tvc.mx\/media\/583899\/DAHUA-DH-IPC-EBW8842-AS---Camara-IP-Fisheye-8-Megapixeles-360-Grados-H-banner-principal.png\" alt=\"C\u00e1mara IP\" \/><\/div>\n<\/div>\n<div class=\"row align-items-center padding-bottom-2x\">\n<div class=\"col-md-5\"><img decoding=\"async\" class=\"d-block m-auto img-thumbnail\" src=\"https:\/\/tvc.mx\/media\/583915\/Conteo-de-personas-Dahua.png\" alt=\" Conteo de personas\" \/><\/div>\n<div class=\"col-md-7 text-md-left text-center\">\n<h2>Conteo de personas<\/h2>\n<p class=\"text-muted\">\n<p class=\"ql-align-justify\">Con un algoritmo de aprendizaje profundo, la tecnolog\u00eda de conteo de personas de Dahua puede rastrear y procesar objetivos del cuerpo humano en movimiento para realizar estad\u00edsticas precisas de n\u00famero de entrada, n\u00famero de salida y n\u00famero de \u00e1rea. Trabajando con la plataforma de gesti\u00f3n, genera informes para cumplir con sus requisitos.<\/p>\n<p>&nbsp;<\/p>\n<\/div>\n<\/div>\n<hr class=\"padding-bottom-2x\" \/>\n<div class=\"row align-items-center padding-bottom-2x\">\n<div class=\"col-md-5 order-md-2\"><img decoding=\"async\" class=\"d-block m-auto img-thumbnail\" src=\"https:\/\/tvc.mx\/media\/583935\/IP67-IK10-Dahua.png\" alt=\" IP67\" \/><\/div>\n<div class=\"col-md-7 order-md-1 text-md-left text-center\">\n<h2>Protecci\u00f3n (IP67, IK10, Amplio voltaje)<\/h2>\n<p class=\"text-muted\">\n<p><strong>IP67:<\/strong>\u00a0la c\u00e1mara pasa una serie de pruebas estrictas sobre polvo y remojo. Tiene una funci\u00f3n a prueba de polvo y la carcasa puede funcionar normalmente despu\u00e9s de sumergirse en agua a 1 m de profundidad durante 30 minutos.<\/p>\n<p><strong>IK10:<\/strong>\u00a0El recinto puede soportar m\u00e1s de 5 golpes de un martillo de 5 kg que cae desde una altura de 40 cm (la energ\u00eda del impacto es de 20J).<\/p>\n<p><strong>Amplio voltaje:<\/strong>\u00a0la c\u00e1mara permite una tolerancia de voltaje de entrada de \u00b130 % (para algunas fuentes de alimentaci\u00f3n) (amplio rango de voltaje) y se aplica ampliamente en ambientes exteriores con voltaje inestable.<\/p>\n<p>&nbsp;<\/p>\n<\/div>\n<\/div>\n<hr class=\"padding-bottom-2x\" \/>\n<div class=\"row align-items-center padding-bottom-2x\">\n<div class=\"col-md-5\"><img decoding=\"async\" class=\"d-block m-auto img-thumbnail\" src=\"https:\/\/tvc.mx\/media\/583967\/mapa-de-calor-Dahua.png\" alt=\" \" \/><\/div>\n<div class=\"col-md-7 text-md-left text-center\">\n<h2>Mapa de calor<\/h2>\n<p class=\"text-muted\">\n<p class=\"ql-align-justify\">La tecnolog\u00eda de mapas de calor de Duhua se utiliza para mostrar la densidad de la multitud y la probabilidad de aparici\u00f3n de personas. Muestra el estado de la multitud por diferentes colores. En general, el estado de la multitud son las estad\u00edsticas de la cantidad de personas en las dimensiones de espacio y tiempo.<\/p>\n<p>&nbsp;<\/p>\n<\/div>\n<\/div>\n<hr class=\"padding-bottom-2x\" \/>\n<div class=\"row align-items-center padding-bottom-2x\">\n<div class=\"col-md-5 order-md-2\"><img decoding=\"async\" class=\"d-block m-auto img-thumbnail\" src=\"https:\/\/tvc.mx\/media\/584011\/DAHUA-DH-IPC-EBW8842-AS---Camara-IP-Fisheye-8-Megapixeles-360-Grados-caracteristicas-principales.png\" alt=\" c\u00e1mara ip \" \/><\/div>\n<div class=\"col-md-7 order-md-1 text-md-left text-center\">\n<h2>Caracter\u00edsticas Principales<\/h2>\n<p class=\"text-muted\">\n<p><strong>\u00b7\u00a0<\/strong>Sensor de imagen CMOS de 8 MP 1\/1,7&#8243;, baja luminancia e imagen de alta definici\u00f3n.<\/p>\n<p><strong>\u00b7\u00a0<\/strong>Salidas m\u00e1x. 8M (3280 \u00d7 2480) a 25\/30 fps.<\/p>\n<p><strong>\u00b7\u00a0<\/strong>LED IR incorporado y el m\u00e1x. la distancia de iluminaci\u00f3n es de 10 m.<\/p>\n<p><strong>\u00b7\u00a0<\/strong>Monitoreo inteligente: Intrusi\u00f3n, cable trampa, mapa de calor y conteo de personas.<\/p>\n<p>&nbsp;<\/p>\n<\/div>\n<\/div>\n<hr class=\"padding-bottom-2x\" \/>\n<div class=\"row align-items-center padding-bottom-2x\">\n<div class=\"col-md-5\"><img decoding=\"async\" class=\"d-block m-auto img-thumbnail\" src=\"https:\/\/tvc.mx\/media\/584015\/DAHUA-DH-IPC-EBW8842-AS---Camara-IP-Fisheye-8-Megapixeles-360-Grados-Especificaciones-tecnicas.png\" alt=\" \" \/><\/div>\n<div class=\"col-md-7 text-md-left text-center\">\n<h2>Especificaciones T\u00e9cnicas<\/h2>\n<p class=\"text-muted\">\n<p><strong>\u00b7\u00a0<\/strong>SMART H.264 +\/H.265+, codificaci\u00f3n flexible, aplicable a varios<\/p>\n<p>entornos de almacenamiento y ancho de banda.<\/p>\n<p><strong>\u00b7\u00a0<\/strong>Alarma: 2 entradas, 2 salidas; audio: 1 entrada, 1 salida; admite m\u00e1x. Tarjeta Micro SD de 256G;<\/p>\n<p><strong>\u00b7\u00a0<\/strong>Fuente de alimentaci\u00f3n de 12 V CC\/PoE.<\/p>\n<p><strong>\u00b7\u00a0<\/strong>Protecci\u00f3n IP67 e IK10.<\/p>\n<\/div>\n<\/div>\n","protected":false},"excerpt":{"rendered":"<p>Informaci\u00f3n general Con lente ojo de pez, la c\u00e1mara de la serie Fisheye de Dahua puede realizar una vigilancia de 360\u00b0 y se aplica ampliamente en varias escenas, como aeropuertos, centros comerciales, bancos y hoteles. Conteo de personas Con un algoritmo de aprendizaje profundo, la&hellip;<\/p>\n","protected":false},"featured_media":2245,"comment_status":"open","ping_status":"closed","template":"","meta":{"om_disable_all_campaigns":false,"_monsterinsights_skip_tracking":false,"_monsterinsights_sitenote_active":false,"_monsterinsights_sitenote_note":"","_monsterinsights_sitenote_category":0},"product_brand":[],"product_cat":[128],"product_tag":[130,129,38,66],"class_list":{"0":"post-2246","1":"product","2":"type-product","3":"status-publish","4":"has-post-thumbnail","6":"product_cat-fisheye-360","7":"product_tag-camara-360","8":"product_tag-camara-fisheye","9":"product_tag-camaras-de-seguridad","10":"product_tag-dahua","12":"first","13":"instock","14":"sale","15":"taxable","16":"shipping-taxable","17":"purchasable","18":"product-type-simple"},"aioseo_notices":[],"_links":{"self":[{"href":"https:\/\/tecsecmty.com\/index.php\/wp-json\/wp\/v2\/product\/2246","targetHints":{"allow":["GET"]}}],"collection":[{"href":"https:\/\/tecsecmty.com\/index.php\/wp-json\/wp\/v2\/product"}],"about":[{"href":"https:\/\/tecsecmty.com\/index.php\/wp-json\/wp\/v2\/types\/product"}],"replies":[{"embeddable":true,"href":"https:\/\/tecsecmty.com\/index.php\/wp-json\/wp\/v2\/comments?post=2246"}],"version-history":[{"count":0,"href":"https:\/\/tecsecmty.com\/index.php\/wp-json\/wp\/v2\/product\/2246\/revisions"}],"wp:featuredmedia":[{"embeddable":true,"href":"https:\/\/tecsecmty.com\/index.php\/wp-json\/wp\/v2\/media\/2245"}],"wp:attachment":[{"href":"https:\/\/tecsecmty.com\/index.php\/wp-json\/wp\/v2\/media?parent=2246"}],"wp:term":[{"taxonomy":"product_brand","embeddable":true,"href":"https:\/\/tecsecmty.com\/index.php\/wp-json\/wp\/v2\/product_brand?post=2246"},{"taxonomy":"product_cat","embeddable":true,"href":"https:\/\/tecsecmty.com\/index.php\/wp-json\/wp\/v2\/product_cat?post=2246"},{"taxonomy":"product_tag","embeddable":true,"href":"https:\/\/tecsecmty.com\/index.php\/wp-json\/wp\/v2\/product_tag?post=2246"}],"curies":[{"name":"wp","href":"https:\/\/api.w.org\/{rel}","templated":true}]}}