{"id":2248,"date":"2023-02-22T18:57:37","date_gmt":"2023-02-23T00:57:37","guid":{"rendered":"https:\/\/tecsecmty.com\/index.php\/producto\/dahua-ipc-eb5541-as-camara-ip-fisheye-de-5-megapixeles-wizmind-360-grados-h-265-microfono-integrado-1-canal-de-e-s-e-s-de-alarma-mapa-de-calor-conteo-de-personas-ip67-ik10-wdr-real-poe\/"},"modified":"2023-03-22T23:22:46","modified_gmt":"2023-03-23T05:22:46","slug":"dahua-ipc-eb5541-as-camara-ip-fisheye-de-5-megapixeles-wizmind-360-grados-h-265-microfono-integrado-1-canal-de-e-s-e-s-de-alarma-mapa-de-calor-conteo-de-personas-ip67-ik10-wdr-real-poe","status":"publish","type":"product","link":"https:\/\/tecsecmty.com\/index.php\/producto\/dahua-ipc-eb5541-as-camara-ip-fisheye-de-5-megapixeles-wizmind-360-grados-h-265-microfono-integrado-1-canal-de-e-s-e-s-de-alarma-mapa-de-calor-conteo-de-personas-ip67-ik10-wdr-real-poe\/","title":{"rendered":"DAHUA IPC-EB5541-AS &#8211; Camara IP FishEye de 5 Megapixeles\/ WizMind\/ 360 Grados\/ H.265\/ Microfono Integrado + 1 Canal de E S\/ E S De Alarma\/ Mapa de Calor\/ Conteo de Personas\/ IP67\/ IK10\/ WDR Real\/ PoE"},"content":{"rendered":"<div class=\"row aling-items-center padding-bottom-2x\">\n<div class=\"col-lg-12\">\n<h5 class=\"card-title text-center\">Informaci\u00f3n General<\/h5>\n<p><strong>WizMind<\/strong>\u00a0es una cartera completa de soluciones compuestas por productos orientados a proyectos que incluyen IPC, NVR, PTZ, XVR, que adopta el l\u00edder en la industria algoritmos de\u00a0<strong>aprendizaje profundo<\/strong>. Centr\u00e1ndose en los requisitos del cliente,\u00a0<strong>WizMind<\/strong>\u00a0proporciona soluciones de\u00a0<strong>IA precisas, fiables y completas.<\/strong><\/p>\n<p><img decoding=\"async\" class=\"overview-center-img-web\" src=\"https:\/\/tvc.mx\/media\/484592\/camara-ip-domo-fisheye-5-megapixeles-wdr-IPC-EB5541-AS-Dahua.png\" alt=\"\" \/><\/div>\n<\/div>\n<div class=\"row align-items-center padding-bottom-2x\">\n<div class=\"col-md-5 order-md-2\"><img decoding=\"async\" class=\"d-block m-auto img-thumbnail\" src=\"https:\/\/tvc.mx\/media\/484594\/mapa-de-calor-Dahua.png\" alt=\" \" \/><\/div>\n<div class=\"col-md-7 order-md-1 text-md-left text-center\">\n<h2>Heat Map<\/h2>\n<p class=\"text-muted\">\n<p>Esta funci\u00f3n es utilizada para determinar la\u00a0<strong>densidad<\/strong>\u00a0<strong>de personas<\/strong>\u00a0alojadas en un tiempo determinado, as\u00ed como el flujo de esta mostr\u00e1ndolas en un mismo espacio con un color diferente. Esto se logra gracias a la detecci\u00f3n de movimientos de los objetos.<\/p>\n<p>&nbsp;<\/p>\n<\/div>\n<\/div>\n<hr class=\"padding-bottom-2x\" \/>\n<div class=\"row align-items-center padding-bottom-2x\">\n<div class=\"col-md-5\"><img decoding=\"async\" class=\"d-block m-auto img-thumbnail\" src=\"https:\/\/tvc.mx\/media\/484596\/Conteo-de-personas-Dahua.png\" alt=\" \" \/><\/div>\n<div class=\"col-md-7 text-md-left text-center\">\n<h2>IN AREA NO<\/h2>\n<p class=\"text-muted\">\n<p>Con tecnolog\u00eda avanzada de imagen est\u00e9reo y algoritmo de inclinaci\u00f3n profunda. La tecnolog\u00eda Dahua In Area No. reconoce objetivos humanos con precisi\u00f3n para contar personas en el \u00e1rea en tiempo real. Puede establecer el umbral de cantidad de personas, cuando el n\u00famero es mayor o menor que el umbral, se activa enlace. Es aplicable en la escena que tiene l\u00edmite en la cantidad de personas.<\/p>\n<p>&nbsp;<\/p>\n<\/div>\n<\/div>\n<hr class=\"padding-bottom-2x\" \/>\n<div class=\"row align-items-center padding-bottom-2x\">\n<div class=\"col-md-5 order-md-2\"><img decoding=\"async\" class=\"d-block m-auto img-thumbnail\" src=\"https:\/\/tvc.mx\/media\/484598\/IVS-Dahua.png\" alt=\" \" \/><\/div>\n<div class=\"col-md-7 order-md-1 text-md-left text-center\">\n<h2>IVS (Sistema de Video Inteligente).<\/h2>\n<p class=\"text-muted\">\n<p>La c\u00e1mara\u00a0<strong>IPC-EB5541-AS<\/strong>\u00a0cuenta con diferentes funciones de detecci\u00f3n inteligente que est\u00e1n integradas en la c\u00e1mara:<\/p>\n<ul>\n<li>Intrusi\u00f3n.<\/li>\n<li>Tripwire.<\/li>\n<li>Heat Map.<\/li>\n<\/ul>\n<p>&nbsp;<\/p>\n<\/div>\n<\/div>\n<hr class=\"padding-bottom-2x\" \/>\n<div class=\"row align-items-center padding-bottom-2x\">\n<div class=\"col-md-5\"><img decoding=\"async\" class=\"d-block m-auto img-thumbnail\" src=\"https:\/\/tvc.mx\/media\/484600\/IP67-IK10-Dahua.png\" alt=\" \" \/><\/div>\n<div class=\"col-md-7 text-md-left text-center\">\n<h2>IP67 &amp; IK10.<\/h2>\n<p class=\"text-muted\">\n<p>La c\u00e1mara\u00a0<strong>EB5541-AS<\/strong>\u00a0cuenta con un \u00edndice de protecci\u00f3n\u00a0<strong>IP67<\/strong>\u00a0e\u00a0<strong>IK10<\/strong>\u00a0que ha pasado por estrictas pruebas de polvo y, la carcasa funciona correctamente a\u00fan tras ser sumergida a una profundidad de 1mt por 30 minutos siempre y cuando se encuentre debidamente cerrada.<\/p>\n<p>&nbsp;<\/p>\n<\/div>\n<\/div>\n<hr class=\"padding-bottom-2x\" \/>\n<div class=\"row align-items-center padding-bottom-2x\">\n<div class=\"col-md-5 order-md-2\"><img decoding=\"async\" class=\"d-block m-auto img-thumbnail\" src=\"https:\/\/tvc.mx\/media\/484602\/camara-ip-domo-fisheye-5-megapixeles-wdr-IPC-EB5541-AS-Dahua-caracteristicas.png\" alt=\" \" \/><\/div>\n<div class=\"col-md-7 order-md-1 text-md-left text-center\">\n<h2>Principales caracter\u00edsticas.<\/h2>\n<p class=\"text-muted\">\n<ul>\n<li>WDR &#8211; 120 dB &#8211; Amplio rango din\u00e1mico de la iluminaci\u00f3n<\/li>\n<li>3D-DNR &#8211; Reducci\u00f3n digital de ruido en la imagen<\/li>\n<li>ROI &#8211; mejora de la calidad de las partes seleccionadas de la imagen<\/li>\n<li>Posibilidad de cambiar la resoluci\u00f3n, calidad y tasa de bits<\/li>\n<li>Marca de tiempo y descripci\u00f3n de la imagen<\/li>\n<li>Zonas de privacidad &#8211; hasta 4<\/li>\n<li>Detecci\u00f3n de movimiento &#8211; m\u00e1x. 4 zonas<\/li>\n<li>Mapa de calor &#8211; selecci\u00f3n en la imagen de las \u00e1reas con diferente tr\u00e1fico con colores correspondientes<\/li>\n<li>Configurables: brillo, contraste, saturaci\u00f3n<\/li>\n<li>An\u00e1lisis IVS\u00a0:\u00a0cruzamiento de la l\u00ednea (cable trampa),\u00a0intrusi\u00f3n,\u00a0conteo de personas\u00a0&#8211; soporte para 4 \u00e1reas de detecci\u00f3n independientes<\/li>\n<\/ul>\n<p>&nbsp;<\/p>\n<\/div>\n<\/div>\n<hr class=\"padding-bottom-2x\" \/>\n<div class=\"row align-items-center padding-bottom-2x\">\n<div class=\"col-md-5\"><img decoding=\"async\" class=\"d-block m-auto img-thumbnail\" src=\"https:\/\/tvc.mx\/media\/484604\/camara-ip-domo-fisheye-5-megapixeles-wdr-IPC-EB5541-AS-Dahua-especificaciones.png\" alt=\" \" \/><\/div>\n<div class=\"col-md-7 text-md-left text-center\">\n<h2>Especificaciones<\/h2>\n<p class=\"text-muted\">\n<ul>\n<li>1\/2.7\u00a0\u00bb Progressive Scan CMOS<\/li>\n<li>5 megap\u00edxeles<\/li>\n<li>Lente fisheye 1.4\u00a0mm<\/li>\n<li>\u00c1ngulo de visi\u00f3n:180\u00a0\u00b0<\/li>\n<li>M\u00e9todo de compresi\u00f3n de im\u00e1genes:H.265+ \/\u00a0H.265\u00a0\/ H.264+ \/\u00a0H.264\u00a0\/\u00a0MJPEG<\/li>\n<li>Entradas \/ salidas de alarma:1 \/ 1<\/li>\n<li>Audio: Micr\u00f3fono integrado, Entrada para micr\u00f3fono externo, Salida de audio, Soporta audio bidireccional<\/li>\n<li>Ranura para tarjeta de memoria: Es compatible con tarjetas Micro SD hasta 256GB<\/li>\n<li>Alimentaci\u00f3n: PoE (802.3af), 12\u00a0V\u00a0DC\u00a0\/ 280\u00a0mA<\/li>\n<li>Carcasa: Metal<\/li>\n<li>Grado de protecci\u00f3n:IP67<\/li>\n<li>A prueba de vandalismo:IK10<\/li>\n<\/ul>\n<p>&nbsp;<\/p>\n<\/div>\n<\/div>\n<hr class=\"padding-bottom-2x\" \/>\n<div class=\"row align-items-center padding-bottom-2x\">\n<div class=\"col-md-5 order-md-2\"><img decoding=\"async\" class=\"d-block m-auto img-thumbnail\" src=\"https:\/\/tvc.mx\/media\/419679\/20220407_181525_400x300.png\" alt=\" \" \/><\/div>\n<div class=\"col-md-7 order-md-1 text-md-left text-center\">\n<h2>Incluye:<\/h2>\n<p class=\"text-muted\">\n<ul>\n<li>Equipo<\/li>\n<li>Calcoman\u00eda con las medidas exactas para hacer los orificios donde se vaya a montar<\/li>\n<li>Llave tipo allen con ranura interior<\/li>\n<li>Tornillos \/ taquetes<\/li>\n<li>Ethernet LAN protector (Gl\u00e1ndula)<\/li>\n<li>Gu\u00eda de instalaci\u00f3n r\u00e1pida<\/li>\n<li>P\u00f3liza de garant\u00eda<\/li>\n<\/ul>\n<\/div>\n<\/div>\n","protected":false},"excerpt":{"rendered":"<p>Informaci\u00f3n General WizMind\u00a0es una cartera completa de soluciones compuestas por productos orientados a proyectos que incluyen IPC, NVR, PTZ, XVR, que adopta el l\u00edder en la industria algoritmos de\u00a0aprendizaje profundo. Centr\u00e1ndose en los requisitos del cliente,\u00a0WizMind\u00a0proporciona soluciones de\u00a0IA precisas, fiables y completas. Heat Map Esta&hellip;<\/p>\n","protected":false},"featured_media":2247,"comment_status":"open","ping_status":"closed","template":"","meta":{"om_disable_all_campaigns":false,"_monsterinsights_skip_tracking":false,"_monsterinsights_sitenote_active":false,"_monsterinsights_sitenote_note":"","_monsterinsights_sitenote_category":0},"product_brand":[],"product_cat":[128],"product_tag":[130,129,38,66],"class_list":{"0":"post-2248","1":"product","2":"type-product","3":"status-publish","4":"has-post-thumbnail","6":"product_cat-fisheye-360","7":"product_tag-camara-360","8":"product_tag-camara-fisheye","9":"product_tag-camaras-de-seguridad","10":"product_tag-dahua","12":"first","13":"instock","14":"sale","15":"taxable","16":"shipping-taxable","17":"purchasable","18":"product-type-simple"},"aioseo_notices":[],"_links":{"self":[{"href":"https:\/\/tecsecmty.com\/index.php\/wp-json\/wp\/v2\/product\/2248","targetHints":{"allow":["GET"]}}],"collection":[{"href":"https:\/\/tecsecmty.com\/index.php\/wp-json\/wp\/v2\/product"}],"about":[{"href":"https:\/\/tecsecmty.com\/index.php\/wp-json\/wp\/v2\/types\/product"}],"replies":[{"embeddable":true,"href":"https:\/\/tecsecmty.com\/index.php\/wp-json\/wp\/v2\/comments?post=2248"}],"version-history":[{"count":0,"href":"https:\/\/tecsecmty.com\/index.php\/wp-json\/wp\/v2\/product\/2248\/revisions"}],"wp:featuredmedia":[{"embeddable":true,"href":"https:\/\/tecsecmty.com\/index.php\/wp-json\/wp\/v2\/media\/2247"}],"wp:attachment":[{"href":"https:\/\/tecsecmty.com\/index.php\/wp-json\/wp\/v2\/media?parent=2248"}],"wp:term":[{"taxonomy":"product_brand","embeddable":true,"href":"https:\/\/tecsecmty.com\/index.php\/wp-json\/wp\/v2\/product_brand?post=2248"},{"taxonomy":"product_cat","embeddable":true,"href":"https:\/\/tecsecmty.com\/index.php\/wp-json\/wp\/v2\/product_cat?post=2248"},{"taxonomy":"product_tag","embeddable":true,"href":"https:\/\/tecsecmty.com\/index.php\/wp-json\/wp\/v2\/product_tag?post=2248"}],"curies":[{"name":"wp","href":"https:\/\/api.w.org\/{rel}","templated":true}]}}